{"id":1252,"date":"2016-11-19T22:22:10","date_gmt":"2016-11-20T00:22:10","guid":{"rendered":"http:\/\/srv150.prodns.com.br\/~fisiocti\/site\/?post_type=product&#038;p=1252"},"modified":"2022-11-01T08:48:28","modified_gmt":"2022-11-01T11:48:28","slug":"ventilacao-mecanica-neoped","status":"publish","type":"product","link":"https:\/\/fisiocti.com\/site\/cursos\/ventilacao-mecanica-neoped\/","title":{"rendered":"Ventila\u00e7\u00e3o Mec\u00e2nica B\u00e1sica Neo e Ped"},"content":{"rendered":"<p><strong>CONTE\u00daDO PROGRAM\u00c1TICO<\/strong><\/p>\n<ul>\n<li>Fisiopatologia Respirat\u00f3ria B\u00e1sica<\/li>\n<li>Mec\u00e2nica Respirat\u00f3ria B\u00e1sica<\/li>\n<li>Bases da Ventila\u00e7\u00e3o no RN<\/li>\n<li>Doen\u00e7as Obstrutivas e Restritivas em Pediatria<\/li>\n<li>Modos Ventilat\u00f3rios em Neonatologia<\/li>\n<li>Modos Ventilat\u00f3rios em Pediatria<\/li>\n<li>Desmame ventilat\u00f3rio em Neo-Pediatria<\/li>\n<\/ul>\n","protected":false},"excerpt":{"rendered":"<table width=\"100%\">\n<tbody>\n<tr>\n<td width=\"50%\"><strong>P\u00daBLICO ALVO<\/strong><br \/>\nM\u00e9dicos, Fisioterapeutas, Enfermeiros e acad\u00eamicos a partir do 5\u00ba per\u00edodo.<\/td>\n<td width=\"50%\"><strong>CARGA HOR\u00c1RIA<\/strong><br \/>\n8 horas<\/td>\n<\/tr>\n<tr>\n<td width=\"50%\"><strong>PR\u00d3XIMA TURMA<\/strong><br \/>\n30\/11 &#8211; 07\/12 &#8211; 14\/12\u00a0 (Segunda-feira) \u00e0s 20:30<\/td>\n<td width=\"50%\"><strong>LOCAL<\/strong><br \/>\nonline<\/td>\n<\/tr>\n<\/tbody>\n<\/table>\n<p><a class=\"aligncenter\" href=\"https:\/\/api.whatsapp.com\/send?phone=5521982427985&amp;text=Gostaria%20de%20informa%C3%A7%C3%B5es%20sobre%20o%20parcelamento%20em%20boleto%20do%20curso%20de%20VM%20NeoPed\"><img loading=\"lazy\" class=\"aligncenter wp-image-2701\" src=\"http:\/\/www.fisiocti.com\/site\/wp-content\/uploads\/2018\/01\/BOT%C3%83O-PARCELAMENTO-EM-BOLETO-300x101.jpg\" alt=\"BOT\u00c3O PARCELAMENTO EM BOLETO\" width=\"200\" height=\"67\" \/><\/a><\/p>\n<p>O programa do curso visa abordar os principais temas relacionados \u00e0 Ventila\u00e7\u00e3o Mec\u00e2nica em Neonatologia e Pediatria, incluindo indica\u00e7\u00f5es, especifidades, modos ventilat\u00f3rios e desmame.<\/p>\n<p>Imperd\u00edvel de acad\u00eamicos a especialistas.<\/p>\n","protected":false},"featured_media":2365,"comment_status":"open","ping_status":"closed","template":"","meta":[],"yoast_head":"<!-- This site is optimized with the Yoast SEO plugin v20.1 - https:\/\/yoast.com\/wordpress\/plugins\/seo\/ -->\n<title>Ventila\u00e7\u00e3o Mec\u00e2nica B\u00e1sica Neo e Ped - FisioCTI<\/title>\n<meta name=\"robots\" content=\"index, follow, max-snippet:-1, max-image-preview:large, max-video-preview:-1\" \/>\n<link rel=\"canonical\" href=\"https:\/\/fisiocti.com\/site\/cursos\/ventilacao-mecanica-neoped\/\" \/>\n<meta property=\"og:locale\" content=\"pt_BR\" \/>\n<meta property=\"og:type\" content=\"article\" \/>\n<meta property=\"og:title\" content=\"Ventila\u00e7\u00e3o Mec\u00e2nica B\u00e1sica Neo e Ped - FisioCTI\" \/>\n<meta property=\"og:description\" content=\"P\u00daBLICO ALVO M\u00e9dicos, Fisioterapeutas, Enfermeiros e acad\u00eamicos a partir do 5\u00ba per\u00edodo. CARGA HOR\u00c1RIA 8 horas   PR\u00d3XIMA TURMA 30\/11 - 07\/12 - 14\/12\u00a0 (Segunda-feira) \u00e0s 20:30 LOCAL online      O programa do curso visa abordar os principais temas relacionados \u00e0 Ventila\u00e7\u00e3o Mec\u00e2nica em Neonatologia e Pediatria, incluindo indica\u00e7\u00f5es, especifidades, modos ventilat\u00f3rios e desmame.  Imperd\u00edvel de acad\u00eamicos a especialistas.\" \/>\n<meta property=\"og:url\" content=\"https:\/\/fisiocti.com\/site\/cursos\/ventilacao-mecanica-neoped\/\" \/>\n<meta property=\"og:site_name\" content=\"FisioCTI\" \/>\n<meta property=\"article:publisher\" content=\"https:\/\/www.facebook.com\/fisiocti\/\" \/>\n<meta property=\"article:modified_time\" content=\"2022-11-01T11:48:28+00:00\" \/>\n<meta property=\"og:image\" content=\"https:\/\/fisiocti.com\/site\/wp-content\/uploads\/2016\/11\/ANUNCIO-VM-NEOPED-IV-e1500660876563.jpg\" \/>\n\t<meta property=\"og:image:width\" content=\"504\" \/>\n\t<meta property=\"og:image:height\" content=\"504\" \/>\n\t<meta property=\"og:image:type\" content=\"image\/jpeg\" \/>\n<meta name=\"twitter:card\" content=\"summary_large_image\" \/>\n<script type=\"application\/ld+json\" class=\"yoast-schema-graph\">{\"@context\":\"https:\/\/schema.org\",\"@graph\":[{\"@type\":\"WebPage\",\"@id\":\"https:\/\/fisiocti.com\/site\/cursos\/ventilacao-mecanica-neoped\/\",\"url\":\"https:\/\/fisiocti.com\/site\/cursos\/ventilacao-mecanica-neoped\/\",\"name\":\"Ventila\u00e7\u00e3o Mec\u00e2nica B\u00e1sica Neo e Ped - FisioCTI\",\"isPartOf\":{\"@id\":\"https:\/\/fisiocti.com\/site\/#website\"},\"datePublished\":\"2016-11-20T00:22:10+00:00\",\"dateModified\":\"2022-11-01T11:48:28+00:00\",\"breadcrumb\":{\"@id\":\"https:\/\/fisiocti.com\/site\/cursos\/ventilacao-mecanica-neoped\/#breadcrumb\"},\"inLanguage\":\"pt-BR\",\"potentialAction\":[{\"@type\":\"ReadAction\",\"target\":[\"https:\/\/fisiocti.com\/site\/cursos\/ventilacao-mecanica-neoped\/\"]}]},{\"@type\":\"BreadcrumbList\",\"@id\":\"https:\/\/fisiocti.com\/site\/cursos\/ventilacao-mecanica-neoped\/#breadcrumb\",\"itemListElement\":[{\"@type\":\"ListItem\",\"position\":1,\"name\":\"In\u00edcio\",\"item\":\"https:\/\/fisiocti.com\/site\/\"},{\"@type\":\"ListItem\",\"position\":2,\"name\":\"Produtos\",\"item\":\"https:\/\/fisiocti.com\/site\/produtos\/\"},{\"@type\":\"ListItem\",\"position\":3,\"name\":\"Ventila\u00e7\u00e3o Mec\u00e2nica B\u00e1sica Neo e Ped\"}]},{\"@type\":\"WebSite\",\"@id\":\"https:\/\/fisiocti.com\/site\/#website\",\"url\":\"https:\/\/fisiocti.com\/site\/\",\"name\":\"FisioCTI\",\"description\":\"Conectando teoria e pr\u00e1tica\",\"publisher\":{\"@id\":\"https:\/\/fisiocti.com\/site\/#\/schema\/person\/e41d8e5a7a403cfbceeeb0d19e22ee50\"},\"potentialAction\":[{\"@type\":\"SearchAction\",\"target\":{\"@type\":\"EntryPoint\",\"urlTemplate\":\"https:\/\/fisiocti.com\/site\/?s={search_term_string}\"},\"query-input\":\"required name=search_term_string\"}],\"inLanguage\":\"pt-BR\"},{\"@type\":[\"Person\",\"Organization\"],\"@id\":\"https:\/\/fisiocti.com\/site\/#\/schema\/person\/e41d8e5a7a403cfbceeeb0d19e22ee50\",\"name\":\"Elizabeth Cunha\",\"image\":{\"@type\":\"ImageObject\",\"inLanguage\":\"pt-BR\",\"@id\":\"https:\/\/fisiocti.com\/site\/#\/schema\/person\/image\/\",\"url\":\"https:\/\/fisiocti.com\/site\/wp-content\/uploads\/2022\/09\/LOGOMARCA-SEM-FUNDO.png\",\"contentUrl\":\"https:\/\/fisiocti.com\/site\/wp-content\/uploads\/2022\/09\/LOGOMARCA-SEM-FUNDO.png\",\"width\":504,\"height\":504,\"caption\":\"Elizabeth Cunha\"},\"logo\":{\"@id\":\"https:\/\/fisiocti.com\/site\/#\/schema\/person\/image\/\"},\"sameAs\":[\"https:\/\/www.facebook.com\/fisiocti\/\",\"https:\/\/www.instagram.com\/fisiocti\/\",\"https:\/\/twitter.com\/https:\/\/www.twitter.com\/fisiocti\/\",\"https:\/\/www.youtube.com\/@fisiocti\"]}]}<\/script>\n<!-- \/ Yoast SEO plugin. -->","yoast_head_json":{"title":"Ventila\u00e7\u00e3o Mec\u00e2nica B\u00e1sica Neo e Ped - FisioCTI","robots":{"index":"index","follow":"follow","max-snippet":"max-snippet:-1","max-image-preview":"max-image-preview:large","max-video-preview":"max-video-preview:-1"},"canonical":"https:\/\/fisiocti.com\/site\/cursos\/ventilacao-mecanica-neoped\/","og_locale":"pt_BR","og_type":"article","og_title":"Ventila\u00e7\u00e3o Mec\u00e2nica B\u00e1sica Neo e Ped - FisioCTI","og_description":"P\u00daBLICO ALVO M\u00e9dicos, Fisioterapeutas, Enfermeiros e acad\u00eamicos a partir do 5\u00ba per\u00edodo. CARGA HOR\u00c1RIA 8 horas   PR\u00d3XIMA TURMA 30\/11 - 07\/12 - 14\/12\u00a0 (Segunda-feira) \u00e0s 20:30 LOCAL online      O programa do curso visa abordar os principais temas relacionados \u00e0 Ventila\u00e7\u00e3o Mec\u00e2nica em Neonatologia e Pediatria, incluindo indica\u00e7\u00f5es, especifidades, modos ventilat\u00f3rios e desmame.  Imperd\u00edvel de acad\u00eamicos a especialistas.","og_url":"https:\/\/fisiocti.com\/site\/cursos\/ventilacao-mecanica-neoped\/","og_site_name":"FisioCTI","article_publisher":"https:\/\/www.facebook.com\/fisiocti\/","article_modified_time":"2022-11-01T11:48:28+00:00","og_image":[{"width":504,"height":504,"url":"https:\/\/fisiocti.com\/site\/wp-content\/uploads\/2016\/11\/ANUNCIO-VM-NEOPED-IV-e1500660876563.jpg","type":"image\/jpeg"}],"twitter_card":"summary_large_image","schema":{"@context":"https:\/\/schema.org","@graph":[{"@type":"WebPage","@id":"https:\/\/fisiocti.com\/site\/cursos\/ventilacao-mecanica-neoped\/","url":"https:\/\/fisiocti.com\/site\/cursos\/ventilacao-mecanica-neoped\/","name":"Ventila\u00e7\u00e3o Mec\u00e2nica B\u00e1sica Neo e Ped - FisioCTI","isPartOf":{"@id":"https:\/\/fisiocti.com\/site\/#website"},"datePublished":"2016-11-20T00:22:10+00:00","dateModified":"2022-11-01T11:48:28+00:00","breadcrumb":{"@id":"https:\/\/fisiocti.com\/site\/cursos\/ventilacao-mecanica-neoped\/#breadcrumb"},"inLanguage":"pt-BR","potentialAction":[{"@type":"ReadAction","target":["https:\/\/fisiocti.com\/site\/cursos\/ventilacao-mecanica-neoped\/"]}]},{"@type":"BreadcrumbList","@id":"https:\/\/fisiocti.com\/site\/cursos\/ventilacao-mecanica-neoped\/#breadcrumb","itemListElement":[{"@type":"ListItem","position":1,"name":"In\u00edcio","item":"https:\/\/fisiocti.com\/site\/"},{"@type":"ListItem","position":2,"name":"Produtos","item":"https:\/\/fisiocti.com\/site\/produtos\/"},{"@type":"ListItem","position":3,"name":"Ventila\u00e7\u00e3o Mec\u00e2nica B\u00e1sica Neo e Ped"}]},{"@type":"WebSite","@id":"https:\/\/fisiocti.com\/site\/#website","url":"https:\/\/fisiocti.com\/site\/","name":"FisioCTI","description":"Conectando teoria e pr\u00e1tica","publisher":{"@id":"https:\/\/fisiocti.com\/site\/#\/schema\/person\/e41d8e5a7a403cfbceeeb0d19e22ee50"},"potentialAction":[{"@type":"SearchAction","target":{"@type":"EntryPoint","urlTemplate":"https:\/\/fisiocti.com\/site\/?s={search_term_string}"},"query-input":"required name=search_term_string"}],"inLanguage":"pt-BR"},{"@type":["Person","Organization"],"@id":"https:\/\/fisiocti.com\/site\/#\/schema\/person\/e41d8e5a7a403cfbceeeb0d19e22ee50","name":"Elizabeth Cunha","image":{"@type":"ImageObject","inLanguage":"pt-BR","@id":"https:\/\/fisiocti.com\/site\/#\/schema\/person\/image\/","url":"https:\/\/fisiocti.com\/site\/wp-content\/uploads\/2022\/09\/LOGOMARCA-SEM-FUNDO.png","contentUrl":"https:\/\/fisiocti.com\/site\/wp-content\/uploads\/2022\/09\/LOGOMARCA-SEM-FUNDO.png","width":504,"height":504,"caption":"Elizabeth Cunha"},"logo":{"@id":"https:\/\/fisiocti.com\/site\/#\/schema\/person\/image\/"},"sameAs":["https:\/\/www.facebook.com\/fisiocti\/","https:\/\/www.instagram.com\/fisiocti\/","https:\/\/twitter.com\/https:\/\/www.twitter.com\/fisiocti\/","https:\/\/www.youtube.com\/@fisiocti"]}]}},"_links":{"self":[{"href":"https:\/\/fisiocti.com\/site\/wp-json\/wp\/v2\/product\/1252"}],"collection":[{"href":"https:\/\/fisiocti.com\/site\/wp-json\/wp\/v2\/product"}],"about":[{"href":"https:\/\/fisiocti.com\/site\/wp-json\/wp\/v2\/types\/product"}],"replies":[{"embeddable":true,"href":"https:\/\/fisiocti.com\/site\/wp-json\/wp\/v2\/comments?post=1252"}],"wp:featuredmedia":[{"embeddable":true,"href":"https:\/\/fisiocti.com\/site\/wp-json\/wp\/v2\/media\/2365"}],"wp:attachment":[{"href":"https:\/\/fisiocti.com\/site\/wp-json\/wp\/v2\/media?parent=1252"}],"curies":[{"name":"wp","href":"https:\/\/api.w.org\/{rel}","templated":true}]}}