{"id":1261,"date":"2016-11-19T22:36:36","date_gmt":"2016-11-20T00:36:36","guid":{"rendered":"http:\/\/srv150.prodns.com.br\/~fisiocti\/site\/?post_type=product&#038;p=1261"},"modified":"2023-01-02T03:32:05","modified_gmt":"2023-01-02T06:32:05","slug":"emergencias-pediatricas","status":"publish","type":"product","link":"https:\/\/fisiocti.com\/site\/cursos\/emergencias-pediatricas\/","title":{"rendered":"Emerg\u00eancias Pedi\u00e1tricas &#8211; M\u00e9dicos"},"content":{"rendered":"<p><strong>CONTE\u00daDO PROGRAM\u00c1TICO<\/strong><\/p>\n<ul>\n<li>Trauma pedi\u00e1trico<\/li>\n<li>Crise asm\u00e1tica na inf\u00e2ncia<\/li>\n<li>Crise convulsiva na inf\u00e2ncia<\/li>\n<li>Choque em Pediatria<\/li>\n<li>Anafilaxia<\/li>\n<li>Obstru\u00e7\u00e3o de Vias A\u00e9reas Superiores<\/li>\n<li>Insufici\u00eancia Respirat\u00f3ria Aguda<\/li>\n<li>RCP (Recomenda\u00e7\u00f5es AHA)<\/li>\n<\/ul>\n<p><strong>DEMONSTRA\u00c7\u00d5ES PR\u00c1TICAS (Hands On)<\/strong><\/p>\n<ul>\n<li>RCP<\/li>\n<li>Intuba\u00e7\u00e3o orotraquela<\/li>\n<li>Ventila\u00e7\u00e3o Mec\u00e2nica com Ambu<\/li>\n<\/ul>\n","protected":false},"excerpt":{"rendered":"<table width=\"100%\">\n<tbody>\n<tr>\n<td width=\"50%\"><strong>P\u00daBLICO ALVO<\/strong><br \/>\nM\u00e9dicos e acad\u00eamicos de Medicina a partir do 5\u00ba per\u00edodo.<\/td>\n<td width=\"50%\"><strong>CARGA HOR\u00c1RIA<\/strong><br \/>\n8 horas<\/td>\n<\/tr>\n<tr>\n<td width=\"50%\"><strong>PR\u00d3XIMA TURMA<\/strong><br \/>\nPrevis\u00e3o 03\/2020<\/td>\n<td width=\"50%\"><strong>LOCAL<\/strong><br \/>\nRIO DE JANEIRO \/ RJ<\/td>\n<\/tr>\n<\/tbody>\n<\/table>\n<p><a href=\"https:\/\/api.whatsapp.com\/send?phone=5521982427985&amp;text=Gostaria%20de%20informa%C3%A7%C3%B5es%20sobre%20o%20parcelamento%20em%20boleto%20do%20curso%20de%20EMERG%C3%8ANCIAS%20PEDI%C3%81TRIAS%20para%20m%C3%A9dicos.\"><img loading=\"lazy\" class=\"aligncenter wp-image-2701\" src=\"http:\/\/www.fisiocti.com\/site\/wp-content\/uploads\/2018\/01\/BOT\u00c3O-PARCELAMENTO-EM-BOLETO-300x101.jpg\" alt=\"BOT\u00c3O PARCELAMENTO EM BOLETO\" width=\"200\" height=\"67\" srcset=\"https:\/\/fisiocti.com\/site\/wp-content\/uploads\/2018\/01\/BOT\u00c3O-PARCELAMENTO-EM-BOLETO-300x101.jpg 300w, https:\/\/fisiocti.com\/site\/wp-content\/uploads\/2018\/01\/BOT\u00c3O-PARCELAMENTO-EM-BOLETO.jpg 400w\" sizes=\"(max-width: 200px) 100vw, 200px\" \/><\/a><\/p>\n<p>Entender que a crian\u00e7a n\u00e3o \u00e9 um adulto em miniatura \u00e9 fundamental para assist\u00ed-la com qualidade, em especial no setor de Emerg\u00eancia.<br \/>\nVisando preparar m\u00e9dicos e acad\u00eamicos para atua\u00e7\u00e3o em uma das grandes \u00e1reas da Medicina, o Curso de Emerg\u00eancia em Pediatria \u00e9 uma introdu\u00e7\u00e3o aos assuntos mais frequentes das unidades de atendimento de emerg\u00eancia.<br \/>\nAliado a esse conte\u00fado, incorporamos simula\u00e7\u00f5es com esta\u00e7\u00f5es pr\u00e1ticas em RCP, Intuba\u00e7\u00e3o Orotraqueal, al\u00e9m de diversos casos cl\u00ednicos.<br \/>\nImperd\u00edvel!<\/p>\n","protected":false},"featured_media":2206,"comment_status":"open","ping_status":"closed","template":"","meta":[],"yoast_head":"<!-- This site is optimized with the Yoast SEO plugin v20.1 - https:\/\/yoast.com\/wordpress\/plugins\/seo\/ -->\n<title>Emerg\u00eancias Pedi\u00e1tricas - M\u00e9dicos - FisioCTI<\/title>\n<meta name=\"robots\" content=\"index, follow, max-snippet:-1, max-image-preview:large, max-video-preview:-1\" \/>\n<link rel=\"canonical\" href=\"https:\/\/fisiocti.com\/site\/cursos\/emergencias-pediatricas\/\" \/>\n<meta property=\"og:locale\" content=\"pt_BR\" \/>\n<meta property=\"og:type\" content=\"article\" \/>\n<meta property=\"og:title\" content=\"Emerg\u00eancias Pedi\u00e1tricas - M\u00e9dicos - FisioCTI\" \/>\n<meta property=\"og:description\" content=\"P\u00daBLICO ALVO M\u00e9dicos e acad\u00eamicos de Medicina a partir do 5\u00ba per\u00edodo. CARGA HOR\u00c1RIA 8 horas   PR\u00d3XIMA TURMA Previs\u00e3o 03\/2020 LOCAL RIO DE JANEIRO \/ RJ      Entender que a crian\u00e7a n\u00e3o \u00e9 um adulto em miniatura \u00e9 fundamental para assist\u00ed-la com qualidade, em especial no setor de Emerg\u00eancia. Visando preparar m\u00e9dicos e acad\u00eamicos para atua\u00e7\u00e3o em uma das grandes \u00e1reas da Medicina, o Curso de Emerg\u00eancia em Pediatria \u00e9 uma introdu\u00e7\u00e3o aos assuntos mais frequentes das unidades de atendimento de emerg\u00eancia. Aliado a esse conte\u00fado, incorporamos simula\u00e7\u00f5es com esta\u00e7\u00f5es pr\u00e1ticas em RCP, Intuba\u00e7\u00e3o Orotraqueal, al\u00e9m de diversos casos cl\u00ednicos. Imperd\u00edvel!\" \/>\n<meta property=\"og:url\" content=\"https:\/\/fisiocti.com\/site\/cursos\/emergencias-pediatricas\/\" \/>\n<meta property=\"og:site_name\" content=\"FisioCTI\" \/>\n<meta property=\"article:publisher\" content=\"https:\/\/www.facebook.com\/fisiocti\/\" \/>\n<meta property=\"article:modified_time\" content=\"2023-01-02T06:32:05+00:00\" \/>\n<meta property=\"og:image\" content=\"https:\/\/fisiocti.com\/site\/wp-content\/uploads\/2017\/04\/ANUNCIO-EMERG\u00caNCIA-PEDI\u00c1TRICA-e1495576146988.jpg\" \/>\n\t<meta property=\"og:image:width\" content=\"504\" \/>\n\t<meta property=\"og:image:height\" content=\"504\" \/>\n\t<meta property=\"og:image:type\" content=\"image\/jpeg\" \/>\n<meta name=\"twitter:card\" content=\"summary_large_image\" \/>\n<script type=\"application\/ld+json\" class=\"yoast-schema-graph\">{\"@context\":\"https:\/\/schema.org\",\"@graph\":[{\"@type\":\"WebPage\",\"@id\":\"https:\/\/fisiocti.com\/site\/cursos\/emergencias-pediatricas\/\",\"url\":\"https:\/\/fisiocti.com\/site\/cursos\/emergencias-pediatricas\/\",\"name\":\"Emerg\u00eancias Pedi\u00e1tricas - M\u00e9dicos - FisioCTI\",\"isPartOf\":{\"@id\":\"https:\/\/fisiocti.com\/site\/#website\"},\"datePublished\":\"2016-11-20T00:36:36+00:00\",\"dateModified\":\"2023-01-02T06:32:05+00:00\",\"breadcrumb\":{\"@id\":\"https:\/\/fisiocti.com\/site\/cursos\/emergencias-pediatricas\/#breadcrumb\"},\"inLanguage\":\"pt-BR\",\"potentialAction\":[{\"@type\":\"ReadAction\",\"target\":[\"https:\/\/fisiocti.com\/site\/cursos\/emergencias-pediatricas\/\"]}]},{\"@type\":\"BreadcrumbList\",\"@id\":\"https:\/\/fisiocti.com\/site\/cursos\/emergencias-pediatricas\/#breadcrumb\",\"itemListElement\":[{\"@type\":\"ListItem\",\"position\":1,\"name\":\"In\u00edcio\",\"item\":\"https:\/\/fisiocti.com\/site\/\"},{\"@type\":\"ListItem\",\"position\":2,\"name\":\"Produtos\",\"item\":\"https:\/\/fisiocti.com\/site\/produtos\/\"},{\"@type\":\"ListItem\",\"position\":3,\"name\":\"Emerg\u00eancias Pedi\u00e1tricas &#8211; M\u00e9dicos\"}]},{\"@type\":\"WebSite\",\"@id\":\"https:\/\/fisiocti.com\/site\/#website\",\"url\":\"https:\/\/fisiocti.com\/site\/\",\"name\":\"FisioCTI\",\"description\":\"Conectando teoria e pr\u00e1tica\",\"publisher\":{\"@id\":\"https:\/\/fisiocti.com\/site\/#\/schema\/person\/e41d8e5a7a403cfbceeeb0d19e22ee50\"},\"potentialAction\":[{\"@type\":\"SearchAction\",\"target\":{\"@type\":\"EntryPoint\",\"urlTemplate\":\"https:\/\/fisiocti.com\/site\/?s={search_term_string}\"},\"query-input\":\"required name=search_term_string\"}],\"inLanguage\":\"pt-BR\"},{\"@type\":[\"Person\",\"Organization\"],\"@id\":\"https:\/\/fisiocti.com\/site\/#\/schema\/person\/e41d8e5a7a403cfbceeeb0d19e22ee50\",\"name\":\"Elizabeth Cunha\",\"image\":{\"@type\":\"ImageObject\",\"inLanguage\":\"pt-BR\",\"@id\":\"https:\/\/fisiocti.com\/site\/#\/schema\/person\/image\/\",\"url\":\"https:\/\/fisiocti.com\/site\/wp-content\/uploads\/2022\/09\/LOGOMARCA-SEM-FUNDO.png\",\"contentUrl\":\"https:\/\/fisiocti.com\/site\/wp-content\/uploads\/2022\/09\/LOGOMARCA-SEM-FUNDO.png\",\"width\":504,\"height\":504,\"caption\":\"Elizabeth Cunha\"},\"logo\":{\"@id\":\"https:\/\/fisiocti.com\/site\/#\/schema\/person\/image\/\"},\"sameAs\":[\"https:\/\/www.facebook.com\/fisiocti\/\",\"https:\/\/www.instagram.com\/fisiocti\/\",\"https:\/\/twitter.com\/https:\/\/www.twitter.com\/fisiocti\/\",\"https:\/\/www.youtube.com\/@fisiocti\"]}]}<\/script>\n<!-- \/ Yoast SEO plugin. -->","yoast_head_json":{"title":"Emerg\u00eancias Pedi\u00e1tricas - M\u00e9dicos - FisioCTI","robots":{"index":"index","follow":"follow","max-snippet":"max-snippet:-1","max-image-preview":"max-image-preview:large","max-video-preview":"max-video-preview:-1"},"canonical":"https:\/\/fisiocti.com\/site\/cursos\/emergencias-pediatricas\/","og_locale":"pt_BR","og_type":"article","og_title":"Emerg\u00eancias Pedi\u00e1tricas - M\u00e9dicos - FisioCTI","og_description":"P\u00daBLICO ALVO M\u00e9dicos e acad\u00eamicos de Medicina a partir do 5\u00ba per\u00edodo. CARGA HOR\u00c1RIA 8 horas   PR\u00d3XIMA TURMA Previs\u00e3o 03\/2020 LOCAL RIO DE JANEIRO \/ RJ      Entender que a crian\u00e7a n\u00e3o \u00e9 um adulto em miniatura \u00e9 fundamental para assist\u00ed-la com qualidade, em especial no setor de Emerg\u00eancia. Visando preparar m\u00e9dicos e acad\u00eamicos para atua\u00e7\u00e3o em uma das grandes \u00e1reas da Medicina, o Curso de Emerg\u00eancia em Pediatria \u00e9 uma introdu\u00e7\u00e3o aos assuntos mais frequentes das unidades de atendimento de emerg\u00eancia. Aliado a esse conte\u00fado, incorporamos simula\u00e7\u00f5es com esta\u00e7\u00f5es pr\u00e1ticas em RCP, Intuba\u00e7\u00e3o Orotraqueal, al\u00e9m de diversos casos cl\u00ednicos. Imperd\u00edvel!","og_url":"https:\/\/fisiocti.com\/site\/cursos\/emergencias-pediatricas\/","og_site_name":"FisioCTI","article_publisher":"https:\/\/www.facebook.com\/fisiocti\/","article_modified_time":"2023-01-02T06:32:05+00:00","og_image":[{"width":504,"height":504,"url":"https:\/\/fisiocti.com\/site\/wp-content\/uploads\/2017\/04\/ANUNCIO-EMERG\u00caNCIA-PEDI\u00c1TRICA-e1495576146988.jpg","type":"image\/jpeg"}],"twitter_card":"summary_large_image","schema":{"@context":"https:\/\/schema.org","@graph":[{"@type":"WebPage","@id":"https:\/\/fisiocti.com\/site\/cursos\/emergencias-pediatricas\/","url":"https:\/\/fisiocti.com\/site\/cursos\/emergencias-pediatricas\/","name":"Emerg\u00eancias Pedi\u00e1tricas - M\u00e9dicos - FisioCTI","isPartOf":{"@id":"https:\/\/fisiocti.com\/site\/#website"},"datePublished":"2016-11-20T00:36:36+00:00","dateModified":"2023-01-02T06:32:05+00:00","breadcrumb":{"@id":"https:\/\/fisiocti.com\/site\/cursos\/emergencias-pediatricas\/#breadcrumb"},"inLanguage":"pt-BR","potentialAction":[{"@type":"ReadAction","target":["https:\/\/fisiocti.com\/site\/cursos\/emergencias-pediatricas\/"]}]},{"@type":"BreadcrumbList","@id":"https:\/\/fisiocti.com\/site\/cursos\/emergencias-pediatricas\/#breadcrumb","itemListElement":[{"@type":"ListItem","position":1,"name":"In\u00edcio","item":"https:\/\/fisiocti.com\/site\/"},{"@type":"ListItem","position":2,"name":"Produtos","item":"https:\/\/fisiocti.com\/site\/produtos\/"},{"@type":"ListItem","position":3,"name":"Emerg\u00eancias Pedi\u00e1tricas &#8211; M\u00e9dicos"}]},{"@type":"WebSite","@id":"https:\/\/fisiocti.com\/site\/#website","url":"https:\/\/fisiocti.com\/site\/","name":"FisioCTI","description":"Conectando teoria e pr\u00e1tica","publisher":{"@id":"https:\/\/fisiocti.com\/site\/#\/schema\/person\/e41d8e5a7a403cfbceeeb0d19e22ee50"},"potentialAction":[{"@type":"SearchAction","target":{"@type":"EntryPoint","urlTemplate":"https:\/\/fisiocti.com\/site\/?s={search_term_string}"},"query-input":"required name=search_term_string"}],"inLanguage":"pt-BR"},{"@type":["Person","Organization"],"@id":"https:\/\/fisiocti.com\/site\/#\/schema\/person\/e41d8e5a7a403cfbceeeb0d19e22ee50","name":"Elizabeth Cunha","image":{"@type":"ImageObject","inLanguage":"pt-BR","@id":"https:\/\/fisiocti.com\/site\/#\/schema\/person\/image\/","url":"https:\/\/fisiocti.com\/site\/wp-content\/uploads\/2022\/09\/LOGOMARCA-SEM-FUNDO.png","contentUrl":"https:\/\/fisiocti.com\/site\/wp-content\/uploads\/2022\/09\/LOGOMARCA-SEM-FUNDO.png","width":504,"height":504,"caption":"Elizabeth Cunha"},"logo":{"@id":"https:\/\/fisiocti.com\/site\/#\/schema\/person\/image\/"},"sameAs":["https:\/\/www.facebook.com\/fisiocti\/","https:\/\/www.instagram.com\/fisiocti\/","https:\/\/twitter.com\/https:\/\/www.twitter.com\/fisiocti\/","https:\/\/www.youtube.com\/@fisiocti"]}]}},"_links":{"self":[{"href":"https:\/\/fisiocti.com\/site\/wp-json\/wp\/v2\/product\/1261"}],"collection":[{"href":"https:\/\/fisiocti.com\/site\/wp-json\/wp\/v2\/product"}],"about":[{"href":"https:\/\/fisiocti.com\/site\/wp-json\/wp\/v2\/types\/product"}],"replies":[{"embeddable":true,"href":"https:\/\/fisiocti.com\/site\/wp-json\/wp\/v2\/comments?post=1261"}],"wp:featuredmedia":[{"embeddable":true,"href":"https:\/\/fisiocti.com\/site\/wp-json\/wp\/v2\/media\/2206"}],"wp:attachment":[{"href":"https:\/\/fisiocti.com\/site\/wp-json\/wp\/v2\/media?parent=1261"}],"curies":[{"name":"wp","href":"https:\/\/api.w.org\/{rel}","templated":true}]}}