{"id":1265,"date":"2016-11-20T10:50:46","date_gmt":"2016-11-20T12:50:46","guid":{"rendered":"http:\/\/srv150.prodns.com.br\/~fisiocti\/site\/?post_type=product&#038;p=1265"},"modified":"2026-03-14T12:39:44","modified_gmt":"2026-03-14T15:39:44","slug":"imagiologia-em-uti","status":"publish","type":"product","link":"https:\/\/fisiocti.com\/site\/cursos\/imagiologia-em-uti\/","title":{"rendered":"Imagiologia em UTI &#8211; T\u00f3rax"},"content":{"rendered":"<p>Um dos grandes desafios na forma\u00e7\u00e3o do profissional que atua em UTI \u00e9 a correta interpreta\u00e7\u00e3o dos exames de imagem. Voc\u00ea em seguran\u00e7a em avaliar os exames de imagem no seu dia a dia na terapia intensiva?<\/p>\n<p>Pensando nisso, A FisioCTI tem o curso de Imagiologia espec\u00edfico para CTI com o conte\u00fado mais relevante para os profissionais que atuam na aten\u00e7\u00e3o ao paciente cr\u00edtico. S\u00e3o mais de 6 anos treinando centenas de pessoas em um conte\u00fado fundamental para todos os profissionais de sa\u00fade.<\/p>\n<p>O curso traz informa\u00e7\u00f5es sobre os exames de imagem mais comuns para o paciente cr\u00edtico relacionado ao Sistema Cardiopulmonar. Muito al\u00e9m da radiografia, voc\u00ea ter\u00e1 um curso orientado para a pr\u00e1tica, para o que realmente importa observar, aprendendo a correlacionar os achados com as patologias.<\/p>\n<p>Teremos ainda a discuss\u00e3o dos novos e mais modernos exames de imagem relacionados a Terapia Intensiva.<\/p>\n<p>Uma oportunidade imperd\u00edvel de uma capacita\u00e7\u00e3o fundamental para fisioterapeutas, m\u00e9dicos e enfermeiros.<\/p>\n<p>&nbsp;<\/p>\n<p><strong>CONTE\u00daDO PROGRAM\u00c1TICO<\/strong><\/p>\n<ul>\n<li>Radiografia convencional simples<\/li>\n<li>Tomografia Computadorizada<\/li>\n<li>Ress\u00f4nancia Nuclear Magn\u00e9tica<\/li>\n<li>Ultrassonografia<\/li>\n<li>Discuss\u00e3o de Casos Cl\u00ednicos<\/li>\n<\/ul>\n<p>&nbsp;<\/p>\n<p><strong>PROTOCOLO COVID<\/strong><\/p>\n<p>&#8211; Em caso de suspens\u00e3o do curso devido \u00e0 condi\u00e7\u00f5es relacionadas \u00e0 pandemia de COVID-19 ou outras condi\u00e7\u00f5es similares, o curso ser\u00e1 realizado de forma virtual;<\/p>\n<p>-Todos os alunos dever\u00e3o enviar at\u00e9 uma semana antes do curso, a carteira de vacina\u00e7\u00e3o com as 3 doses da vacina contra COVID-19 , caso contr\u00e1rio a matr\u00edcula n\u00e3o ser\u00e1 efetivada e o valor ser\u00e1 restitu\u00eddo;<\/p>\n<p>&#8211; Durante toda a dura\u00e7\u00e3o o curso, o uso de m\u00e1scaras seguir\u00e1 a recomenda\u00e7\u00e3o atual da Secretaria de Sa\u00fade Municipal;<\/p>\n<p>&#8211; Caso o aluno apresente sintomas gripais ou tenha teste positivo para COVID-19, deve comunicar imediatamente a organiza\u00e7\u00e3o do curso, com apresenta\u00e7\u00e3o do atestado m\u00e9dico, para que sejam disponibilizadas as op\u00e7\u00f5es de cancelamento e\/ou realoca\u00e7\u00e3o em outra turma.<\/p>\n","protected":false},"excerpt":{"rendered":"<table width=\"100%\">\n<tbody>\n<tr>\n<td width=\"50%\"><strong>P\u00daBLICO ALVO<\/strong><br \/>\nM\u00e9dicos, Fisioterapeutas. Enfermeiros e acad\u00eamicos.<\/td>\n<td width=\"50%\"><strong>CARGA HOR\u00c1RIA<\/strong><br \/>\n8 horas<\/td>\n<\/tr>\n<tr>\n<td width=\"50%\"><strong>PR\u00d3XIMA TURMA<\/strong><br \/>\n06\/08\/2022 &#8211; 09:00 as 17:00<\/td>\n<td width=\"50%\"><strong>LOCAL<\/strong><br \/>\nRua Visconde de Inha\u00fama, 134, Centro &#8211; Rio de Janeiro<\/td>\n<\/tr>\n<\/tbody>\n<\/table>\n<p>&nbsp;<\/p>\n","protected":false},"featured_media":3976,"comment_status":"open","ping_status":"closed","template":"","meta":[],"yoast_head":"<!-- This site is optimized with the Yoast SEO plugin v20.1 - https:\/\/yoast.com\/wordpress\/plugins\/seo\/ -->\n<title>Imagiologia em UTI - T\u00f3rax - FisioCTI<\/title>\n<meta name=\"robots\" content=\"index, follow, max-snippet:-1, max-image-preview:large, max-video-preview:-1\" \/>\n<link rel=\"canonical\" href=\"https:\/\/fisiocti.com\/site\/cursos\/imagiologia-em-uti\/\" \/>\n<meta property=\"og:locale\" content=\"pt_BR\" \/>\n<meta property=\"og:type\" content=\"article\" \/>\n<meta property=\"og:title\" content=\"Imagiologia em UTI - T\u00f3rax - FisioCTI\" \/>\n<meta property=\"og:description\" content=\"P\u00daBLICO ALVO M\u00e9dicos, Fisioterapeutas. Enfermeiros e acad\u00eamicos. CARGA HOR\u00c1RIA 8 horas   PR\u00d3XIMA TURMA 06\/08\/2022 - 09:00 as 17:00 LOCAL Rua Visconde de Inha\u00fama, 134, Centro - Rio de Janeiro    &nbsp;\" \/>\n<meta property=\"og:url\" content=\"https:\/\/fisiocti.com\/site\/cursos\/imagiologia-em-uti\/\" \/>\n<meta property=\"og:site_name\" content=\"FisioCTI\" \/>\n<meta property=\"article:publisher\" content=\"https:\/\/www.facebook.com\/fisiocti\/\" \/>\n<meta property=\"article:modified_time\" content=\"2026-03-14T15:39:44+00:00\" \/>\n<meta property=\"og:image\" content=\"https:\/\/fisiocti.com\/site\/wp-content\/uploads\/2016\/11\/Curso_Imagem_IG_FEED-5.png\" \/>\n\t<meta property=\"og:image:width\" content=\"1080\" \/>\n\t<meta property=\"og:image:height\" content=\"1080\" \/>\n\t<meta property=\"og:image:type\" content=\"image\/png\" \/>\n<meta name=\"twitter:card\" content=\"summary_large_image\" \/>\n<meta name=\"twitter:label1\" content=\"Est. tempo de leitura\" \/>\n\t<meta name=\"twitter:data1\" content=\"2 minutos\" \/>\n<script type=\"application\/ld+json\" class=\"yoast-schema-graph\">{\"@context\":\"https:\/\/schema.org\",\"@graph\":[{\"@type\":\"WebPage\",\"@id\":\"https:\/\/fisiocti.com\/site\/cursos\/imagiologia-em-uti\/\",\"url\":\"https:\/\/fisiocti.com\/site\/cursos\/imagiologia-em-uti\/\",\"name\":\"Imagiologia em UTI - T\u00f3rax - FisioCTI\",\"isPartOf\":{\"@id\":\"https:\/\/fisiocti.com\/site\/#website\"},\"datePublished\":\"2016-11-20T12:50:46+00:00\",\"dateModified\":\"2026-03-14T15:39:44+00:00\",\"breadcrumb\":{\"@id\":\"https:\/\/fisiocti.com\/site\/cursos\/imagiologia-em-uti\/#breadcrumb\"},\"inLanguage\":\"pt-BR\",\"potentialAction\":[{\"@type\":\"ReadAction\",\"target\":[\"https:\/\/fisiocti.com\/site\/cursos\/imagiologia-em-uti\/\"]}]},{\"@type\":\"BreadcrumbList\",\"@id\":\"https:\/\/fisiocti.com\/site\/cursos\/imagiologia-em-uti\/#breadcrumb\",\"itemListElement\":[{\"@type\":\"ListItem\",\"position\":1,\"name\":\"In\u00edcio\",\"item\":\"https:\/\/fisiocti.com\/site\/\"},{\"@type\":\"ListItem\",\"position\":2,\"name\":\"Produtos\",\"item\":\"https:\/\/fisiocti.com\/site\/produtos\/\"},{\"@type\":\"ListItem\",\"position\":3,\"name\":\"Imagiologia em UTI &#8211; T\u00f3rax\"}]},{\"@type\":\"WebSite\",\"@id\":\"https:\/\/fisiocti.com\/site\/#website\",\"url\":\"https:\/\/fisiocti.com\/site\/\",\"name\":\"FisioCTI\",\"description\":\"Conectando teoria e pr\u00e1tica\",\"publisher\":{\"@id\":\"https:\/\/fisiocti.com\/site\/#\/schema\/person\/e41d8e5a7a403cfbceeeb0d19e22ee50\"},\"potentialAction\":[{\"@type\":\"SearchAction\",\"target\":{\"@type\":\"EntryPoint\",\"urlTemplate\":\"https:\/\/fisiocti.com\/site\/?s={search_term_string}\"},\"query-input\":\"required name=search_term_string\"}],\"inLanguage\":\"pt-BR\"},{\"@type\":[\"Person\",\"Organization\"],\"@id\":\"https:\/\/fisiocti.com\/site\/#\/schema\/person\/e41d8e5a7a403cfbceeeb0d19e22ee50\",\"name\":\"Elizabeth Cunha\",\"image\":{\"@type\":\"ImageObject\",\"inLanguage\":\"pt-BR\",\"@id\":\"https:\/\/fisiocti.com\/site\/#\/schema\/person\/image\/\",\"url\":\"https:\/\/fisiocti.com\/site\/wp-content\/uploads\/2022\/09\/LOGOMARCA-SEM-FUNDO.png\",\"contentUrl\":\"https:\/\/fisiocti.com\/site\/wp-content\/uploads\/2022\/09\/LOGOMARCA-SEM-FUNDO.png\",\"width\":504,\"height\":504,\"caption\":\"Elizabeth Cunha\"},\"logo\":{\"@id\":\"https:\/\/fisiocti.com\/site\/#\/schema\/person\/image\/\"},\"sameAs\":[\"https:\/\/www.facebook.com\/fisiocti\/\",\"https:\/\/www.instagram.com\/fisiocti\/\",\"https:\/\/twitter.com\/https:\/\/www.twitter.com\/fisiocti\/\",\"https:\/\/www.youtube.com\/@fisiocti\"]}]}<\/script>\n<!-- \/ Yoast SEO plugin. -->","yoast_head_json":{"title":"Imagiologia em UTI - T\u00f3rax - FisioCTI","robots":{"index":"index","follow":"follow","max-snippet":"max-snippet:-1","max-image-preview":"max-image-preview:large","max-video-preview":"max-video-preview:-1"},"canonical":"https:\/\/fisiocti.com\/site\/cursos\/imagiologia-em-uti\/","og_locale":"pt_BR","og_type":"article","og_title":"Imagiologia em UTI - T\u00f3rax - FisioCTI","og_description":"P\u00daBLICO ALVO M\u00e9dicos, Fisioterapeutas. Enfermeiros e acad\u00eamicos. CARGA HOR\u00c1RIA 8 horas   PR\u00d3XIMA TURMA 06\/08\/2022 - 09:00 as 17:00 LOCAL Rua Visconde de Inha\u00fama, 134, Centro - Rio de Janeiro    &nbsp;","og_url":"https:\/\/fisiocti.com\/site\/cursos\/imagiologia-em-uti\/","og_site_name":"FisioCTI","article_publisher":"https:\/\/www.facebook.com\/fisiocti\/","article_modified_time":"2026-03-14T15:39:44+00:00","og_image":[{"width":1080,"height":1080,"url":"https:\/\/fisiocti.com\/site\/wp-content\/uploads\/2016\/11\/Curso_Imagem_IG_FEED-5.png","type":"image\/png"}],"twitter_card":"summary_large_image","twitter_misc":{"Est. tempo de leitura":"2 minutos"},"schema":{"@context":"https:\/\/schema.org","@graph":[{"@type":"WebPage","@id":"https:\/\/fisiocti.com\/site\/cursos\/imagiologia-em-uti\/","url":"https:\/\/fisiocti.com\/site\/cursos\/imagiologia-em-uti\/","name":"Imagiologia em UTI - T\u00f3rax - FisioCTI","isPartOf":{"@id":"https:\/\/fisiocti.com\/site\/#website"},"datePublished":"2016-11-20T12:50:46+00:00","dateModified":"2026-03-14T15:39:44+00:00","breadcrumb":{"@id":"https:\/\/fisiocti.com\/site\/cursos\/imagiologia-em-uti\/#breadcrumb"},"inLanguage":"pt-BR","potentialAction":[{"@type":"ReadAction","target":["https:\/\/fisiocti.com\/site\/cursos\/imagiologia-em-uti\/"]}]},{"@type":"BreadcrumbList","@id":"https:\/\/fisiocti.com\/site\/cursos\/imagiologia-em-uti\/#breadcrumb","itemListElement":[{"@type":"ListItem","position":1,"name":"In\u00edcio","item":"https:\/\/fisiocti.com\/site\/"},{"@type":"ListItem","position":2,"name":"Produtos","item":"https:\/\/fisiocti.com\/site\/produtos\/"},{"@type":"ListItem","position":3,"name":"Imagiologia em UTI &#8211; T\u00f3rax"}]},{"@type":"WebSite","@id":"https:\/\/fisiocti.com\/site\/#website","url":"https:\/\/fisiocti.com\/site\/","name":"FisioCTI","description":"Conectando teoria e pr\u00e1tica","publisher":{"@id":"https:\/\/fisiocti.com\/site\/#\/schema\/person\/e41d8e5a7a403cfbceeeb0d19e22ee50"},"potentialAction":[{"@type":"SearchAction","target":{"@type":"EntryPoint","urlTemplate":"https:\/\/fisiocti.com\/site\/?s={search_term_string}"},"query-input":"required name=search_term_string"}],"inLanguage":"pt-BR"},{"@type":["Person","Organization"],"@id":"https:\/\/fisiocti.com\/site\/#\/schema\/person\/e41d8e5a7a403cfbceeeb0d19e22ee50","name":"Elizabeth Cunha","image":{"@type":"ImageObject","inLanguage":"pt-BR","@id":"https:\/\/fisiocti.com\/site\/#\/schema\/person\/image\/","url":"https:\/\/fisiocti.com\/site\/wp-content\/uploads\/2022\/09\/LOGOMARCA-SEM-FUNDO.png","contentUrl":"https:\/\/fisiocti.com\/site\/wp-content\/uploads\/2022\/09\/LOGOMARCA-SEM-FUNDO.png","width":504,"height":504,"caption":"Elizabeth Cunha"},"logo":{"@id":"https:\/\/fisiocti.com\/site\/#\/schema\/person\/image\/"},"sameAs":["https:\/\/www.facebook.com\/fisiocti\/","https:\/\/www.instagram.com\/fisiocti\/","https:\/\/twitter.com\/https:\/\/www.twitter.com\/fisiocti\/","https:\/\/www.youtube.com\/@fisiocti"]}]}},"_links":{"self":[{"href":"https:\/\/fisiocti.com\/site\/wp-json\/wp\/v2\/product\/1265"}],"collection":[{"href":"https:\/\/fisiocti.com\/site\/wp-json\/wp\/v2\/product"}],"about":[{"href":"https:\/\/fisiocti.com\/site\/wp-json\/wp\/v2\/types\/product"}],"replies":[{"embeddable":true,"href":"https:\/\/fisiocti.com\/site\/wp-json\/wp\/v2\/comments?post=1265"}],"wp:featuredmedia":[{"embeddable":true,"href":"https:\/\/fisiocti.com\/site\/wp-json\/wp\/v2\/media\/3976"}],"wp:attachment":[{"href":"https:\/\/fisiocti.com\/site\/wp-json\/wp\/v2\/media?parent=1265"}],"curies":[{"name":"wp","href":"https:\/\/api.w.org\/{rel}","templated":true}]}}