{"id":1606,"date":"2017-01-17T14:51:31","date_gmt":"2017-01-17T16:51:31","guid":{"rendered":"http:\/\/www.fisiocti.com\/site\/?post_type=product&#038;p=1606"},"modified":"2022-11-08T08:54:16","modified_gmt":"2022-11-08T11:54:16","slug":"imagiologia-neonatal-e-pediatrica-torax","status":"publish","type":"product","link":"https:\/\/fisiocti.com\/site\/cursos\/imagiologia-neonatal-e-pediatrica-torax\/","title":{"rendered":"IMAGIOLOGIA NEONATAL E PEDI\u00c1TRICA &#8211; T\u00d3RAX"},"content":{"rendered":"<p><strong>CONTE\u00daDO PROGRAM\u00c1TICO<\/strong><\/p>\n<ul>\n<li>Anatomia pela Imagiologia<\/li>\n<li>Imagiologia de t\u00f3rax na Terapia Intensiva\n<ul>\n<li>Neonatal<\/li>\n<li>Pedi\u00e1trica<\/li>\n<\/ul>\n<\/li>\n<li>Imagiologia de t\u00f3rax nas patologias pulmonares mais comuns na Terapia Intensiva\n<ul>\n<li>Neonatal<\/li>\n<li>Pedi\u00e1trica<\/li>\n<\/ul>\n<\/li>\n<li>Discuss\u00e3o de casos cl\u00ednicos<\/li>\n<\/ul>\n","protected":false},"excerpt":{"rendered":"<table width=\"100%\">\n<tbody>\n<tr>\n<td width=\"50%\"><strong>P\u00daBLICO ALVO<\/strong><br \/>\nM\u00e9dicos, Fisioterapeutas, Enfermeiros, t\u00e9cnicos de enfermagem, acad\u00eamicos.<\/td>\n<td width=\"50%\"><strong>CARGA HOR\u00c1RIA<\/strong><br \/>\n8 horas<\/td>\n<\/tr>\n<tr>\n<td width=\"50%\"><strong>PR\u00d3XIMA TURMA<\/strong><br \/>\n14\/11\/2020<\/td>\n<td width=\"50%\"><strong>LOCAL<\/strong><br \/>\nOn line e ao vivo<\/td>\n<\/tr>\n<\/tbody>\n<\/table>\n<p>Um curso in\u00e9dito e imprescind\u00edvel a todos os profissionais de sa\u00fade que atuam na assist\u00eancia neonatal e pedi\u00e1trica. Com um programa voltado para a pr\u00e1tica, o curso aborda os aspectos mais importantes a serem observados nos exames de imagem de t\u00f3rax mais comumente vistos nas Emerg\u00eancias e Unidades de Terapia Intensiva.<\/p>\n","protected":false},"featured_media":2378,"comment_status":"open","ping_status":"closed","template":"","meta":[],"yoast_head":"<!-- This site is optimized with the Yoast SEO plugin v20.1 - https:\/\/yoast.com\/wordpress\/plugins\/seo\/ -->\n<title>IMAGIOLOGIA NEONATAL E PEDI\u00c1TRICA - T\u00d3RAX - FisioCTI<\/title>\n<meta name=\"robots\" content=\"index, follow, max-snippet:-1, max-image-preview:large, max-video-preview:-1\" \/>\n<link rel=\"canonical\" href=\"https:\/\/fisiocti.com\/site\/cursos\/imagiologia-neonatal-e-pediatrica-torax\/\" \/>\n<meta property=\"og:locale\" content=\"pt_BR\" \/>\n<meta property=\"og:type\" content=\"article\" \/>\n<meta property=\"og:title\" content=\"IMAGIOLOGIA NEONATAL E PEDI\u00c1TRICA - T\u00d3RAX - FisioCTI\" \/>\n<meta property=\"og:description\" content=\"P\u00daBLICO ALVO M\u00e9dicos, Fisioterapeutas, Enfermeiros, t\u00e9cnicos de enfermagem, acad\u00eamicos. CARGA HOR\u00c1RIA 8 horas   PR\u00d3XIMA TURMA 14\/11\/2020 LOCAL On line e ao vivo    Um curso in\u00e9dito e imprescind\u00edvel a todos os profissionais de sa\u00fade que atuam na assist\u00eancia neonatal e pedi\u00e1trica. Com um programa voltado para a pr\u00e1tica, o curso aborda os aspectos mais importantes a serem observados nos exames de imagem de t\u00f3rax mais comumente vistos nas Emerg\u00eancias e Unidades de Terapia Intensiva.\" \/>\n<meta property=\"og:url\" content=\"https:\/\/fisiocti.com\/site\/cursos\/imagiologia-neonatal-e-pediatrica-torax\/\" \/>\n<meta property=\"og:site_name\" content=\"FisioCTI\" \/>\n<meta property=\"article:publisher\" content=\"https:\/\/www.facebook.com\/fisiocti\/\" \/>\n<meta property=\"article:modified_time\" content=\"2022-11-08T11:54:16+00:00\" \/>\n<meta property=\"og:image\" content=\"https:\/\/fisiocti.com\/site\/wp-content\/uploads\/2017\/01\/ANUNCIO-IMAGEM-NEOPED-New-e1501082486318.jpg\" \/>\n\t<meta property=\"og:image:width\" content=\"504\" \/>\n\t<meta property=\"og:image:height\" content=\"504\" \/>\n\t<meta property=\"og:image:type\" content=\"image\/jpeg\" \/>\n<meta name=\"twitter:card\" content=\"summary_large_image\" \/>\n<script type=\"application\/ld+json\" class=\"yoast-schema-graph\">{\"@context\":\"https:\/\/schema.org\",\"@graph\":[{\"@type\":\"WebPage\",\"@id\":\"https:\/\/fisiocti.com\/site\/cursos\/imagiologia-neonatal-e-pediatrica-torax\/\",\"url\":\"https:\/\/fisiocti.com\/site\/cursos\/imagiologia-neonatal-e-pediatrica-torax\/\",\"name\":\"IMAGIOLOGIA NEONATAL E PEDI\u00c1TRICA - T\u00d3RAX - FisioCTI\",\"isPartOf\":{\"@id\":\"https:\/\/fisiocti.com\/site\/#website\"},\"datePublished\":\"2017-01-17T16:51:31+00:00\",\"dateModified\":\"2022-11-08T11:54:16+00:00\",\"breadcrumb\":{\"@id\":\"https:\/\/fisiocti.com\/site\/cursos\/imagiologia-neonatal-e-pediatrica-torax\/#breadcrumb\"},\"inLanguage\":\"pt-BR\",\"potentialAction\":[{\"@type\":\"ReadAction\",\"target\":[\"https:\/\/fisiocti.com\/site\/cursos\/imagiologia-neonatal-e-pediatrica-torax\/\"]}]},{\"@type\":\"BreadcrumbList\",\"@id\":\"https:\/\/fisiocti.com\/site\/cursos\/imagiologia-neonatal-e-pediatrica-torax\/#breadcrumb\",\"itemListElement\":[{\"@type\":\"ListItem\",\"position\":1,\"name\":\"In\u00edcio\",\"item\":\"https:\/\/fisiocti.com\/site\/\"},{\"@type\":\"ListItem\",\"position\":2,\"name\":\"Produtos\",\"item\":\"https:\/\/fisiocti.com\/site\/produtos\/\"},{\"@type\":\"ListItem\",\"position\":3,\"name\":\"IMAGIOLOGIA NEONATAL E PEDI\u00c1TRICA &#8211; T\u00d3RAX\"}]},{\"@type\":\"WebSite\",\"@id\":\"https:\/\/fisiocti.com\/site\/#website\",\"url\":\"https:\/\/fisiocti.com\/site\/\",\"name\":\"FisioCTI\",\"description\":\"Conectando teoria e pr\u00e1tica\",\"publisher\":{\"@id\":\"https:\/\/fisiocti.com\/site\/#\/schema\/person\/e41d8e5a7a403cfbceeeb0d19e22ee50\"},\"potentialAction\":[{\"@type\":\"SearchAction\",\"target\":{\"@type\":\"EntryPoint\",\"urlTemplate\":\"https:\/\/fisiocti.com\/site\/?s={search_term_string}\"},\"query-input\":\"required name=search_term_string\"}],\"inLanguage\":\"pt-BR\"},{\"@type\":[\"Person\",\"Organization\"],\"@id\":\"https:\/\/fisiocti.com\/site\/#\/schema\/person\/e41d8e5a7a403cfbceeeb0d19e22ee50\",\"name\":\"Elizabeth Cunha\",\"image\":{\"@type\":\"ImageObject\",\"inLanguage\":\"pt-BR\",\"@id\":\"https:\/\/fisiocti.com\/site\/#\/schema\/person\/image\/\",\"url\":\"https:\/\/fisiocti.com\/site\/wp-content\/uploads\/2022\/09\/LOGOMARCA-SEM-FUNDO.png\",\"contentUrl\":\"https:\/\/fisiocti.com\/site\/wp-content\/uploads\/2022\/09\/LOGOMARCA-SEM-FUNDO.png\",\"width\":504,\"height\":504,\"caption\":\"Elizabeth Cunha\"},\"logo\":{\"@id\":\"https:\/\/fisiocti.com\/site\/#\/schema\/person\/image\/\"},\"sameAs\":[\"https:\/\/www.facebook.com\/fisiocti\/\",\"https:\/\/www.instagram.com\/fisiocti\/\",\"https:\/\/twitter.com\/https:\/\/www.twitter.com\/fisiocti\/\",\"https:\/\/www.youtube.com\/@fisiocti\"]}]}<\/script>\n<!-- \/ Yoast SEO plugin. -->","yoast_head_json":{"title":"IMAGIOLOGIA NEONATAL E PEDI\u00c1TRICA - T\u00d3RAX - FisioCTI","robots":{"index":"index","follow":"follow","max-snippet":"max-snippet:-1","max-image-preview":"max-image-preview:large","max-video-preview":"max-video-preview:-1"},"canonical":"https:\/\/fisiocti.com\/site\/cursos\/imagiologia-neonatal-e-pediatrica-torax\/","og_locale":"pt_BR","og_type":"article","og_title":"IMAGIOLOGIA NEONATAL E PEDI\u00c1TRICA - T\u00d3RAX - FisioCTI","og_description":"P\u00daBLICO ALVO M\u00e9dicos, Fisioterapeutas, Enfermeiros, t\u00e9cnicos de enfermagem, acad\u00eamicos. CARGA HOR\u00c1RIA 8 horas   PR\u00d3XIMA TURMA 14\/11\/2020 LOCAL On line e ao vivo    Um curso in\u00e9dito e imprescind\u00edvel a todos os profissionais de sa\u00fade que atuam na assist\u00eancia neonatal e pedi\u00e1trica. Com um programa voltado para a pr\u00e1tica, o curso aborda os aspectos mais importantes a serem observados nos exames de imagem de t\u00f3rax mais comumente vistos nas Emerg\u00eancias e Unidades de Terapia Intensiva.","og_url":"https:\/\/fisiocti.com\/site\/cursos\/imagiologia-neonatal-e-pediatrica-torax\/","og_site_name":"FisioCTI","article_publisher":"https:\/\/www.facebook.com\/fisiocti\/","article_modified_time":"2022-11-08T11:54:16+00:00","og_image":[{"width":504,"height":504,"url":"https:\/\/fisiocti.com\/site\/wp-content\/uploads\/2017\/01\/ANUNCIO-IMAGEM-NEOPED-New-e1501082486318.jpg","type":"image\/jpeg"}],"twitter_card":"summary_large_image","schema":{"@context":"https:\/\/schema.org","@graph":[{"@type":"WebPage","@id":"https:\/\/fisiocti.com\/site\/cursos\/imagiologia-neonatal-e-pediatrica-torax\/","url":"https:\/\/fisiocti.com\/site\/cursos\/imagiologia-neonatal-e-pediatrica-torax\/","name":"IMAGIOLOGIA NEONATAL E PEDI\u00c1TRICA - T\u00d3RAX - FisioCTI","isPartOf":{"@id":"https:\/\/fisiocti.com\/site\/#website"},"datePublished":"2017-01-17T16:51:31+00:00","dateModified":"2022-11-08T11:54:16+00:00","breadcrumb":{"@id":"https:\/\/fisiocti.com\/site\/cursos\/imagiologia-neonatal-e-pediatrica-torax\/#breadcrumb"},"inLanguage":"pt-BR","potentialAction":[{"@type":"ReadAction","target":["https:\/\/fisiocti.com\/site\/cursos\/imagiologia-neonatal-e-pediatrica-torax\/"]}]},{"@type":"BreadcrumbList","@id":"https:\/\/fisiocti.com\/site\/cursos\/imagiologia-neonatal-e-pediatrica-torax\/#breadcrumb","itemListElement":[{"@type":"ListItem","position":1,"name":"In\u00edcio","item":"https:\/\/fisiocti.com\/site\/"},{"@type":"ListItem","position":2,"name":"Produtos","item":"https:\/\/fisiocti.com\/site\/produtos\/"},{"@type":"ListItem","position":3,"name":"IMAGIOLOGIA NEONATAL E PEDI\u00c1TRICA &#8211; T\u00d3RAX"}]},{"@type":"WebSite","@id":"https:\/\/fisiocti.com\/site\/#website","url":"https:\/\/fisiocti.com\/site\/","name":"FisioCTI","description":"Conectando teoria e pr\u00e1tica","publisher":{"@id":"https:\/\/fisiocti.com\/site\/#\/schema\/person\/e41d8e5a7a403cfbceeeb0d19e22ee50"},"potentialAction":[{"@type":"SearchAction","target":{"@type":"EntryPoint","urlTemplate":"https:\/\/fisiocti.com\/site\/?s={search_term_string}"},"query-input":"required name=search_term_string"}],"inLanguage":"pt-BR"},{"@type":["Person","Organization"],"@id":"https:\/\/fisiocti.com\/site\/#\/schema\/person\/e41d8e5a7a403cfbceeeb0d19e22ee50","name":"Elizabeth Cunha","image":{"@type":"ImageObject","inLanguage":"pt-BR","@id":"https:\/\/fisiocti.com\/site\/#\/schema\/person\/image\/","url":"https:\/\/fisiocti.com\/site\/wp-content\/uploads\/2022\/09\/LOGOMARCA-SEM-FUNDO.png","contentUrl":"https:\/\/fisiocti.com\/site\/wp-content\/uploads\/2022\/09\/LOGOMARCA-SEM-FUNDO.png","width":504,"height":504,"caption":"Elizabeth Cunha"},"logo":{"@id":"https:\/\/fisiocti.com\/site\/#\/schema\/person\/image\/"},"sameAs":["https:\/\/www.facebook.com\/fisiocti\/","https:\/\/www.instagram.com\/fisiocti\/","https:\/\/twitter.com\/https:\/\/www.twitter.com\/fisiocti\/","https:\/\/www.youtube.com\/@fisiocti"]}]}},"_links":{"self":[{"href":"https:\/\/fisiocti.com\/site\/wp-json\/wp\/v2\/product\/1606"}],"collection":[{"href":"https:\/\/fisiocti.com\/site\/wp-json\/wp\/v2\/product"}],"about":[{"href":"https:\/\/fisiocti.com\/site\/wp-json\/wp\/v2\/types\/product"}],"replies":[{"embeddable":true,"href":"https:\/\/fisiocti.com\/site\/wp-json\/wp\/v2\/comments?post=1606"}],"wp:featuredmedia":[{"embeddable":true,"href":"https:\/\/fisiocti.com\/site\/wp-json\/wp\/v2\/media\/2378"}],"wp:attachment":[{"href":"https:\/\/fisiocti.com\/site\/wp-json\/wp\/v2\/media?parent=1606"}],"curies":[{"name":"wp","href":"https:\/\/api.w.org\/{rel}","templated":true}]}}