{"id":1745,"date":"2017-02-10T19:59:52","date_gmt":"2017-02-10T21:59:52","guid":{"rendered":"http:\/\/www.fisiocti.com\/site\/cursos\/combo-ventilando-na-emergencia\/"},"modified":"2020-12-29T08:56:48","modified_gmt":"2020-12-29T11:56:48","slug":"combo-ventilando-na-emergencia","status":"publish","type":"product","link":"https:\/\/fisiocti.com\/site\/cursos\/combo-ventilando-na-emergencia\/","title":{"rendered":"COMBO VENTILANDO NA EMERG\u00caNCIA"},"content":{"rendered":"<p><strong>VENTILA\u00c7\u00c3O MEC\u00c2NICA &#8211; UPA E EMERG\u00caNCIA<\/strong><\/p>\n<p>CONTE\u00daDO PROGRAM\u00c1TICO<\/p>\n<ul>\n<li>No\u00e7\u00f5es de Fisiologia e Mec\u00e2nica Respirat\u00f3ria<\/li>\n<li>Insufici\u00eancia Respirat\u00f3ria Aguda<\/li>\n<li>Cuidados Pr\u00e9-Intuba\u00e7\u00e3o<\/li>\n<li>Modos Ventilat\u00f3rios B\u00e1sicos<\/li>\n<li>Monitoriza\u00e7\u00e3o Ventilat\u00f3ria<\/li>\n<li>Interpreta\u00e7\u00e3o de Gasometria Arterial<\/li>\n<li>Discuss\u00e3o de casos cl\u00ednicos com simula\u00e7\u00e3o ventilat\u00f3ria e gasom\u00e9trica<\/li>\n<\/ul>\n<p>&nbsp;<\/p>\n<p><strong>IMAGIOLOGIA &#8211; T\u00d3RAX<\/strong><\/p>\n<p>CONTE\u00daDO PROGRAM\u00c1TICO<\/p>\n<ul>\n<li>Radiografia convencional simples<\/li>\n<li>Tomografia Computadorizada<\/li>\n<li>Ress\u00f4nancia Nuclear Magn\u00e9tica<\/li>\n<li>Ultrassonografia<\/li>\n<li>Exames Invasivos<\/li>\n<li>Cintilografia<\/li>\n<li>PetScan<\/li>\n<li>Discuss\u00e3o de Casos Cl\u00ednicos<\/li>\n<\/ul>\n","protected":false},"excerpt":{"rendered":"<table width=\"100%\">\n<tbody>\n<tr>\n<td width=\"50%\"><strong>P\u00daBLICO ALVO<\/strong><br \/>\nM\u00e9dicos e acad\u00eamicos.<\/td>\n<td width=\"50%\"><strong>CARGA HOR\u00c1RIA<\/strong><br \/>\n12 horas<\/td>\n<\/tr>\n<tr>\n<td width=\"50%\"><strong>PR\u00d3XIMA TURMA<\/strong><br \/>\n11\/03\/2017 e 25\/03\/2017<\/td>\n<td width=\"50%\"><strong>LOCAL<\/strong><br \/>\nRIO DE JANEIRO \/ RJ<\/td>\n<\/tr>\n<\/tbody>\n<\/table>\n<p>&nbsp;<\/p>\n","protected":false},"featured_media":1746,"comment_status":"open","ping_status":"closed","template":"","meta":[],"yoast_head":"<!-- This site is optimized with the Yoast SEO plugin v20.1 - https:\/\/yoast.com\/wordpress\/plugins\/seo\/ -->\n<title>COMBO VENTILANDO NA EMERG\u00caNCIA - FisioCTI<\/title>\n<meta name=\"robots\" content=\"index, follow, max-snippet:-1, max-image-preview:large, max-video-preview:-1\" \/>\n<link rel=\"canonical\" href=\"https:\/\/fisiocti.com\/site\/cursos\/combo-ventilando-na-emergencia\/\" \/>\n<meta property=\"og:locale\" content=\"pt_BR\" \/>\n<meta property=\"og:type\" content=\"article\" \/>\n<meta property=\"og:title\" content=\"COMBO VENTILANDO NA EMERG\u00caNCIA - FisioCTI\" \/>\n<meta property=\"og:description\" content=\"P\u00daBLICO ALVO M\u00e9dicos e acad\u00eamicos. CARGA HOR\u00c1RIA 12 horas   PR\u00d3XIMA TURMA 11\/03\/2017 e 25\/03\/2017 LOCAL RIO DE JANEIRO \/ RJ    &nbsp;\" \/>\n<meta property=\"og:url\" content=\"https:\/\/fisiocti.com\/site\/cursos\/combo-ventilando-na-emergencia\/\" \/>\n<meta property=\"og:site_name\" content=\"FisioCTI\" \/>\n<meta property=\"article:publisher\" content=\"https:\/\/www.facebook.com\/fisiocti\/\" \/>\n<meta property=\"article:modified_time\" content=\"2020-12-29T11:56:48+00:00\" \/>\n<meta property=\"og:image\" content=\"https:\/\/fisiocti.com\/site\/wp-content\/uploads\/2017\/02\/ANUNCIO-COMBO-VM-IMAGEM-e1486764563978.jpg\" \/>\n\t<meta property=\"og:image:width\" content=\"504\" \/>\n\t<meta property=\"og:image:height\" content=\"504\" \/>\n\t<meta property=\"og:image:type\" content=\"image\/jpeg\" \/>\n<meta name=\"twitter:card\" content=\"summary_large_image\" \/>\n<script type=\"application\/ld+json\" class=\"yoast-schema-graph\">{\"@context\":\"https:\/\/schema.org\",\"@graph\":[{\"@type\":\"WebPage\",\"@id\":\"https:\/\/fisiocti.com\/site\/cursos\/combo-ventilando-na-emergencia\/\",\"url\":\"https:\/\/fisiocti.com\/site\/cursos\/combo-ventilando-na-emergencia\/\",\"name\":\"COMBO VENTILANDO NA EMERG\u00caNCIA - FisioCTI\",\"isPartOf\":{\"@id\":\"https:\/\/fisiocti.com\/site\/#website\"},\"datePublished\":\"2017-02-10T21:59:52+00:00\",\"dateModified\":\"2020-12-29T11:56:48+00:00\",\"breadcrumb\":{\"@id\":\"https:\/\/fisiocti.com\/site\/cursos\/combo-ventilando-na-emergencia\/#breadcrumb\"},\"inLanguage\":\"pt-BR\",\"potentialAction\":[{\"@type\":\"ReadAction\",\"target\":[\"https:\/\/fisiocti.com\/site\/cursos\/combo-ventilando-na-emergencia\/\"]}]},{\"@type\":\"BreadcrumbList\",\"@id\":\"https:\/\/fisiocti.com\/site\/cursos\/combo-ventilando-na-emergencia\/#breadcrumb\",\"itemListElement\":[{\"@type\":\"ListItem\",\"position\":1,\"name\":\"In\u00edcio\",\"item\":\"https:\/\/fisiocti.com\/site\/\"},{\"@type\":\"ListItem\",\"position\":2,\"name\":\"Produtos\",\"item\":\"https:\/\/fisiocti.com\/site\/produtos\/\"},{\"@type\":\"ListItem\",\"position\":3,\"name\":\"COMBO VENTILANDO NA EMERG\u00caNCIA\"}]},{\"@type\":\"WebSite\",\"@id\":\"https:\/\/fisiocti.com\/site\/#website\",\"url\":\"https:\/\/fisiocti.com\/site\/\",\"name\":\"FisioCTI\",\"description\":\"Conectando teoria e pr\u00e1tica\",\"publisher\":{\"@id\":\"https:\/\/fisiocti.com\/site\/#\/schema\/person\/e41d8e5a7a403cfbceeeb0d19e22ee50\"},\"potentialAction\":[{\"@type\":\"SearchAction\",\"target\":{\"@type\":\"EntryPoint\",\"urlTemplate\":\"https:\/\/fisiocti.com\/site\/?s={search_term_string}\"},\"query-input\":\"required name=search_term_string\"}],\"inLanguage\":\"pt-BR\"},{\"@type\":[\"Person\",\"Organization\"],\"@id\":\"https:\/\/fisiocti.com\/site\/#\/schema\/person\/e41d8e5a7a403cfbceeeb0d19e22ee50\",\"name\":\"Elizabeth Cunha\",\"image\":{\"@type\":\"ImageObject\",\"inLanguage\":\"pt-BR\",\"@id\":\"https:\/\/fisiocti.com\/site\/#\/schema\/person\/image\/\",\"url\":\"https:\/\/fisiocti.com\/site\/wp-content\/uploads\/2022\/09\/LOGOMARCA-SEM-FUNDO.png\",\"contentUrl\":\"https:\/\/fisiocti.com\/site\/wp-content\/uploads\/2022\/09\/LOGOMARCA-SEM-FUNDO.png\",\"width\":504,\"height\":504,\"caption\":\"Elizabeth Cunha\"},\"logo\":{\"@id\":\"https:\/\/fisiocti.com\/site\/#\/schema\/person\/image\/\"},\"sameAs\":[\"https:\/\/www.facebook.com\/fisiocti\/\",\"https:\/\/www.instagram.com\/fisiocti\/\",\"https:\/\/twitter.com\/https:\/\/www.twitter.com\/fisiocti\/\",\"https:\/\/www.youtube.com\/@fisiocti\"]}]}<\/script>\n<!-- \/ Yoast SEO plugin. -->","yoast_head_json":{"title":"COMBO VENTILANDO NA EMERG\u00caNCIA - FisioCTI","robots":{"index":"index","follow":"follow","max-snippet":"max-snippet:-1","max-image-preview":"max-image-preview:large","max-video-preview":"max-video-preview:-1"},"canonical":"https:\/\/fisiocti.com\/site\/cursos\/combo-ventilando-na-emergencia\/","og_locale":"pt_BR","og_type":"article","og_title":"COMBO VENTILANDO NA EMERG\u00caNCIA - FisioCTI","og_description":"P\u00daBLICO ALVO M\u00e9dicos e acad\u00eamicos. CARGA HOR\u00c1RIA 12 horas   PR\u00d3XIMA TURMA 11\/03\/2017 e 25\/03\/2017 LOCAL RIO DE JANEIRO \/ RJ    &nbsp;","og_url":"https:\/\/fisiocti.com\/site\/cursos\/combo-ventilando-na-emergencia\/","og_site_name":"FisioCTI","article_publisher":"https:\/\/www.facebook.com\/fisiocti\/","article_modified_time":"2020-12-29T11:56:48+00:00","og_image":[{"width":504,"height":504,"url":"https:\/\/fisiocti.com\/site\/wp-content\/uploads\/2017\/02\/ANUNCIO-COMBO-VM-IMAGEM-e1486764563978.jpg","type":"image\/jpeg"}],"twitter_card":"summary_large_image","schema":{"@context":"https:\/\/schema.org","@graph":[{"@type":"WebPage","@id":"https:\/\/fisiocti.com\/site\/cursos\/combo-ventilando-na-emergencia\/","url":"https:\/\/fisiocti.com\/site\/cursos\/combo-ventilando-na-emergencia\/","name":"COMBO VENTILANDO NA EMERG\u00caNCIA - FisioCTI","isPartOf":{"@id":"https:\/\/fisiocti.com\/site\/#website"},"datePublished":"2017-02-10T21:59:52+00:00","dateModified":"2020-12-29T11:56:48+00:00","breadcrumb":{"@id":"https:\/\/fisiocti.com\/site\/cursos\/combo-ventilando-na-emergencia\/#breadcrumb"},"inLanguage":"pt-BR","potentialAction":[{"@type":"ReadAction","target":["https:\/\/fisiocti.com\/site\/cursos\/combo-ventilando-na-emergencia\/"]}]},{"@type":"BreadcrumbList","@id":"https:\/\/fisiocti.com\/site\/cursos\/combo-ventilando-na-emergencia\/#breadcrumb","itemListElement":[{"@type":"ListItem","position":1,"name":"In\u00edcio","item":"https:\/\/fisiocti.com\/site\/"},{"@type":"ListItem","position":2,"name":"Produtos","item":"https:\/\/fisiocti.com\/site\/produtos\/"},{"@type":"ListItem","position":3,"name":"COMBO VENTILANDO NA EMERG\u00caNCIA"}]},{"@type":"WebSite","@id":"https:\/\/fisiocti.com\/site\/#website","url":"https:\/\/fisiocti.com\/site\/","name":"FisioCTI","description":"Conectando teoria e pr\u00e1tica","publisher":{"@id":"https:\/\/fisiocti.com\/site\/#\/schema\/person\/e41d8e5a7a403cfbceeeb0d19e22ee50"},"potentialAction":[{"@type":"SearchAction","target":{"@type":"EntryPoint","urlTemplate":"https:\/\/fisiocti.com\/site\/?s={search_term_string}"},"query-input":"required name=search_term_string"}],"inLanguage":"pt-BR"},{"@type":["Person","Organization"],"@id":"https:\/\/fisiocti.com\/site\/#\/schema\/person\/e41d8e5a7a403cfbceeeb0d19e22ee50","name":"Elizabeth Cunha","image":{"@type":"ImageObject","inLanguage":"pt-BR","@id":"https:\/\/fisiocti.com\/site\/#\/schema\/person\/image\/","url":"https:\/\/fisiocti.com\/site\/wp-content\/uploads\/2022\/09\/LOGOMARCA-SEM-FUNDO.png","contentUrl":"https:\/\/fisiocti.com\/site\/wp-content\/uploads\/2022\/09\/LOGOMARCA-SEM-FUNDO.png","width":504,"height":504,"caption":"Elizabeth Cunha"},"logo":{"@id":"https:\/\/fisiocti.com\/site\/#\/schema\/person\/image\/"},"sameAs":["https:\/\/www.facebook.com\/fisiocti\/","https:\/\/www.instagram.com\/fisiocti\/","https:\/\/twitter.com\/https:\/\/www.twitter.com\/fisiocti\/","https:\/\/www.youtube.com\/@fisiocti"]}]}},"_links":{"self":[{"href":"https:\/\/fisiocti.com\/site\/wp-json\/wp\/v2\/product\/1745"}],"collection":[{"href":"https:\/\/fisiocti.com\/site\/wp-json\/wp\/v2\/product"}],"about":[{"href":"https:\/\/fisiocti.com\/site\/wp-json\/wp\/v2\/types\/product"}],"replies":[{"embeddable":true,"href":"https:\/\/fisiocti.com\/site\/wp-json\/wp\/v2\/comments?post=1745"}],"wp:featuredmedia":[{"embeddable":true,"href":"https:\/\/fisiocti.com\/site\/wp-json\/wp\/v2\/media\/1746"}],"wp:attachment":[{"href":"https:\/\/fisiocti.com\/site\/wp-json\/wp\/v2\/media?parent=1745"}],"curies":[{"name":"wp","href":"https:\/\/api.w.org\/{rel}","templated":true}]}}