{"id":2024,"date":"2017-04-11T08:28:39","date_gmt":"2017-04-11T11:28:39","guid":{"rendered":"http:\/\/www.fisiocti.com\/site\/?post_type=product&#038;p=2024"},"modified":"2017-11-06T12:14:43","modified_gmt":"2017-11-06T14:14:43","slug":"pneumologia-pediatrica","status":"publish","type":"product","link":"https:\/\/fisiocti.com\/site\/cursos\/pneumologia-pediatrica\/","title":{"rendered":"PNEUMOLOGIA PEDI\u00c1TRICA"},"content":{"rendered":"<p>Contando com a compet\u00eancia e a experi\u00eancia de profissionais que atuam em alguns dos mais importantes servi\u00e7os de sa\u00fade espalhados por todo o pa\u00eds, Pneumologia Pedi\u00e1trica analisa os mais importantes temas da pneumologia da crian\u00e7a. De leitura ao mesmo tempo din\u00e2mica e agrad\u00e1vel, esta obra certamente interessar\u00e1 aos estudantes das \u00e1reas da sa\u00fade, m\u00e9dicos generalistas, pediatras e a todos os profissionais que lutam diariamente para prevenir e curar as doen\u00e7as que mais acometem o ser humano.<\/p>\n<p>&nbsp;<\/p>\n<p><strong>SE\u00c7\u00c3O I \u2013 M\u00c9TODOS DIAGN\u00d3STICOS E TERAP\u00caUTICOS<\/strong><br \/>\n1 DIAGN\u00d3STICO POR IMAGEM<br \/>\n2 ESPIROMETRIA<br \/>\n3 FISIOTERAPIA RESPIRAT\u00d3RIA E REABILITA\u00c7\u00c3O PULMONAR<br \/>\n4 OXIGENOTERAPIA \u2013 MANEJO DOMICILIAR<\/p>\n<p>SE\u00c7\u00c3O II \u2013 DOEN\u00c7AS RESPIRAT\u00d3RIAS NO PER\u00cdODO NEONATAL<br \/>\n5 MALFORMA\u00c7\u00d5ES DO SISTEMA RESPIRAT\u00d3RIO<br \/>\n6 DISPLASIA BRONCOPULMONAR<\/p>\n<p><strong>SE\u00c7\u00c3O III \u2013 DOEN\u00c7AS INFECCIOSAS<\/strong><\/p>\n<p>7 BRONQUIOLITE AGUDA<br \/>\n8 PNEUMONIA AGUDA COMUNIT\u00c1RIA<br \/>\n9 DERRAMES PLEURAIS<br \/>\n10 PNEUMONIAS AT\u00cdPICAS<br \/>\n11 ABSCESSO PULMONAR<br \/>\n12 TUBERCULOSE<br \/>\n13 COQUELUCHE<br \/>\n14 MICOSES PULMONARES<\/p>\n<p><strong>SE\u00c7\u00c3O IV \u2013 DOEN\u00c7AS N\u00c3O INFECCIOSAS<\/strong><\/p>\n<p>15 SIBIL\u00c2NCIA RECORRENTE DO LACTENTE E DO PR\u00c9-ESCOLAR<br \/>\n16 ASMA<br \/>\n17 ACOMETIMENTO RESPIRAT\u00d3RIO NA FIBROSE C\u00cdSTICA<br \/>\n18 DOEN\u00c7A DO REFLUXO GASTROESOF\u00c1GICO E DOEN\u00c7AS RESPIRAT\u00d3RIAS<br \/>\n19 BRONQUIECTASIA<br \/>\n20 DISCINESIA CILIAR PRIM\u00c1RIA<br \/>\n21 DOEN\u00c7AS PULMONARES INTERSTICIAIS<br \/>\n22 HIPERTENS\u00c3O PULMONAR<\/p>\n<p><strong>SE\u00c7\u00c3O V \u2013 DOEN\u00c7AS RESPIRAT\u00d3RIAS EM SITUA\u00c7\u00d5ES ESPECIAIS<\/strong><\/p>\n<p>23 ANEMIA FALCIFORME E SUAS MANIFESTA\u00c7\u00d5ES RESPIRAT\u00d3RIAS<br \/>\n24 MANIFESTA\u00c7\u00d5ES PULMONARES DAS DOEN\u00c7AS REUMATOL\u00d3GICAS<br \/>\n25 DOEN\u00c7AS NEUROMUSCULARES<br \/>\n26 S\u00cdNDROME DA APNEIA OBSTRUTIVA DO SONO NA CRIAN\u00c7A E NO ADOLESCENTE<\/p>\n","protected":false},"excerpt":{"rendered":"<p><strong>Edi\u00e7\u00e3o<\/strong>: 1<br \/>\n<strong>Ano:<\/strong> 2006<br \/>\n<strong>Idioma:<\/strong> Portugu\u00eas<br \/>\n<strong>Autor:<\/strong> BEZERRA\/IMIP<br \/>\n<strong>P\u00e1ginas:<\/strong> 384<br \/>\n<strong>Editora:<\/strong> Medbook<br \/>\n<strong>ISBN:<\/strong> 9788583690191<br \/>\n<strong>Encaderna\u00e7\u00e3o:<\/strong> Brochura<\/p>\n","protected":false},"featured_media":2025,"comment_status":"closed","ping_status":"closed","template":"","meta":[],"yoast_head":"<!-- This site is optimized with the Yoast SEO plugin v20.1 - https:\/\/yoast.com\/wordpress\/plugins\/seo\/ -->\n<title>PNEUMOLOGIA PEDI\u00c1TRICA - FisioCTI<\/title>\n<meta name=\"robots\" content=\"index, follow, max-snippet:-1, max-image-preview:large, max-video-preview:-1\" \/>\n<link rel=\"canonical\" href=\"https:\/\/fisiocti.com\/site\/cursos\/pneumologia-pediatrica\/\" \/>\n<meta property=\"og:locale\" content=\"pt_BR\" \/>\n<meta property=\"og:type\" content=\"article\" \/>\n<meta property=\"og:title\" content=\"PNEUMOLOGIA PEDI\u00c1TRICA - FisioCTI\" \/>\n<meta property=\"og:description\" content=\"Edi\u00e7\u00e3o: 1 Ano: 2006 Idioma: Portugu\u00eas Autor: BEZERRA\/IMIP P\u00e1ginas: 384 Editora: Medbook ISBN: 9788583690191 Encaderna\u00e7\u00e3o: Brochura\" \/>\n<meta property=\"og:url\" content=\"https:\/\/fisiocti.com\/site\/cursos\/pneumologia-pediatrica\/\" \/>\n<meta property=\"og:site_name\" content=\"FisioCTI\" \/>\n<meta property=\"article:publisher\" content=\"https:\/\/www.facebook.com\/fisiocti\/\" \/>\n<meta property=\"article:modified_time\" content=\"2017-11-06T14:14:43+00:00\" \/>\n<meta property=\"og:image\" content=\"https:\/\/fisiocti.com\/site\/wp-content\/uploads\/2017\/04\/CAPA-PNEUMOLOGIA-PEDI\u00c1TRICA.jpg\" \/>\n\t<meta property=\"og:image:width\" content=\"400\" \/>\n\t<meta property=\"og:image:height\" content=\"600\" \/>\n\t<meta property=\"og:image:type\" content=\"image\/jpeg\" \/>\n<meta name=\"twitter:card\" content=\"summary_large_image\" \/>\n<meta name=\"twitter:label1\" content=\"Est. tempo de leitura\" \/>\n\t<meta name=\"twitter:data1\" content=\"1 minuto\" \/>\n<script type=\"application\/ld+json\" class=\"yoast-schema-graph\">{\"@context\":\"https:\/\/schema.org\",\"@graph\":[{\"@type\":\"WebPage\",\"@id\":\"https:\/\/fisiocti.com\/site\/cursos\/pneumologia-pediatrica\/\",\"url\":\"https:\/\/fisiocti.com\/site\/cursos\/pneumologia-pediatrica\/\",\"name\":\"PNEUMOLOGIA PEDI\u00c1TRICA - FisioCTI\",\"isPartOf\":{\"@id\":\"https:\/\/fisiocti.com\/site\/#website\"},\"datePublished\":\"2017-04-11T11:28:39+00:00\",\"dateModified\":\"2017-11-06T14:14:43+00:00\",\"breadcrumb\":{\"@id\":\"https:\/\/fisiocti.com\/site\/cursos\/pneumologia-pediatrica\/#breadcrumb\"},\"inLanguage\":\"pt-BR\",\"potentialAction\":[{\"@type\":\"ReadAction\",\"target\":[\"https:\/\/fisiocti.com\/site\/cursos\/pneumologia-pediatrica\/\"]}]},{\"@type\":\"BreadcrumbList\",\"@id\":\"https:\/\/fisiocti.com\/site\/cursos\/pneumologia-pediatrica\/#breadcrumb\",\"itemListElement\":[{\"@type\":\"ListItem\",\"position\":1,\"name\":\"In\u00edcio\",\"item\":\"https:\/\/fisiocti.com\/site\/\"},{\"@type\":\"ListItem\",\"position\":2,\"name\":\"Produtos\",\"item\":\"https:\/\/fisiocti.com\/site\/produtos\/\"},{\"@type\":\"ListItem\",\"position\":3,\"name\":\"PNEUMOLOGIA PEDI\u00c1TRICA\"}]},{\"@type\":\"WebSite\",\"@id\":\"https:\/\/fisiocti.com\/site\/#website\",\"url\":\"https:\/\/fisiocti.com\/site\/\",\"name\":\"FisioCTI\",\"description\":\"Conectando teoria e pr\u00e1tica\",\"publisher\":{\"@id\":\"https:\/\/fisiocti.com\/site\/#\/schema\/person\/e41d8e5a7a403cfbceeeb0d19e22ee50\"},\"potentialAction\":[{\"@type\":\"SearchAction\",\"target\":{\"@type\":\"EntryPoint\",\"urlTemplate\":\"https:\/\/fisiocti.com\/site\/?s={search_term_string}\"},\"query-input\":\"required name=search_term_string\"}],\"inLanguage\":\"pt-BR\"},{\"@type\":[\"Person\",\"Organization\"],\"@id\":\"https:\/\/fisiocti.com\/site\/#\/schema\/person\/e41d8e5a7a403cfbceeeb0d19e22ee50\",\"name\":\"Elizabeth Cunha\",\"image\":{\"@type\":\"ImageObject\",\"inLanguage\":\"pt-BR\",\"@id\":\"https:\/\/fisiocti.com\/site\/#\/schema\/person\/image\/\",\"url\":\"https:\/\/fisiocti.com\/site\/wp-content\/uploads\/2022\/09\/LOGOMARCA-SEM-FUNDO.png\",\"contentUrl\":\"https:\/\/fisiocti.com\/site\/wp-content\/uploads\/2022\/09\/LOGOMARCA-SEM-FUNDO.png\",\"width\":504,\"height\":504,\"caption\":\"Elizabeth Cunha\"},\"logo\":{\"@id\":\"https:\/\/fisiocti.com\/site\/#\/schema\/person\/image\/\"},\"sameAs\":[\"https:\/\/www.facebook.com\/fisiocti\/\",\"https:\/\/www.instagram.com\/fisiocti\/\",\"https:\/\/twitter.com\/https:\/\/www.twitter.com\/fisiocti\/\",\"https:\/\/www.youtube.com\/@fisiocti\"]}]}<\/script>\n<!-- \/ Yoast SEO plugin. -->","yoast_head_json":{"title":"PNEUMOLOGIA PEDI\u00c1TRICA - FisioCTI","robots":{"index":"index","follow":"follow","max-snippet":"max-snippet:-1","max-image-preview":"max-image-preview:large","max-video-preview":"max-video-preview:-1"},"canonical":"https:\/\/fisiocti.com\/site\/cursos\/pneumologia-pediatrica\/","og_locale":"pt_BR","og_type":"article","og_title":"PNEUMOLOGIA PEDI\u00c1TRICA - FisioCTI","og_description":"Edi\u00e7\u00e3o: 1 Ano: 2006 Idioma: Portugu\u00eas Autor: BEZERRA\/IMIP P\u00e1ginas: 384 Editora: Medbook ISBN: 9788583690191 Encaderna\u00e7\u00e3o: Brochura","og_url":"https:\/\/fisiocti.com\/site\/cursos\/pneumologia-pediatrica\/","og_site_name":"FisioCTI","article_publisher":"https:\/\/www.facebook.com\/fisiocti\/","article_modified_time":"2017-11-06T14:14:43+00:00","og_image":[{"width":400,"height":600,"url":"https:\/\/fisiocti.com\/site\/wp-content\/uploads\/2017\/04\/CAPA-PNEUMOLOGIA-PEDI\u00c1TRICA.jpg","type":"image\/jpeg"}],"twitter_card":"summary_large_image","twitter_misc":{"Est. tempo de leitura":"1 minuto"},"schema":{"@context":"https:\/\/schema.org","@graph":[{"@type":"WebPage","@id":"https:\/\/fisiocti.com\/site\/cursos\/pneumologia-pediatrica\/","url":"https:\/\/fisiocti.com\/site\/cursos\/pneumologia-pediatrica\/","name":"PNEUMOLOGIA PEDI\u00c1TRICA - FisioCTI","isPartOf":{"@id":"https:\/\/fisiocti.com\/site\/#website"},"datePublished":"2017-04-11T11:28:39+00:00","dateModified":"2017-11-06T14:14:43+00:00","breadcrumb":{"@id":"https:\/\/fisiocti.com\/site\/cursos\/pneumologia-pediatrica\/#breadcrumb"},"inLanguage":"pt-BR","potentialAction":[{"@type":"ReadAction","target":["https:\/\/fisiocti.com\/site\/cursos\/pneumologia-pediatrica\/"]}]},{"@type":"BreadcrumbList","@id":"https:\/\/fisiocti.com\/site\/cursos\/pneumologia-pediatrica\/#breadcrumb","itemListElement":[{"@type":"ListItem","position":1,"name":"In\u00edcio","item":"https:\/\/fisiocti.com\/site\/"},{"@type":"ListItem","position":2,"name":"Produtos","item":"https:\/\/fisiocti.com\/site\/produtos\/"},{"@type":"ListItem","position":3,"name":"PNEUMOLOGIA PEDI\u00c1TRICA"}]},{"@type":"WebSite","@id":"https:\/\/fisiocti.com\/site\/#website","url":"https:\/\/fisiocti.com\/site\/","name":"FisioCTI","description":"Conectando teoria e pr\u00e1tica","publisher":{"@id":"https:\/\/fisiocti.com\/site\/#\/schema\/person\/e41d8e5a7a403cfbceeeb0d19e22ee50"},"potentialAction":[{"@type":"SearchAction","target":{"@type":"EntryPoint","urlTemplate":"https:\/\/fisiocti.com\/site\/?s={search_term_string}"},"query-input":"required name=search_term_string"}],"inLanguage":"pt-BR"},{"@type":["Person","Organization"],"@id":"https:\/\/fisiocti.com\/site\/#\/schema\/person\/e41d8e5a7a403cfbceeeb0d19e22ee50","name":"Elizabeth Cunha","image":{"@type":"ImageObject","inLanguage":"pt-BR","@id":"https:\/\/fisiocti.com\/site\/#\/schema\/person\/image\/","url":"https:\/\/fisiocti.com\/site\/wp-content\/uploads\/2022\/09\/LOGOMARCA-SEM-FUNDO.png","contentUrl":"https:\/\/fisiocti.com\/site\/wp-content\/uploads\/2022\/09\/LOGOMARCA-SEM-FUNDO.png","width":504,"height":504,"caption":"Elizabeth Cunha"},"logo":{"@id":"https:\/\/fisiocti.com\/site\/#\/schema\/person\/image\/"},"sameAs":["https:\/\/www.facebook.com\/fisiocti\/","https:\/\/www.instagram.com\/fisiocti\/","https:\/\/twitter.com\/https:\/\/www.twitter.com\/fisiocti\/","https:\/\/www.youtube.com\/@fisiocti"]}]}},"_links":{"self":[{"href":"https:\/\/fisiocti.com\/site\/wp-json\/wp\/v2\/product\/2024"}],"collection":[{"href":"https:\/\/fisiocti.com\/site\/wp-json\/wp\/v2\/product"}],"about":[{"href":"https:\/\/fisiocti.com\/site\/wp-json\/wp\/v2\/types\/product"}],"replies":[{"embeddable":true,"href":"https:\/\/fisiocti.com\/site\/wp-json\/wp\/v2\/comments?post=2024"}],"wp:featuredmedia":[{"embeddable":true,"href":"https:\/\/fisiocti.com\/site\/wp-json\/wp\/v2\/media\/2025"}],"wp:attachment":[{"href":"https:\/\/fisiocti.com\/site\/wp-json\/wp\/v2\/media?parent=2024"}],"curies":[{"name":"wp","href":"https:\/\/api.w.org\/{rel}","templated":true}]}}