{"id":2026,"date":"2017-04-11T08:45:51","date_gmt":"2017-04-11T11:45:51","guid":{"rendered":"http:\/\/www.fisiocti.com\/site\/?post_type=product&#038;p=2026"},"modified":"2017-11-06T12:15:28","modified_gmt":"2017-11-06T14:15:28","slug":"terapia-intensiva-em-pediatria","status":"publish","type":"product","link":"https:\/\/fisiocti.com\/site\/cursos\/terapia-intensiva-em-pediatria\/","title":{"rendered":"TERAPIA INTENSIVA EM PEDIATRIA"},"content":{"rendered":"<p>O livro de Terapia Intensiva em Pediatria tem como objetivo abordar atuais temas relevantes da especialidade aliada \u00e0 experi\u00eancia cl\u00ednico-terap\u00eautica da equipe de UTI Pedi\u00e1trica\/IMIP. Especialistas de diferentes \u00e1reas da sa\u00fade refletindo o esp\u00edrito de equipe, de colabora\u00e7\u00e3o e coopera\u00e7\u00e3o t\u00e9cnica cient\u00edfica presente em nossa unidade. A obra oferece aos profissionais de sa\u00fade que trabalham em Terapia Intensiva Pedi\u00e1trica um apoio que subsidie a pr\u00e1tica di\u00e1ria dos momentos, nos quais a busca por respostas \u00e9 essencial no manejo da crian\u00e7a gravemente enferma.<\/p>\n<p>I ESCORES PREDITIVOS<br \/>\n1. Escores Preditivos em UTIP<br \/>\nII SISTEMA CARDIOCIRCULAT\u00d3RIO<br \/>\n2. Ressuscita\u00e7\u00e3o Cardiopulmonar 3. Insufici\u00eancia Card\u00edaca 4. Edema Pulmonar Agudo 5. Choque 6. Emerg\u00eancias Hipertensivas 7. Arritmias Card\u00edacas 8. Monitoramento Hemodin\u00e2mico 9. Trombose Venosa Profunda na Crian\u00e7a 10. Pericardite Aguda e Tamponamento Card\u00edaco<\/p>\n<p>III SISTEMA RESPIRAT\u00d3RIO<br \/>\n11. Obstru\u00e7\u00e3o das Vias A\u00e9reas Superiores 12. Asma Aguda Grave 13. Bronquiolite 14. Insufici\u00eancia Respirat\u00f3ria Aguda 15. Ventila\u00e7\u00e3o Mec\u00e2nica, 16. M\u00e9todos de Ventila\u00e7\u00e3o N\u00e3o-convencionais 17. Complica\u00e7\u00f5es da Ventila\u00e7\u00e3o Mec\u00e2nica Assistida 18. S\u00edndrome do Desconforto Respirat\u00f3rio Agudo 19. Doen\u00e7as Respirat\u00f3rias Neonatais 20. Hipertens\u00e3o Pulmonar Persistente do Rec\u00e9m-nascido<\/p>\n<p>IV TEMAS NEUROL\u00d3GICOS<br \/>\n21. Comas na Inf\u00e2ncia 22. Estado de Mal Epil\u00e9ptico 23. Morte Encef\u00e1lica 24. Meningite Bacteriana<\/p>\n<p>V SISTEMA END\u00d3CRINO<br \/>\n25. Diabetes Ins\u00edpido 26. S\u00edndrome da Secre\u00e7\u00e3o Inapropriada do Horm\u00f4nio Antidiur\u00e9tico 27. Dist\u00farbios da Glicose 28. Insufici\u00eancia Supra-renal 29. Cetoacidose Diab\u00e9tica 30. Altera\u00e7\u00f5es End\u00f3crinas e Metab\u00f3licas do Paciente Gravemente Doente<\/p>\n<p>VI SISTEMA RENAL<br \/>\n31. Insufici\u00eancia Renal Aguda 32. M\u00e9todos Dial\u00edticos na Inf\u00e2ncia 33. Transplante Renal<\/p>\n<p>VII SISTEMA DIGESTIVO<br \/>\n34. Hemorragia Digestiva 35. Insufici\u00eancia Hep\u00e1tica Fulminante<\/p>\n<p>VII INFEC\u00c7\u00d5ES<br \/>\n36. Infec\u00e7\u00e3o Relacionada \u00e0 Assist\u00eancia \u00e0 Sa\u00fade (IrAS) 37. Sepse e Choque S\u00e9ptico na Crian\u00e7a 38. Coagula\u00e7\u00e3o Intravascular Disseminada 39. S\u00edndrome da Disfun\u00e7\u00e3o M\u00faltipla de \u00d3rg\u00e3os 40. Doen\u00e7a Meningoc\u00f3cica<\/p>\n<p>IX SUPORTE NUTRICIONAL<br \/>\n41. Terapia Nutricional Parenteral no Paciente Cir\u00fargico 42. Nutri\u00e7\u00e3o Enteral na Terapia Intensiva Pedi\u00e1trica<\/p>\n<p>X EMERG\u00caNCIAS ONCOL\u00d3GICAS<br \/>\n43. Emerg\u00eancias Oncol\u00f3gicas<\/p>\n<p>XI DIST\u00daRBIOS HIDROELETROL\u00cdTICOS E \u00c1CIDO-B\u00c1SICOS<br \/>\n44. Dist\u00farbios do Equil\u00edbrio Hidroeletrol\u00edtico 45. Hidrata\u00e7\u00e3o e Dist\u00farbios Hidroeletrol\u00edticos no Per\u00edodo Neonatal 46. Dist\u00farbios do Equil\u00edbrio \u00c1cido-b\u00e1sico<\/p>\n<p>XII ACIDENTES NA INF\u00c2NCIA<br \/>\n47. Afogamento 48. Intoxica\u00e7\u00f5es Ex\u00f3genas 49. Crian\u00e7a Politraumatizada 50. Traumatismo Cranioencef\u00e1lico 51. Traumatismo Raquimedular 52. Manejo do Traumatismo Abdominal na Crian\u00e7a em Unidade de Terapia Intensiva 53. Traumatismo Tor\u00e1cico 54. Les\u00f5es Musculoesquel\u00e9ticas na Crian\u00e7a<\/p>\n<p>XIII ABORDAGEM DO PACIENTE CIR\u00daRGICO<br \/>\n55. P\u00f3s-operat\u00f3rio de Cirurgia Card\u00edaca 56. P\u00f3s-operat\u00f3rio em Neurocirurgia 57. Patologias Cir\u00fargicas Neonatais e Abdome Agudo na Inf\u00e2ncia 58. Cuidados Cir\u00fargicos nas Les\u00f5es Cut\u00e2neas Graves em UTI Pedi\u00e1trica<\/p>\n<p>XIV SEDA\u00c7\u00c3O, ANALGESIA E BLOQUEADORES NEUROMUSCULARES<br \/>\n59. Seda\u00e7\u00e3o, Analgesia, Bloqueio Neuromuscular e S\u00edndrome de Abstin\u00eancia 60. Seq\u00fc\u00eancia R\u00e1pida de Intuba\u00e7\u00e3o<\/p>\n<p>XV HUMANIZA\u00c7\u00c3O NA UTI PEDI\u00c1TRICA<br \/>\n61. Humaniza\u00e7\u00e3o da Assist\u00eancia na UTI Pedi\u00e1trica<\/p>\n<p>XVI ASSIST\u00caNCIA DE ENFERMAGEM<br \/>\n62. Cuidados de Enfermagem a Pacientes em Assist\u00eancia Ventilat\u00f3ria 63. Assist\u00eancia de Enfermagem ao Paciente com Doen\u00e7a Renal 64. Enfermagem em Terapia Nutricional 65. Assist\u00eancia de Enfermagem no P\u00f3s-operat\u00f3rio de Neurocirurgia 66. Assist\u00eancia de Enfermagem no P\u00f3s-operat\u00f3rio de Cirurgia Card\u00edaca<\/p>\n<p>XVII OUTROS TEMAS<br \/>\n67. Procedimentos Cir\u00fargicos na UTI Pedi\u00e1trica 68. Ajuste de Drogas na Insufici\u00eancia Renal 69. Farmacop\u00e9ia 70. Ap\u00eandice<\/p>\n","protected":false},"excerpt":{"rendered":"<p><strong>Edi\u00e7\u00e3o:<\/strong> 1a<br \/>\n<strong>Ano:<\/strong> 2007<br \/>\n<strong>Idioma:<\/strong> Portugu\u00eas<br \/>\n<strong>Autor:<\/strong> Duarte Pessoa Amorin Mello Lins &#8211; IMIP<br \/>\n<strong>P\u00e1ginas:<\/strong> 944<br \/>\n<strong>Editora:<\/strong> Medbook<br \/>\n<strong>ISBN:<\/strong> 9788599977163<br \/>\n<strong>Encaderna\u00e7\u00e3o:<\/strong> Brochura<br \/>\n<strong>Extras:<\/strong> N\u00e3o<\/p>\n","protected":false},"featured_media":2027,"comment_status":"closed","ping_status":"closed","template":"","meta":[],"yoast_head":"<!-- This site is optimized with the Yoast SEO plugin v20.1 - https:\/\/yoast.com\/wordpress\/plugins\/seo\/ -->\n<title>TERAPIA INTENSIVA EM PEDIATRIA - FisioCTI<\/title>\n<meta name=\"robots\" content=\"index, follow, max-snippet:-1, max-image-preview:large, max-video-preview:-1\" \/>\n<link rel=\"canonical\" href=\"https:\/\/fisiocti.com\/site\/cursos\/terapia-intensiva-em-pediatria\/\" \/>\n<meta property=\"og:locale\" content=\"pt_BR\" \/>\n<meta property=\"og:type\" content=\"article\" \/>\n<meta property=\"og:title\" content=\"TERAPIA INTENSIVA EM PEDIATRIA - FisioCTI\" \/>\n<meta property=\"og:description\" content=\"Edi\u00e7\u00e3o: 1a Ano: 2007 Idioma: Portugu\u00eas Autor: Duarte Pessoa Amorin Mello Lins - IMIP P\u00e1ginas: 944 Editora: Medbook ISBN: 9788599977163 Encaderna\u00e7\u00e3o: Brochura Extras: N\u00e3o\" \/>\n<meta property=\"og:url\" content=\"https:\/\/fisiocti.com\/site\/cursos\/terapia-intensiva-em-pediatria\/\" \/>\n<meta property=\"og:site_name\" content=\"FisioCTI\" \/>\n<meta property=\"article:publisher\" content=\"https:\/\/www.facebook.com\/fisiocti\/\" \/>\n<meta property=\"article:modified_time\" content=\"2017-11-06T14:15:28+00:00\" \/>\n<meta property=\"og:image\" content=\"https:\/\/fisiocti.com\/site\/wp-content\/uploads\/2017\/04\/CAPA-TERAPIA-INTENSIVA-EM-PEDIATRIA.jpg\" \/>\n\t<meta property=\"og:image:width\" content=\"400\" \/>\n\t<meta property=\"og:image:height\" content=\"600\" \/>\n\t<meta property=\"og:image:type\" content=\"image\/jpeg\" \/>\n<meta name=\"twitter:card\" content=\"summary_large_image\" \/>\n<meta name=\"twitter:label1\" content=\"Est. tempo de leitura\" \/>\n\t<meta name=\"twitter:data1\" content=\"3 minutos\" \/>\n<script type=\"application\/ld+json\" class=\"yoast-schema-graph\">{\"@context\":\"https:\/\/schema.org\",\"@graph\":[{\"@type\":\"WebPage\",\"@id\":\"https:\/\/fisiocti.com\/site\/cursos\/terapia-intensiva-em-pediatria\/\",\"url\":\"https:\/\/fisiocti.com\/site\/cursos\/terapia-intensiva-em-pediatria\/\",\"name\":\"TERAPIA INTENSIVA EM PEDIATRIA - FisioCTI\",\"isPartOf\":{\"@id\":\"https:\/\/fisiocti.com\/site\/#website\"},\"datePublished\":\"2017-04-11T11:45:51+00:00\",\"dateModified\":\"2017-11-06T14:15:28+00:00\",\"breadcrumb\":{\"@id\":\"https:\/\/fisiocti.com\/site\/cursos\/terapia-intensiva-em-pediatria\/#breadcrumb\"},\"inLanguage\":\"pt-BR\",\"potentialAction\":[{\"@type\":\"ReadAction\",\"target\":[\"https:\/\/fisiocti.com\/site\/cursos\/terapia-intensiva-em-pediatria\/\"]}]},{\"@type\":\"BreadcrumbList\",\"@id\":\"https:\/\/fisiocti.com\/site\/cursos\/terapia-intensiva-em-pediatria\/#breadcrumb\",\"itemListElement\":[{\"@type\":\"ListItem\",\"position\":1,\"name\":\"In\u00edcio\",\"item\":\"https:\/\/fisiocti.com\/site\/\"},{\"@type\":\"ListItem\",\"position\":2,\"name\":\"Produtos\",\"item\":\"https:\/\/fisiocti.com\/site\/produtos\/\"},{\"@type\":\"ListItem\",\"position\":3,\"name\":\"TERAPIA INTENSIVA EM PEDIATRIA\"}]},{\"@type\":\"WebSite\",\"@id\":\"https:\/\/fisiocti.com\/site\/#website\",\"url\":\"https:\/\/fisiocti.com\/site\/\",\"name\":\"FisioCTI\",\"description\":\"Conectando teoria e pr\u00e1tica\",\"publisher\":{\"@id\":\"https:\/\/fisiocti.com\/site\/#\/schema\/person\/e41d8e5a7a403cfbceeeb0d19e22ee50\"},\"potentialAction\":[{\"@type\":\"SearchAction\",\"target\":{\"@type\":\"EntryPoint\",\"urlTemplate\":\"https:\/\/fisiocti.com\/site\/?s={search_term_string}\"},\"query-input\":\"required name=search_term_string\"}],\"inLanguage\":\"pt-BR\"},{\"@type\":[\"Person\",\"Organization\"],\"@id\":\"https:\/\/fisiocti.com\/site\/#\/schema\/person\/e41d8e5a7a403cfbceeeb0d19e22ee50\",\"name\":\"Elizabeth Cunha\",\"image\":{\"@type\":\"ImageObject\",\"inLanguage\":\"pt-BR\",\"@id\":\"https:\/\/fisiocti.com\/site\/#\/schema\/person\/image\/\",\"url\":\"https:\/\/fisiocti.com\/site\/wp-content\/uploads\/2022\/09\/LOGOMARCA-SEM-FUNDO.png\",\"contentUrl\":\"https:\/\/fisiocti.com\/site\/wp-content\/uploads\/2022\/09\/LOGOMARCA-SEM-FUNDO.png\",\"width\":504,\"height\":504,\"caption\":\"Elizabeth Cunha\"},\"logo\":{\"@id\":\"https:\/\/fisiocti.com\/site\/#\/schema\/person\/image\/\"},\"sameAs\":[\"https:\/\/www.facebook.com\/fisiocti\/\",\"https:\/\/www.instagram.com\/fisiocti\/\",\"https:\/\/twitter.com\/https:\/\/www.twitter.com\/fisiocti\/\",\"https:\/\/www.youtube.com\/@fisiocti\"]}]}<\/script>\n<!-- \/ Yoast SEO plugin. -->","yoast_head_json":{"title":"TERAPIA INTENSIVA EM PEDIATRIA - FisioCTI","robots":{"index":"index","follow":"follow","max-snippet":"max-snippet:-1","max-image-preview":"max-image-preview:large","max-video-preview":"max-video-preview:-1"},"canonical":"https:\/\/fisiocti.com\/site\/cursos\/terapia-intensiva-em-pediatria\/","og_locale":"pt_BR","og_type":"article","og_title":"TERAPIA INTENSIVA EM PEDIATRIA - FisioCTI","og_description":"Edi\u00e7\u00e3o: 1a Ano: 2007 Idioma: Portugu\u00eas Autor: Duarte Pessoa Amorin Mello Lins - IMIP P\u00e1ginas: 944 Editora: Medbook ISBN: 9788599977163 Encaderna\u00e7\u00e3o: Brochura Extras: N\u00e3o","og_url":"https:\/\/fisiocti.com\/site\/cursos\/terapia-intensiva-em-pediatria\/","og_site_name":"FisioCTI","article_publisher":"https:\/\/www.facebook.com\/fisiocti\/","article_modified_time":"2017-11-06T14:15:28+00:00","og_image":[{"width":400,"height":600,"url":"https:\/\/fisiocti.com\/site\/wp-content\/uploads\/2017\/04\/CAPA-TERAPIA-INTENSIVA-EM-PEDIATRIA.jpg","type":"image\/jpeg"}],"twitter_card":"summary_large_image","twitter_misc":{"Est. tempo de leitura":"3 minutos"},"schema":{"@context":"https:\/\/schema.org","@graph":[{"@type":"WebPage","@id":"https:\/\/fisiocti.com\/site\/cursos\/terapia-intensiva-em-pediatria\/","url":"https:\/\/fisiocti.com\/site\/cursos\/terapia-intensiva-em-pediatria\/","name":"TERAPIA INTENSIVA EM PEDIATRIA - FisioCTI","isPartOf":{"@id":"https:\/\/fisiocti.com\/site\/#website"},"datePublished":"2017-04-11T11:45:51+00:00","dateModified":"2017-11-06T14:15:28+00:00","breadcrumb":{"@id":"https:\/\/fisiocti.com\/site\/cursos\/terapia-intensiva-em-pediatria\/#breadcrumb"},"inLanguage":"pt-BR","potentialAction":[{"@type":"ReadAction","target":["https:\/\/fisiocti.com\/site\/cursos\/terapia-intensiva-em-pediatria\/"]}]},{"@type":"BreadcrumbList","@id":"https:\/\/fisiocti.com\/site\/cursos\/terapia-intensiva-em-pediatria\/#breadcrumb","itemListElement":[{"@type":"ListItem","position":1,"name":"In\u00edcio","item":"https:\/\/fisiocti.com\/site\/"},{"@type":"ListItem","position":2,"name":"Produtos","item":"https:\/\/fisiocti.com\/site\/produtos\/"},{"@type":"ListItem","position":3,"name":"TERAPIA INTENSIVA EM PEDIATRIA"}]},{"@type":"WebSite","@id":"https:\/\/fisiocti.com\/site\/#website","url":"https:\/\/fisiocti.com\/site\/","name":"FisioCTI","description":"Conectando teoria e pr\u00e1tica","publisher":{"@id":"https:\/\/fisiocti.com\/site\/#\/schema\/person\/e41d8e5a7a403cfbceeeb0d19e22ee50"},"potentialAction":[{"@type":"SearchAction","target":{"@type":"EntryPoint","urlTemplate":"https:\/\/fisiocti.com\/site\/?s={search_term_string}"},"query-input":"required name=search_term_string"}],"inLanguage":"pt-BR"},{"@type":["Person","Organization"],"@id":"https:\/\/fisiocti.com\/site\/#\/schema\/person\/e41d8e5a7a403cfbceeeb0d19e22ee50","name":"Elizabeth Cunha","image":{"@type":"ImageObject","inLanguage":"pt-BR","@id":"https:\/\/fisiocti.com\/site\/#\/schema\/person\/image\/","url":"https:\/\/fisiocti.com\/site\/wp-content\/uploads\/2022\/09\/LOGOMARCA-SEM-FUNDO.png","contentUrl":"https:\/\/fisiocti.com\/site\/wp-content\/uploads\/2022\/09\/LOGOMARCA-SEM-FUNDO.png","width":504,"height":504,"caption":"Elizabeth Cunha"},"logo":{"@id":"https:\/\/fisiocti.com\/site\/#\/schema\/person\/image\/"},"sameAs":["https:\/\/www.facebook.com\/fisiocti\/","https:\/\/www.instagram.com\/fisiocti\/","https:\/\/twitter.com\/https:\/\/www.twitter.com\/fisiocti\/","https:\/\/www.youtube.com\/@fisiocti"]}]}},"_links":{"self":[{"href":"https:\/\/fisiocti.com\/site\/wp-json\/wp\/v2\/product\/2026"}],"collection":[{"href":"https:\/\/fisiocti.com\/site\/wp-json\/wp\/v2\/product"}],"about":[{"href":"https:\/\/fisiocti.com\/site\/wp-json\/wp\/v2\/types\/product"}],"replies":[{"embeddable":true,"href":"https:\/\/fisiocti.com\/site\/wp-json\/wp\/v2\/comments?post=2026"}],"wp:featuredmedia":[{"embeddable":true,"href":"https:\/\/fisiocti.com\/site\/wp-json\/wp\/v2\/media\/2027"}],"wp:attachment":[{"href":"https:\/\/fisiocti.com\/site\/wp-json\/wp\/v2\/media?parent=2026"}],"curies":[{"name":"wp","href":"https:\/\/api.w.org\/{rel}","templated":true}]}}