{"id":2028,"date":"2017-04-11T08:59:16","date_gmt":"2017-04-11T11:59:16","guid":{"rendered":"http:\/\/www.fisiocti.com\/site\/?post_type=product&#038;p=2028"},"modified":"2017-11-06T12:13:27","modified_gmt":"2017-11-06T14:13:27","slug":"emergencias-pediatricas-2","status":"publish","type":"product","link":"https:\/\/fisiocti.com\/site\/cursos\/emergencias-pediatricas-2\/","title":{"rendered":"EMERG\u00caNCIAS PEDI\u00c1TRICAS"},"content":{"rendered":"<p>A Emerg\u00eancia constitui-se no maior campo de pr\u00e1tica profissional do pediatra, especialmente nos primeiros anos de profiss\u00e3o. Estima-se que 70% dos pediatras em atua\u00e7\u00e3o no Pa\u00eds cumpram parte de sua carga hor\u00e1ria semanal em servi\u00e7os de Emerg\u00eancia, p\u00fablicos ou privados. Isso denota a import\u00e2ncia dessa atividade para a especialidade.<br \/>\nSE\u00c7\u00c3O I &#8211; PROCEDIMENTOS T\u00c9CNICOS EM PEDIATRIA<br \/>\n1. Traqueostomia 2. Oxigenioterapia 3. Aerossolterapia 4. Acesso Venoso Central 5. Cateterismo Venoso Umbilical 6. Pun\u00e7\u00e3o e Drenagem Tor\u00e1cicas 7. Pun\u00e7\u00e3o Peric\u00e1rdica e Intrac\u00e1rdica 8. Coleta de LCR por Pun\u00e7\u00e3o Lombar 9. Exsanguineotransfus\u00e3o 10. Sondagem G\u00e1strica 11. Sondagem Vesical 12. Pun\u00e7\u00e3o Suprap\u00fabica<\/p>\n<p>SE\u00c7\u00c3O II EMERG\u00caNCIAS PEDI\u00c1TRICAS E RISCO DE MORTE<br \/>\n13. Parada Cardiorrespirat\u00f3ria 14. Choque<\/p>\n<p>SE\u00c7\u00c3O III DO SINTOMA AO DIAGN\u00d3STICO DIFERENCIAL E MANUSEIO NA URG\u00caNCIA<br \/>\n15. Febre 16. V\u00f4mitos 17. Cianose 18. Anemias 19. Icter\u00edcia 20. Dor Abdominal 21. Edema<\/p>\n<p>SE\u00c7\u00c3O IV ASSIST\u00caNCIA AO RN ENCAMINHADO \u00c0 EMERG\u00caNCIA PEDI\u00c1TRICA<br \/>\n22. Sepse Neonatal 23. Hip\u00f3xia Neonatal 24. Desconforto Respirat\u00f3rio no Per\u00edodo Neonatal 25. Icter\u00edcia Neonatal 26. Cianose Neonatal 27. Dist\u00farbios Hemorr\u00e1gicos no Rec\u00e9m-Nascido 28. Dist\u00farbios Hidroeletrol\u00edticos e Metab\u00f3licos 29. Urg\u00eancias Cir\u00fargicas no Rec\u00e9m-Nascido<\/p>\n<p>SE\u00c7\u00c3O V EMERG\u00caNCIAS CARDIOVASCULARES<br \/>\n30. Insufici\u00eancia Card\u00edaca 31. Crises de Hip\u00f3xias 32. Hipertens\u00e3o Arterial e Crise Hipertensiva 33. Pericardite Aguda e Tamponamento Card\u00edaco 34. Arritmias Card\u00edacas 35. Edema Pulmonar Agudo<\/p>\n<p>SE\u00c7\u00c3O VI EMERG\u00caNCIAS DO APARELHO RESPIRAT\u00d3RIO<br \/>\n36. Laringotraqueobronquites 37. Tosse Aguda 38. Infec\u00e7\u00f5es de Vias A\u00e9reas Superiores 39. Asma 40. Bronquiolite 41. Pneumonias 42. Derrame Pleural na Inf\u00e2ncia 43. Insufici\u00eancia Respirat\u00f3ria Aguda<\/p>\n<p>SE\u00c7\u00c3O VII EMERG\u00caNCIAS DO TRATO GASTROINTESTINAL<br \/>\n44. Diarreia Aguda 45. Hemorragia Digestiva Alta 46. Fal\u00eancia Hep\u00e1tica Aguda 47. Prolapso Retal 48. Abdome Agudo N\u00e3o Traum\u00e1tico<\/p>\n<p>SE\u00c7\u00c3O VIII EMERG\u00caNCIAS DO APARELHO UROGENITAL<br \/>\n49. Infec\u00e7\u00e3o Urin\u00e1ria 50. Glomerulonefrite Difusa Aguda P\u00f3s-Infecciosa \u2013 GNDA 51. Insufici\u00eancia Renal Aguda 52. Hemat\u00farias 53. S\u00edndrome Nefr\u00f3tica 54. Lit\u00edase do Trato Urin\u00e1rio 55. Tor\u00e7\u00e3o de Test\u00edculo 56. Balanite e Balanopostite na Inf\u00e2ncia 57. Vulvovaginites<\/p>\n<p>SE\u00c7\u00c3O IX EMERG\u00caNCIAS EM NEUROLOGIA<br \/>\n58. Convuls\u00e3o e Estado de Mal Epil\u00e9ptico 59. Cefaleias 60. Meningites 61. Encefalites 62. Ataxias 63. Traumatismo Cranioencef\u00e1lico na Crian\u00e7a 64. Coma 65. Crises Febris<\/p>\n<p>SE\u00c7\u00c3O X EMERG\u00caNCIAS DO APARELHO LOCOMOTOR E PELE<br \/>\n66. Artrite S\u00e9ptica 67. Prona\u00e7\u00e3o Dolorosa 68. Urg\u00eancias Cir\u00fargicas na Coluna 69. Osteomielite Hematog\u00eanica Aguda 70. Abscessos, Celulite e Erisipela 71. Celulite Orbit\u00e1ria e Periorbit\u00e1ria 72. Fraturas na Inf\u00e2ncia<\/p>\n<p>SE\u00c7\u00c3O XI EMERG\u00caNCIAS DO TIPO AL\u00c9RGICO<br \/>\n73. Urtic\u00e1ria Aguda 74. Anafilaxia SE\u00c7\u00c3O XII EMERG\u00caNCIAS HEMATOL\u00d3GICAS 75. P\u00farpura Trombocitop\u00eanica Imune 76. Anemia Falciforme 77. Urg\u00eancias nas Anemias Hemol\u00edticas 78. Indica\u00e7\u00f5es de Hemocomponentes 79. Rea\u00e7\u00e3o Transfusional<\/p>\n<p>SE\u00c7\u00c3O XIII DOEN\u00c7AS METAB\u00d3LICAS E DA NUTRI\u00c7\u00c3O<br \/>\n80. Dist\u00farbios Hidroeletrol\u00edticos 81. Dist\u00farbios Acidob\u00e1sicos 82. Cetoacidose Diab\u00e9tica 83. S\u00edndrome da Secre\u00e7\u00e3o Inapropriada do Horm\u00f4nio Antidiur\u00e9tico 84. Insufici\u00eancia Adrenal<\/p>\n<p>SE\u00c7\u00c3O XIV ACIDENTES E INTOXICA\u00c7\u00c3O<br \/>\n85. Profilaxia do T\u00e9tano ap\u00f3s Ferimento 86. Profilaxia da Raiva Humana 87. Acidentes por Corrente El\u00e9trica 88. Afogamentos 89. Acidentes por Animais Pe\u00e7onhentos 90. Queimaduras 91. Corpo Estranho no Trato Gastrointestinal 92. Corpo Estranho no Aparelho Respirat\u00f3rio 93. Intoxica\u00e7\u00e3o Aguda<\/p>\n<p>SE\u00c7\u00c3O XV DOEN\u00c7AS INFECCIOSAS: ALGUNS ASPECTOS<br \/>\n94. Dengue 95. Sepse e Choque S\u00e9ptico 96. Emerg\u00eancias Infecciosas em Pacientes Imunodeprimidos<\/p>\n<p>SE\u00c7\u00c3O XVI T\u00d3PICOS ESPECIAIS<br \/>\n97. Transporte da Crian\u00e7a Gravemente Enferma 98. Manejo do Desnutrido Grave 99. Maus-Tratos e Abuso Sexual<\/p>\n<p>SE\u00c7\u00c3O XVII T\u00c9CNICAS DE AFERI\u00c7\u00d5ES \u2013 INFORMA\u00c7\u00d5ES \u00daTEIS NA EMERG\u00caNCIA PEDI\u00c1TRICA<br \/>\n100. Temperatura Corporal\/Pesos e Medidas\/Press\u00e3o Arterial<\/p>\n<p>XVIII USANDO O LABORAT\u00d3RIO NA EMERG\u00caNCIA<br \/>\n101. Coleta e Transporte de Material 102. Valores Normais de Exames<\/p>\n<p>&nbsp;<\/p>\n","protected":false},"excerpt":{"rendered":"<p><strong>Edi\u00e7\u00e3o:<\/strong> 1a<br \/>\n<strong>Ano:<\/strong> 2011<br \/>\n<strong>Idioma:<\/strong> Portugu\u00eas<br \/>\n<strong>Autor:<\/strong> Fonseca<br \/>\n<strong>P\u00e1ginas:<\/strong> 932<br \/>\n<strong>Editora:<\/strong> Medbook<br \/>\n<strong>ISBN:<\/strong> 9788599977644<br \/>\n<strong>Encaderna\u00e7\u00e3o:<\/strong> Brochura<br \/>\n<strong>Extras:<\/strong> N\u00e3o<\/p>\n","protected":false},"featured_media":2029,"comment_status":"closed","ping_status":"closed","template":"","meta":[],"yoast_head":"<!-- This site is optimized with the Yoast SEO plugin v20.1 - https:\/\/yoast.com\/wordpress\/plugins\/seo\/ -->\n<title>EMERG\u00caNCIAS PEDI\u00c1TRICAS - FisioCTI<\/title>\n<meta name=\"robots\" content=\"index, follow, max-snippet:-1, max-image-preview:large, max-video-preview:-1\" \/>\n<link rel=\"canonical\" href=\"https:\/\/fisiocti.com\/site\/cursos\/emergencias-pediatricas-2\/\" \/>\n<meta property=\"og:locale\" content=\"pt_BR\" \/>\n<meta property=\"og:type\" content=\"article\" \/>\n<meta property=\"og:title\" content=\"EMERG\u00caNCIAS PEDI\u00c1TRICAS - FisioCTI\" \/>\n<meta property=\"og:description\" content=\"Edi\u00e7\u00e3o: 1a Ano: 2011 Idioma: Portugu\u00eas Autor: Fonseca P\u00e1ginas: 932 Editora: Medbook ISBN: 9788599977644 Encaderna\u00e7\u00e3o: Brochura Extras: N\u00e3o\" \/>\n<meta property=\"og:url\" content=\"https:\/\/fisiocti.com\/site\/cursos\/emergencias-pediatricas-2\/\" \/>\n<meta property=\"og:site_name\" content=\"FisioCTI\" \/>\n<meta property=\"article:publisher\" content=\"https:\/\/www.facebook.com\/fisiocti\/\" \/>\n<meta property=\"article:modified_time\" content=\"2017-11-06T14:13:27+00:00\" \/>\n<meta property=\"og:image\" content=\"https:\/\/fisiocti.com\/site\/wp-content\/uploads\/2017\/04\/CAPA-EMERG\u00caNCIAS-PEDI\u00c1TRICAS.jpg\" \/>\n\t<meta property=\"og:image:width\" content=\"400\" \/>\n\t<meta property=\"og:image:height\" content=\"600\" \/>\n\t<meta property=\"og:image:type\" content=\"image\/jpeg\" \/>\n<meta name=\"twitter:card\" content=\"summary_large_image\" \/>\n<meta name=\"twitter:label1\" content=\"Est. tempo de leitura\" \/>\n\t<meta name=\"twitter:data1\" content=\"3 minutos\" \/>\n<script type=\"application\/ld+json\" class=\"yoast-schema-graph\">{\"@context\":\"https:\/\/schema.org\",\"@graph\":[{\"@type\":\"WebPage\",\"@id\":\"https:\/\/fisiocti.com\/site\/cursos\/emergencias-pediatricas-2\/\",\"url\":\"https:\/\/fisiocti.com\/site\/cursos\/emergencias-pediatricas-2\/\",\"name\":\"EMERG\u00caNCIAS PEDI\u00c1TRICAS - FisioCTI\",\"isPartOf\":{\"@id\":\"https:\/\/fisiocti.com\/site\/#website\"},\"datePublished\":\"2017-04-11T11:59:16+00:00\",\"dateModified\":\"2017-11-06T14:13:27+00:00\",\"breadcrumb\":{\"@id\":\"https:\/\/fisiocti.com\/site\/cursos\/emergencias-pediatricas-2\/#breadcrumb\"},\"inLanguage\":\"pt-BR\",\"potentialAction\":[{\"@type\":\"ReadAction\",\"target\":[\"https:\/\/fisiocti.com\/site\/cursos\/emergencias-pediatricas-2\/\"]}]},{\"@type\":\"BreadcrumbList\",\"@id\":\"https:\/\/fisiocti.com\/site\/cursos\/emergencias-pediatricas-2\/#breadcrumb\",\"itemListElement\":[{\"@type\":\"ListItem\",\"position\":1,\"name\":\"In\u00edcio\",\"item\":\"https:\/\/fisiocti.com\/site\/\"},{\"@type\":\"ListItem\",\"position\":2,\"name\":\"Produtos\",\"item\":\"https:\/\/fisiocti.com\/site\/produtos\/\"},{\"@type\":\"ListItem\",\"position\":3,\"name\":\"EMERG\u00caNCIAS PEDI\u00c1TRICAS\"}]},{\"@type\":\"WebSite\",\"@id\":\"https:\/\/fisiocti.com\/site\/#website\",\"url\":\"https:\/\/fisiocti.com\/site\/\",\"name\":\"FisioCTI\",\"description\":\"Conectando teoria e pr\u00e1tica\",\"publisher\":{\"@id\":\"https:\/\/fisiocti.com\/site\/#\/schema\/person\/e41d8e5a7a403cfbceeeb0d19e22ee50\"},\"potentialAction\":[{\"@type\":\"SearchAction\",\"target\":{\"@type\":\"EntryPoint\",\"urlTemplate\":\"https:\/\/fisiocti.com\/site\/?s={search_term_string}\"},\"query-input\":\"required name=search_term_string\"}],\"inLanguage\":\"pt-BR\"},{\"@type\":[\"Person\",\"Organization\"],\"@id\":\"https:\/\/fisiocti.com\/site\/#\/schema\/person\/e41d8e5a7a403cfbceeeb0d19e22ee50\",\"name\":\"Elizabeth Cunha\",\"image\":{\"@type\":\"ImageObject\",\"inLanguage\":\"pt-BR\",\"@id\":\"https:\/\/fisiocti.com\/site\/#\/schema\/person\/image\/\",\"url\":\"https:\/\/fisiocti.com\/site\/wp-content\/uploads\/2022\/09\/LOGOMARCA-SEM-FUNDO.png\",\"contentUrl\":\"https:\/\/fisiocti.com\/site\/wp-content\/uploads\/2022\/09\/LOGOMARCA-SEM-FUNDO.png\",\"width\":504,\"height\":504,\"caption\":\"Elizabeth Cunha\"},\"logo\":{\"@id\":\"https:\/\/fisiocti.com\/site\/#\/schema\/person\/image\/\"},\"sameAs\":[\"https:\/\/www.facebook.com\/fisiocti\/\",\"https:\/\/www.instagram.com\/fisiocti\/\",\"https:\/\/twitter.com\/https:\/\/www.twitter.com\/fisiocti\/\",\"https:\/\/www.youtube.com\/@fisiocti\"]}]}<\/script>\n<!-- \/ Yoast SEO plugin. -->","yoast_head_json":{"title":"EMERG\u00caNCIAS PEDI\u00c1TRICAS - FisioCTI","robots":{"index":"index","follow":"follow","max-snippet":"max-snippet:-1","max-image-preview":"max-image-preview:large","max-video-preview":"max-video-preview:-1"},"canonical":"https:\/\/fisiocti.com\/site\/cursos\/emergencias-pediatricas-2\/","og_locale":"pt_BR","og_type":"article","og_title":"EMERG\u00caNCIAS PEDI\u00c1TRICAS - FisioCTI","og_description":"Edi\u00e7\u00e3o: 1a Ano: 2011 Idioma: Portugu\u00eas Autor: Fonseca P\u00e1ginas: 932 Editora: Medbook ISBN: 9788599977644 Encaderna\u00e7\u00e3o: Brochura Extras: N\u00e3o","og_url":"https:\/\/fisiocti.com\/site\/cursos\/emergencias-pediatricas-2\/","og_site_name":"FisioCTI","article_publisher":"https:\/\/www.facebook.com\/fisiocti\/","article_modified_time":"2017-11-06T14:13:27+00:00","og_image":[{"width":400,"height":600,"url":"https:\/\/fisiocti.com\/site\/wp-content\/uploads\/2017\/04\/CAPA-EMERG\u00caNCIAS-PEDI\u00c1TRICAS.jpg","type":"image\/jpeg"}],"twitter_card":"summary_large_image","twitter_misc":{"Est. tempo de leitura":"3 minutos"},"schema":{"@context":"https:\/\/schema.org","@graph":[{"@type":"WebPage","@id":"https:\/\/fisiocti.com\/site\/cursos\/emergencias-pediatricas-2\/","url":"https:\/\/fisiocti.com\/site\/cursos\/emergencias-pediatricas-2\/","name":"EMERG\u00caNCIAS PEDI\u00c1TRICAS - FisioCTI","isPartOf":{"@id":"https:\/\/fisiocti.com\/site\/#website"},"datePublished":"2017-04-11T11:59:16+00:00","dateModified":"2017-11-06T14:13:27+00:00","breadcrumb":{"@id":"https:\/\/fisiocti.com\/site\/cursos\/emergencias-pediatricas-2\/#breadcrumb"},"inLanguage":"pt-BR","potentialAction":[{"@type":"ReadAction","target":["https:\/\/fisiocti.com\/site\/cursos\/emergencias-pediatricas-2\/"]}]},{"@type":"BreadcrumbList","@id":"https:\/\/fisiocti.com\/site\/cursos\/emergencias-pediatricas-2\/#breadcrumb","itemListElement":[{"@type":"ListItem","position":1,"name":"In\u00edcio","item":"https:\/\/fisiocti.com\/site\/"},{"@type":"ListItem","position":2,"name":"Produtos","item":"https:\/\/fisiocti.com\/site\/produtos\/"},{"@type":"ListItem","position":3,"name":"EMERG\u00caNCIAS PEDI\u00c1TRICAS"}]},{"@type":"WebSite","@id":"https:\/\/fisiocti.com\/site\/#website","url":"https:\/\/fisiocti.com\/site\/","name":"FisioCTI","description":"Conectando teoria e pr\u00e1tica","publisher":{"@id":"https:\/\/fisiocti.com\/site\/#\/schema\/person\/e41d8e5a7a403cfbceeeb0d19e22ee50"},"potentialAction":[{"@type":"SearchAction","target":{"@type":"EntryPoint","urlTemplate":"https:\/\/fisiocti.com\/site\/?s={search_term_string}"},"query-input":"required name=search_term_string"}],"inLanguage":"pt-BR"},{"@type":["Person","Organization"],"@id":"https:\/\/fisiocti.com\/site\/#\/schema\/person\/e41d8e5a7a403cfbceeeb0d19e22ee50","name":"Elizabeth Cunha","image":{"@type":"ImageObject","inLanguage":"pt-BR","@id":"https:\/\/fisiocti.com\/site\/#\/schema\/person\/image\/","url":"https:\/\/fisiocti.com\/site\/wp-content\/uploads\/2022\/09\/LOGOMARCA-SEM-FUNDO.png","contentUrl":"https:\/\/fisiocti.com\/site\/wp-content\/uploads\/2022\/09\/LOGOMARCA-SEM-FUNDO.png","width":504,"height":504,"caption":"Elizabeth Cunha"},"logo":{"@id":"https:\/\/fisiocti.com\/site\/#\/schema\/person\/image\/"},"sameAs":["https:\/\/www.facebook.com\/fisiocti\/","https:\/\/www.instagram.com\/fisiocti\/","https:\/\/twitter.com\/https:\/\/www.twitter.com\/fisiocti\/","https:\/\/www.youtube.com\/@fisiocti"]}]}},"_links":{"self":[{"href":"https:\/\/fisiocti.com\/site\/wp-json\/wp\/v2\/product\/2028"}],"collection":[{"href":"https:\/\/fisiocti.com\/site\/wp-json\/wp\/v2\/product"}],"about":[{"href":"https:\/\/fisiocti.com\/site\/wp-json\/wp\/v2\/types\/product"}],"replies":[{"embeddable":true,"href":"https:\/\/fisiocti.com\/site\/wp-json\/wp\/v2\/comments?post=2028"}],"wp:featuredmedia":[{"embeddable":true,"href":"https:\/\/fisiocti.com\/site\/wp-json\/wp\/v2\/media\/2029"}],"wp:attachment":[{"href":"https:\/\/fisiocti.com\/site\/wp-json\/wp\/v2\/media?parent=2028"}],"curies":[{"name":"wp","href":"https:\/\/api.w.org\/{rel}","templated":true}]}}