{"id":2106,"date":"2017-05-02T18:13:21","date_gmt":"2017-05-02T21:13:21","guid":{"rendered":"http:\/\/www.fisiocti.com\/site\/?post_type=product&#038;p=2106"},"modified":"2022-05-16T09:27:50","modified_gmt":"2022-05-16T12:27:50","slug":"estimulacao-sensorio-motora-em-uti-neonatal","status":"publish","type":"product","link":"https:\/\/fisiocti.com\/site\/cursos\/estimulacao-sensorio-motora-em-uti-neonatal\/","title":{"rendered":"ESTIMULA\u00c7\u00c3O SENS\u00d3RIO MOTORA EM UTI NEONATAL"},"content":{"rendered":"<p><strong>CONTE\u00daDO PROGRAM\u00c1TICO<\/strong><\/p>\n<ul>\n<li>Desenvolvimento sens\u00f3rio-motor\n<ul>\n<li>Desenvolvimento sens\u00f3rio-motor gestacional e p\u00f3s-Natal<\/li>\n<li>Desenvolvimento global no 1\u00ba trimestre<\/li>\n<li>Altera\u00e7\u00f5es provocadas pela prematuridade<\/li>\n<li>Altera\u00e7\u00f5es provocadas pela dor e estresse<\/li>\n<\/ul>\n<\/li>\n<\/ul>\n<ul>\n<li>Estimula\u00e7\u00e3o sens\u00f3rio-motora na UTI Neonatal\n<ul>\n<li>Avalia\u00e7\u00e3o sens\u00f3rio-motora<\/li>\n<li>Estimula\u00e7\u00e3o sens\u00f3rio-motora no 1\u00ba Trimestre<\/li>\n<li>Boas pr\u00e1ticas na UTI Neonatal e cuidado individualizado<\/li>\n<li>Indica\u00e7\u00f5es e contraindica\u00e7\u00f5es<\/li>\n<li>Modelos de cuidado neonatal<\/li>\n<\/ul>\n<\/li>\n<\/ul>\n<ul>\n<li>Pr\u00e1ticas de estimula\u00e7\u00e3o aplicada \u00e0 UTI\u00a0neonatal<\/li>\n<\/ul>\n","protected":false},"excerpt":{"rendered":"<table width=\"100%\">\n<tbody>\n<tr>\n<td width=\"50%\"><strong>P\u00daBLICO ALVO<\/strong><br \/>\nFisioterapeutas e acad\u00eamicos a partir do 5\u00ba\u00a0per\u00edodo.<\/td>\n<td width=\"50%\"><strong>CARGA HOR\u00c1RIA<\/strong><br \/>\n08 horas (06 horas de aula + 02 horas de atividades complementares<\/td>\n<\/tr>\n<tr>\n<td width=\"50%\"><strong>PR\u00d3XIMA TURMA<\/strong><br \/>\n28\/11\/2020<\/td>\n<td width=\"50%\"><strong>LOCAL<\/strong><br \/>\nOnline e Ao vivo<\/td>\n<\/tr>\n<\/tbody>\n<\/table>\n<p><a class=\"aligncenter\" href=\"https:\/\/api.whatsapp.com\/send?phone=5521982427985&amp;text=Gostaria%20de%20mais%20informa%C3%A7%C3%B5es%20sobre%20o%20parcelamento%20em%20boleto%20do%20curso%20de%20ESTIMULA%C3%87%C3%83O%20SENSORIO-MOTORA%20NEONATAL\">\u00a0<\/a><\/p>\n<p>Dentro de uma UTI sobram est\u00edmulos que s\u00e3o nocivos aos beb\u00eas, para os prematuros esse assunto \u00e9 ainda mais cr\u00edtico, pois seu desenvolvimento intra-\u00fatero n\u00e3o se completou.<\/p>\n<p>O curso de Estimula\u00e7\u00e3o Sens\u00f3rio Motora traz abordagens atualizadas e validadas utilizadas para auxiliar no desenvolvimento dos pequenos na UTI. com\u00a0muitas atividades pr\u00e1ticas, permitindo ao aluno uma absor\u00e7\u00e3o intensa do conte\u00fado.<\/p>\n<p>Imperd\u00edvel!<\/p>\n","protected":false},"featured_media":2108,"comment_status":"open","ping_status":"closed","template":"","meta":[],"yoast_head":"<!-- This site is optimized with the Yoast SEO plugin v20.1 - https:\/\/yoast.com\/wordpress\/plugins\/seo\/ -->\n<title>ESTIMULA\u00c7\u00c3O SENS\u00d3RIO MOTORA EM UTI NEONATAL - FisioCTI<\/title>\n<meta name=\"robots\" content=\"index, follow, max-snippet:-1, max-image-preview:large, max-video-preview:-1\" \/>\n<link rel=\"canonical\" href=\"https:\/\/fisiocti.com\/site\/cursos\/estimulacao-sensorio-motora-em-uti-neonatal\/\" \/>\n<meta property=\"og:locale\" content=\"pt_BR\" \/>\n<meta property=\"og:type\" content=\"article\" \/>\n<meta property=\"og:title\" content=\"ESTIMULA\u00c7\u00c3O SENS\u00d3RIO MOTORA EM UTI NEONATAL - FisioCTI\" \/>\n<meta property=\"og:description\" content=\"P\u00daBLICO ALVO Fisioterapeutas e acad\u00eamicos a partir do 5\u00ba\u00a0per\u00edodo. CARGA HOR\u00c1RIA 08 horas (06 horas de aula + 02 horas de atividades complementares   PR\u00d3XIMA TURMA 28\/11\/2020 LOCAL Online e Ao vivo    \u00a0  Dentro de uma UTI sobram est\u00edmulos que s\u00e3o nocivos aos beb\u00eas, para os prematuros esse assunto \u00e9 ainda mais cr\u00edtico, pois seu desenvolvimento intra-\u00fatero n\u00e3o se completou.  O curso de Estimula\u00e7\u00e3o Sens\u00f3rio Motora traz abordagens atualizadas e validadas utilizadas para auxiliar no desenvolvimento dos pequenos na UTI. com\u00a0muitas atividades pr\u00e1ticas, permitindo ao aluno uma absor\u00e7\u00e3o intensa do conte\u00fado.  Imperd\u00edvel!\" \/>\n<meta property=\"og:url\" content=\"https:\/\/fisiocti.com\/site\/cursos\/estimulacao-sensorio-motora-em-uti-neonatal\/\" \/>\n<meta property=\"og:site_name\" content=\"FisioCTI\" \/>\n<meta property=\"article:publisher\" content=\"https:\/\/www.facebook.com\/fisiocti\/\" \/>\n<meta property=\"article:modified_time\" content=\"2022-05-16T12:27:50+00:00\" \/>\n<meta property=\"og:image\" content=\"https:\/\/fisiocti.com\/site\/wp-content\/uploads\/2017\/05\/ANUNCIO-EST.-SENS.-MOT.-e1493759500460.jpg\" \/>\n\t<meta property=\"og:image:width\" content=\"504\" \/>\n\t<meta property=\"og:image:height\" content=\"504\" \/>\n\t<meta property=\"og:image:type\" content=\"image\/jpeg\" \/>\n<meta name=\"twitter:card\" content=\"summary_large_image\" \/>\n<script type=\"application\/ld+json\" class=\"yoast-schema-graph\">{\"@context\":\"https:\/\/schema.org\",\"@graph\":[{\"@type\":\"WebPage\",\"@id\":\"https:\/\/fisiocti.com\/site\/cursos\/estimulacao-sensorio-motora-em-uti-neonatal\/\",\"url\":\"https:\/\/fisiocti.com\/site\/cursos\/estimulacao-sensorio-motora-em-uti-neonatal\/\",\"name\":\"ESTIMULA\u00c7\u00c3O SENS\u00d3RIO MOTORA EM UTI NEONATAL - FisioCTI\",\"isPartOf\":{\"@id\":\"https:\/\/fisiocti.com\/site\/#website\"},\"datePublished\":\"2017-05-02T21:13:21+00:00\",\"dateModified\":\"2022-05-16T12:27:50+00:00\",\"breadcrumb\":{\"@id\":\"https:\/\/fisiocti.com\/site\/cursos\/estimulacao-sensorio-motora-em-uti-neonatal\/#breadcrumb\"},\"inLanguage\":\"pt-BR\",\"potentialAction\":[{\"@type\":\"ReadAction\",\"target\":[\"https:\/\/fisiocti.com\/site\/cursos\/estimulacao-sensorio-motora-em-uti-neonatal\/\"]}]},{\"@type\":\"BreadcrumbList\",\"@id\":\"https:\/\/fisiocti.com\/site\/cursos\/estimulacao-sensorio-motora-em-uti-neonatal\/#breadcrumb\",\"itemListElement\":[{\"@type\":\"ListItem\",\"position\":1,\"name\":\"In\u00edcio\",\"item\":\"https:\/\/fisiocti.com\/site\/\"},{\"@type\":\"ListItem\",\"position\":2,\"name\":\"Produtos\",\"item\":\"https:\/\/fisiocti.com\/site\/produtos\/\"},{\"@type\":\"ListItem\",\"position\":3,\"name\":\"ESTIMULA\u00c7\u00c3O SENS\u00d3RIO MOTORA EM UTI NEONATAL\"}]},{\"@type\":\"WebSite\",\"@id\":\"https:\/\/fisiocti.com\/site\/#website\",\"url\":\"https:\/\/fisiocti.com\/site\/\",\"name\":\"FisioCTI\",\"description\":\"Conectando teoria e pr\u00e1tica\",\"publisher\":{\"@id\":\"https:\/\/fisiocti.com\/site\/#\/schema\/person\/e41d8e5a7a403cfbceeeb0d19e22ee50\"},\"potentialAction\":[{\"@type\":\"SearchAction\",\"target\":{\"@type\":\"EntryPoint\",\"urlTemplate\":\"https:\/\/fisiocti.com\/site\/?s={search_term_string}\"},\"query-input\":\"required name=search_term_string\"}],\"inLanguage\":\"pt-BR\"},{\"@type\":[\"Person\",\"Organization\"],\"@id\":\"https:\/\/fisiocti.com\/site\/#\/schema\/person\/e41d8e5a7a403cfbceeeb0d19e22ee50\",\"name\":\"Elizabeth Cunha\",\"image\":{\"@type\":\"ImageObject\",\"inLanguage\":\"pt-BR\",\"@id\":\"https:\/\/fisiocti.com\/site\/#\/schema\/person\/image\/\",\"url\":\"https:\/\/fisiocti.com\/site\/wp-content\/uploads\/2022\/09\/LOGOMARCA-SEM-FUNDO.png\",\"contentUrl\":\"https:\/\/fisiocti.com\/site\/wp-content\/uploads\/2022\/09\/LOGOMARCA-SEM-FUNDO.png\",\"width\":504,\"height\":504,\"caption\":\"Elizabeth Cunha\"},\"logo\":{\"@id\":\"https:\/\/fisiocti.com\/site\/#\/schema\/person\/image\/\"},\"sameAs\":[\"https:\/\/www.facebook.com\/fisiocti\/\",\"https:\/\/www.instagram.com\/fisiocti\/\",\"https:\/\/twitter.com\/https:\/\/www.twitter.com\/fisiocti\/\",\"https:\/\/www.youtube.com\/@fisiocti\"]}]}<\/script>\n<!-- \/ Yoast SEO plugin. -->","yoast_head_json":{"title":"ESTIMULA\u00c7\u00c3O SENS\u00d3RIO MOTORA EM UTI NEONATAL - FisioCTI","robots":{"index":"index","follow":"follow","max-snippet":"max-snippet:-1","max-image-preview":"max-image-preview:large","max-video-preview":"max-video-preview:-1"},"canonical":"https:\/\/fisiocti.com\/site\/cursos\/estimulacao-sensorio-motora-em-uti-neonatal\/","og_locale":"pt_BR","og_type":"article","og_title":"ESTIMULA\u00c7\u00c3O SENS\u00d3RIO MOTORA EM UTI NEONATAL - FisioCTI","og_description":"P\u00daBLICO ALVO Fisioterapeutas e acad\u00eamicos a partir do 5\u00ba\u00a0per\u00edodo. CARGA HOR\u00c1RIA 08 horas (06 horas de aula + 02 horas de atividades complementares   PR\u00d3XIMA TURMA 28\/11\/2020 LOCAL Online e Ao vivo    \u00a0  Dentro de uma UTI sobram est\u00edmulos que s\u00e3o nocivos aos beb\u00eas, para os prematuros esse assunto \u00e9 ainda mais cr\u00edtico, pois seu desenvolvimento intra-\u00fatero n\u00e3o se completou.  O curso de Estimula\u00e7\u00e3o Sens\u00f3rio Motora traz abordagens atualizadas e validadas utilizadas para auxiliar no desenvolvimento dos pequenos na UTI. com\u00a0muitas atividades pr\u00e1ticas, permitindo ao aluno uma absor\u00e7\u00e3o intensa do conte\u00fado.  Imperd\u00edvel!","og_url":"https:\/\/fisiocti.com\/site\/cursos\/estimulacao-sensorio-motora-em-uti-neonatal\/","og_site_name":"FisioCTI","article_publisher":"https:\/\/www.facebook.com\/fisiocti\/","article_modified_time":"2022-05-16T12:27:50+00:00","og_image":[{"width":504,"height":504,"url":"https:\/\/fisiocti.com\/site\/wp-content\/uploads\/2017\/05\/ANUNCIO-EST.-SENS.-MOT.-e1493759500460.jpg","type":"image\/jpeg"}],"twitter_card":"summary_large_image","schema":{"@context":"https:\/\/schema.org","@graph":[{"@type":"WebPage","@id":"https:\/\/fisiocti.com\/site\/cursos\/estimulacao-sensorio-motora-em-uti-neonatal\/","url":"https:\/\/fisiocti.com\/site\/cursos\/estimulacao-sensorio-motora-em-uti-neonatal\/","name":"ESTIMULA\u00c7\u00c3O SENS\u00d3RIO MOTORA EM UTI NEONATAL - FisioCTI","isPartOf":{"@id":"https:\/\/fisiocti.com\/site\/#website"},"datePublished":"2017-05-02T21:13:21+00:00","dateModified":"2022-05-16T12:27:50+00:00","breadcrumb":{"@id":"https:\/\/fisiocti.com\/site\/cursos\/estimulacao-sensorio-motora-em-uti-neonatal\/#breadcrumb"},"inLanguage":"pt-BR","potentialAction":[{"@type":"ReadAction","target":["https:\/\/fisiocti.com\/site\/cursos\/estimulacao-sensorio-motora-em-uti-neonatal\/"]}]},{"@type":"BreadcrumbList","@id":"https:\/\/fisiocti.com\/site\/cursos\/estimulacao-sensorio-motora-em-uti-neonatal\/#breadcrumb","itemListElement":[{"@type":"ListItem","position":1,"name":"In\u00edcio","item":"https:\/\/fisiocti.com\/site\/"},{"@type":"ListItem","position":2,"name":"Produtos","item":"https:\/\/fisiocti.com\/site\/produtos\/"},{"@type":"ListItem","position":3,"name":"ESTIMULA\u00c7\u00c3O SENS\u00d3RIO MOTORA EM UTI NEONATAL"}]},{"@type":"WebSite","@id":"https:\/\/fisiocti.com\/site\/#website","url":"https:\/\/fisiocti.com\/site\/","name":"FisioCTI","description":"Conectando teoria e pr\u00e1tica","publisher":{"@id":"https:\/\/fisiocti.com\/site\/#\/schema\/person\/e41d8e5a7a403cfbceeeb0d19e22ee50"},"potentialAction":[{"@type":"SearchAction","target":{"@type":"EntryPoint","urlTemplate":"https:\/\/fisiocti.com\/site\/?s={search_term_string}"},"query-input":"required name=search_term_string"}],"inLanguage":"pt-BR"},{"@type":["Person","Organization"],"@id":"https:\/\/fisiocti.com\/site\/#\/schema\/person\/e41d8e5a7a403cfbceeeb0d19e22ee50","name":"Elizabeth Cunha","image":{"@type":"ImageObject","inLanguage":"pt-BR","@id":"https:\/\/fisiocti.com\/site\/#\/schema\/person\/image\/","url":"https:\/\/fisiocti.com\/site\/wp-content\/uploads\/2022\/09\/LOGOMARCA-SEM-FUNDO.png","contentUrl":"https:\/\/fisiocti.com\/site\/wp-content\/uploads\/2022\/09\/LOGOMARCA-SEM-FUNDO.png","width":504,"height":504,"caption":"Elizabeth Cunha"},"logo":{"@id":"https:\/\/fisiocti.com\/site\/#\/schema\/person\/image\/"},"sameAs":["https:\/\/www.facebook.com\/fisiocti\/","https:\/\/www.instagram.com\/fisiocti\/","https:\/\/twitter.com\/https:\/\/www.twitter.com\/fisiocti\/","https:\/\/www.youtube.com\/@fisiocti"]}]}},"_links":{"self":[{"href":"https:\/\/fisiocti.com\/site\/wp-json\/wp\/v2\/product\/2106"}],"collection":[{"href":"https:\/\/fisiocti.com\/site\/wp-json\/wp\/v2\/product"}],"about":[{"href":"https:\/\/fisiocti.com\/site\/wp-json\/wp\/v2\/types\/product"}],"replies":[{"embeddable":true,"href":"https:\/\/fisiocti.com\/site\/wp-json\/wp\/v2\/comments?post=2106"}],"wp:featuredmedia":[{"embeddable":true,"href":"https:\/\/fisiocti.com\/site\/wp-json\/wp\/v2\/media\/2108"}],"wp:attachment":[{"href":"https:\/\/fisiocti.com\/site\/wp-json\/wp\/v2\/media?parent=2106"}],"curies":[{"name":"wp","href":"https:\/\/api.w.org\/{rel}","templated":true}]}}