{"id":2599,"date":"2017-11-06T12:23:00","date_gmt":"2017-11-06T14:23:00","guid":{"rendered":"http:\/\/www.fisiocti.com\/site\/?post_type=product&#038;p=2599"},"modified":"2017-11-06T12:37:03","modified_gmt":"2017-11-06T14:37:03","slug":"diagnostico-diferencial-em-pediatria","status":"publish","type":"product","link":"https:\/\/fisiocti.com\/site\/cursos\/diagnostico-diferencial-em-pediatria\/","title":{"rendered":"DIAGN\u00d3STICO DIFERENCIAL EM PEDIATRIA"},"content":{"rendered":"<p>Diagn\u00f3stico Diferencial em Pediatria \u2013 3a Edi\u00e7\u00e3o continua destinado aos estudantes de medicina, residentes, pediatras e aqueles m\u00e9dicos que t\u00eam a oportunidade de atender crian\u00e7as, parcela mais vulner\u00e1vel da sociedade aos agravos biopsicossociais. Nesta edi\u00e7\u00e3o as afec\u00e7\u00f5es pedi\u00e1tricas est\u00e3o abordadas de modo mais completo e detalhado. Espera-se, assim, que este livro possa contribuir para que essas doen\u00e7as sejam precocemente reconhecidas e melhor qualidade de vida possa ser oferecida a essas crian\u00e7as.<\/p>\n<p>&nbsp;<\/p>\n<p><strong>\u00cdNDICE<\/strong><\/p>\n<p>1. Abaulamento do Abdome 2. Adenomegalias 3. Afec\u00e7\u00f5es dos Test\u00edculos 4. Alta Estatura 5. Altera\u00e7\u00f5es da Forma e do Volume do Cr\u00e2nio 6. Altera\u00e7\u00f5es Psiqui\u00e1tricas na Inf\u00e2ncia e Adolesc\u00eancia 7. Anemias 8. Anorexia 9. Artrites e Artralgias 10. Ascite 11. Ataxia 12. Baixa Estatura 13. Buloses 14. Cefaleia 15. Cianose 16. Colestase 17. Coma 18. Constipa\u00e7\u00e3o Intestinal 19. Corrimento Vaginal 20. Crises Neonatais 21. Defeitos da Parede Abdominal e Inguinoescrotal 22. Derrame Pleural 23. Diarreia Persistente e Cr\u00f4nica 24. Disfonia 25. Disfun\u00e7\u00f5es Miccionais N\u00e3o Neurog\u00eanicas e Dist\u00farbios de Elimina\u00e7\u00e3o 26. Dispneia 27. Dist\u00farbios da Comunica\u00e7\u00e3o \u2013 Foniatria 28. Dist\u00farbios da Degluti\u00e7\u00e3o 29. Dist\u00farbios do Movimento 30. Dist\u00farbios do Sono 31. Dist\u00farbios Hemorr\u00e1gicos em Pediatria 32. Dist\u00farbios Parox\u00edsticos 33. Dist\u00farbios Pigmentares 34. Dist\u00farbios Respirat\u00f3rios no Per\u00edodo Neonatal 35. Doen\u00e7as C\u00edsticas Renais 36. Dor Abdominal Aguda 37. Dor Abdominal Recorrente 38. Dor Musculoesquel\u00e9tica Idiop\u00e1tica e Recorrente 39. Dor Tor\u00e1cica 40. Edema 41. Erros Inatos do Metabolismo 42. Estridor 43. Exantemas e Enantemas 44. Febre Peri\u00f3dica 45. Febre Prolongada 46. Hemat\u00faria na Inf\u00e2ncia 47. Hemoptise 48. Hemorragia Digestiva 49. Hepatoesplenomegalia 50. Hipertens\u00e3o Arterial 51. Hipoglicemia 52. Hipotonia 53. Icter\u00edcia 54. Icter\u00edcia Neonatal 55. Imunodefici\u00eancias Prim\u00e1rias e Secund\u00e1rias 56. Infec\u00e7\u00f5es Cong\u00eanitas 57. Infec\u00e7\u00f5es da Pele 58. Involu\u00e7\u00e3o Psicomotora 59. Lactente Sibilante 60. Manifesta\u00e7\u00f5es Cut\u00e2neas de Doen\u00e7as Sist\u00eamicas 61. Massas Abdominais 62. Massas Cervicais 63. Massas Mediastinais 64. Neutropenia 65. Obstru\u00e7\u00e3o das Vias Respirat\u00f3rias Superiores 66. Paralisias Agudas 67. Pneumonias Persistentes e Recorrentes 68. Poli\u00faria e Polidipsia 69. Protein\u00faria 70. Puberdade Atrasada 71. Puberdade Precoce 72. Quadril Doloroso 73. Retardo do Crescimento 74. Retardo Mental 75. S\u00edncope 76. S\u00edndrome de M\u00e1 Absor\u00e7\u00e3o Intestinal 77. S\u00edndromes Gen\u00e9ticas com Obesidade 78. Sopros: Diagn\u00f3stico na Inf\u00e2ncia 79. Tosse Aguda e Cr\u00f4nica 80. Urtic\u00e1ria 81. Vertigem 82. V\u00f4mitos<\/p>\n","protected":false},"excerpt":{"rendered":"<p><strong>Edi\u00e7\u00e3o:<\/strong>\u00a03<br \/>\n<strong>Ano<\/strong>: 2013<br \/>\n<strong>Idioma<\/strong>: Portugu\u00eas<br \/>\n<strong>Autor:<\/strong>\u00a0Alves\/IMIP<br \/>\n<strong>P\u00e1ginas:<\/strong>\u00a0880<br \/>\n<strong>Editora<\/strong>: Medbook<br \/>\n<strong>ISBN<\/strong>: 8599977911<br \/>\n<strong>Encaderna\u00e7\u00e3o:<\/strong>\u00a0Brochura<\/p>\n","protected":false},"featured_media":2600,"comment_status":"closed","ping_status":"closed","template":"","meta":[],"yoast_head":"<!-- This site is optimized with the Yoast SEO plugin v20.1 - https:\/\/yoast.com\/wordpress\/plugins\/seo\/ -->\n<title>DIAGN\u00d3STICO DIFERENCIAL EM PEDIATRIA - FisioCTI<\/title>\n<meta name=\"robots\" content=\"index, follow, max-snippet:-1, max-image-preview:large, max-video-preview:-1\" \/>\n<link rel=\"canonical\" href=\"https:\/\/fisiocti.com\/site\/cursos\/diagnostico-diferencial-em-pediatria\/\" \/>\n<meta property=\"og:locale\" content=\"pt_BR\" \/>\n<meta property=\"og:type\" content=\"article\" \/>\n<meta property=\"og:title\" content=\"DIAGN\u00d3STICO DIFERENCIAL EM PEDIATRIA - FisioCTI\" \/>\n<meta property=\"og:description\" content=\"Edi\u00e7\u00e3o:\u00a03 Ano: 2013 Idioma: Portugu\u00eas Autor:\u00a0Alves\/IMIP P\u00e1ginas:\u00a0880 Editora: Medbook ISBN: 8599977911 Encaderna\u00e7\u00e3o:\u00a0Brochura\" \/>\n<meta property=\"og:url\" content=\"https:\/\/fisiocti.com\/site\/cursos\/diagnostico-diferencial-em-pediatria\/\" \/>\n<meta property=\"og:site_name\" content=\"FisioCTI\" \/>\n<meta property=\"article:publisher\" content=\"https:\/\/www.facebook.com\/fisiocti\/\" \/>\n<meta property=\"article:modified_time\" content=\"2017-11-06T14:37:03+00:00\" \/>\n<meta property=\"og:image\" content=\"https:\/\/fisiocti.com\/site\/wp-content\/uploads\/2017\/11\/P01457460664-e1509978501123.jpg\" \/>\n\t<meta property=\"og:image:width\" content=\"300\" \/>\n\t<meta property=\"og:image:height\" content=\"414\" \/>\n\t<meta property=\"og:image:type\" content=\"image\/jpeg\" \/>\n<meta name=\"twitter:card\" content=\"summary_large_image\" \/>\n<meta name=\"twitter:label1\" content=\"Est. tempo de leitura\" \/>\n\t<meta name=\"twitter:data1\" content=\"2 minutos\" \/>\n<script type=\"application\/ld+json\" class=\"yoast-schema-graph\">{\"@context\":\"https:\/\/schema.org\",\"@graph\":[{\"@type\":\"WebPage\",\"@id\":\"https:\/\/fisiocti.com\/site\/cursos\/diagnostico-diferencial-em-pediatria\/\",\"url\":\"https:\/\/fisiocti.com\/site\/cursos\/diagnostico-diferencial-em-pediatria\/\",\"name\":\"DIAGN\u00d3STICO DIFERENCIAL EM PEDIATRIA - FisioCTI\",\"isPartOf\":{\"@id\":\"https:\/\/fisiocti.com\/site\/#website\"},\"datePublished\":\"2017-11-06T14:23:00+00:00\",\"dateModified\":\"2017-11-06T14:37:03+00:00\",\"breadcrumb\":{\"@id\":\"https:\/\/fisiocti.com\/site\/cursos\/diagnostico-diferencial-em-pediatria\/#breadcrumb\"},\"inLanguage\":\"pt-BR\",\"potentialAction\":[{\"@type\":\"ReadAction\",\"target\":[\"https:\/\/fisiocti.com\/site\/cursos\/diagnostico-diferencial-em-pediatria\/\"]}]},{\"@type\":\"BreadcrumbList\",\"@id\":\"https:\/\/fisiocti.com\/site\/cursos\/diagnostico-diferencial-em-pediatria\/#breadcrumb\",\"itemListElement\":[{\"@type\":\"ListItem\",\"position\":1,\"name\":\"In\u00edcio\",\"item\":\"https:\/\/fisiocti.com\/site\/\"},{\"@type\":\"ListItem\",\"position\":2,\"name\":\"Produtos\",\"item\":\"https:\/\/fisiocti.com\/site\/produtos\/\"},{\"@type\":\"ListItem\",\"position\":3,\"name\":\"DIAGN\u00d3STICO DIFERENCIAL EM PEDIATRIA\"}]},{\"@type\":\"WebSite\",\"@id\":\"https:\/\/fisiocti.com\/site\/#website\",\"url\":\"https:\/\/fisiocti.com\/site\/\",\"name\":\"FisioCTI\",\"description\":\"Conectando teoria e pr\u00e1tica\",\"publisher\":{\"@id\":\"https:\/\/fisiocti.com\/site\/#\/schema\/person\/e41d8e5a7a403cfbceeeb0d19e22ee50\"},\"potentialAction\":[{\"@type\":\"SearchAction\",\"target\":{\"@type\":\"EntryPoint\",\"urlTemplate\":\"https:\/\/fisiocti.com\/site\/?s={search_term_string}\"},\"query-input\":\"required name=search_term_string\"}],\"inLanguage\":\"pt-BR\"},{\"@type\":[\"Person\",\"Organization\"],\"@id\":\"https:\/\/fisiocti.com\/site\/#\/schema\/person\/e41d8e5a7a403cfbceeeb0d19e22ee50\",\"name\":\"Elizabeth Cunha\",\"image\":{\"@type\":\"ImageObject\",\"inLanguage\":\"pt-BR\",\"@id\":\"https:\/\/fisiocti.com\/site\/#\/schema\/person\/image\/\",\"url\":\"https:\/\/fisiocti.com\/site\/wp-content\/uploads\/2022\/09\/LOGOMARCA-SEM-FUNDO.png\",\"contentUrl\":\"https:\/\/fisiocti.com\/site\/wp-content\/uploads\/2022\/09\/LOGOMARCA-SEM-FUNDO.png\",\"width\":504,\"height\":504,\"caption\":\"Elizabeth Cunha\"},\"logo\":{\"@id\":\"https:\/\/fisiocti.com\/site\/#\/schema\/person\/image\/\"},\"sameAs\":[\"https:\/\/www.facebook.com\/fisiocti\/\",\"https:\/\/www.instagram.com\/fisiocti\/\",\"https:\/\/twitter.com\/https:\/\/www.twitter.com\/fisiocti\/\",\"https:\/\/www.youtube.com\/@fisiocti\"]}]}<\/script>\n<!-- \/ Yoast SEO plugin. -->","yoast_head_json":{"title":"DIAGN\u00d3STICO DIFERENCIAL EM PEDIATRIA - FisioCTI","robots":{"index":"index","follow":"follow","max-snippet":"max-snippet:-1","max-image-preview":"max-image-preview:large","max-video-preview":"max-video-preview:-1"},"canonical":"https:\/\/fisiocti.com\/site\/cursos\/diagnostico-diferencial-em-pediatria\/","og_locale":"pt_BR","og_type":"article","og_title":"DIAGN\u00d3STICO DIFERENCIAL EM PEDIATRIA - FisioCTI","og_description":"Edi\u00e7\u00e3o:\u00a03 Ano: 2013 Idioma: Portugu\u00eas Autor:\u00a0Alves\/IMIP P\u00e1ginas:\u00a0880 Editora: Medbook ISBN: 8599977911 Encaderna\u00e7\u00e3o:\u00a0Brochura","og_url":"https:\/\/fisiocti.com\/site\/cursos\/diagnostico-diferencial-em-pediatria\/","og_site_name":"FisioCTI","article_publisher":"https:\/\/www.facebook.com\/fisiocti\/","article_modified_time":"2017-11-06T14:37:03+00:00","og_image":[{"width":300,"height":414,"url":"https:\/\/fisiocti.com\/site\/wp-content\/uploads\/2017\/11\/P01457460664-e1509978501123.jpg","type":"image\/jpeg"}],"twitter_card":"summary_large_image","twitter_misc":{"Est. tempo de leitura":"2 minutos"},"schema":{"@context":"https:\/\/schema.org","@graph":[{"@type":"WebPage","@id":"https:\/\/fisiocti.com\/site\/cursos\/diagnostico-diferencial-em-pediatria\/","url":"https:\/\/fisiocti.com\/site\/cursos\/diagnostico-diferencial-em-pediatria\/","name":"DIAGN\u00d3STICO DIFERENCIAL EM PEDIATRIA - FisioCTI","isPartOf":{"@id":"https:\/\/fisiocti.com\/site\/#website"},"datePublished":"2017-11-06T14:23:00+00:00","dateModified":"2017-11-06T14:37:03+00:00","breadcrumb":{"@id":"https:\/\/fisiocti.com\/site\/cursos\/diagnostico-diferencial-em-pediatria\/#breadcrumb"},"inLanguage":"pt-BR","potentialAction":[{"@type":"ReadAction","target":["https:\/\/fisiocti.com\/site\/cursos\/diagnostico-diferencial-em-pediatria\/"]}]},{"@type":"BreadcrumbList","@id":"https:\/\/fisiocti.com\/site\/cursos\/diagnostico-diferencial-em-pediatria\/#breadcrumb","itemListElement":[{"@type":"ListItem","position":1,"name":"In\u00edcio","item":"https:\/\/fisiocti.com\/site\/"},{"@type":"ListItem","position":2,"name":"Produtos","item":"https:\/\/fisiocti.com\/site\/produtos\/"},{"@type":"ListItem","position":3,"name":"DIAGN\u00d3STICO DIFERENCIAL EM PEDIATRIA"}]},{"@type":"WebSite","@id":"https:\/\/fisiocti.com\/site\/#website","url":"https:\/\/fisiocti.com\/site\/","name":"FisioCTI","description":"Conectando teoria e pr\u00e1tica","publisher":{"@id":"https:\/\/fisiocti.com\/site\/#\/schema\/person\/e41d8e5a7a403cfbceeeb0d19e22ee50"},"potentialAction":[{"@type":"SearchAction","target":{"@type":"EntryPoint","urlTemplate":"https:\/\/fisiocti.com\/site\/?s={search_term_string}"},"query-input":"required name=search_term_string"}],"inLanguage":"pt-BR"},{"@type":["Person","Organization"],"@id":"https:\/\/fisiocti.com\/site\/#\/schema\/person\/e41d8e5a7a403cfbceeeb0d19e22ee50","name":"Elizabeth Cunha","image":{"@type":"ImageObject","inLanguage":"pt-BR","@id":"https:\/\/fisiocti.com\/site\/#\/schema\/person\/image\/","url":"https:\/\/fisiocti.com\/site\/wp-content\/uploads\/2022\/09\/LOGOMARCA-SEM-FUNDO.png","contentUrl":"https:\/\/fisiocti.com\/site\/wp-content\/uploads\/2022\/09\/LOGOMARCA-SEM-FUNDO.png","width":504,"height":504,"caption":"Elizabeth Cunha"},"logo":{"@id":"https:\/\/fisiocti.com\/site\/#\/schema\/person\/image\/"},"sameAs":["https:\/\/www.facebook.com\/fisiocti\/","https:\/\/www.instagram.com\/fisiocti\/","https:\/\/twitter.com\/https:\/\/www.twitter.com\/fisiocti\/","https:\/\/www.youtube.com\/@fisiocti"]}]}},"_links":{"self":[{"href":"https:\/\/fisiocti.com\/site\/wp-json\/wp\/v2\/product\/2599"}],"collection":[{"href":"https:\/\/fisiocti.com\/site\/wp-json\/wp\/v2\/product"}],"about":[{"href":"https:\/\/fisiocti.com\/site\/wp-json\/wp\/v2\/types\/product"}],"replies":[{"embeddable":true,"href":"https:\/\/fisiocti.com\/site\/wp-json\/wp\/v2\/comments?post=2599"}],"wp:featuredmedia":[{"embeddable":true,"href":"https:\/\/fisiocti.com\/site\/wp-json\/wp\/v2\/media\/2600"}],"wp:attachment":[{"href":"https:\/\/fisiocti.com\/site\/wp-json\/wp\/v2\/media?parent=2599"}],"curies":[{"name":"wp","href":"https:\/\/api.w.org\/{rel}","templated":true}]}}