{"id":2601,"date":"2017-11-06T12:35:06","date_gmt":"2017-11-06T14:35:06","guid":{"rendered":"http:\/\/www.fisiocti.com\/site\/?post_type=product&#038;p=2601"},"modified":"2017-11-06T12:37:14","modified_gmt":"2017-11-06T14:37:14","slug":"pediatria-ambulatorial","status":"publish","type":"product","link":"https:\/\/fisiocti.com\/site\/cursos\/pediatria-ambulatorial\/","title":{"rendered":"PEDIATRIA AMBULATORIAL"},"content":{"rendered":"<p>O ambulat\u00f3rio continua a ser um espa\u00e7o privilegiado de aprendizagem em v\u00e1rios n\u00edveis de forma\u00e7\u00e3o da gradua\u00e7\u00e3o, internato e resid\u00eancia. Ensinar pediatria no ambulat\u00f3rio n\u00e3o \u00e9 tarefa f\u00e1cil; entretanto, nenhum outro cen\u00e1rio possibilita um atendimento t\u00e3o amplo com o envolvimento do n\u00facleo familiar. O livro Pediatria Ambulatorial \u2013 2\u00aa edi\u00e7\u00e3o foi dividido em XVII se\u00e7\u00f5es. Na primeira se\u00e7\u00e3o s\u00e3o discutidos os aspectos gerais do atendimento ambulatorial, destacando-se a organiza\u00e7\u00e3o de um servi\u00e7o ambulatorial, aspectos epidemiol\u00f3gicos e assistenciais e as particularidades da semiologia pedi\u00e1trica. Na segunda, a puericultura \u00e9 resgatada como a \u00e1rea mais nobre da pediatria, j\u00e1 que ir\u00e1 proporcionar \u00e0s nossas crian\u00e7as condi\u00e7\u00f5es de pleno desenvolvimento de suas potencialidades gen\u00e9ticas e a garantia de promo\u00e7\u00e3o da sa\u00fade e preven\u00e7\u00e3o de doen\u00e7as. O restante da obra \u00e9 dedicado \u00e0s principais doen\u00e7as atendidas em um ambulat\u00f3rio geral de pediatria, abordando temas que o pediatra precisa conhecer para lidar com novas e antigas situa\u00e7\u00f5es.<\/p>\n<p>&nbsp;<\/p>\n<p>&nbsp;<\/p>\n","protected":false},"excerpt":{"rendered":"<p><strong>Edi\u00e7\u00e3o:<\/strong>\u00a02<br \/>\n<strong>Ano<\/strong>: 2017<br \/>\n<strong>Idioma<\/strong>: Portugu\u00eas<br \/>\n<strong>Autor:<\/strong> Fonseca Lima, Eduardo Jorge de &#8211; Souza, M\u00e1rcio Fernando Tavares de &#8211; Brito, Rita de C\u00e1ssia Coelho Moraes<br \/>\n<strong>P\u00e1ginas:<\/strong>\u00a0720<br \/>\n<strong>Editora<\/strong>: Medbook<br \/>\n<strong>ISBN<\/strong>:\u00a08599977911<br \/>\n<strong>Encaderna\u00e7\u00e3o:<\/strong>\u00a0Brochura<\/p>\n","protected":false},"featured_media":2602,"comment_status":"closed","ping_status":"closed","template":"","meta":[],"yoast_head":"<!-- This site is optimized with the Yoast SEO plugin v20.1 - https:\/\/yoast.com\/wordpress\/plugins\/seo\/ -->\n<title>PEDIATRIA AMBULATORIAL - FisioCTI<\/title>\n<meta name=\"robots\" content=\"index, follow, max-snippet:-1, max-image-preview:large, max-video-preview:-1\" \/>\n<link rel=\"canonical\" href=\"https:\/\/fisiocti.com\/site\/cursos\/pediatria-ambulatorial\/\" \/>\n<meta property=\"og:locale\" content=\"pt_BR\" \/>\n<meta property=\"og:type\" content=\"article\" \/>\n<meta property=\"og:title\" content=\"PEDIATRIA AMBULATORIAL - FisioCTI\" \/>\n<meta property=\"og:description\" content=\"Edi\u00e7\u00e3o:\u00a02 Ano: 2017 Idioma: Portugu\u00eas Autor: Fonseca Lima, Eduardo Jorge de - Souza, M\u00e1rcio Fernando Tavares de - Brito, Rita de C\u00e1ssia Coelho Moraes P\u00e1ginas:\u00a0720 Editora: Medbook ISBN:\u00a08599977911 Encaderna\u00e7\u00e3o:\u00a0Brochura\" \/>\n<meta property=\"og:url\" content=\"https:\/\/fisiocti.com\/site\/cursos\/pediatria-ambulatorial\/\" \/>\n<meta property=\"og:site_name\" content=\"FisioCTI\" \/>\n<meta property=\"article:publisher\" content=\"https:\/\/www.facebook.com\/fisiocti\/\" \/>\n<meta property=\"article:modified_time\" content=\"2017-11-06T14:37:14+00:00\" \/>\n<meta property=\"og:image\" content=\"https:\/\/fisiocti.com\/site\/wp-content\/uploads\/2017\/11\/Z6602-e1509978972576.jpg\" \/>\n\t<meta property=\"og:image:width\" content=\"400\" \/>\n\t<meta property=\"og:image:height\" content=\"538\" \/>\n\t<meta property=\"og:image:type\" content=\"image\/jpeg\" \/>\n<meta name=\"twitter:card\" content=\"summary_large_image\" \/>\n<meta name=\"twitter:label1\" content=\"Est. tempo de leitura\" \/>\n\t<meta name=\"twitter:data1\" content=\"1 minuto\" \/>\n<script type=\"application\/ld+json\" class=\"yoast-schema-graph\">{\"@context\":\"https:\/\/schema.org\",\"@graph\":[{\"@type\":\"WebPage\",\"@id\":\"https:\/\/fisiocti.com\/site\/cursos\/pediatria-ambulatorial\/\",\"url\":\"https:\/\/fisiocti.com\/site\/cursos\/pediatria-ambulatorial\/\",\"name\":\"PEDIATRIA AMBULATORIAL - FisioCTI\",\"isPartOf\":{\"@id\":\"https:\/\/fisiocti.com\/site\/#website\"},\"datePublished\":\"2017-11-06T14:35:06+00:00\",\"dateModified\":\"2017-11-06T14:37:14+00:00\",\"breadcrumb\":{\"@id\":\"https:\/\/fisiocti.com\/site\/cursos\/pediatria-ambulatorial\/#breadcrumb\"},\"inLanguage\":\"pt-BR\",\"potentialAction\":[{\"@type\":\"ReadAction\",\"target\":[\"https:\/\/fisiocti.com\/site\/cursos\/pediatria-ambulatorial\/\"]}]},{\"@type\":\"BreadcrumbList\",\"@id\":\"https:\/\/fisiocti.com\/site\/cursos\/pediatria-ambulatorial\/#breadcrumb\",\"itemListElement\":[{\"@type\":\"ListItem\",\"position\":1,\"name\":\"In\u00edcio\",\"item\":\"https:\/\/fisiocti.com\/site\/\"},{\"@type\":\"ListItem\",\"position\":2,\"name\":\"Produtos\",\"item\":\"https:\/\/fisiocti.com\/site\/produtos\/\"},{\"@type\":\"ListItem\",\"position\":3,\"name\":\"PEDIATRIA AMBULATORIAL\"}]},{\"@type\":\"WebSite\",\"@id\":\"https:\/\/fisiocti.com\/site\/#website\",\"url\":\"https:\/\/fisiocti.com\/site\/\",\"name\":\"FisioCTI\",\"description\":\"Conectando teoria e pr\u00e1tica\",\"publisher\":{\"@id\":\"https:\/\/fisiocti.com\/site\/#\/schema\/person\/e41d8e5a7a403cfbceeeb0d19e22ee50\"},\"potentialAction\":[{\"@type\":\"SearchAction\",\"target\":{\"@type\":\"EntryPoint\",\"urlTemplate\":\"https:\/\/fisiocti.com\/site\/?s={search_term_string}\"},\"query-input\":\"required name=search_term_string\"}],\"inLanguage\":\"pt-BR\"},{\"@type\":[\"Person\",\"Organization\"],\"@id\":\"https:\/\/fisiocti.com\/site\/#\/schema\/person\/e41d8e5a7a403cfbceeeb0d19e22ee50\",\"name\":\"Elizabeth Cunha\",\"image\":{\"@type\":\"ImageObject\",\"inLanguage\":\"pt-BR\",\"@id\":\"https:\/\/fisiocti.com\/site\/#\/schema\/person\/image\/\",\"url\":\"https:\/\/fisiocti.com\/site\/wp-content\/uploads\/2022\/09\/LOGOMARCA-SEM-FUNDO.png\",\"contentUrl\":\"https:\/\/fisiocti.com\/site\/wp-content\/uploads\/2022\/09\/LOGOMARCA-SEM-FUNDO.png\",\"width\":504,\"height\":504,\"caption\":\"Elizabeth Cunha\"},\"logo\":{\"@id\":\"https:\/\/fisiocti.com\/site\/#\/schema\/person\/image\/\"},\"sameAs\":[\"https:\/\/www.facebook.com\/fisiocti\/\",\"https:\/\/www.instagram.com\/fisiocti\/\",\"https:\/\/twitter.com\/https:\/\/www.twitter.com\/fisiocti\/\",\"https:\/\/www.youtube.com\/@fisiocti\"]}]}<\/script>\n<!-- \/ Yoast SEO plugin. -->","yoast_head_json":{"title":"PEDIATRIA AMBULATORIAL - FisioCTI","robots":{"index":"index","follow":"follow","max-snippet":"max-snippet:-1","max-image-preview":"max-image-preview:large","max-video-preview":"max-video-preview:-1"},"canonical":"https:\/\/fisiocti.com\/site\/cursos\/pediatria-ambulatorial\/","og_locale":"pt_BR","og_type":"article","og_title":"PEDIATRIA AMBULATORIAL - FisioCTI","og_description":"Edi\u00e7\u00e3o:\u00a02 Ano: 2017 Idioma: Portugu\u00eas Autor: Fonseca Lima, Eduardo Jorge de - Souza, M\u00e1rcio Fernando Tavares de - Brito, Rita de C\u00e1ssia Coelho Moraes P\u00e1ginas:\u00a0720 Editora: Medbook ISBN:\u00a08599977911 Encaderna\u00e7\u00e3o:\u00a0Brochura","og_url":"https:\/\/fisiocti.com\/site\/cursos\/pediatria-ambulatorial\/","og_site_name":"FisioCTI","article_publisher":"https:\/\/www.facebook.com\/fisiocti\/","article_modified_time":"2017-11-06T14:37:14+00:00","og_image":[{"width":400,"height":538,"url":"https:\/\/fisiocti.com\/site\/wp-content\/uploads\/2017\/11\/Z6602-e1509978972576.jpg","type":"image\/jpeg"}],"twitter_card":"summary_large_image","twitter_misc":{"Est. tempo de leitura":"1 minuto"},"schema":{"@context":"https:\/\/schema.org","@graph":[{"@type":"WebPage","@id":"https:\/\/fisiocti.com\/site\/cursos\/pediatria-ambulatorial\/","url":"https:\/\/fisiocti.com\/site\/cursos\/pediatria-ambulatorial\/","name":"PEDIATRIA AMBULATORIAL - FisioCTI","isPartOf":{"@id":"https:\/\/fisiocti.com\/site\/#website"},"datePublished":"2017-11-06T14:35:06+00:00","dateModified":"2017-11-06T14:37:14+00:00","breadcrumb":{"@id":"https:\/\/fisiocti.com\/site\/cursos\/pediatria-ambulatorial\/#breadcrumb"},"inLanguage":"pt-BR","potentialAction":[{"@type":"ReadAction","target":["https:\/\/fisiocti.com\/site\/cursos\/pediatria-ambulatorial\/"]}]},{"@type":"BreadcrumbList","@id":"https:\/\/fisiocti.com\/site\/cursos\/pediatria-ambulatorial\/#breadcrumb","itemListElement":[{"@type":"ListItem","position":1,"name":"In\u00edcio","item":"https:\/\/fisiocti.com\/site\/"},{"@type":"ListItem","position":2,"name":"Produtos","item":"https:\/\/fisiocti.com\/site\/produtos\/"},{"@type":"ListItem","position":3,"name":"PEDIATRIA AMBULATORIAL"}]},{"@type":"WebSite","@id":"https:\/\/fisiocti.com\/site\/#website","url":"https:\/\/fisiocti.com\/site\/","name":"FisioCTI","description":"Conectando teoria e pr\u00e1tica","publisher":{"@id":"https:\/\/fisiocti.com\/site\/#\/schema\/person\/e41d8e5a7a403cfbceeeb0d19e22ee50"},"potentialAction":[{"@type":"SearchAction","target":{"@type":"EntryPoint","urlTemplate":"https:\/\/fisiocti.com\/site\/?s={search_term_string}"},"query-input":"required name=search_term_string"}],"inLanguage":"pt-BR"},{"@type":["Person","Organization"],"@id":"https:\/\/fisiocti.com\/site\/#\/schema\/person\/e41d8e5a7a403cfbceeeb0d19e22ee50","name":"Elizabeth Cunha","image":{"@type":"ImageObject","inLanguage":"pt-BR","@id":"https:\/\/fisiocti.com\/site\/#\/schema\/person\/image\/","url":"https:\/\/fisiocti.com\/site\/wp-content\/uploads\/2022\/09\/LOGOMARCA-SEM-FUNDO.png","contentUrl":"https:\/\/fisiocti.com\/site\/wp-content\/uploads\/2022\/09\/LOGOMARCA-SEM-FUNDO.png","width":504,"height":504,"caption":"Elizabeth Cunha"},"logo":{"@id":"https:\/\/fisiocti.com\/site\/#\/schema\/person\/image\/"},"sameAs":["https:\/\/www.facebook.com\/fisiocti\/","https:\/\/www.instagram.com\/fisiocti\/","https:\/\/twitter.com\/https:\/\/www.twitter.com\/fisiocti\/","https:\/\/www.youtube.com\/@fisiocti"]}]}},"_links":{"self":[{"href":"https:\/\/fisiocti.com\/site\/wp-json\/wp\/v2\/product\/2601"}],"collection":[{"href":"https:\/\/fisiocti.com\/site\/wp-json\/wp\/v2\/product"}],"about":[{"href":"https:\/\/fisiocti.com\/site\/wp-json\/wp\/v2\/types\/product"}],"replies":[{"embeddable":true,"href":"https:\/\/fisiocti.com\/site\/wp-json\/wp\/v2\/comments?post=2601"}],"wp:featuredmedia":[{"embeddable":true,"href":"https:\/\/fisiocti.com\/site\/wp-json\/wp\/v2\/media\/2602"}],"wp:attachment":[{"href":"https:\/\/fisiocti.com\/site\/wp-json\/wp\/v2\/media?parent=2601"}],"curies":[{"name":"wp","href":"https:\/\/api.w.org\/{rel}","templated":true}]}}