{"id":2603,"date":"2017-11-06T12:42:50","date_gmt":"2017-11-06T14:42:50","guid":{"rendered":"http:\/\/www.fisiocti.com\/site\/?post_type=product&#038;p=2603"},"modified":"2017-11-06T12:42:50","modified_gmt":"2017-11-06T14:42:50","slug":"paralisia-cerebral-neurologia-ortopedia-e-reabilitacao","status":"publish","type":"product","link":"https:\/\/fisiocti.com\/site\/cursos\/paralisia-cerebral-neurologia-ortopedia-e-reabilitacao\/","title":{"rendered":"PARALISIA CEREBRAL &#8211; NEUROLOGIA, ORTOPEDIA E REABILITA\u00c7\u00c3O"},"content":{"rendered":"<p>O livro Paralisia Cerebral &#8211; Neurologia, Ortopedia e Reabilita\u00e7\u00e3o foi totalmente revisado e atualizado. Nesta segunda edi\u00e7\u00e3o, foram acrescentados novos avan\u00e7os, novas figuras e novos cap\u00edtulos para suprir as necessidades atuais dos que se interessam pelas variadas nuan\u00e7as e peculiaridades da paralisia cerebral. Seus cap\u00edtulos procuram conceituar e abordar de maneira clara e objetiva os princ\u00edpios do tratamento e cobrem de forma pr\u00e1tica o dia-a-dia de quem trabalha com a crian\u00e7a especial.Nesta segunda edi\u00e7\u00e3o novos conceitos s\u00e3o exaustivamente discutidos por diversos autores, de diversas \u00e1reas da neurologia, ortopedia e reabilita\u00e7\u00e3o, que procuraram passar aos leitores suas experi\u00eancias no tratamento desta patologia \u00fanica que exige n\u00e3o-somente conhecimentos cient\u00edficos, mas um envolvimento mais profundo entre paciente, fam\u00edlia, terapeutas e m\u00e9dicos.<\/p>\n<p>&nbsp;<\/p>\n<p>SUM\u00c1RIO SE\u00c7\u00c3O I \u2013 NEUROLOGIA 1. Humanizando o momento da not\u00edcia 2. Aspectos pr\u00e9-natais determinantes da paralisia cerebral 3. Exame neurol\u00f3gico: sinais de alerta na paralisia cerebral 4. Paralisia cerebral: aspectos neuropatol\u00f3gicos e fisiopatologia 5. Neuroimagem e gen\u00e9tica na avalia\u00e7\u00e3o das malforma\u00e7\u00f5es do SNC 6. Paralisia cerebral: classifica\u00e7\u00e3o e apresenta\u00e7\u00e3o cl\u00ednica 7. Abordagem neurol\u00f3gica da crian\u00e7a com paralisia cerebral: causas e exames complementares 8. Influ\u00eancia da terapia sobre os processos pl\u00e1sticos do sistema nervoso 9. Abordagem nutricional do paciente com paralisia cerebral 10. Tratamento medicamentoso da espasticidade na paralisia cerebral 11. Uso da toxina botul\u00ednica (TBA) no tratamento da crian\u00e7a com paralisia cerebral 12. Manejo da espasticidade na paralisia cerebral: rizotomia dorsal seletiva (RDS) 13. Bomba de baclofeno: tratamento de espasticidade e distonia 14. Manifesta\u00e7\u00f5es epil\u00e9pticas na paralisia cerebral 15. Dieta cetog\u00eanica 16. Paralisia cerebral: diagn\u00f3stico diferencial 17. Hidrocefalia 18. Terapia celular em neurologia infantil SE\u00c7\u00c3O II \u2013 ORTOPEDIA 19. Abordagem ortop\u00e9dica da crian\u00e7a com paralisia cerebral 20. Exame ortop\u00e9dico na paralisia cerebral 21. A marcha na paralisia cerebral 22. Membro superior na paralisia cerebral 23. Tratamento cir\u00fargico da escoliose em pacientes com paralisia cerebral 24. O quadril na paralisia cerebral 25. O joelho na paralisia cerebral 26. Tratamento do p\u00e9 da crian\u00e7a com paralisia cerebral SE\u00c7\u00c3O III \u2013 REABILITA\u00c7\u00c3O 27. Aspectos motivacionais na reabilita\u00e7\u00e3o da paralisia cerebral 28. A odontologia e a crian\u00e7a portadora de paralisia cerebral 29. Um novo olhar para os portadores de defici\u00eancia 30. A psicologia no tratamento de crian\u00e7as com paralisia cerebral 31. Vis\u00e3o da fisiatria no tratamento da crian\u00e7a com paralisia cerebral 32. Atua\u00e7\u00e3o da fisioterapia no tratamento da crian\u00e7a com paralisia cerebral 33. Uso de \u00f3rteses para os membros inferiores da crian\u00e7a com paralisia cerebral 34. Evid\u00eancias das interven\u00e7\u00f5es fisioter\u00e1picas para crian\u00e7as em paralisia cerebral 35. Atua\u00e7\u00e3o da terapia ocupacional no tratamento da crian\u00e7a com paralisia cerebral 36. A fonoaudiologia na paralisia cerebral 37. Uti neonatal: interven\u00e7\u00e3o precoce em beb\u00eas de alto risco de les\u00e3o cerebral 38. Utiliza\u00e7\u00e3o da comunica\u00e7\u00e3o suplementar e\/ou alternativa na paralisia cerebral 39. A utiliza\u00e7\u00e3o da inform\u00e1tica na paralisia cerebral: ossibilidades e recursos na cl\u00ednica da terapia ocupacional 40. Integra\u00e7\u00e3o sensorial na crian\u00e7a com paralisia cerebral 41. Abordagem centrada na fam\u00edlia: premissas, limita\u00e7\u00f5es e possibilidades 42. Interven\u00e7\u00e3o precoce 43. Instrumentos de classifica\u00e7\u00e3o e de avalia\u00e7\u00e3o para uso em crian\u00e7as com paralisia cerebral 44. Hipoterapia na crian\u00e7a com paralisia cerebral 45. Estimula\u00e7\u00e3o visual na paralisia cerebral 46. Aperfei\u00e7oamento e forma\u00e7\u00e3o no tratamento de baixa vis\u00e3o associada a disfun\u00e7\u00e3o neurol\u00f3gica 47. Perda auditiva e paralisia cerebral 48. Inclus\u00e3o e escolaridade 49. Musicoterapia e paralisia cerebral 50 . Esporteterapia como indutora da neuroplasticidade na paralisia cerebral 51. Tecnologia assistiva na paralisia cerebral 52. Tecnologia assistiva: equipamentos terap\u00eauticos personalizados 53. Futuro e perspectivas da pessoa com paralisia cerebral com grave acometimento motor: relato de experi\u00eancias 54. Paralisia cerebral e TDA\/H<\/p>\n","protected":false},"excerpt":{"rendered":"<p><strong>Edi\u00e7\u00e3o:<\/strong>\u00a02<br \/>\n<strong>Ano<\/strong>: 2008<br \/>\n<strong>Idioma<\/strong>: Portugu\u00eas<br \/>\n<strong>Autor:<\/strong> Fonseca, Luiz Fernando &#8211; Lima, Cesar Luiz Andrade<br \/>\n<strong>P\u00e1ginas:<\/strong>\u00a0688<br \/>\n<strong>Editora<\/strong>: Medbook<br \/>\n<strong>ISBN<\/strong>: 859997730X<br \/>\n<strong>Encaderna\u00e7\u00e3o:<\/strong>\u00a0Capa Dura<\/p>\n","protected":false},"featured_media":2604,"comment_status":"closed","ping_status":"closed","template":"","meta":[],"yoast_head":"<!-- This site is optimized with the Yoast SEO plugin v20.1 - https:\/\/yoast.com\/wordpress\/plugins\/seo\/ -->\n<title>PARALISIA CEREBRAL - NEUROLOGIA, ORTOPEDIA E REABILITA\u00c7\u00c3O - FisioCTI<\/title>\n<meta name=\"robots\" content=\"index, follow, max-snippet:-1, max-image-preview:large, max-video-preview:-1\" \/>\n<link rel=\"canonical\" href=\"https:\/\/fisiocti.com\/site\/cursos\/paralisia-cerebral-neurologia-ortopedia-e-reabilitacao\/\" \/>\n<meta property=\"og:locale\" content=\"pt_BR\" \/>\n<meta property=\"og:type\" content=\"article\" \/>\n<meta property=\"og:title\" content=\"PARALISIA CEREBRAL - NEUROLOGIA, ORTOPEDIA E REABILITA\u00c7\u00c3O - FisioCTI\" \/>\n<meta property=\"og:description\" content=\"Edi\u00e7\u00e3o:\u00a02 Ano: 2008 Idioma: Portugu\u00eas Autor: Fonseca, Luiz Fernando - Lima, Cesar Luiz Andrade P\u00e1ginas:\u00a0688 Editora: Medbook ISBN: 859997730X Encaderna\u00e7\u00e3o:\u00a0Capa Dura\" \/>\n<meta property=\"og:url\" content=\"https:\/\/fisiocti.com\/site\/cursos\/paralisia-cerebral-neurologia-ortopedia-e-reabilitacao\/\" \/>\n<meta property=\"og:site_name\" content=\"FisioCTI\" \/>\n<meta property=\"article:publisher\" content=\"https:\/\/www.facebook.com\/fisiocti\/\" \/>\n<meta property=\"og:image\" content=\"https:\/\/fisiocti.com\/site\/wp-content\/uploads\/2017\/11\/Z01457460611.jpg\" \/>\n\t<meta property=\"og:image:width\" content=\"283\" \/>\n\t<meta property=\"og:image:height\" content=\"378\" \/>\n\t<meta property=\"og:image:type\" content=\"image\/jpeg\" \/>\n<meta name=\"twitter:card\" content=\"summary_large_image\" \/>\n<meta name=\"twitter:label1\" content=\"Est. tempo de leitura\" \/>\n\t<meta name=\"twitter:data1\" content=\"3 minutos\" \/>\n<script type=\"application\/ld+json\" class=\"yoast-schema-graph\">{\"@context\":\"https:\/\/schema.org\",\"@graph\":[{\"@type\":\"WebPage\",\"@id\":\"https:\/\/fisiocti.com\/site\/cursos\/paralisia-cerebral-neurologia-ortopedia-e-reabilitacao\/\",\"url\":\"https:\/\/fisiocti.com\/site\/cursos\/paralisia-cerebral-neurologia-ortopedia-e-reabilitacao\/\",\"name\":\"PARALISIA CEREBRAL - NEUROLOGIA, ORTOPEDIA E REABILITA\u00c7\u00c3O - FisioCTI\",\"isPartOf\":{\"@id\":\"https:\/\/fisiocti.com\/site\/#website\"},\"datePublished\":\"2017-11-06T14:42:50+00:00\",\"dateModified\":\"2017-11-06T14:42:50+00:00\",\"breadcrumb\":{\"@id\":\"https:\/\/fisiocti.com\/site\/cursos\/paralisia-cerebral-neurologia-ortopedia-e-reabilitacao\/#breadcrumb\"},\"inLanguage\":\"pt-BR\",\"potentialAction\":[{\"@type\":\"ReadAction\",\"target\":[\"https:\/\/fisiocti.com\/site\/cursos\/paralisia-cerebral-neurologia-ortopedia-e-reabilitacao\/\"]}]},{\"@type\":\"BreadcrumbList\",\"@id\":\"https:\/\/fisiocti.com\/site\/cursos\/paralisia-cerebral-neurologia-ortopedia-e-reabilitacao\/#breadcrumb\",\"itemListElement\":[{\"@type\":\"ListItem\",\"position\":1,\"name\":\"In\u00edcio\",\"item\":\"https:\/\/fisiocti.com\/site\/\"},{\"@type\":\"ListItem\",\"position\":2,\"name\":\"Produtos\",\"item\":\"https:\/\/fisiocti.com\/site\/produtos\/\"},{\"@type\":\"ListItem\",\"position\":3,\"name\":\"PARALISIA CEREBRAL &#8211; NEUROLOGIA, ORTOPEDIA E REABILITA\u00c7\u00c3O\"}]},{\"@type\":\"WebSite\",\"@id\":\"https:\/\/fisiocti.com\/site\/#website\",\"url\":\"https:\/\/fisiocti.com\/site\/\",\"name\":\"FisioCTI\",\"description\":\"Conectando teoria e pr\u00e1tica\",\"publisher\":{\"@id\":\"https:\/\/fisiocti.com\/site\/#\/schema\/person\/e41d8e5a7a403cfbceeeb0d19e22ee50\"},\"potentialAction\":[{\"@type\":\"SearchAction\",\"target\":{\"@type\":\"EntryPoint\",\"urlTemplate\":\"https:\/\/fisiocti.com\/site\/?s={search_term_string}\"},\"query-input\":\"required name=search_term_string\"}],\"inLanguage\":\"pt-BR\"},{\"@type\":[\"Person\",\"Organization\"],\"@id\":\"https:\/\/fisiocti.com\/site\/#\/schema\/person\/e41d8e5a7a403cfbceeeb0d19e22ee50\",\"name\":\"Elizabeth Cunha\",\"image\":{\"@type\":\"ImageObject\",\"inLanguage\":\"pt-BR\",\"@id\":\"https:\/\/fisiocti.com\/site\/#\/schema\/person\/image\/\",\"url\":\"https:\/\/fisiocti.com\/site\/wp-content\/uploads\/2022\/09\/LOGOMARCA-SEM-FUNDO.png\",\"contentUrl\":\"https:\/\/fisiocti.com\/site\/wp-content\/uploads\/2022\/09\/LOGOMARCA-SEM-FUNDO.png\",\"width\":504,\"height\":504,\"caption\":\"Elizabeth Cunha\"},\"logo\":{\"@id\":\"https:\/\/fisiocti.com\/site\/#\/schema\/person\/image\/\"},\"sameAs\":[\"https:\/\/www.facebook.com\/fisiocti\/\",\"https:\/\/www.instagram.com\/fisiocti\/\",\"https:\/\/twitter.com\/https:\/\/www.twitter.com\/fisiocti\/\",\"https:\/\/www.youtube.com\/@fisiocti\"]}]}<\/script>\n<!-- \/ Yoast SEO plugin. -->","yoast_head_json":{"title":"PARALISIA CEREBRAL - NEUROLOGIA, ORTOPEDIA E REABILITA\u00c7\u00c3O - FisioCTI","robots":{"index":"index","follow":"follow","max-snippet":"max-snippet:-1","max-image-preview":"max-image-preview:large","max-video-preview":"max-video-preview:-1"},"canonical":"https:\/\/fisiocti.com\/site\/cursos\/paralisia-cerebral-neurologia-ortopedia-e-reabilitacao\/","og_locale":"pt_BR","og_type":"article","og_title":"PARALISIA CEREBRAL - NEUROLOGIA, ORTOPEDIA E REABILITA\u00c7\u00c3O - FisioCTI","og_description":"Edi\u00e7\u00e3o:\u00a02 Ano: 2008 Idioma: Portugu\u00eas Autor: Fonseca, Luiz Fernando - Lima, Cesar Luiz Andrade P\u00e1ginas:\u00a0688 Editora: Medbook ISBN: 859997730X Encaderna\u00e7\u00e3o:\u00a0Capa Dura","og_url":"https:\/\/fisiocti.com\/site\/cursos\/paralisia-cerebral-neurologia-ortopedia-e-reabilitacao\/","og_site_name":"FisioCTI","article_publisher":"https:\/\/www.facebook.com\/fisiocti\/","og_image":[{"width":283,"height":378,"url":"https:\/\/fisiocti.com\/site\/wp-content\/uploads\/2017\/11\/Z01457460611.jpg","type":"image\/jpeg"}],"twitter_card":"summary_large_image","twitter_misc":{"Est. tempo de leitura":"3 minutos"},"schema":{"@context":"https:\/\/schema.org","@graph":[{"@type":"WebPage","@id":"https:\/\/fisiocti.com\/site\/cursos\/paralisia-cerebral-neurologia-ortopedia-e-reabilitacao\/","url":"https:\/\/fisiocti.com\/site\/cursos\/paralisia-cerebral-neurologia-ortopedia-e-reabilitacao\/","name":"PARALISIA CEREBRAL - NEUROLOGIA, ORTOPEDIA E REABILITA\u00c7\u00c3O - FisioCTI","isPartOf":{"@id":"https:\/\/fisiocti.com\/site\/#website"},"datePublished":"2017-11-06T14:42:50+00:00","dateModified":"2017-11-06T14:42:50+00:00","breadcrumb":{"@id":"https:\/\/fisiocti.com\/site\/cursos\/paralisia-cerebral-neurologia-ortopedia-e-reabilitacao\/#breadcrumb"},"inLanguage":"pt-BR","potentialAction":[{"@type":"ReadAction","target":["https:\/\/fisiocti.com\/site\/cursos\/paralisia-cerebral-neurologia-ortopedia-e-reabilitacao\/"]}]},{"@type":"BreadcrumbList","@id":"https:\/\/fisiocti.com\/site\/cursos\/paralisia-cerebral-neurologia-ortopedia-e-reabilitacao\/#breadcrumb","itemListElement":[{"@type":"ListItem","position":1,"name":"In\u00edcio","item":"https:\/\/fisiocti.com\/site\/"},{"@type":"ListItem","position":2,"name":"Produtos","item":"https:\/\/fisiocti.com\/site\/produtos\/"},{"@type":"ListItem","position":3,"name":"PARALISIA CEREBRAL &#8211; NEUROLOGIA, ORTOPEDIA E REABILITA\u00c7\u00c3O"}]},{"@type":"WebSite","@id":"https:\/\/fisiocti.com\/site\/#website","url":"https:\/\/fisiocti.com\/site\/","name":"FisioCTI","description":"Conectando teoria e pr\u00e1tica","publisher":{"@id":"https:\/\/fisiocti.com\/site\/#\/schema\/person\/e41d8e5a7a403cfbceeeb0d19e22ee50"},"potentialAction":[{"@type":"SearchAction","target":{"@type":"EntryPoint","urlTemplate":"https:\/\/fisiocti.com\/site\/?s={search_term_string}"},"query-input":"required name=search_term_string"}],"inLanguage":"pt-BR"},{"@type":["Person","Organization"],"@id":"https:\/\/fisiocti.com\/site\/#\/schema\/person\/e41d8e5a7a403cfbceeeb0d19e22ee50","name":"Elizabeth Cunha","image":{"@type":"ImageObject","inLanguage":"pt-BR","@id":"https:\/\/fisiocti.com\/site\/#\/schema\/person\/image\/","url":"https:\/\/fisiocti.com\/site\/wp-content\/uploads\/2022\/09\/LOGOMARCA-SEM-FUNDO.png","contentUrl":"https:\/\/fisiocti.com\/site\/wp-content\/uploads\/2022\/09\/LOGOMARCA-SEM-FUNDO.png","width":504,"height":504,"caption":"Elizabeth Cunha"},"logo":{"@id":"https:\/\/fisiocti.com\/site\/#\/schema\/person\/image\/"},"sameAs":["https:\/\/www.facebook.com\/fisiocti\/","https:\/\/www.instagram.com\/fisiocti\/","https:\/\/twitter.com\/https:\/\/www.twitter.com\/fisiocti\/","https:\/\/www.youtube.com\/@fisiocti"]}]}},"_links":{"self":[{"href":"https:\/\/fisiocti.com\/site\/wp-json\/wp\/v2\/product\/2603"}],"collection":[{"href":"https:\/\/fisiocti.com\/site\/wp-json\/wp\/v2\/product"}],"about":[{"href":"https:\/\/fisiocti.com\/site\/wp-json\/wp\/v2\/types\/product"}],"replies":[{"embeddable":true,"href":"https:\/\/fisiocti.com\/site\/wp-json\/wp\/v2\/comments?post=2603"}],"wp:featuredmedia":[{"embeddable":true,"href":"https:\/\/fisiocti.com\/site\/wp-json\/wp\/v2\/media\/2604"}],"wp:attachment":[{"href":"https:\/\/fisiocti.com\/site\/wp-json\/wp\/v2\/media?parent=2603"}],"curies":[{"name":"wp","href":"https:\/\/api.w.org\/{rel}","templated":true}]}}