{"id":2650,"date":"2017-12-13T12:01:32","date_gmt":"2017-12-13T14:01:32","guid":{"rendered":"http:\/\/www.fisiocti.com\/site\/?post_type=product&#038;p=2650"},"modified":"2025-09-30T07:27:21","modified_gmt":"2025-09-30T10:27:21","slug":"fisioterapia-esf","status":"publish","type":"product","link":"https:\/\/fisiocti.com\/site\/cursos\/fisioterapia-esf\/","title":{"rendered":"FISIOTERAPIA NA SA\u00daDE DA FAM\u00cdLIA"},"content":{"rendered":"<p><strong>CONTE\u00daDO PROGRAM\u00c1TICO<\/strong><\/p>\n<ul>\n<li>SUS e a Aten\u00e7\u00e3o B\u00e1sica<\/li>\n<li>Estrat\u00e9gia de Sa\u00fade da Fam\u00edlia<\/li>\n<li>Panorama atual da atua\u00e7\u00e3o do Fisioterapeuta na ESF<\/li>\n<li>Fisioterapia e o NASF<\/li>\n<li>O fisioterapeuta como integrante da equipe m\u00ednima da ESF<\/li>\n<li>Ferramentas\n<ul>\n<li>Projeto Terap\u00eautico Singular<\/li>\n<li>Cl\u00ednica Ampliada<\/li>\n<\/ul>\n<\/li>\n<li>Potencialidades de atua\u00e7\u00e3o o Fisioterapeuta\n<ul>\n<li>Regula\u00e7\u00e3o<\/li>\n<li>Puericultura<\/li>\n<li>Sa\u00fade da Mulher<\/li>\n<li>Sa\u00fade do Idoso<\/li>\n<li>Atendimento de demanda<\/li>\n<li>Educa\u00e7\u00e3o em Sa\u00fade<\/li>\n<\/ul>\n<\/li>\n<li>Empreendedorismo na Estrat\u00e9gia da Sa\u00fade da Fam\u00edlia<\/li>\n<\/ul>\n","protected":false},"excerpt":{"rendered":"<table width=\"100%\">\n<tbody>\n<tr>\n<td width=\"50%\"><strong>P\u00daBLICO ALVO<\/strong><br \/>\nFisioterapeutas e acad\u00eamicos.<\/td>\n<td width=\"50%\"><strong>CARGA HOR\u00c1RIA<\/strong><br \/>\n4 horas<\/td>\n<\/tr>\n<tr>\n<td width=\"50%\"><strong>PR\u00d3XIMA TURMA<\/strong><br \/>\nPrevis\u00e3o 03\/2020<\/td>\n<td width=\"50%\"><strong>LOCAL<\/strong><br \/>\nRIO DE JANEIRO \/ RJ<\/td>\n<\/tr>\n<\/tbody>\n<\/table>\n<ul>\n<li><a href=\"https:\/\/api.whatsapp.com\/send?phone=5521982427985&amp;text=Gostaria%20de%20mais%20informa%C3%A7%C3%B5es%20sobre%20sobre%20o%20parcelamento%20em%20boleto%20do%20curso%20de%20FISIOTERAPIA%20NA%20SAUDE%20DA%20FAM%C3%8DLIA\"><img loading=\"lazy\" class=\"aligncenter wp-image-2701\" src=\"http:\/\/www.fisiocti.com\/site\/wp-content\/uploads\/2018\/01\/BOT\u00c3O-PARCELAMENTO-EM-BOLETO-300x101.jpg\" alt=\"BOT\u00c3O PARCELAMENTO EM BOLETO\" width=\"200\" height=\"67\" srcset=\"https:\/\/fisiocti.com\/site\/wp-content\/uploads\/2018\/01\/BOT\u00c3O-PARCELAMENTO-EM-BOLETO-300x101.jpg 300w, https:\/\/fisiocti.com\/site\/wp-content\/uploads\/2018\/01\/BOT\u00c3O-PARCELAMENTO-EM-BOLETO.jpg 400w\" sizes=\"(max-width: 200px) 100vw, 200px\" \/><\/a><br \/>\nA Estrat\u00e9gia da Sa\u00fade da Fam\u00edlia \u00e9 uma das \u00e1reas que mais cresce no Brasil com a expans\u00e3o do acesso a Aten\u00e7\u00e3o B\u00e1sica. Estar preparado para atuar nesse mercado \u00e9 fundamental!Al\u00e9m do aumento de vagas no SUS e na rede privada para a aten\u00e7\u00e3o prim\u00e1ria, ainda h\u00e1 a necessidade do fisioterapeuta, mesmo atuando no setor terci\u00e1rio, saber usar\u00a0essa rede a seu favor em prol de incrementar a qualidade de seu atendimento.Com uma linguagem simples, direta e descomplicada, como todos os cursos da FisioCTI, esse curso traz a base para entender como o sistema de sa\u00fade p\u00fablico e privado se organiza no cen\u00e1rio atual e \u00e9 uma excelente chance de se destacar no mercado.<\/li>\n<\/ul>\n<p>&nbsp;<\/p>\n","protected":false},"featured_media":2651,"comment_status":"open","ping_status":"closed","template":"","meta":[],"yoast_head":"<!-- This site is optimized with the Yoast SEO plugin v20.1 - https:\/\/yoast.com\/wordpress\/plugins\/seo\/ -->\n<title>FISIOTERAPIA NA SA\u00daDE DA FAM\u00cdLIA - FisioCTI<\/title>\n<meta name=\"robots\" content=\"index, follow, max-snippet:-1, max-image-preview:large, max-video-preview:-1\" \/>\n<link rel=\"canonical\" href=\"https:\/\/fisiocti.com\/site\/cursos\/fisioterapia-esf\/\" \/>\n<meta property=\"og:locale\" content=\"pt_BR\" \/>\n<meta property=\"og:type\" content=\"article\" \/>\n<meta property=\"og:title\" content=\"FISIOTERAPIA NA SA\u00daDE DA FAM\u00cdLIA - FisioCTI\" \/>\n<meta property=\"og:description\" content=\"P\u00daBLICO ALVO Fisioterapeutas e acad\u00eamicos. CARGA HOR\u00c1RIA 4 horas   PR\u00d3XIMA TURMA Previs\u00e3o 03\/2020 LOCAL RIO DE JANEIRO \/ RJ       A Estrat\u00e9gia da Sa\u00fade da Fam\u00edlia \u00e9 uma das \u00e1reas que mais cresce no Brasil com a expans\u00e3o do acesso a Aten\u00e7\u00e3o B\u00e1sica. Estar preparado para atuar nesse mercado \u00e9 fundamental!Al\u00e9m do aumento de vagas no SUS e na rede privada para a aten\u00e7\u00e3o prim\u00e1ria, ainda h\u00e1 a necessidade do fisioterapeuta, mesmo atuando no setor terci\u00e1rio, saber usar\u00a0essa rede a seu favor em prol de incrementar a qualidade de seu atendimento.Com uma linguagem simples, direta e descomplicada, como todos os cursos da FisioCTI, esse curso traz a base para entender como o sistema de sa\u00fade p\u00fablico e privado se organiza no cen\u00e1rio atual e \u00e9 uma excelente chance de se destacar no mercado.  &nbsp;\" \/>\n<meta property=\"og:url\" content=\"https:\/\/fisiocti.com\/site\/cursos\/fisioterapia-esf\/\" \/>\n<meta property=\"og:site_name\" content=\"FisioCTI\" \/>\n<meta property=\"article:publisher\" content=\"https:\/\/www.facebook.com\/fisiocti\/\" \/>\n<meta property=\"article:modified_time\" content=\"2025-09-30T10:27:21+00:00\" \/>\n<meta property=\"og:image\" content=\"https:\/\/fisiocti.com\/site\/wp-content\/uploads\/2017\/12\/ANUNCIO-PSF-FISIO-e1513173521123.jpg\" \/>\n\t<meta property=\"og:image:width\" content=\"504\" \/>\n\t<meta property=\"og:image:height\" content=\"504\" \/>\n\t<meta property=\"og:image:type\" content=\"image\/jpeg\" \/>\n<meta name=\"twitter:card\" content=\"summary_large_image\" \/>\n<script type=\"application\/ld+json\" class=\"yoast-schema-graph\">{\"@context\":\"https:\/\/schema.org\",\"@graph\":[{\"@type\":\"WebPage\",\"@id\":\"https:\/\/fisiocti.com\/site\/cursos\/fisioterapia-esf\/\",\"url\":\"https:\/\/fisiocti.com\/site\/cursos\/fisioterapia-esf\/\",\"name\":\"FISIOTERAPIA NA SA\u00daDE DA FAM\u00cdLIA - FisioCTI\",\"isPartOf\":{\"@id\":\"https:\/\/fisiocti.com\/site\/#website\"},\"datePublished\":\"2017-12-13T14:01:32+00:00\",\"dateModified\":\"2025-09-30T10:27:21+00:00\",\"breadcrumb\":{\"@id\":\"https:\/\/fisiocti.com\/site\/cursos\/fisioterapia-esf\/#breadcrumb\"},\"inLanguage\":\"pt-BR\",\"potentialAction\":[{\"@type\":\"ReadAction\",\"target\":[\"https:\/\/fisiocti.com\/site\/cursos\/fisioterapia-esf\/\"]}]},{\"@type\":\"BreadcrumbList\",\"@id\":\"https:\/\/fisiocti.com\/site\/cursos\/fisioterapia-esf\/#breadcrumb\",\"itemListElement\":[{\"@type\":\"ListItem\",\"position\":1,\"name\":\"In\u00edcio\",\"item\":\"https:\/\/fisiocti.com\/site\/\"},{\"@type\":\"ListItem\",\"position\":2,\"name\":\"Produtos\",\"item\":\"https:\/\/fisiocti.com\/site\/produtos\/\"},{\"@type\":\"ListItem\",\"position\":3,\"name\":\"FISIOTERAPIA NA SA\u00daDE DA FAM\u00cdLIA\"}]},{\"@type\":\"WebSite\",\"@id\":\"https:\/\/fisiocti.com\/site\/#website\",\"url\":\"https:\/\/fisiocti.com\/site\/\",\"name\":\"FisioCTI\",\"description\":\"Conectando teoria e pr\u00e1tica\",\"publisher\":{\"@id\":\"https:\/\/fisiocti.com\/site\/#\/schema\/person\/e41d8e5a7a403cfbceeeb0d19e22ee50\"},\"potentialAction\":[{\"@type\":\"SearchAction\",\"target\":{\"@type\":\"EntryPoint\",\"urlTemplate\":\"https:\/\/fisiocti.com\/site\/?s={search_term_string}\"},\"query-input\":\"required name=search_term_string\"}],\"inLanguage\":\"pt-BR\"},{\"@type\":[\"Person\",\"Organization\"],\"@id\":\"https:\/\/fisiocti.com\/site\/#\/schema\/person\/e41d8e5a7a403cfbceeeb0d19e22ee50\",\"name\":\"Elizabeth Cunha\",\"image\":{\"@type\":\"ImageObject\",\"inLanguage\":\"pt-BR\",\"@id\":\"https:\/\/fisiocti.com\/site\/#\/schema\/person\/image\/\",\"url\":\"https:\/\/fisiocti.com\/site\/wp-content\/uploads\/2022\/09\/LOGOMARCA-SEM-FUNDO.png\",\"contentUrl\":\"https:\/\/fisiocti.com\/site\/wp-content\/uploads\/2022\/09\/LOGOMARCA-SEM-FUNDO.png\",\"width\":504,\"height\":504,\"caption\":\"Elizabeth Cunha\"},\"logo\":{\"@id\":\"https:\/\/fisiocti.com\/site\/#\/schema\/person\/image\/\"},\"sameAs\":[\"https:\/\/www.facebook.com\/fisiocti\/\",\"https:\/\/www.instagram.com\/fisiocti\/\",\"https:\/\/twitter.com\/https:\/\/www.twitter.com\/fisiocti\/\",\"https:\/\/www.youtube.com\/@fisiocti\"]}]}<\/script>\n<!-- \/ Yoast SEO plugin. -->","yoast_head_json":{"title":"FISIOTERAPIA NA SA\u00daDE DA FAM\u00cdLIA - FisioCTI","robots":{"index":"index","follow":"follow","max-snippet":"max-snippet:-1","max-image-preview":"max-image-preview:large","max-video-preview":"max-video-preview:-1"},"canonical":"https:\/\/fisiocti.com\/site\/cursos\/fisioterapia-esf\/","og_locale":"pt_BR","og_type":"article","og_title":"FISIOTERAPIA NA SA\u00daDE DA FAM\u00cdLIA - FisioCTI","og_description":"P\u00daBLICO ALVO Fisioterapeutas e acad\u00eamicos. CARGA HOR\u00c1RIA 4 horas   PR\u00d3XIMA TURMA Previs\u00e3o 03\/2020 LOCAL RIO DE JANEIRO \/ RJ       A Estrat\u00e9gia da Sa\u00fade da Fam\u00edlia \u00e9 uma das \u00e1reas que mais cresce no Brasil com a expans\u00e3o do acesso a Aten\u00e7\u00e3o B\u00e1sica. Estar preparado para atuar nesse mercado \u00e9 fundamental!Al\u00e9m do aumento de vagas no SUS e na rede privada para a aten\u00e7\u00e3o prim\u00e1ria, ainda h\u00e1 a necessidade do fisioterapeuta, mesmo atuando no setor terci\u00e1rio, saber usar\u00a0essa rede a seu favor em prol de incrementar a qualidade de seu atendimento.Com uma linguagem simples, direta e descomplicada, como todos os cursos da FisioCTI, esse curso traz a base para entender como o sistema de sa\u00fade p\u00fablico e privado se organiza no cen\u00e1rio atual e \u00e9 uma excelente chance de se destacar no mercado.  &nbsp;","og_url":"https:\/\/fisiocti.com\/site\/cursos\/fisioterapia-esf\/","og_site_name":"FisioCTI","article_publisher":"https:\/\/www.facebook.com\/fisiocti\/","article_modified_time":"2025-09-30T10:27:21+00:00","og_image":[{"width":504,"height":504,"url":"https:\/\/fisiocti.com\/site\/wp-content\/uploads\/2017\/12\/ANUNCIO-PSF-FISIO-e1513173521123.jpg","type":"image\/jpeg"}],"twitter_card":"summary_large_image","schema":{"@context":"https:\/\/schema.org","@graph":[{"@type":"WebPage","@id":"https:\/\/fisiocti.com\/site\/cursos\/fisioterapia-esf\/","url":"https:\/\/fisiocti.com\/site\/cursos\/fisioterapia-esf\/","name":"FISIOTERAPIA NA SA\u00daDE DA FAM\u00cdLIA - FisioCTI","isPartOf":{"@id":"https:\/\/fisiocti.com\/site\/#website"},"datePublished":"2017-12-13T14:01:32+00:00","dateModified":"2025-09-30T10:27:21+00:00","breadcrumb":{"@id":"https:\/\/fisiocti.com\/site\/cursos\/fisioterapia-esf\/#breadcrumb"},"inLanguage":"pt-BR","potentialAction":[{"@type":"ReadAction","target":["https:\/\/fisiocti.com\/site\/cursos\/fisioterapia-esf\/"]}]},{"@type":"BreadcrumbList","@id":"https:\/\/fisiocti.com\/site\/cursos\/fisioterapia-esf\/#breadcrumb","itemListElement":[{"@type":"ListItem","position":1,"name":"In\u00edcio","item":"https:\/\/fisiocti.com\/site\/"},{"@type":"ListItem","position":2,"name":"Produtos","item":"https:\/\/fisiocti.com\/site\/produtos\/"},{"@type":"ListItem","position":3,"name":"FISIOTERAPIA NA SA\u00daDE DA FAM\u00cdLIA"}]},{"@type":"WebSite","@id":"https:\/\/fisiocti.com\/site\/#website","url":"https:\/\/fisiocti.com\/site\/","name":"FisioCTI","description":"Conectando teoria e pr\u00e1tica","publisher":{"@id":"https:\/\/fisiocti.com\/site\/#\/schema\/person\/e41d8e5a7a403cfbceeeb0d19e22ee50"},"potentialAction":[{"@type":"SearchAction","target":{"@type":"EntryPoint","urlTemplate":"https:\/\/fisiocti.com\/site\/?s={search_term_string}"},"query-input":"required name=search_term_string"}],"inLanguage":"pt-BR"},{"@type":["Person","Organization"],"@id":"https:\/\/fisiocti.com\/site\/#\/schema\/person\/e41d8e5a7a403cfbceeeb0d19e22ee50","name":"Elizabeth Cunha","image":{"@type":"ImageObject","inLanguage":"pt-BR","@id":"https:\/\/fisiocti.com\/site\/#\/schema\/person\/image\/","url":"https:\/\/fisiocti.com\/site\/wp-content\/uploads\/2022\/09\/LOGOMARCA-SEM-FUNDO.png","contentUrl":"https:\/\/fisiocti.com\/site\/wp-content\/uploads\/2022\/09\/LOGOMARCA-SEM-FUNDO.png","width":504,"height":504,"caption":"Elizabeth Cunha"},"logo":{"@id":"https:\/\/fisiocti.com\/site\/#\/schema\/person\/image\/"},"sameAs":["https:\/\/www.facebook.com\/fisiocti\/","https:\/\/www.instagram.com\/fisiocti\/","https:\/\/twitter.com\/https:\/\/www.twitter.com\/fisiocti\/","https:\/\/www.youtube.com\/@fisiocti"]}]}},"_links":{"self":[{"href":"https:\/\/fisiocti.com\/site\/wp-json\/wp\/v2\/product\/2650"}],"collection":[{"href":"https:\/\/fisiocti.com\/site\/wp-json\/wp\/v2\/product"}],"about":[{"href":"https:\/\/fisiocti.com\/site\/wp-json\/wp\/v2\/types\/product"}],"replies":[{"embeddable":true,"href":"https:\/\/fisiocti.com\/site\/wp-json\/wp\/v2\/comments?post=2650"}],"wp:featuredmedia":[{"embeddable":true,"href":"https:\/\/fisiocti.com\/site\/wp-json\/wp\/v2\/media\/2651"}],"wp:attachment":[{"href":"https:\/\/fisiocti.com\/site\/wp-json\/wp\/v2\/media?parent=2650"}],"curies":[{"name":"wp","href":"https:\/\/api.w.org\/{rel}","templated":true}]}}