{"id":3229,"date":"2020-06-04T11:25:03","date_gmt":"2020-06-04T14:25:03","guid":{"rendered":"http:\/\/www.fisiocti.com\/site\/cursos\/sedacao-e-analgesia-na-ventilacao-mecanica-basico\/"},"modified":"2020-07-30T18:57:40","modified_gmt":"2020-07-30T21:57:40","slug":"sedacao-e-analgesia-na-ventilacao-mecanica-basico","status":"publish","type":"product","link":"https:\/\/fisiocti.com\/site\/cursos\/sedacao-e-analgesia-na-ventilacao-mecanica-basico\/","title":{"rendered":"SEDA\u00c7\u00c3O E ANALGESIA NA VENTILA\u00c7\u00c3O MEC\u00c2NICA (B\u00c1SICO)"},"content":{"rendered":"<p><strong>CONTE\u00daDO PROGRAM\u00c1TICO<\/strong><\/p>\n<ul>\n<li>Objetivos<\/li>\n<li>Indica\u00e7\u00f5es<\/li>\n<li>Drogas mais utilizadas<\/li>\n<li>Efeitos na mec\u00e2nica pulmonar<\/li>\n<li>Despertar di\u00e1rio<\/li>\n<li>Planejamento em conjunto com a fisioterapia para seda\u00e7\u00e3o e desmame<\/li>\n<li>Defini\u00e7\u00e3o de metas<\/li>\n<li>Desmame da Ventila\u00e7\u00e3o Mec\u00e2nica<\/li>\n<\/ul>\n","protected":false},"excerpt":{"rendered":"<table width=\"100%\">\n<tbody>\n<tr>\n<td width=\"50%\"><strong>P\u00daBLICO ALVO<\/strong><br \/>\nFisioterapeutas, m\u00e9dicos e acad\u00eamicos.<\/td>\n<td width=\"50%\"><strong>CARGA HOR\u00c1RIA<\/strong><br \/>\n3 horas<\/td>\n<\/tr>\n<tr>\n<td width=\"50%\"><strong>PR\u00d3XIMA TURMA<\/strong><br \/>\n25\/06\/2020 &#8211; (20:00 as 23:00)<\/td>\n<td width=\"50%\"><strong>LOCAL<\/strong><br \/>\nCURSO ONLINE AO VIVO<\/td>\n<\/tr>\n<\/tbody>\n<\/table>\n<p>Seda\u00e7\u00e3o e analgesia e seu impacto sobre a ventila\u00e7\u00e3o mec\u00e2nica.<\/p>\n<p>Um curso descomplicado e voltado para atua\u00e7\u00e3o do fisioterapeuta que atua no cuidado do paciente cr\u00edtico.<\/p>\n<p>&nbsp;<\/p>\n","protected":false},"featured_media":3231,"comment_status":"open","ping_status":"closed","template":"","meta":[],"yoast_head":"<!-- This site is optimized with the Yoast SEO plugin v20.1 - https:\/\/yoast.com\/wordpress\/plugins\/seo\/ -->\n<title>SEDA\u00c7\u00c3O E ANALGESIA NA VENTILA\u00c7\u00c3O MEC\u00c2NICA (B\u00c1SICO) - FisioCTI<\/title>\n<meta name=\"robots\" content=\"index, follow, max-snippet:-1, max-image-preview:large, max-video-preview:-1\" \/>\n<link rel=\"canonical\" href=\"https:\/\/fisiocti.com\/site\/cursos\/sedacao-e-analgesia-na-ventilacao-mecanica-basico\/\" \/>\n<meta property=\"og:locale\" content=\"pt_BR\" \/>\n<meta property=\"og:type\" content=\"article\" \/>\n<meta property=\"og:title\" content=\"SEDA\u00c7\u00c3O E ANALGESIA NA VENTILA\u00c7\u00c3O MEC\u00c2NICA (B\u00c1SICO) - FisioCTI\" \/>\n<meta property=\"og:description\" content=\"P\u00daBLICO ALVO Fisioterapeutas, m\u00e9dicos e acad\u00eamicos. CARGA HOR\u00c1RIA 3 horas   PR\u00d3XIMA TURMA 25\/06\/2020 - (20:00 as 23:00) LOCAL CURSO ONLINE AO VIVO    Seda\u00e7\u00e3o e analgesia e seu impacto sobre a ventila\u00e7\u00e3o mec\u00e2nica.  Um curso descomplicado e voltado para atua\u00e7\u00e3o do fisioterapeuta que atua no cuidado do paciente cr\u00edtico.  &nbsp;\" \/>\n<meta property=\"og:url\" content=\"https:\/\/fisiocti.com\/site\/cursos\/sedacao-e-analgesia-na-ventilacao-mecanica-basico\/\" \/>\n<meta property=\"og:site_name\" content=\"FisioCTI\" \/>\n<meta property=\"article:publisher\" content=\"https:\/\/www.facebook.com\/fisiocti\/\" \/>\n<meta property=\"article:modified_time\" content=\"2020-07-30T21:57:40+00:00\" \/>\n<meta property=\"og:image\" content=\"https:\/\/fisiocti.com\/site\/wp-content\/uploads\/2020\/06\/CURSO-SEDA\u00c7\u00c3O-COVID-2.png\" \/>\n\t<meta property=\"og:image:width\" content=\"1080\" \/>\n\t<meta property=\"og:image:height\" content=\"1080\" \/>\n\t<meta property=\"og:image:type\" content=\"image\/png\" \/>\n<meta name=\"twitter:card\" content=\"summary_large_image\" \/>\n<script type=\"application\/ld+json\" class=\"yoast-schema-graph\">{\"@context\":\"https:\/\/schema.org\",\"@graph\":[{\"@type\":\"WebPage\",\"@id\":\"https:\/\/fisiocti.com\/site\/cursos\/sedacao-e-analgesia-na-ventilacao-mecanica-basico\/\",\"url\":\"https:\/\/fisiocti.com\/site\/cursos\/sedacao-e-analgesia-na-ventilacao-mecanica-basico\/\",\"name\":\"SEDA\u00c7\u00c3O E ANALGESIA NA VENTILA\u00c7\u00c3O MEC\u00c2NICA (B\u00c1SICO) - FisioCTI\",\"isPartOf\":{\"@id\":\"https:\/\/fisiocti.com\/site\/#website\"},\"datePublished\":\"2020-06-04T14:25:03+00:00\",\"dateModified\":\"2020-07-30T21:57:40+00:00\",\"breadcrumb\":{\"@id\":\"https:\/\/fisiocti.com\/site\/cursos\/sedacao-e-analgesia-na-ventilacao-mecanica-basico\/#breadcrumb\"},\"inLanguage\":\"pt-BR\",\"potentialAction\":[{\"@type\":\"ReadAction\",\"target\":[\"https:\/\/fisiocti.com\/site\/cursos\/sedacao-e-analgesia-na-ventilacao-mecanica-basico\/\"]}]},{\"@type\":\"BreadcrumbList\",\"@id\":\"https:\/\/fisiocti.com\/site\/cursos\/sedacao-e-analgesia-na-ventilacao-mecanica-basico\/#breadcrumb\",\"itemListElement\":[{\"@type\":\"ListItem\",\"position\":1,\"name\":\"In\u00edcio\",\"item\":\"https:\/\/fisiocti.com\/site\/\"},{\"@type\":\"ListItem\",\"position\":2,\"name\":\"Produtos\",\"item\":\"https:\/\/fisiocti.com\/site\/produtos\/\"},{\"@type\":\"ListItem\",\"position\":3,\"name\":\"SEDA\u00c7\u00c3O E ANALGESIA NA VENTILA\u00c7\u00c3O MEC\u00c2NICA (B\u00c1SICO)\"}]},{\"@type\":\"WebSite\",\"@id\":\"https:\/\/fisiocti.com\/site\/#website\",\"url\":\"https:\/\/fisiocti.com\/site\/\",\"name\":\"FisioCTI\",\"description\":\"Conectando teoria e pr\u00e1tica\",\"publisher\":{\"@id\":\"https:\/\/fisiocti.com\/site\/#\/schema\/person\/e41d8e5a7a403cfbceeeb0d19e22ee50\"},\"potentialAction\":[{\"@type\":\"SearchAction\",\"target\":{\"@type\":\"EntryPoint\",\"urlTemplate\":\"https:\/\/fisiocti.com\/site\/?s={search_term_string}\"},\"query-input\":\"required name=search_term_string\"}],\"inLanguage\":\"pt-BR\"},{\"@type\":[\"Person\",\"Organization\"],\"@id\":\"https:\/\/fisiocti.com\/site\/#\/schema\/person\/e41d8e5a7a403cfbceeeb0d19e22ee50\",\"name\":\"Elizabeth Cunha\",\"image\":{\"@type\":\"ImageObject\",\"inLanguage\":\"pt-BR\",\"@id\":\"https:\/\/fisiocti.com\/site\/#\/schema\/person\/image\/\",\"url\":\"https:\/\/fisiocti.com\/site\/wp-content\/uploads\/2022\/09\/LOGOMARCA-SEM-FUNDO.png\",\"contentUrl\":\"https:\/\/fisiocti.com\/site\/wp-content\/uploads\/2022\/09\/LOGOMARCA-SEM-FUNDO.png\",\"width\":504,\"height\":504,\"caption\":\"Elizabeth Cunha\"},\"logo\":{\"@id\":\"https:\/\/fisiocti.com\/site\/#\/schema\/person\/image\/\"},\"sameAs\":[\"https:\/\/www.facebook.com\/fisiocti\/\",\"https:\/\/www.instagram.com\/fisiocti\/\",\"https:\/\/twitter.com\/https:\/\/www.twitter.com\/fisiocti\/\",\"https:\/\/www.youtube.com\/@fisiocti\"]}]}<\/script>\n<!-- \/ Yoast SEO plugin. -->","yoast_head_json":{"title":"SEDA\u00c7\u00c3O E ANALGESIA NA VENTILA\u00c7\u00c3O MEC\u00c2NICA (B\u00c1SICO) - FisioCTI","robots":{"index":"index","follow":"follow","max-snippet":"max-snippet:-1","max-image-preview":"max-image-preview:large","max-video-preview":"max-video-preview:-1"},"canonical":"https:\/\/fisiocti.com\/site\/cursos\/sedacao-e-analgesia-na-ventilacao-mecanica-basico\/","og_locale":"pt_BR","og_type":"article","og_title":"SEDA\u00c7\u00c3O E ANALGESIA NA VENTILA\u00c7\u00c3O MEC\u00c2NICA (B\u00c1SICO) - FisioCTI","og_description":"P\u00daBLICO ALVO Fisioterapeutas, m\u00e9dicos e acad\u00eamicos. CARGA HOR\u00c1RIA 3 horas   PR\u00d3XIMA TURMA 25\/06\/2020 - (20:00 as 23:00) LOCAL CURSO ONLINE AO VIVO    Seda\u00e7\u00e3o e analgesia e seu impacto sobre a ventila\u00e7\u00e3o mec\u00e2nica.  Um curso descomplicado e voltado para atua\u00e7\u00e3o do fisioterapeuta que atua no cuidado do paciente cr\u00edtico.  &nbsp;","og_url":"https:\/\/fisiocti.com\/site\/cursos\/sedacao-e-analgesia-na-ventilacao-mecanica-basico\/","og_site_name":"FisioCTI","article_publisher":"https:\/\/www.facebook.com\/fisiocti\/","article_modified_time":"2020-07-30T21:57:40+00:00","og_image":[{"width":1080,"height":1080,"url":"https:\/\/fisiocti.com\/site\/wp-content\/uploads\/2020\/06\/CURSO-SEDA\u00c7\u00c3O-COVID-2.png","type":"image\/png"}],"twitter_card":"summary_large_image","schema":{"@context":"https:\/\/schema.org","@graph":[{"@type":"WebPage","@id":"https:\/\/fisiocti.com\/site\/cursos\/sedacao-e-analgesia-na-ventilacao-mecanica-basico\/","url":"https:\/\/fisiocti.com\/site\/cursos\/sedacao-e-analgesia-na-ventilacao-mecanica-basico\/","name":"SEDA\u00c7\u00c3O E ANALGESIA NA VENTILA\u00c7\u00c3O MEC\u00c2NICA (B\u00c1SICO) - FisioCTI","isPartOf":{"@id":"https:\/\/fisiocti.com\/site\/#website"},"datePublished":"2020-06-04T14:25:03+00:00","dateModified":"2020-07-30T21:57:40+00:00","breadcrumb":{"@id":"https:\/\/fisiocti.com\/site\/cursos\/sedacao-e-analgesia-na-ventilacao-mecanica-basico\/#breadcrumb"},"inLanguage":"pt-BR","potentialAction":[{"@type":"ReadAction","target":["https:\/\/fisiocti.com\/site\/cursos\/sedacao-e-analgesia-na-ventilacao-mecanica-basico\/"]}]},{"@type":"BreadcrumbList","@id":"https:\/\/fisiocti.com\/site\/cursos\/sedacao-e-analgesia-na-ventilacao-mecanica-basico\/#breadcrumb","itemListElement":[{"@type":"ListItem","position":1,"name":"In\u00edcio","item":"https:\/\/fisiocti.com\/site\/"},{"@type":"ListItem","position":2,"name":"Produtos","item":"https:\/\/fisiocti.com\/site\/produtos\/"},{"@type":"ListItem","position":3,"name":"SEDA\u00c7\u00c3O E ANALGESIA NA VENTILA\u00c7\u00c3O MEC\u00c2NICA (B\u00c1SICO)"}]},{"@type":"WebSite","@id":"https:\/\/fisiocti.com\/site\/#website","url":"https:\/\/fisiocti.com\/site\/","name":"FisioCTI","description":"Conectando teoria e pr\u00e1tica","publisher":{"@id":"https:\/\/fisiocti.com\/site\/#\/schema\/person\/e41d8e5a7a403cfbceeeb0d19e22ee50"},"potentialAction":[{"@type":"SearchAction","target":{"@type":"EntryPoint","urlTemplate":"https:\/\/fisiocti.com\/site\/?s={search_term_string}"},"query-input":"required name=search_term_string"}],"inLanguage":"pt-BR"},{"@type":["Person","Organization"],"@id":"https:\/\/fisiocti.com\/site\/#\/schema\/person\/e41d8e5a7a403cfbceeeb0d19e22ee50","name":"Elizabeth Cunha","image":{"@type":"ImageObject","inLanguage":"pt-BR","@id":"https:\/\/fisiocti.com\/site\/#\/schema\/person\/image\/","url":"https:\/\/fisiocti.com\/site\/wp-content\/uploads\/2022\/09\/LOGOMARCA-SEM-FUNDO.png","contentUrl":"https:\/\/fisiocti.com\/site\/wp-content\/uploads\/2022\/09\/LOGOMARCA-SEM-FUNDO.png","width":504,"height":504,"caption":"Elizabeth Cunha"},"logo":{"@id":"https:\/\/fisiocti.com\/site\/#\/schema\/person\/image\/"},"sameAs":["https:\/\/www.facebook.com\/fisiocti\/","https:\/\/www.instagram.com\/fisiocti\/","https:\/\/twitter.com\/https:\/\/www.twitter.com\/fisiocti\/","https:\/\/www.youtube.com\/@fisiocti"]}]}},"_links":{"self":[{"href":"https:\/\/fisiocti.com\/site\/wp-json\/wp\/v2\/product\/3229"}],"collection":[{"href":"https:\/\/fisiocti.com\/site\/wp-json\/wp\/v2\/product"}],"about":[{"href":"https:\/\/fisiocti.com\/site\/wp-json\/wp\/v2\/types\/product"}],"replies":[{"embeddable":true,"href":"https:\/\/fisiocti.com\/site\/wp-json\/wp\/v2\/comments?post=3229"}],"wp:featuredmedia":[{"embeddable":true,"href":"https:\/\/fisiocti.com\/site\/wp-json\/wp\/v2\/media\/3231"}],"wp:attachment":[{"href":"https:\/\/fisiocti.com\/site\/wp-json\/wp\/v2\/media?parent=3229"}],"curies":[{"name":"wp","href":"https:\/\/api.w.org\/{rel}","templated":true}]}}