{"id":3252,"date":"2020-06-11T06:51:37","date_gmt":"2020-06-11T09:51:37","guid":{"rendered":"http:\/\/www.fisiocti.com\/site\/cursos\/gasometria-arterial-basico-pocket\/"},"modified":"2022-02-15T22:28:08","modified_gmt":"2022-02-16T01:28:08","slug":"gasometria-arterial-basico-pocket","status":"publish","type":"product","link":"https:\/\/fisiocti.com\/site\/cursos\/gasometria-arterial-basico-pocket\/","title":{"rendered":"Gasometria Arterial &#8211; Pocket"},"content":{"rendered":"<p><strong>CONTE\u00daDO PROGRAM\u00c1TICO<\/strong><\/p>\n<ul>\n<li>Dist\u00farbios do equil\u00edbrio \u00e1cido base<\/li>\n<li>Interpreta\u00e7\u00e3o do resultado do exame de gasometria<\/li>\n<li>Simula\u00e7\u00f5es com an\u00e1lise de exames<\/li>\n<\/ul>\n","protected":false},"excerpt":{"rendered":"<table width=\"100%\">\n<tbody>\n<tr>\n<td width=\"50%\"><strong>P\u00daBLICO ALVO<\/strong><br \/>\nFisioterapeutas, m\u00e9dicos, enfermeiros e acad\u00eamicos.<\/td>\n<td width=\"50%\"><strong>CARGA HOR\u00c1RIA<\/strong><br \/>\n2 horas<\/td>\n<\/tr>\n<tr>\n<td width=\"50%\"><strong>PR\u00d3XIMA TURMA<\/strong><br \/>\n18\/01\/21 &#8211; 20:00<\/td>\n<td width=\"50%\"><strong>LOCAL<\/strong><br \/>\nCURSO ONLINE AO VIVO<\/td>\n<\/tr>\n<\/tbody>\n<\/table>\n<p>&nbsp;<\/p>\n<p>O curso que\u00a0vai descomplicar sua vida na UTI.<\/p>\n<p>Fundamental para o paciente cr\u00edtico, a interpreta\u00e7\u00e3o da Gasometria Arterial ainda \u00e9 fruto de muitas d\u00favidas entre acad\u00eamicos e profissionais. Nesse curso, ser\u00e3o abordados os principais aspectos a serem analisados a beira do leito sobre esse exame, com uma abordagem simples e conectada com a pr\u00e1tica.<\/p>\n<p>N\u00e3o perca essa oportunidade!<\/p>\n","protected":false},"featured_media":3062,"comment_status":"open","ping_status":"closed","template":"","meta":[],"yoast_head":"<!-- This site is optimized with the Yoast SEO plugin v20.1 - https:\/\/yoast.com\/wordpress\/plugins\/seo\/ -->\n<title>Gasometria Arterial - Pocket - FisioCTI<\/title>\n<meta name=\"robots\" content=\"index, follow, max-snippet:-1, max-image-preview:large, max-video-preview:-1\" \/>\n<link rel=\"canonical\" href=\"https:\/\/fisiocti.com\/site\/cursos\/gasometria-arterial-basico-pocket\/\" \/>\n<meta property=\"og:locale\" content=\"pt_BR\" \/>\n<meta property=\"og:type\" content=\"article\" \/>\n<meta property=\"og:title\" content=\"Gasometria Arterial - Pocket - FisioCTI\" \/>\n<meta property=\"og:description\" content=\"P\u00daBLICO ALVO Fisioterapeutas, m\u00e9dicos, enfermeiros e acad\u00eamicos. CARGA HOR\u00c1RIA 2 horas   PR\u00d3XIMA TURMA 18\/01\/21 - 20:00 LOCAL CURSO ONLINE AO VIVO    &nbsp;  O curso que\u00a0vai descomplicar sua vida na UTI.  Fundamental para o paciente cr\u00edtico, a interpreta\u00e7\u00e3o da Gasometria Arterial ainda \u00e9 fruto de muitas d\u00favidas entre acad\u00eamicos e profissionais. Nesse curso, ser\u00e3o abordados os principais aspectos a serem analisados a beira do leito sobre esse exame, com uma abordagem simples e conectada com a pr\u00e1tica.  N\u00e3o perca essa oportunidade!\" \/>\n<meta property=\"og:url\" content=\"https:\/\/fisiocti.com\/site\/cursos\/gasometria-arterial-basico-pocket\/\" \/>\n<meta property=\"og:site_name\" content=\"FisioCTI\" \/>\n<meta property=\"article:publisher\" content=\"https:\/\/www.facebook.com\/fisiocti\/\" \/>\n<meta property=\"article:modified_time\" content=\"2022-02-16T01:28:08+00:00\" \/>\n<meta property=\"og:image\" content=\"https:\/\/fisiocti.com\/site\/wp-content\/uploads\/2019\/06\/Curso_Gaso_IG_FEED-1.png\" \/>\n\t<meta property=\"og:image:width\" content=\"1080\" \/>\n\t<meta property=\"og:image:height\" content=\"1080\" \/>\n\t<meta property=\"og:image:type\" content=\"image\/png\" \/>\n<meta name=\"twitter:card\" content=\"summary_large_image\" \/>\n<script type=\"application\/ld+json\" class=\"yoast-schema-graph\">{\"@context\":\"https:\/\/schema.org\",\"@graph\":[{\"@type\":\"WebPage\",\"@id\":\"https:\/\/fisiocti.com\/site\/cursos\/gasometria-arterial-basico-pocket\/\",\"url\":\"https:\/\/fisiocti.com\/site\/cursos\/gasometria-arterial-basico-pocket\/\",\"name\":\"Gasometria Arterial - Pocket - FisioCTI\",\"isPartOf\":{\"@id\":\"https:\/\/fisiocti.com\/site\/#website\"},\"datePublished\":\"2020-06-11T09:51:37+00:00\",\"dateModified\":\"2022-02-16T01:28:08+00:00\",\"breadcrumb\":{\"@id\":\"https:\/\/fisiocti.com\/site\/cursos\/gasometria-arterial-basico-pocket\/#breadcrumb\"},\"inLanguage\":\"pt-BR\",\"potentialAction\":[{\"@type\":\"ReadAction\",\"target\":[\"https:\/\/fisiocti.com\/site\/cursos\/gasometria-arterial-basico-pocket\/\"]}]},{\"@type\":\"BreadcrumbList\",\"@id\":\"https:\/\/fisiocti.com\/site\/cursos\/gasometria-arterial-basico-pocket\/#breadcrumb\",\"itemListElement\":[{\"@type\":\"ListItem\",\"position\":1,\"name\":\"In\u00edcio\",\"item\":\"https:\/\/fisiocti.com\/site\/\"},{\"@type\":\"ListItem\",\"position\":2,\"name\":\"Produtos\",\"item\":\"https:\/\/fisiocti.com\/site\/produtos\/\"},{\"@type\":\"ListItem\",\"position\":3,\"name\":\"Gasometria Arterial &#8211; Pocket\"}]},{\"@type\":\"WebSite\",\"@id\":\"https:\/\/fisiocti.com\/site\/#website\",\"url\":\"https:\/\/fisiocti.com\/site\/\",\"name\":\"FisioCTI\",\"description\":\"Conectando teoria e pr\u00e1tica\",\"publisher\":{\"@id\":\"https:\/\/fisiocti.com\/site\/#\/schema\/person\/e41d8e5a7a403cfbceeeb0d19e22ee50\"},\"potentialAction\":[{\"@type\":\"SearchAction\",\"target\":{\"@type\":\"EntryPoint\",\"urlTemplate\":\"https:\/\/fisiocti.com\/site\/?s={search_term_string}\"},\"query-input\":\"required name=search_term_string\"}],\"inLanguage\":\"pt-BR\"},{\"@type\":[\"Person\",\"Organization\"],\"@id\":\"https:\/\/fisiocti.com\/site\/#\/schema\/person\/e41d8e5a7a403cfbceeeb0d19e22ee50\",\"name\":\"Elizabeth Cunha\",\"image\":{\"@type\":\"ImageObject\",\"inLanguage\":\"pt-BR\",\"@id\":\"https:\/\/fisiocti.com\/site\/#\/schema\/person\/image\/\",\"url\":\"https:\/\/fisiocti.com\/site\/wp-content\/uploads\/2022\/09\/LOGOMARCA-SEM-FUNDO.png\",\"contentUrl\":\"https:\/\/fisiocti.com\/site\/wp-content\/uploads\/2022\/09\/LOGOMARCA-SEM-FUNDO.png\",\"width\":504,\"height\":504,\"caption\":\"Elizabeth Cunha\"},\"logo\":{\"@id\":\"https:\/\/fisiocti.com\/site\/#\/schema\/person\/image\/\"},\"sameAs\":[\"https:\/\/www.facebook.com\/fisiocti\/\",\"https:\/\/www.instagram.com\/fisiocti\/\",\"https:\/\/twitter.com\/https:\/\/www.twitter.com\/fisiocti\/\",\"https:\/\/www.youtube.com\/@fisiocti\"]}]}<\/script>\n<!-- \/ Yoast SEO plugin. -->","yoast_head_json":{"title":"Gasometria Arterial - Pocket - FisioCTI","robots":{"index":"index","follow":"follow","max-snippet":"max-snippet:-1","max-image-preview":"max-image-preview:large","max-video-preview":"max-video-preview:-1"},"canonical":"https:\/\/fisiocti.com\/site\/cursos\/gasometria-arterial-basico-pocket\/","og_locale":"pt_BR","og_type":"article","og_title":"Gasometria Arterial - Pocket - FisioCTI","og_description":"P\u00daBLICO ALVO Fisioterapeutas, m\u00e9dicos, enfermeiros e acad\u00eamicos. CARGA HOR\u00c1RIA 2 horas   PR\u00d3XIMA TURMA 18\/01\/21 - 20:00 LOCAL CURSO ONLINE AO VIVO    &nbsp;  O curso que\u00a0vai descomplicar sua vida na UTI.  Fundamental para o paciente cr\u00edtico, a interpreta\u00e7\u00e3o da Gasometria Arterial ainda \u00e9 fruto de muitas d\u00favidas entre acad\u00eamicos e profissionais. Nesse curso, ser\u00e3o abordados os principais aspectos a serem analisados a beira do leito sobre esse exame, com uma abordagem simples e conectada com a pr\u00e1tica.  N\u00e3o perca essa oportunidade!","og_url":"https:\/\/fisiocti.com\/site\/cursos\/gasometria-arterial-basico-pocket\/","og_site_name":"FisioCTI","article_publisher":"https:\/\/www.facebook.com\/fisiocti\/","article_modified_time":"2022-02-16T01:28:08+00:00","og_image":[{"width":1080,"height":1080,"url":"https:\/\/fisiocti.com\/site\/wp-content\/uploads\/2019\/06\/Curso_Gaso_IG_FEED-1.png","type":"image\/png"}],"twitter_card":"summary_large_image","schema":{"@context":"https:\/\/schema.org","@graph":[{"@type":"WebPage","@id":"https:\/\/fisiocti.com\/site\/cursos\/gasometria-arterial-basico-pocket\/","url":"https:\/\/fisiocti.com\/site\/cursos\/gasometria-arterial-basico-pocket\/","name":"Gasometria Arterial - Pocket - FisioCTI","isPartOf":{"@id":"https:\/\/fisiocti.com\/site\/#website"},"datePublished":"2020-06-11T09:51:37+00:00","dateModified":"2022-02-16T01:28:08+00:00","breadcrumb":{"@id":"https:\/\/fisiocti.com\/site\/cursos\/gasometria-arterial-basico-pocket\/#breadcrumb"},"inLanguage":"pt-BR","potentialAction":[{"@type":"ReadAction","target":["https:\/\/fisiocti.com\/site\/cursos\/gasometria-arterial-basico-pocket\/"]}]},{"@type":"BreadcrumbList","@id":"https:\/\/fisiocti.com\/site\/cursos\/gasometria-arterial-basico-pocket\/#breadcrumb","itemListElement":[{"@type":"ListItem","position":1,"name":"In\u00edcio","item":"https:\/\/fisiocti.com\/site\/"},{"@type":"ListItem","position":2,"name":"Produtos","item":"https:\/\/fisiocti.com\/site\/produtos\/"},{"@type":"ListItem","position":3,"name":"Gasometria Arterial &#8211; Pocket"}]},{"@type":"WebSite","@id":"https:\/\/fisiocti.com\/site\/#website","url":"https:\/\/fisiocti.com\/site\/","name":"FisioCTI","description":"Conectando teoria e pr\u00e1tica","publisher":{"@id":"https:\/\/fisiocti.com\/site\/#\/schema\/person\/e41d8e5a7a403cfbceeeb0d19e22ee50"},"potentialAction":[{"@type":"SearchAction","target":{"@type":"EntryPoint","urlTemplate":"https:\/\/fisiocti.com\/site\/?s={search_term_string}"},"query-input":"required name=search_term_string"}],"inLanguage":"pt-BR"},{"@type":["Person","Organization"],"@id":"https:\/\/fisiocti.com\/site\/#\/schema\/person\/e41d8e5a7a403cfbceeeb0d19e22ee50","name":"Elizabeth Cunha","image":{"@type":"ImageObject","inLanguage":"pt-BR","@id":"https:\/\/fisiocti.com\/site\/#\/schema\/person\/image\/","url":"https:\/\/fisiocti.com\/site\/wp-content\/uploads\/2022\/09\/LOGOMARCA-SEM-FUNDO.png","contentUrl":"https:\/\/fisiocti.com\/site\/wp-content\/uploads\/2022\/09\/LOGOMARCA-SEM-FUNDO.png","width":504,"height":504,"caption":"Elizabeth Cunha"},"logo":{"@id":"https:\/\/fisiocti.com\/site\/#\/schema\/person\/image\/"},"sameAs":["https:\/\/www.facebook.com\/fisiocti\/","https:\/\/www.instagram.com\/fisiocti\/","https:\/\/twitter.com\/https:\/\/www.twitter.com\/fisiocti\/","https:\/\/www.youtube.com\/@fisiocti"]}]}},"_links":{"self":[{"href":"https:\/\/fisiocti.com\/site\/wp-json\/wp\/v2\/product\/3252"}],"collection":[{"href":"https:\/\/fisiocti.com\/site\/wp-json\/wp\/v2\/product"}],"about":[{"href":"https:\/\/fisiocti.com\/site\/wp-json\/wp\/v2\/types\/product"}],"replies":[{"embeddable":true,"href":"https:\/\/fisiocti.com\/site\/wp-json\/wp\/v2\/comments?post=3252"}],"wp:featuredmedia":[{"embeddable":true,"href":"https:\/\/fisiocti.com\/site\/wp-json\/wp\/v2\/media\/3062"}],"wp:attachment":[{"href":"https:\/\/fisiocti.com\/site\/wp-json\/wp\/v2\/media?parent=3252"}],"curies":[{"name":"wp","href":"https:\/\/api.w.org\/{rel}","templated":true}]}}