{"id":3294,"date":"2020-07-30T11:43:17","date_gmt":"2020-07-30T14:43:17","guid":{"rendered":"http:\/\/www.fisiocti.com\/site\/cursos\/ventilacao-mecanica-enfermagem-2\/"},"modified":"2025-05-02T11:31:51","modified_gmt":"2025-05-02T14:31:51","slug":"ventilacao-mecanica-enfermagem-2","status":"publish","type":"product","link":"https:\/\/fisiocti.com\/site\/cursos\/ventilacao-mecanica-enfermagem-2\/","title":{"rendered":"Ventila\u00e7\u00e3o Mec\u00e2nica &#8211; Enfermagem"},"content":{"rendered":"<p><strong>CONTE\u00daDO PROGRAM\u00c1TICO<\/strong><\/p>\n<ul>\n<li>No\u00e7\u00f5es de Fisiologia Respirat\u00f3ria<\/li>\n<li>Insufici\u00eancia Respirat\u00f3ria Aguda<\/li>\n<li>Oxigenoterapia<\/li>\n<li>Cuidados Pr\u00e9-Intuba\u00e7\u00e3o<\/li>\n<li>Cuidados de Via A\u00e9rea<\/li>\n<li>Modos Ventilat\u00f3rios B\u00e1sicos<\/li>\n<li>Monitoriza\u00e7\u00e3o Ventilat\u00f3ria<\/li>\n<li>Higiene Br\u00f4nquica<\/li>\n<\/ul>\n<p><strong>COVID-19<\/strong><\/p>\n<ul>\n<li>O que muda com na COVID-19?<\/li>\n<li>Protocolo Hospitais de Campanha &#8211; RJ<\/li>\n<\/ul>\n","protected":false},"excerpt":{"rendered":"<table width=\"100%\">\n<tbody>\n<tr>\n<td width=\"50%\"><strong>P\u00daBLICO ALVO<\/strong><br \/>\nEnfermeiros, t\u00e9cnicos de enfermagem e acad\u00eamicos.<\/td>\n<td width=\"50%\"><strong>CARGA HOR\u00c1RIA<\/strong><br \/>\n5 horas<\/td>\n<\/tr>\n<tr>\n<td width=\"50%\"><strong>PR\u00d3XIMA TURMA<\/strong><br \/>\n23\/08\/2020 &#8211; (08:30 as 13:30)<\/td>\n<td width=\"50%\"><strong>LOCAL<\/strong><br \/>\nCURSO ONLINE AO VIVO<\/td>\n<\/tr>\n<\/tbody>\n<\/table>\n<p>Com uma liguagem f\u00e1cil, descomplicada e focada na pr\u00e1tica o curso de Oxigenoterapia e Ventila\u00e7\u00e3o Mec\u00e2nica para profissionais de Enfermagem aborda um dos assuntos\u00a0mais complexos para o cuidado do paciente cr\u00edtico e de emerg\u00eancia.<\/p>\n<p>Um curso imperd\u00edvel para quem atua ou pretende atuar em terapia intensiva, sala vermelha e transporte em ambul\u00e2ncias avan\u00e7adas.<\/p>\n<p>Matricule-se agora!<\/p>\n<p>&nbsp;<\/p>\n<p>&nbsp;<\/p>\n","protected":false},"featured_media":2654,"comment_status":"open","ping_status":"closed","template":"","meta":[],"yoast_head":"<!-- This site is optimized with the Yoast SEO plugin v20.1 - https:\/\/yoast.com\/wordpress\/plugins\/seo\/ -->\n<title>Ventila\u00e7\u00e3o Mec\u00e2nica - Enfermagem - FisioCTI<\/title>\n<meta name=\"robots\" content=\"index, follow, max-snippet:-1, max-image-preview:large, max-video-preview:-1\" \/>\n<link rel=\"canonical\" href=\"https:\/\/fisiocti.com\/site\/cursos\/ventilacao-mecanica-enfermagem-2\/\" \/>\n<meta property=\"og:locale\" content=\"pt_BR\" \/>\n<meta property=\"og:type\" content=\"article\" \/>\n<meta property=\"og:title\" content=\"Ventila\u00e7\u00e3o Mec\u00e2nica - Enfermagem - FisioCTI\" \/>\n<meta property=\"og:description\" content=\"P\u00daBLICO ALVO Enfermeiros, t\u00e9cnicos de enfermagem e acad\u00eamicos. CARGA HOR\u00c1RIA 5 horas   PR\u00d3XIMA TURMA 23\/08\/2020 - (08:30 as 13:30) LOCAL CURSO ONLINE AO VIVO    Com uma liguagem f\u00e1cil, descomplicada e focada na pr\u00e1tica o curso de Oxigenoterapia e Ventila\u00e7\u00e3o Mec\u00e2nica para profissionais de Enfermagem aborda um dos assuntos\u00a0mais complexos para o cuidado do paciente cr\u00edtico e de emerg\u00eancia.  Um curso imperd\u00edvel para quem atua ou pretende atuar em terapia intensiva, sala vermelha e transporte em ambul\u00e2ncias avan\u00e7adas.  Matricule-se agora!  &nbsp;  &nbsp;\" \/>\n<meta property=\"og:url\" content=\"https:\/\/fisiocti.com\/site\/cursos\/ventilacao-mecanica-enfermagem-2\/\" \/>\n<meta property=\"og:site_name\" content=\"FisioCTI\" \/>\n<meta property=\"article:publisher\" content=\"https:\/\/www.facebook.com\/fisiocti\/\" \/>\n<meta property=\"article:modified_time\" content=\"2025-05-02T14:31:51+00:00\" \/>\n<meta property=\"og:image\" content=\"https:\/\/fisiocti.com\/site\/wp-content\/uploads\/2016\/11\/ANUNCIO-VM-ENFERMAGEM-2018-e1513277047139.jpg\" \/>\n\t<meta property=\"og:image:width\" content=\"504\" \/>\n\t<meta property=\"og:image:height\" content=\"504\" \/>\n\t<meta property=\"og:image:type\" content=\"image\/jpeg\" \/>\n<meta name=\"twitter:card\" content=\"summary_large_image\" \/>\n<script type=\"application\/ld+json\" class=\"yoast-schema-graph\">{\"@context\":\"https:\/\/schema.org\",\"@graph\":[{\"@type\":\"WebPage\",\"@id\":\"https:\/\/fisiocti.com\/site\/cursos\/ventilacao-mecanica-enfermagem-2\/\",\"url\":\"https:\/\/fisiocti.com\/site\/cursos\/ventilacao-mecanica-enfermagem-2\/\",\"name\":\"Ventila\u00e7\u00e3o Mec\u00e2nica - Enfermagem - FisioCTI\",\"isPartOf\":{\"@id\":\"https:\/\/fisiocti.com\/site\/#website\"},\"datePublished\":\"2020-07-30T14:43:17+00:00\",\"dateModified\":\"2025-05-02T14:31:51+00:00\",\"breadcrumb\":{\"@id\":\"https:\/\/fisiocti.com\/site\/cursos\/ventilacao-mecanica-enfermagem-2\/#breadcrumb\"},\"inLanguage\":\"pt-BR\",\"potentialAction\":[{\"@type\":\"ReadAction\",\"target\":[\"https:\/\/fisiocti.com\/site\/cursos\/ventilacao-mecanica-enfermagem-2\/\"]}]},{\"@type\":\"BreadcrumbList\",\"@id\":\"https:\/\/fisiocti.com\/site\/cursos\/ventilacao-mecanica-enfermagem-2\/#breadcrumb\",\"itemListElement\":[{\"@type\":\"ListItem\",\"position\":1,\"name\":\"In\u00edcio\",\"item\":\"https:\/\/fisiocti.com\/site\/\"},{\"@type\":\"ListItem\",\"position\":2,\"name\":\"Produtos\",\"item\":\"https:\/\/fisiocti.com\/site\/produtos\/\"},{\"@type\":\"ListItem\",\"position\":3,\"name\":\"Ventila\u00e7\u00e3o Mec\u00e2nica &#8211; Enfermagem\"}]},{\"@type\":\"WebSite\",\"@id\":\"https:\/\/fisiocti.com\/site\/#website\",\"url\":\"https:\/\/fisiocti.com\/site\/\",\"name\":\"FisioCTI\",\"description\":\"Conectando teoria e pr\u00e1tica\",\"publisher\":{\"@id\":\"https:\/\/fisiocti.com\/site\/#\/schema\/person\/e41d8e5a7a403cfbceeeb0d19e22ee50\"},\"potentialAction\":[{\"@type\":\"SearchAction\",\"target\":{\"@type\":\"EntryPoint\",\"urlTemplate\":\"https:\/\/fisiocti.com\/site\/?s={search_term_string}\"},\"query-input\":\"required name=search_term_string\"}],\"inLanguage\":\"pt-BR\"},{\"@type\":[\"Person\",\"Organization\"],\"@id\":\"https:\/\/fisiocti.com\/site\/#\/schema\/person\/e41d8e5a7a403cfbceeeb0d19e22ee50\",\"name\":\"Elizabeth Cunha\",\"image\":{\"@type\":\"ImageObject\",\"inLanguage\":\"pt-BR\",\"@id\":\"https:\/\/fisiocti.com\/site\/#\/schema\/person\/image\/\",\"url\":\"https:\/\/fisiocti.com\/site\/wp-content\/uploads\/2022\/09\/LOGOMARCA-SEM-FUNDO.png\",\"contentUrl\":\"https:\/\/fisiocti.com\/site\/wp-content\/uploads\/2022\/09\/LOGOMARCA-SEM-FUNDO.png\",\"width\":504,\"height\":504,\"caption\":\"Elizabeth Cunha\"},\"logo\":{\"@id\":\"https:\/\/fisiocti.com\/site\/#\/schema\/person\/image\/\"},\"sameAs\":[\"https:\/\/www.facebook.com\/fisiocti\/\",\"https:\/\/www.instagram.com\/fisiocti\/\",\"https:\/\/twitter.com\/https:\/\/www.twitter.com\/fisiocti\/\",\"https:\/\/www.youtube.com\/@fisiocti\"]}]}<\/script>\n<!-- \/ Yoast SEO plugin. -->","yoast_head_json":{"title":"Ventila\u00e7\u00e3o Mec\u00e2nica - Enfermagem - FisioCTI","robots":{"index":"index","follow":"follow","max-snippet":"max-snippet:-1","max-image-preview":"max-image-preview:large","max-video-preview":"max-video-preview:-1"},"canonical":"https:\/\/fisiocti.com\/site\/cursos\/ventilacao-mecanica-enfermagem-2\/","og_locale":"pt_BR","og_type":"article","og_title":"Ventila\u00e7\u00e3o Mec\u00e2nica - Enfermagem - FisioCTI","og_description":"P\u00daBLICO ALVO Enfermeiros, t\u00e9cnicos de enfermagem e acad\u00eamicos. CARGA HOR\u00c1RIA 5 horas   PR\u00d3XIMA TURMA 23\/08\/2020 - (08:30 as 13:30) LOCAL CURSO ONLINE AO VIVO    Com uma liguagem f\u00e1cil, descomplicada e focada na pr\u00e1tica o curso de Oxigenoterapia e Ventila\u00e7\u00e3o Mec\u00e2nica para profissionais de Enfermagem aborda um dos assuntos\u00a0mais complexos para o cuidado do paciente cr\u00edtico e de emerg\u00eancia.  Um curso imperd\u00edvel para quem atua ou pretende atuar em terapia intensiva, sala vermelha e transporte em ambul\u00e2ncias avan\u00e7adas.  Matricule-se agora!  &nbsp;  &nbsp;","og_url":"https:\/\/fisiocti.com\/site\/cursos\/ventilacao-mecanica-enfermagem-2\/","og_site_name":"FisioCTI","article_publisher":"https:\/\/www.facebook.com\/fisiocti\/","article_modified_time":"2025-05-02T14:31:51+00:00","og_image":[{"width":504,"height":504,"url":"https:\/\/fisiocti.com\/site\/wp-content\/uploads\/2016\/11\/ANUNCIO-VM-ENFERMAGEM-2018-e1513277047139.jpg","type":"image\/jpeg"}],"twitter_card":"summary_large_image","schema":{"@context":"https:\/\/schema.org","@graph":[{"@type":"WebPage","@id":"https:\/\/fisiocti.com\/site\/cursos\/ventilacao-mecanica-enfermagem-2\/","url":"https:\/\/fisiocti.com\/site\/cursos\/ventilacao-mecanica-enfermagem-2\/","name":"Ventila\u00e7\u00e3o Mec\u00e2nica - Enfermagem - FisioCTI","isPartOf":{"@id":"https:\/\/fisiocti.com\/site\/#website"},"datePublished":"2020-07-30T14:43:17+00:00","dateModified":"2025-05-02T14:31:51+00:00","breadcrumb":{"@id":"https:\/\/fisiocti.com\/site\/cursos\/ventilacao-mecanica-enfermagem-2\/#breadcrumb"},"inLanguage":"pt-BR","potentialAction":[{"@type":"ReadAction","target":["https:\/\/fisiocti.com\/site\/cursos\/ventilacao-mecanica-enfermagem-2\/"]}]},{"@type":"BreadcrumbList","@id":"https:\/\/fisiocti.com\/site\/cursos\/ventilacao-mecanica-enfermagem-2\/#breadcrumb","itemListElement":[{"@type":"ListItem","position":1,"name":"In\u00edcio","item":"https:\/\/fisiocti.com\/site\/"},{"@type":"ListItem","position":2,"name":"Produtos","item":"https:\/\/fisiocti.com\/site\/produtos\/"},{"@type":"ListItem","position":3,"name":"Ventila\u00e7\u00e3o Mec\u00e2nica &#8211; Enfermagem"}]},{"@type":"WebSite","@id":"https:\/\/fisiocti.com\/site\/#website","url":"https:\/\/fisiocti.com\/site\/","name":"FisioCTI","description":"Conectando teoria e pr\u00e1tica","publisher":{"@id":"https:\/\/fisiocti.com\/site\/#\/schema\/person\/e41d8e5a7a403cfbceeeb0d19e22ee50"},"potentialAction":[{"@type":"SearchAction","target":{"@type":"EntryPoint","urlTemplate":"https:\/\/fisiocti.com\/site\/?s={search_term_string}"},"query-input":"required name=search_term_string"}],"inLanguage":"pt-BR"},{"@type":["Person","Organization"],"@id":"https:\/\/fisiocti.com\/site\/#\/schema\/person\/e41d8e5a7a403cfbceeeb0d19e22ee50","name":"Elizabeth Cunha","image":{"@type":"ImageObject","inLanguage":"pt-BR","@id":"https:\/\/fisiocti.com\/site\/#\/schema\/person\/image\/","url":"https:\/\/fisiocti.com\/site\/wp-content\/uploads\/2022\/09\/LOGOMARCA-SEM-FUNDO.png","contentUrl":"https:\/\/fisiocti.com\/site\/wp-content\/uploads\/2022\/09\/LOGOMARCA-SEM-FUNDO.png","width":504,"height":504,"caption":"Elizabeth Cunha"},"logo":{"@id":"https:\/\/fisiocti.com\/site\/#\/schema\/person\/image\/"},"sameAs":["https:\/\/www.facebook.com\/fisiocti\/","https:\/\/www.instagram.com\/fisiocti\/","https:\/\/twitter.com\/https:\/\/www.twitter.com\/fisiocti\/","https:\/\/www.youtube.com\/@fisiocti"]}]}},"_links":{"self":[{"href":"https:\/\/fisiocti.com\/site\/wp-json\/wp\/v2\/product\/3294"}],"collection":[{"href":"https:\/\/fisiocti.com\/site\/wp-json\/wp\/v2\/product"}],"about":[{"href":"https:\/\/fisiocti.com\/site\/wp-json\/wp\/v2\/types\/product"}],"replies":[{"embeddable":true,"href":"https:\/\/fisiocti.com\/site\/wp-json\/wp\/v2\/comments?post=3294"}],"wp:featuredmedia":[{"embeddable":true,"href":"https:\/\/fisiocti.com\/site\/wp-json\/wp\/v2\/media\/2654"}],"wp:attachment":[{"href":"https:\/\/fisiocti.com\/site\/wp-json\/wp\/v2\/media?parent=3294"}],"curies":[{"name":"wp","href":"https:\/\/api.w.org\/{rel}","templated":true}]}}