{"id":3315,"date":"2020-10-21T10:48:47","date_gmt":"2020-10-21T13:48:47","guid":{"rendered":"http:\/\/www.fisiocti.com\/site\/cursos\/vm-cadio\/"},"modified":"2022-12-03T08:34:41","modified_gmt":"2022-12-03T11:34:41","slug":"vm-cadio","status":"publish","type":"product","link":"https:\/\/fisiocti.com\/site\/cursos\/vm-cadio\/","title":{"rendered":"Ventila\u00e7\u00e3o Mec\u00e2nica &#8211; Pacientes Cardiopatas"},"content":{"rendered":"<p><strong>CONTE\u00daDO PROGRAM\u00c1TICO<\/strong><\/p>\n<ul>\n<li>Revis\u00e3o de Anatomia e fisiopatologia aplicada<\/li>\n<li>Avalia\u00e7\u00e3o do paciente coronariopata na UTI<\/li>\n<li>Principais riscos relacionados ao paciente cardiopata na UTI<\/li>\n<li>Tratamento fisioterap\u00eautico nas disfun\u00e7\u00f5es agudas do paciente cardiopata na UTI \/ emerg\u00eancia VM e intera\u00e7\u00e3o cardiopulmonar<\/li>\n<li>Prescri\u00e7\u00e3o de exerc\u00edcios \/ Reabilita\u00e7\u00e3o card\u00edaca na fase I<\/li>\n<li>Programa\u00e7\u00e3o da alta na UTI<\/li>\n<\/ul>\n","protected":false},"excerpt":{"rendered":"<table width=\"100%\">\n<tbody>\n<tr>\n<td width=\"50%\"><strong>P\u00daBLICO ALVO<\/strong><br \/>\nFisioterapeutas, m\u00e9dicos, enfermeiros e acad\u00eamicos<\/td>\n<td width=\"50%\"><strong>CARGA HOR\u00c1RIA<\/strong><br \/>\n2 horas<\/td>\n<\/tr>\n<tr>\n<td width=\"50%\"><b>DATA<\/b><br \/>\n12\/11\/2020\u00a0 &#8211; 21:00<\/td>\n<td width=\"50%\"><strong>LOCAL<\/strong><br \/>\nCURSO ONLINE AO VIVO<\/td>\n<\/tr>\n<\/tbody>\n<\/table>\n<p>Muito al\u00e9m da Ventila\u00e7\u00e3o Mec\u00e2nica \u00e9 o papel que o fisioterapeuta desempenha na UTI. Nesse sentido nasce o Masterclass. Um curso focado em mostrar a rela\u00e7\u00e3o da ventila\u00e7\u00e3o mec\u00e2nica com aspectos importantes do cuidado do paciente cr\u00edtico nas unidades de terapia intensiva.<\/p>\n<p>Professores atuantes na pr\u00e1tica, uma linguagem simples e direta, sem academicismo, mas orientado pelos estudos mais recentes s\u00e3o alguns dos detalhes que tornam a FisioCTI t\u00e3o diferente.<\/p>\n<p>&nbsp;<\/p>\n","protected":false},"featured_media":3321,"comment_status":"open","ping_status":"closed","template":"","meta":[],"yoast_head":"<!-- This site is optimized with the Yoast SEO plugin v20.1 - https:\/\/yoast.com\/wordpress\/plugins\/seo\/ -->\n<title>Ventila\u00e7\u00e3o Mec\u00e2nica - Pacientes Cardiopatas - FisioCTI<\/title>\n<meta name=\"robots\" content=\"index, follow, max-snippet:-1, max-image-preview:large, max-video-preview:-1\" \/>\n<link rel=\"canonical\" href=\"https:\/\/fisiocti.com\/site\/cursos\/vm-cadio\/\" \/>\n<meta property=\"og:locale\" content=\"pt_BR\" \/>\n<meta property=\"og:type\" content=\"article\" \/>\n<meta property=\"og:title\" content=\"Ventila\u00e7\u00e3o Mec\u00e2nica - Pacientes Cardiopatas - FisioCTI\" \/>\n<meta property=\"og:description\" content=\"P\u00daBLICO ALVO Fisioterapeutas, m\u00e9dicos, enfermeiros e acad\u00eamicos CARGA HOR\u00c1RIA 2 horas   DATA 12\/11\/2020\u00a0 - 21:00 LOCAL CURSO ONLINE AO VIVO    Muito al\u00e9m da Ventila\u00e7\u00e3o Mec\u00e2nica \u00e9 o papel que o fisioterapeuta desempenha na UTI. Nesse sentido nasce o Masterclass. Um curso focado em mostrar a rela\u00e7\u00e3o da ventila\u00e7\u00e3o mec\u00e2nica com aspectos importantes do cuidado do paciente cr\u00edtico nas unidades de terapia intensiva.  Professores atuantes na pr\u00e1tica, uma linguagem simples e direta, sem academicismo, mas orientado pelos estudos mais recentes s\u00e3o alguns dos detalhes que tornam a FisioCTI t\u00e3o diferente.  &nbsp;\" \/>\n<meta property=\"og:url\" content=\"https:\/\/fisiocti.com\/site\/cursos\/vm-cadio\/\" \/>\n<meta property=\"og:site_name\" content=\"FisioCTI\" \/>\n<meta property=\"article:publisher\" content=\"https:\/\/www.facebook.com\/fisiocti\/\" \/>\n<meta property=\"article:modified_time\" content=\"2022-12-03T11:34:41+00:00\" \/>\n<meta property=\"og:image\" content=\"https:\/\/fisiocti.com\/site\/wp-content\/uploads\/2020\/10\/WhatsApp-Image-2020-10-21-at-17.35.59.jpeg\" \/>\n\t<meta property=\"og:image:width\" content=\"1080\" \/>\n\t<meta property=\"og:image:height\" content=\"1080\" \/>\n\t<meta property=\"og:image:type\" content=\"image\/jpeg\" \/>\n<meta name=\"twitter:card\" content=\"summary_large_image\" \/>\n<script type=\"application\/ld+json\" class=\"yoast-schema-graph\">{\"@context\":\"https:\/\/schema.org\",\"@graph\":[{\"@type\":\"WebPage\",\"@id\":\"https:\/\/fisiocti.com\/site\/cursos\/vm-cadio\/\",\"url\":\"https:\/\/fisiocti.com\/site\/cursos\/vm-cadio\/\",\"name\":\"Ventila\u00e7\u00e3o Mec\u00e2nica - Pacientes Cardiopatas - FisioCTI\",\"isPartOf\":{\"@id\":\"https:\/\/fisiocti.com\/site\/#website\"},\"datePublished\":\"2020-10-21T13:48:47+00:00\",\"dateModified\":\"2022-12-03T11:34:41+00:00\",\"breadcrumb\":{\"@id\":\"https:\/\/fisiocti.com\/site\/cursos\/vm-cadio\/#breadcrumb\"},\"inLanguage\":\"pt-BR\",\"potentialAction\":[{\"@type\":\"ReadAction\",\"target\":[\"https:\/\/fisiocti.com\/site\/cursos\/vm-cadio\/\"]}]},{\"@type\":\"BreadcrumbList\",\"@id\":\"https:\/\/fisiocti.com\/site\/cursos\/vm-cadio\/#breadcrumb\",\"itemListElement\":[{\"@type\":\"ListItem\",\"position\":1,\"name\":\"In\u00edcio\",\"item\":\"https:\/\/fisiocti.com\/site\/\"},{\"@type\":\"ListItem\",\"position\":2,\"name\":\"Produtos\",\"item\":\"https:\/\/fisiocti.com\/site\/produtos\/\"},{\"@type\":\"ListItem\",\"position\":3,\"name\":\"Ventila\u00e7\u00e3o Mec\u00e2nica &#8211; Pacientes Cardiopatas\"}]},{\"@type\":\"WebSite\",\"@id\":\"https:\/\/fisiocti.com\/site\/#website\",\"url\":\"https:\/\/fisiocti.com\/site\/\",\"name\":\"FisioCTI\",\"description\":\"Conectando teoria e pr\u00e1tica\",\"publisher\":{\"@id\":\"https:\/\/fisiocti.com\/site\/#\/schema\/person\/e41d8e5a7a403cfbceeeb0d19e22ee50\"},\"potentialAction\":[{\"@type\":\"SearchAction\",\"target\":{\"@type\":\"EntryPoint\",\"urlTemplate\":\"https:\/\/fisiocti.com\/site\/?s={search_term_string}\"},\"query-input\":\"required name=search_term_string\"}],\"inLanguage\":\"pt-BR\"},{\"@type\":[\"Person\",\"Organization\"],\"@id\":\"https:\/\/fisiocti.com\/site\/#\/schema\/person\/e41d8e5a7a403cfbceeeb0d19e22ee50\",\"name\":\"Elizabeth Cunha\",\"image\":{\"@type\":\"ImageObject\",\"inLanguage\":\"pt-BR\",\"@id\":\"https:\/\/fisiocti.com\/site\/#\/schema\/person\/image\/\",\"url\":\"https:\/\/fisiocti.com\/site\/wp-content\/uploads\/2022\/09\/LOGOMARCA-SEM-FUNDO.png\",\"contentUrl\":\"https:\/\/fisiocti.com\/site\/wp-content\/uploads\/2022\/09\/LOGOMARCA-SEM-FUNDO.png\",\"width\":504,\"height\":504,\"caption\":\"Elizabeth Cunha\"},\"logo\":{\"@id\":\"https:\/\/fisiocti.com\/site\/#\/schema\/person\/image\/\"},\"sameAs\":[\"https:\/\/www.facebook.com\/fisiocti\/\",\"https:\/\/www.instagram.com\/fisiocti\/\",\"https:\/\/twitter.com\/https:\/\/www.twitter.com\/fisiocti\/\",\"https:\/\/www.youtube.com\/@fisiocti\"]}]}<\/script>\n<!-- \/ Yoast SEO plugin. -->","yoast_head_json":{"title":"Ventila\u00e7\u00e3o Mec\u00e2nica - Pacientes Cardiopatas - FisioCTI","robots":{"index":"index","follow":"follow","max-snippet":"max-snippet:-1","max-image-preview":"max-image-preview:large","max-video-preview":"max-video-preview:-1"},"canonical":"https:\/\/fisiocti.com\/site\/cursos\/vm-cadio\/","og_locale":"pt_BR","og_type":"article","og_title":"Ventila\u00e7\u00e3o Mec\u00e2nica - Pacientes Cardiopatas - FisioCTI","og_description":"P\u00daBLICO ALVO Fisioterapeutas, m\u00e9dicos, enfermeiros e acad\u00eamicos CARGA HOR\u00c1RIA 2 horas   DATA 12\/11\/2020\u00a0 - 21:00 LOCAL CURSO ONLINE AO VIVO    Muito al\u00e9m da Ventila\u00e7\u00e3o Mec\u00e2nica \u00e9 o papel que o fisioterapeuta desempenha na UTI. Nesse sentido nasce o Masterclass. Um curso focado em mostrar a rela\u00e7\u00e3o da ventila\u00e7\u00e3o mec\u00e2nica com aspectos importantes do cuidado do paciente cr\u00edtico nas unidades de terapia intensiva.  Professores atuantes na pr\u00e1tica, uma linguagem simples e direta, sem academicismo, mas orientado pelos estudos mais recentes s\u00e3o alguns dos detalhes que tornam a FisioCTI t\u00e3o diferente.  &nbsp;","og_url":"https:\/\/fisiocti.com\/site\/cursos\/vm-cadio\/","og_site_name":"FisioCTI","article_publisher":"https:\/\/www.facebook.com\/fisiocti\/","article_modified_time":"2022-12-03T11:34:41+00:00","og_image":[{"width":1080,"height":1080,"url":"https:\/\/fisiocti.com\/site\/wp-content\/uploads\/2020\/10\/WhatsApp-Image-2020-10-21-at-17.35.59.jpeg","type":"image\/jpeg"}],"twitter_card":"summary_large_image","schema":{"@context":"https:\/\/schema.org","@graph":[{"@type":"WebPage","@id":"https:\/\/fisiocti.com\/site\/cursos\/vm-cadio\/","url":"https:\/\/fisiocti.com\/site\/cursos\/vm-cadio\/","name":"Ventila\u00e7\u00e3o Mec\u00e2nica - Pacientes Cardiopatas - FisioCTI","isPartOf":{"@id":"https:\/\/fisiocti.com\/site\/#website"},"datePublished":"2020-10-21T13:48:47+00:00","dateModified":"2022-12-03T11:34:41+00:00","breadcrumb":{"@id":"https:\/\/fisiocti.com\/site\/cursos\/vm-cadio\/#breadcrumb"},"inLanguage":"pt-BR","potentialAction":[{"@type":"ReadAction","target":["https:\/\/fisiocti.com\/site\/cursos\/vm-cadio\/"]}]},{"@type":"BreadcrumbList","@id":"https:\/\/fisiocti.com\/site\/cursos\/vm-cadio\/#breadcrumb","itemListElement":[{"@type":"ListItem","position":1,"name":"In\u00edcio","item":"https:\/\/fisiocti.com\/site\/"},{"@type":"ListItem","position":2,"name":"Produtos","item":"https:\/\/fisiocti.com\/site\/produtos\/"},{"@type":"ListItem","position":3,"name":"Ventila\u00e7\u00e3o Mec\u00e2nica &#8211; Pacientes Cardiopatas"}]},{"@type":"WebSite","@id":"https:\/\/fisiocti.com\/site\/#website","url":"https:\/\/fisiocti.com\/site\/","name":"FisioCTI","description":"Conectando teoria e pr\u00e1tica","publisher":{"@id":"https:\/\/fisiocti.com\/site\/#\/schema\/person\/e41d8e5a7a403cfbceeeb0d19e22ee50"},"potentialAction":[{"@type":"SearchAction","target":{"@type":"EntryPoint","urlTemplate":"https:\/\/fisiocti.com\/site\/?s={search_term_string}"},"query-input":"required name=search_term_string"}],"inLanguage":"pt-BR"},{"@type":["Person","Organization"],"@id":"https:\/\/fisiocti.com\/site\/#\/schema\/person\/e41d8e5a7a403cfbceeeb0d19e22ee50","name":"Elizabeth Cunha","image":{"@type":"ImageObject","inLanguage":"pt-BR","@id":"https:\/\/fisiocti.com\/site\/#\/schema\/person\/image\/","url":"https:\/\/fisiocti.com\/site\/wp-content\/uploads\/2022\/09\/LOGOMARCA-SEM-FUNDO.png","contentUrl":"https:\/\/fisiocti.com\/site\/wp-content\/uploads\/2022\/09\/LOGOMARCA-SEM-FUNDO.png","width":504,"height":504,"caption":"Elizabeth Cunha"},"logo":{"@id":"https:\/\/fisiocti.com\/site\/#\/schema\/person\/image\/"},"sameAs":["https:\/\/www.facebook.com\/fisiocti\/","https:\/\/www.instagram.com\/fisiocti\/","https:\/\/twitter.com\/https:\/\/www.twitter.com\/fisiocti\/","https:\/\/www.youtube.com\/@fisiocti"]}]}},"_links":{"self":[{"href":"https:\/\/fisiocti.com\/site\/wp-json\/wp\/v2\/product\/3315"}],"collection":[{"href":"https:\/\/fisiocti.com\/site\/wp-json\/wp\/v2\/product"}],"about":[{"href":"https:\/\/fisiocti.com\/site\/wp-json\/wp\/v2\/types\/product"}],"replies":[{"embeddable":true,"href":"https:\/\/fisiocti.com\/site\/wp-json\/wp\/v2\/comments?post=3315"}],"wp:featuredmedia":[{"embeddable":true,"href":"https:\/\/fisiocti.com\/site\/wp-json\/wp\/v2\/media\/3321"}],"wp:attachment":[{"href":"https:\/\/fisiocti.com\/site\/wp-json\/wp\/v2\/media?parent=3315"}],"curies":[{"name":"wp","href":"https:\/\/api.w.org\/{rel}","templated":true}]}}