{"id":3531,"date":"2021-05-04T11:40:19","date_gmt":"2021-05-04T14:40:19","guid":{"rendered":"http:\/\/fisiocti.com\/site\/?post_type=product&#038;p=3531"},"modified":"2024-06-12T07:48:30","modified_gmt":"2024-06-12T10:48:30","slug":"fisioterapia-intensiva","status":"publish","type":"product","link":"https:\/\/fisiocti.com\/site\/cursos\/fisioterapia-intensiva\/","title":{"rendered":"FISIOTERAPIA INTENSIVA &#8211; MENTORIA ELITE"},"content":{"rendered":"<p>Se voc\u00ea quer ser um intensivista de primeira linha, esse \u00e9 o seu curso. A terceira turma de forma\u00e7\u00e3o de Fisioterapia Intensiva elite est\u00e1 com matr\u00edculas abertas.<\/p>\n<p><strong>Um oportunidade incr\u00edvel para apenas 10 alunos<\/strong>. Uma turma seleta para que voc\u00ea aproveite 100% de tudo que vamos oferecer.<\/p>\n<p>Vamos mostrar como colocar em pr\u00e1tica a teoria, trazendo voc\u00ea como protagonista do seu aprendizado. Tudo isso com uma linguagem leve, descontra\u00edda e que voc\u00ea vai entender. Sem preciosismo! Direto ao ponto!<\/p>\n<p>Vamos trabalhar tamb\u00e9m o seu ingresso ou recoloca\u00e7\u00e3o no mercado. Um curr\u00edculo assertivo, como procurar vagas e concursos, treino para din\u00e2micas de grupo e tudo mais que voc\u00ea precisa para atingir seu objetivo profissional. Elaboraremos juntos um plano de carreira individualizado respeitando sua motiva\u00e7\u00e3o e suas necessidades.<\/p>\n<p>Para isso, traremos a Prof\u00aa Elizabeth que, al\u00e9m de toda a experi\u00eancia de quem atuou coordenando e ministrando os treinamentos de ventila\u00e7\u00e3o de um dos maiores hospitais de campanha do pa\u00eds, atua em um dos servi\u00e7os de refer\u00eancia de terapia intensiva do estado do Rio de Janeiro. Somada a toda experi\u00eancia cl\u00ednica, ela traz na bagagem quase 20 anos de gest\u00e3o de pessoas e processos seletivos para diversos cargos.<\/p>\n<p>Imperd\u00edvel tanto para quem vai come\u00e7ar agora, quanto para quem precisa de atualiza\u00e7\u00e3o.<\/p>\n<h3><strong>O QUE VOC\u00ca TER\u00c1 NO PROGRAMA FISIOTERAPIA INTENSIVA ELITE:<\/strong><\/h3>\n<ul>\n<li>\u00a0<span class=\"fontstyle0\">Livro impresso com material te\u00f3rico da mentoria<\/span><\/li>\n<li><span class=\"fontstyle0\">80 horas\/aula presenciais (s\u00e1bado)<\/span><\/li>\n<li><span class=\"fontstyle0\">Aulas ao vivo semanalmente<\/span><\/li>\n<li><span class=\"fontstyle0\">Grupo de WhatsApp para networking<\/span><\/li>\n<li><span class=\"fontstyle0\">Radar de vagas e concursos<\/span><\/li>\n<li><span class=\"fontstyle0\">Direto do Front &#8211; Estudo ao vivo de casos cl\u00ednicos<\/span><\/li>\n<li><span class=\"fontstyle0\">Banco de artigos separados por tema<\/span><\/li>\n<li><span class=\"fontstyle0\">Mais de 100 horas de aulas gravadas<\/span><\/li>\n<li><span class=\"fontstyle0\">Planilha de c\u00e1lculo de mec\u00e2nica<\/span><\/li>\n<li><span class=\"fontstyle0\">Planner do plant\u00e3o<\/span><\/li>\n<li><span class=\"fontstyle0\">Checklist de prona<\/span><\/li>\n<li><span class=\"fontstyle0\">Mentoria de carreira<\/span><\/li>\n<li><span class=\"fontstyle0\">Certificado com autentica\u00e7\u00e3o antifraude com carga hor\u00e1ria <\/span><span class=\"fontstyle0\">de 120 horas<\/span><\/li>\n<li><span class=\"fontstyle0\">Desconto exclusivo para outros cursos presenciais da FisioCTI<\/span><\/li>\n<\/ul>\n<h3><b>B\u00d4NUS EXCLUSIVOS:<\/b><\/h3>\n<ul>\n<li><span class=\"fontstyle0\">Ebook de Gasometria<\/span><\/li>\n<li><span class=\"fontstyle0\">Ebook de Ventila\u00e7\u00e3o Mec\u00e2nica B\u00e1sica<\/span><\/li>\n<li><span class=\"fontstyle0\">Acesso \u00e0s grava\u00e7\u00f5es do #Aten\u00e7\u00e3o aos fundamentos<\/span><\/li>\n<li><span class=\"fontstyle0\">Acesso ao resumo das aulas do #Aten\u00e7\u00e3o aos fundamentos<\/span><\/li>\n<li><span class=\"fontstyle0\">Biblioteca de Ventiladores<\/span><\/li>\n<\/ul>\n<p><strong>E o melhor, em um dos endere\u00e7os mais charmosos do centro Rio.<\/strong><\/p>\n<p>Matricule-se agora!<\/p>\n<p>&nbsp;<\/p>\n<h3><strong>CONTE\u00daDO PROGRAM\u00c1TICO FISIOTERAPIA INTENSIVA ELITE<\/strong><\/h3>\n<ul>\n<li>\u00a0Fisiologia e fisiopatologia card\u00edaca<\/li>\n<li>Fisiologia e fisiopatologia respirat\u00f3ria<\/li>\n<li>Avalia\u00e7\u00e3o do paciente cr\u00edtico<\/li>\n<li>Insufici\u00eancia Respirat\u00f3ria e Oxigenoterapia<\/li>\n<li>Ventila\u00e7\u00e3o N\u00e3o Invasiva<\/li>\n<li>Ventila\u00e7\u00e3o Mec\u00e2nica<\/li>\n<li>An\u00e1lise gr\u00e1fica e Assincronias<\/li>\n<li>Desmame<\/li>\n<li>Mobiliza\u00e7\u00e3o do paciente cr\u00edtico<\/li>\n<li>Titula\u00e7\u00e3o e Recrutamento, Ventila\u00e7\u00e3o em Prona e casos especiais<\/li>\n<\/ul>\n<p>&nbsp;<\/p>\n<h3>HABILIDADES DESENVOLVIDAS NO PROGRAMA FISIOTERAPIA INTENSIVA ELITE<\/h3>\n<ul>\n<li>Comunica\u00e7\u00e3o assertiva (falada e escrita)<\/li>\n<li>Casos Cl\u00ednicos<\/li>\n<li>Simula\u00e7\u00f5es com Ventilador Mec\u00e2nico e outros equipamentos em sala de aula<\/li>\n<li>Exerc\u00edcios de tomada de decis\u00e3o<\/li>\n<\/ul>\n","protected":false},"excerpt":{"rendered":"<table width=\"100%\">\n<tbody>\n<tr>\n<td width=\"50%\"><strong>P\u00daBLICO ALVO<\/strong><br \/>\nFisioterapeutas e acad\u00eamicos de fisioterapia a partir do 5\u00ba per\u00edodo<\/td>\n<td width=\"50%\"><strong>CARGA HOR\u00c1RIA<\/strong><br \/>\n240 horas = 80 horas aulas presenciais + 160 horas de aulas online<\/td>\n<\/tr>\n<tr>\n<td width=\"50%\"><strong>PR\u00d3XIMA TURMA (mar\u00e7o\/2023):\u00a0<\/strong><\/p>\n<p>TURMA LOTADA<\/td>\n<td width=\"50%\"><strong>LOCAL<\/strong><br \/>\nRua Visconde de Inha\u00fama, 134 &#8211; Centro &#8211; Rio de Janeiro<\/td>\n<\/tr>\n<\/tbody>\n<\/table>\n<p style=\"text-align: center;\">\n","protected":false},"featured_media":4573,"comment_status":"open","ping_status":"closed","template":"","meta":[],"yoast_head":"<!-- This site is optimized with the Yoast SEO plugin v20.1 - https:\/\/yoast.com\/wordpress\/plugins\/seo\/ -->\n<title>FISIOTERAPIA INTENSIVA - MENTORIA ELITE - FisioCTI<\/title>\n<meta name=\"description\" content=\"Programa de capacita\u00e7\u00e3o para fisioterapia intensiva e emerg\u00eancia, com aulas presenciais, no Rio de Janeiro, com dura\u00e7\u00e3o de 5 meses.\" \/>\n<meta name=\"robots\" content=\"index, follow, max-snippet:-1, max-image-preview:large, max-video-preview:-1\" \/>\n<link rel=\"canonical\" href=\"https:\/\/fisiocti.com\/site\/cursos\/fisioterapia-intensiva\/\" \/>\n<meta property=\"og:locale\" content=\"pt_BR\" \/>\n<meta property=\"og:type\" content=\"article\" \/>\n<meta property=\"og:title\" content=\"FISIOTERAPIA INTENSIVA - MENTORIA ELITE - FisioCTI\" \/>\n<meta property=\"og:description\" content=\"Programa de capacita\u00e7\u00e3o para fisioterapia intensiva e emerg\u00eancia, com aulas presenciais, no Rio de Janeiro, com dura\u00e7\u00e3o de 5 meses.\" \/>\n<meta property=\"og:url\" content=\"https:\/\/fisiocti.com\/site\/cursos\/fisioterapia-intensiva\/\" \/>\n<meta property=\"og:site_name\" content=\"FisioCTI\" \/>\n<meta property=\"article:publisher\" content=\"https:\/\/www.facebook.com\/fisiocti\/\" \/>\n<meta property=\"article:modified_time\" content=\"2024-06-12T10:48:30+00:00\" \/>\n<meta property=\"og:image\" content=\"https:\/\/fisiocti.com\/site\/wp-content\/uploads\/2021\/05\/MENTORIA-FISIOTERAPIA-INTENSIVA.png\" \/>\n\t<meta property=\"og:image:width\" content=\"1080\" \/>\n\t<meta property=\"og:image:height\" content=\"1080\" \/>\n\t<meta property=\"og:image:type\" content=\"image\/png\" \/>\n<meta name=\"twitter:card\" content=\"summary_large_image\" \/>\n<meta name=\"twitter:label1\" content=\"Est. tempo de leitura\" \/>\n\t<meta name=\"twitter:data1\" content=\"3 minutos\" \/>\n<script type=\"application\/ld+json\" class=\"yoast-schema-graph\">{\"@context\":\"https:\/\/schema.org\",\"@graph\":[{\"@type\":\"WebPage\",\"@id\":\"https:\/\/fisiocti.com\/site\/cursos\/fisioterapia-intensiva\/\",\"url\":\"https:\/\/fisiocti.com\/site\/cursos\/fisioterapia-intensiva\/\",\"name\":\"FISIOTERAPIA INTENSIVA - MENTORIA ELITE - FisioCTI\",\"isPartOf\":{\"@id\":\"https:\/\/fisiocti.com\/site\/#website\"},\"datePublished\":\"2021-05-04T14:40:19+00:00\",\"dateModified\":\"2024-06-12T10:48:30+00:00\",\"description\":\"Programa de capacita\u00e7\u00e3o para fisioterapia intensiva e emerg\u00eancia, com aulas presenciais, no Rio de Janeiro, com dura\u00e7\u00e3o de 5 meses.\",\"breadcrumb\":{\"@id\":\"https:\/\/fisiocti.com\/site\/cursos\/fisioterapia-intensiva\/#breadcrumb\"},\"inLanguage\":\"pt-BR\",\"potentialAction\":[{\"@type\":\"ReadAction\",\"target\":[\"https:\/\/fisiocti.com\/site\/cursos\/fisioterapia-intensiva\/\"]}]},{\"@type\":\"BreadcrumbList\",\"@id\":\"https:\/\/fisiocti.com\/site\/cursos\/fisioterapia-intensiva\/#breadcrumb\",\"itemListElement\":[{\"@type\":\"ListItem\",\"position\":1,\"name\":\"In\u00edcio\",\"item\":\"https:\/\/fisiocti.com\/site\/\"},{\"@type\":\"ListItem\",\"position\":2,\"name\":\"Produtos\",\"item\":\"https:\/\/fisiocti.com\/site\/produtos\/\"},{\"@type\":\"ListItem\",\"position\":3,\"name\":\"FISIOTERAPIA INTENSIVA &#8211; MENTORIA ELITE\"}]},{\"@type\":\"WebSite\",\"@id\":\"https:\/\/fisiocti.com\/site\/#website\",\"url\":\"https:\/\/fisiocti.com\/site\/\",\"name\":\"FisioCTI\",\"description\":\"Conectando teoria e pr\u00e1tica\",\"publisher\":{\"@id\":\"https:\/\/fisiocti.com\/site\/#\/schema\/person\/e41d8e5a7a403cfbceeeb0d19e22ee50\"},\"potentialAction\":[{\"@type\":\"SearchAction\",\"target\":{\"@type\":\"EntryPoint\",\"urlTemplate\":\"https:\/\/fisiocti.com\/site\/?s={search_term_string}\"},\"query-input\":\"required name=search_term_string\"}],\"inLanguage\":\"pt-BR\"},{\"@type\":[\"Person\",\"Organization\"],\"@id\":\"https:\/\/fisiocti.com\/site\/#\/schema\/person\/e41d8e5a7a403cfbceeeb0d19e22ee50\",\"name\":\"Elizabeth Cunha\",\"image\":{\"@type\":\"ImageObject\",\"inLanguage\":\"pt-BR\",\"@id\":\"https:\/\/fisiocti.com\/site\/#\/schema\/person\/image\/\",\"url\":\"https:\/\/fisiocti.com\/site\/wp-content\/uploads\/2022\/09\/LOGOMARCA-SEM-FUNDO.png\",\"contentUrl\":\"https:\/\/fisiocti.com\/site\/wp-content\/uploads\/2022\/09\/LOGOMARCA-SEM-FUNDO.png\",\"width\":504,\"height\":504,\"caption\":\"Elizabeth Cunha\"},\"logo\":{\"@id\":\"https:\/\/fisiocti.com\/site\/#\/schema\/person\/image\/\"},\"sameAs\":[\"https:\/\/www.facebook.com\/fisiocti\/\",\"https:\/\/www.instagram.com\/fisiocti\/\",\"https:\/\/twitter.com\/https:\/\/www.twitter.com\/fisiocti\/\",\"https:\/\/www.youtube.com\/@fisiocti\"]}]}<\/script>\n<!-- \/ Yoast SEO plugin. -->","yoast_head_json":{"title":"FISIOTERAPIA INTENSIVA - MENTORIA ELITE - FisioCTI","description":"Programa de capacita\u00e7\u00e3o para fisioterapia intensiva e emerg\u00eancia, com aulas presenciais, no Rio de Janeiro, com dura\u00e7\u00e3o de 5 meses.","robots":{"index":"index","follow":"follow","max-snippet":"max-snippet:-1","max-image-preview":"max-image-preview:large","max-video-preview":"max-video-preview:-1"},"canonical":"https:\/\/fisiocti.com\/site\/cursos\/fisioterapia-intensiva\/","og_locale":"pt_BR","og_type":"article","og_title":"FISIOTERAPIA INTENSIVA - MENTORIA ELITE - FisioCTI","og_description":"Programa de capacita\u00e7\u00e3o para fisioterapia intensiva e emerg\u00eancia, com aulas presenciais, no Rio de Janeiro, com dura\u00e7\u00e3o de 5 meses.","og_url":"https:\/\/fisiocti.com\/site\/cursos\/fisioterapia-intensiva\/","og_site_name":"FisioCTI","article_publisher":"https:\/\/www.facebook.com\/fisiocti\/","article_modified_time":"2024-06-12T10:48:30+00:00","og_image":[{"width":1080,"height":1080,"url":"https:\/\/fisiocti.com\/site\/wp-content\/uploads\/2021\/05\/MENTORIA-FISIOTERAPIA-INTENSIVA.png","type":"image\/png"}],"twitter_card":"summary_large_image","twitter_misc":{"Est. tempo de leitura":"3 minutos"},"schema":{"@context":"https:\/\/schema.org","@graph":[{"@type":"WebPage","@id":"https:\/\/fisiocti.com\/site\/cursos\/fisioterapia-intensiva\/","url":"https:\/\/fisiocti.com\/site\/cursos\/fisioterapia-intensiva\/","name":"FISIOTERAPIA INTENSIVA - MENTORIA ELITE - FisioCTI","isPartOf":{"@id":"https:\/\/fisiocti.com\/site\/#website"},"datePublished":"2021-05-04T14:40:19+00:00","dateModified":"2024-06-12T10:48:30+00:00","description":"Programa de capacita\u00e7\u00e3o para fisioterapia intensiva e emerg\u00eancia, com aulas presenciais, no Rio de Janeiro, com dura\u00e7\u00e3o de 5 meses.","breadcrumb":{"@id":"https:\/\/fisiocti.com\/site\/cursos\/fisioterapia-intensiva\/#breadcrumb"},"inLanguage":"pt-BR","potentialAction":[{"@type":"ReadAction","target":["https:\/\/fisiocti.com\/site\/cursos\/fisioterapia-intensiva\/"]}]},{"@type":"BreadcrumbList","@id":"https:\/\/fisiocti.com\/site\/cursos\/fisioterapia-intensiva\/#breadcrumb","itemListElement":[{"@type":"ListItem","position":1,"name":"In\u00edcio","item":"https:\/\/fisiocti.com\/site\/"},{"@type":"ListItem","position":2,"name":"Produtos","item":"https:\/\/fisiocti.com\/site\/produtos\/"},{"@type":"ListItem","position":3,"name":"FISIOTERAPIA INTENSIVA &#8211; MENTORIA ELITE"}]},{"@type":"WebSite","@id":"https:\/\/fisiocti.com\/site\/#website","url":"https:\/\/fisiocti.com\/site\/","name":"FisioCTI","description":"Conectando teoria e pr\u00e1tica","publisher":{"@id":"https:\/\/fisiocti.com\/site\/#\/schema\/person\/e41d8e5a7a403cfbceeeb0d19e22ee50"},"potentialAction":[{"@type":"SearchAction","target":{"@type":"EntryPoint","urlTemplate":"https:\/\/fisiocti.com\/site\/?s={search_term_string}"},"query-input":"required name=search_term_string"}],"inLanguage":"pt-BR"},{"@type":["Person","Organization"],"@id":"https:\/\/fisiocti.com\/site\/#\/schema\/person\/e41d8e5a7a403cfbceeeb0d19e22ee50","name":"Elizabeth Cunha","image":{"@type":"ImageObject","inLanguage":"pt-BR","@id":"https:\/\/fisiocti.com\/site\/#\/schema\/person\/image\/","url":"https:\/\/fisiocti.com\/site\/wp-content\/uploads\/2022\/09\/LOGOMARCA-SEM-FUNDO.png","contentUrl":"https:\/\/fisiocti.com\/site\/wp-content\/uploads\/2022\/09\/LOGOMARCA-SEM-FUNDO.png","width":504,"height":504,"caption":"Elizabeth Cunha"},"logo":{"@id":"https:\/\/fisiocti.com\/site\/#\/schema\/person\/image\/"},"sameAs":["https:\/\/www.facebook.com\/fisiocti\/","https:\/\/www.instagram.com\/fisiocti\/","https:\/\/twitter.com\/https:\/\/www.twitter.com\/fisiocti\/","https:\/\/www.youtube.com\/@fisiocti"]}]}},"_links":{"self":[{"href":"https:\/\/fisiocti.com\/site\/wp-json\/wp\/v2\/product\/3531"}],"collection":[{"href":"https:\/\/fisiocti.com\/site\/wp-json\/wp\/v2\/product"}],"about":[{"href":"https:\/\/fisiocti.com\/site\/wp-json\/wp\/v2\/types\/product"}],"replies":[{"embeddable":true,"href":"https:\/\/fisiocti.com\/site\/wp-json\/wp\/v2\/comments?post=3531"}],"wp:featuredmedia":[{"embeddable":true,"href":"https:\/\/fisiocti.com\/site\/wp-json\/wp\/v2\/media\/4573"}],"wp:attachment":[{"href":"https:\/\/fisiocti.com\/site\/wp-json\/wp\/v2\/media?parent=3531"}],"curies":[{"name":"wp","href":"https:\/\/api.w.org\/{rel}","templated":true}]}}