{"id":3601,"date":"2021-09-11T04:07:19","date_gmt":"2021-09-11T07:07:19","guid":{"rendered":"http:\/\/fisiocti.com\/site\/?post_type=product&#038;p=3601"},"modified":"2022-01-16T17:35:40","modified_gmt":"2022-01-16T20:35:40","slug":"covid-19-edicao-de-bolso","status":"publish","type":"product","link":"https:\/\/fisiocti.com\/site\/cursos\/covid-19-edicao-de-bolso\/","title":{"rendered":"COVID-19: Edi\u00e7\u00e3o de bolso"},"content":{"rendered":"<p><strong>CONTE\u00daDO PROGRAM\u00c1TICO<\/strong><\/p>\n<ul>\n<li>Fisiopatologia<\/li>\n<li>Avalia\u00e7\u00e3o na Emerg\u00eancia<\/li>\n<li>Avalia\u00e7\u00e3o na UTI<\/li>\n<li>Oxigenoterapia<\/li>\n<li>Crit\u00e9rios para intuba\u00e7\u00e3o<\/li>\n<li>Intuba\u00e7\u00e3o de sequ\u00eancia r\u00e1pida<\/li>\n<li>Ventila\u00e7\u00e3o mec\u00e2nica no paciente COVID\n<ul>\n<li>Posicionamento em prona<\/li>\n<li>Titula\u00e7\u00e3o de PEEP<\/li>\n<li>Recrutamento alveolar<\/li>\n<\/ul>\n<\/li>\n<li>Extuba\u00e7\u00e3o<\/li>\n<li>Mobiliza\u00e7\u00e3o precoce<\/li>\n<\/ul>\n","protected":false},"excerpt":{"rendered":"<table width=\"100%\">\n<tbody>\n<tr>\n<td width=\"50%\"><strong>P\u00daBLICO ALVO<\/strong><br \/>\nFisioterapeutas, M\u00e9dicos, Enfermeiros e acad\u00eamicos.<\/td>\n<td width=\"50%\"><strong>CARGA HOR\u00c1RIA<\/strong><br \/>\n08 horas de aula<\/td>\n<\/tr>\n<tr>\n<td width=\"50%\"><strong>PR\u00d3XIMA TURMA<\/strong><br \/>\n<strong>AULAS AO VIVO: 02\/10\/2021<\/strong><\/td>\n<td width=\"50%\"><strong>LOCAL<\/strong><br \/>\nCURSO ONLINE<\/td>\n<\/tr>\n<\/tbody>\n<\/table>\n<p>Tudo o que voc\u00ea precisa saber sobre COVID, embalado em um formato compacto. Com uma linguagem leve, descontra\u00edda e que voc\u00ea vai entender. Sem preciosismo! Direto ao ponto!<\/p>\n<p>Para isso, al\u00e9m de um ebook exclusivo, voc\u00ea ter\u00e1 a disposi\u00e7\u00e3o toda a experi\u00eancia de quem atuou coordenando e ministrando os treinamentos de ventila\u00e7\u00e3o de um dos maiores hospitais de campanha do pa\u00eds e hoje atua em um dos servi\u00e7os de refer\u00eancia de terapia intensiva para COVID-19 do estado do Rio de Janeiro.<\/p>\n<p>Imperd\u00edvel tanto para quem vai come\u00e7ar agora, quanto para quem precisa de atualiza\u00e7\u00e3o.<\/p>\n<p><strong>E o melhor, online, com a grava\u00e7\u00e3o dispon\u00edvel por 30 dias ap\u00f3s o curso.<\/strong><\/p>\n<p>Matricule-se agora!<\/p>\n","protected":false},"featured_media":3505,"comment_status":"open","ping_status":"closed","template":"","meta":[],"yoast_head":"<!-- This site is optimized with the Yoast SEO plugin v20.1 - https:\/\/yoast.com\/wordpress\/plugins\/seo\/ -->\n<title>COVID-19: Edi\u00e7\u00e3o de bolso - FisioCTI<\/title>\n<meta name=\"robots\" content=\"index, follow, max-snippet:-1, max-image-preview:large, max-video-preview:-1\" \/>\n<link rel=\"canonical\" href=\"https:\/\/fisiocti.com\/site\/cursos\/covid-19-edicao-de-bolso\/\" \/>\n<meta property=\"og:locale\" content=\"pt_BR\" \/>\n<meta property=\"og:type\" content=\"article\" \/>\n<meta property=\"og:title\" content=\"COVID-19: Edi\u00e7\u00e3o de bolso - FisioCTI\" \/>\n<meta property=\"og:description\" content=\"P\u00daBLICO ALVO Fisioterapeutas, M\u00e9dicos, Enfermeiros e acad\u00eamicos. CARGA HOR\u00c1RIA 08 horas de aula   PR\u00d3XIMA TURMA AULAS AO VIVO: 02\/10\/2021 LOCAL CURSO ONLINE    Tudo o que voc\u00ea precisa saber sobre COVID, embalado em um formato compacto. Com uma linguagem leve, descontra\u00edda e que voc\u00ea vai entender. Sem preciosismo! Direto ao ponto!  Para isso, al\u00e9m de um ebook exclusivo, voc\u00ea ter\u00e1 a disposi\u00e7\u00e3o toda a experi\u00eancia de quem atuou coordenando e ministrando os treinamentos de ventila\u00e7\u00e3o de um dos maiores hospitais de campanha do pa\u00eds e hoje atua em um dos servi\u00e7os de refer\u00eancia de terapia intensiva para COVID-19 do estado do Rio de Janeiro.  Imperd\u00edvel tanto para quem vai come\u00e7ar agora, quanto para quem precisa de atualiza\u00e7\u00e3o.  E o melhor, online, com a grava\u00e7\u00e3o dispon\u00edvel por 30 dias ap\u00f3s o curso.  Matricule-se agora!\" \/>\n<meta property=\"og:url\" content=\"https:\/\/fisiocti.com\/site\/cursos\/covid-19-edicao-de-bolso\/\" \/>\n<meta property=\"og:site_name\" content=\"FisioCTI\" \/>\n<meta property=\"article:publisher\" content=\"https:\/\/www.facebook.com\/fisiocti\/\" \/>\n<meta property=\"article:modified_time\" content=\"2022-01-16T20:35:40+00:00\" \/>\n<meta property=\"og:image\" content=\"https:\/\/fisiocti.com\/site\/wp-content\/uploads\/2021\/04\/CURSOS-SITE-1.png\" \/>\n\t<meta property=\"og:image:width\" content=\"1080\" \/>\n\t<meta property=\"og:image:height\" content=\"1080\" \/>\n\t<meta property=\"og:image:type\" content=\"image\/png\" \/>\n<meta name=\"twitter:card\" content=\"summary_large_image\" \/>\n<script type=\"application\/ld+json\" class=\"yoast-schema-graph\">{\"@context\":\"https:\/\/schema.org\",\"@graph\":[{\"@type\":\"WebPage\",\"@id\":\"https:\/\/fisiocti.com\/site\/cursos\/covid-19-edicao-de-bolso\/\",\"url\":\"https:\/\/fisiocti.com\/site\/cursos\/covid-19-edicao-de-bolso\/\",\"name\":\"COVID-19: Edi\u00e7\u00e3o de bolso - FisioCTI\",\"isPartOf\":{\"@id\":\"https:\/\/fisiocti.com\/site\/#website\"},\"datePublished\":\"2021-09-11T07:07:19+00:00\",\"dateModified\":\"2022-01-16T20:35:40+00:00\",\"breadcrumb\":{\"@id\":\"https:\/\/fisiocti.com\/site\/cursos\/covid-19-edicao-de-bolso\/#breadcrumb\"},\"inLanguage\":\"pt-BR\",\"potentialAction\":[{\"@type\":\"ReadAction\",\"target\":[\"https:\/\/fisiocti.com\/site\/cursos\/covid-19-edicao-de-bolso\/\"]}]},{\"@type\":\"BreadcrumbList\",\"@id\":\"https:\/\/fisiocti.com\/site\/cursos\/covid-19-edicao-de-bolso\/#breadcrumb\",\"itemListElement\":[{\"@type\":\"ListItem\",\"position\":1,\"name\":\"In\u00edcio\",\"item\":\"https:\/\/fisiocti.com\/site\/\"},{\"@type\":\"ListItem\",\"position\":2,\"name\":\"Produtos\",\"item\":\"https:\/\/fisiocti.com\/site\/produtos\/\"},{\"@type\":\"ListItem\",\"position\":3,\"name\":\"COVID-19: Edi\u00e7\u00e3o de bolso\"}]},{\"@type\":\"WebSite\",\"@id\":\"https:\/\/fisiocti.com\/site\/#website\",\"url\":\"https:\/\/fisiocti.com\/site\/\",\"name\":\"FisioCTI\",\"description\":\"Conectando teoria e pr\u00e1tica\",\"publisher\":{\"@id\":\"https:\/\/fisiocti.com\/site\/#\/schema\/person\/e41d8e5a7a403cfbceeeb0d19e22ee50\"},\"potentialAction\":[{\"@type\":\"SearchAction\",\"target\":{\"@type\":\"EntryPoint\",\"urlTemplate\":\"https:\/\/fisiocti.com\/site\/?s={search_term_string}\"},\"query-input\":\"required name=search_term_string\"}],\"inLanguage\":\"pt-BR\"},{\"@type\":[\"Person\",\"Organization\"],\"@id\":\"https:\/\/fisiocti.com\/site\/#\/schema\/person\/e41d8e5a7a403cfbceeeb0d19e22ee50\",\"name\":\"Elizabeth Cunha\",\"image\":{\"@type\":\"ImageObject\",\"inLanguage\":\"pt-BR\",\"@id\":\"https:\/\/fisiocti.com\/site\/#\/schema\/person\/image\/\",\"url\":\"https:\/\/fisiocti.com\/site\/wp-content\/uploads\/2022\/09\/LOGOMARCA-SEM-FUNDO.png\",\"contentUrl\":\"https:\/\/fisiocti.com\/site\/wp-content\/uploads\/2022\/09\/LOGOMARCA-SEM-FUNDO.png\",\"width\":504,\"height\":504,\"caption\":\"Elizabeth Cunha\"},\"logo\":{\"@id\":\"https:\/\/fisiocti.com\/site\/#\/schema\/person\/image\/\"},\"sameAs\":[\"https:\/\/www.facebook.com\/fisiocti\/\",\"https:\/\/www.instagram.com\/fisiocti\/\",\"https:\/\/twitter.com\/https:\/\/www.twitter.com\/fisiocti\/\",\"https:\/\/www.youtube.com\/@fisiocti\"]}]}<\/script>\n<!-- \/ Yoast SEO plugin. -->","yoast_head_json":{"title":"COVID-19: Edi\u00e7\u00e3o de bolso - FisioCTI","robots":{"index":"index","follow":"follow","max-snippet":"max-snippet:-1","max-image-preview":"max-image-preview:large","max-video-preview":"max-video-preview:-1"},"canonical":"https:\/\/fisiocti.com\/site\/cursos\/covid-19-edicao-de-bolso\/","og_locale":"pt_BR","og_type":"article","og_title":"COVID-19: Edi\u00e7\u00e3o de bolso - FisioCTI","og_description":"P\u00daBLICO ALVO Fisioterapeutas, M\u00e9dicos, Enfermeiros e acad\u00eamicos. CARGA HOR\u00c1RIA 08 horas de aula   PR\u00d3XIMA TURMA AULAS AO VIVO: 02\/10\/2021 LOCAL CURSO ONLINE    Tudo o que voc\u00ea precisa saber sobre COVID, embalado em um formato compacto. Com uma linguagem leve, descontra\u00edda e que voc\u00ea vai entender. Sem preciosismo! Direto ao ponto!  Para isso, al\u00e9m de um ebook exclusivo, voc\u00ea ter\u00e1 a disposi\u00e7\u00e3o toda a experi\u00eancia de quem atuou coordenando e ministrando os treinamentos de ventila\u00e7\u00e3o de um dos maiores hospitais de campanha do pa\u00eds e hoje atua em um dos servi\u00e7os de refer\u00eancia de terapia intensiva para COVID-19 do estado do Rio de Janeiro.  Imperd\u00edvel tanto para quem vai come\u00e7ar agora, quanto para quem precisa de atualiza\u00e7\u00e3o.  E o melhor, online, com a grava\u00e7\u00e3o dispon\u00edvel por 30 dias ap\u00f3s o curso.  Matricule-se agora!","og_url":"https:\/\/fisiocti.com\/site\/cursos\/covid-19-edicao-de-bolso\/","og_site_name":"FisioCTI","article_publisher":"https:\/\/www.facebook.com\/fisiocti\/","article_modified_time":"2022-01-16T20:35:40+00:00","og_image":[{"width":1080,"height":1080,"url":"https:\/\/fisiocti.com\/site\/wp-content\/uploads\/2021\/04\/CURSOS-SITE-1.png","type":"image\/png"}],"twitter_card":"summary_large_image","schema":{"@context":"https:\/\/schema.org","@graph":[{"@type":"WebPage","@id":"https:\/\/fisiocti.com\/site\/cursos\/covid-19-edicao-de-bolso\/","url":"https:\/\/fisiocti.com\/site\/cursos\/covid-19-edicao-de-bolso\/","name":"COVID-19: Edi\u00e7\u00e3o de bolso - FisioCTI","isPartOf":{"@id":"https:\/\/fisiocti.com\/site\/#website"},"datePublished":"2021-09-11T07:07:19+00:00","dateModified":"2022-01-16T20:35:40+00:00","breadcrumb":{"@id":"https:\/\/fisiocti.com\/site\/cursos\/covid-19-edicao-de-bolso\/#breadcrumb"},"inLanguage":"pt-BR","potentialAction":[{"@type":"ReadAction","target":["https:\/\/fisiocti.com\/site\/cursos\/covid-19-edicao-de-bolso\/"]}]},{"@type":"BreadcrumbList","@id":"https:\/\/fisiocti.com\/site\/cursos\/covid-19-edicao-de-bolso\/#breadcrumb","itemListElement":[{"@type":"ListItem","position":1,"name":"In\u00edcio","item":"https:\/\/fisiocti.com\/site\/"},{"@type":"ListItem","position":2,"name":"Produtos","item":"https:\/\/fisiocti.com\/site\/produtos\/"},{"@type":"ListItem","position":3,"name":"COVID-19: Edi\u00e7\u00e3o de bolso"}]},{"@type":"WebSite","@id":"https:\/\/fisiocti.com\/site\/#website","url":"https:\/\/fisiocti.com\/site\/","name":"FisioCTI","description":"Conectando teoria e pr\u00e1tica","publisher":{"@id":"https:\/\/fisiocti.com\/site\/#\/schema\/person\/e41d8e5a7a403cfbceeeb0d19e22ee50"},"potentialAction":[{"@type":"SearchAction","target":{"@type":"EntryPoint","urlTemplate":"https:\/\/fisiocti.com\/site\/?s={search_term_string}"},"query-input":"required name=search_term_string"}],"inLanguage":"pt-BR"},{"@type":["Person","Organization"],"@id":"https:\/\/fisiocti.com\/site\/#\/schema\/person\/e41d8e5a7a403cfbceeeb0d19e22ee50","name":"Elizabeth Cunha","image":{"@type":"ImageObject","inLanguage":"pt-BR","@id":"https:\/\/fisiocti.com\/site\/#\/schema\/person\/image\/","url":"https:\/\/fisiocti.com\/site\/wp-content\/uploads\/2022\/09\/LOGOMARCA-SEM-FUNDO.png","contentUrl":"https:\/\/fisiocti.com\/site\/wp-content\/uploads\/2022\/09\/LOGOMARCA-SEM-FUNDO.png","width":504,"height":504,"caption":"Elizabeth Cunha"},"logo":{"@id":"https:\/\/fisiocti.com\/site\/#\/schema\/person\/image\/"},"sameAs":["https:\/\/www.facebook.com\/fisiocti\/","https:\/\/www.instagram.com\/fisiocti\/","https:\/\/twitter.com\/https:\/\/www.twitter.com\/fisiocti\/","https:\/\/www.youtube.com\/@fisiocti"]}]}},"_links":{"self":[{"href":"https:\/\/fisiocti.com\/site\/wp-json\/wp\/v2\/product\/3601"}],"collection":[{"href":"https:\/\/fisiocti.com\/site\/wp-json\/wp\/v2\/product"}],"about":[{"href":"https:\/\/fisiocti.com\/site\/wp-json\/wp\/v2\/types\/product"}],"replies":[{"embeddable":true,"href":"https:\/\/fisiocti.com\/site\/wp-json\/wp\/v2\/comments?post=3601"}],"wp:featuredmedia":[{"embeddable":true,"href":"https:\/\/fisiocti.com\/site\/wp-json\/wp\/v2\/media\/3505"}],"wp:attachment":[{"href":"https:\/\/fisiocti.com\/site\/wp-json\/wp\/v2\/media?parent=3601"}],"curies":[{"name":"wp","href":"https:\/\/api.w.org\/{rel}","templated":true}]}}