{"id":3603,"date":"2021-09-11T06:17:01","date_gmt":"2021-09-11T09:17:01","guid":{"rendered":"http:\/\/fisiocti.com\/site\/?post_type=product&#038;p=3603"},"modified":"2022-02-25T21:22:00","modified_gmt":"2022-02-26T00:22:00","slug":"descomplicando-vm-enfermagem","status":"publish","type":"product","link":"https:\/\/fisiocti.com\/site\/cursos\/descomplicando-vm-enfermagem\/","title":{"rendered":"Descomplicando VM &#8211; Enfermagem"},"content":{"rendered":"<p><strong>CONTE\u00daDO PROGRAM\u00c1TICO<\/strong><\/p>\n<ul>\n<li>Insufici\u00eancia Respirat\u00f3ria<\/li>\n<li>Ventila\u00e7\u00e3o N\u00e3o Invasiva &#8211; VNI\n<ul>\n<li>Par\u00e2metros e monitoriza\u00e7\u00e3o<\/li>\n<\/ul>\n<\/li>\n<li>Ventila\u00e7\u00e3o Mec\u00e2nica Invasiva\n<ul>\n<li>Modos ventilat\u00f3rios B\u00e1sicos:\u00a0VCV \/\/\u00a0PCV \/\/\u00a0PSV<\/li>\n<li>Par\u00e2metros Iniciais<\/li>\n<li>Ajustes<\/li>\n<\/ul>\n<\/li>\n<li>Uso racional do oxig\u00eanio<\/li>\n<li>Monitoriza\u00e7\u00e3o Ventilat\u00f3ria\n<ul>\n<li>Alarmes<\/li>\n<li>Driving Pressure e Ventila\u00e7\u00e3o Protetora<\/li>\n<li>Stress Index\u00a0 e Raz\u00e3o Ventilat\u00f3ria<\/li>\n<\/ul>\n<\/li>\n<li>Ventila\u00e7\u00e3o Parada Cardiorrespirat\u00f3ria<\/li>\n<\/ul>\n","protected":false},"excerpt":{"rendered":"<table width=\"100%\">\n<tbody>\n<tr>\n<td width=\"50%\"><strong>P\u00daBLICO ALVO<\/strong><br \/>\nEnfermeiros e acad\u00eamicos.<\/td>\n<td width=\"50%\"><strong>CARGA HOR\u00c1RIA<\/strong><br \/>\n8 horas<\/td>\n<\/tr>\n<tr>\n<td width=\"50%\"><strong>PR\u00d3XIMA TURMA<\/strong><br \/>\n<strong>Aulas ao vivo 25\/10\/2021<\/strong><\/td>\n<td width=\"50%\"><strong>LOCAL<\/strong><br \/>\nCURSO ONLINE<\/td>\n<\/tr>\n<\/tbody>\n<\/table>\n<p>Exatamente o que voc\u00ea precisa para come\u00e7ar a ventilar seus pacientes com seguran\u00e7a e efic\u00e1cia seja na emerg\u00eancia ou na terapia intensiva. Para isso, al\u00e9m dos estudos recentes sobre o tema, dispon\u00edveis em uma biblioteca online exclusiva para os alunos do curso, traremos fotos, v\u00eddeos e um ebook exclusivo.<\/p>\n<p>Voc\u00ea vai aprender com quem atuou coordenando e ministrando os treinamentos de ventila\u00e7\u00e3o e participando do Time de Resposta R\u00e1pida de um dos maiores hospitais de campanha do pa\u00eds e hoje atua em um dos servi\u00e7os de refer\u00eancia de terapia intensiva para COVID-19 do estado do Rio de Janeiro.<\/p>\n<p>Imperd\u00edvel tanto para quem vai come\u00e7ar agora, quanto para quem precisa de atualiza\u00e7\u00e3o.<\/p>\n<p><strong>E o melhor, online, com a grava\u00e7\u00e3o dispon\u00edvel por 90 dias ap\u00f3s o curso.<\/strong><\/p>\n","protected":false},"featured_media":3605,"comment_status":"open","ping_status":"closed","template":"","meta":[],"yoast_head":"<!-- This site is optimized with the Yoast SEO plugin v20.1 - https:\/\/yoast.com\/wordpress\/plugins\/seo\/ -->\n<title>Descomplicando VM - Enfermagem - FisioCTI<\/title>\n<meta name=\"robots\" content=\"index, follow, max-snippet:-1, max-image-preview:large, max-video-preview:-1\" \/>\n<link rel=\"canonical\" href=\"https:\/\/fisiocti.com\/site\/cursos\/descomplicando-vm-enfermagem\/\" \/>\n<meta property=\"og:locale\" content=\"pt_BR\" \/>\n<meta property=\"og:type\" content=\"article\" \/>\n<meta property=\"og:title\" content=\"Descomplicando VM - Enfermagem - FisioCTI\" \/>\n<meta property=\"og:description\" content=\"P\u00daBLICO ALVO Enfermeiros e acad\u00eamicos. CARGA HOR\u00c1RIA 8 horas   PR\u00d3XIMA TURMA Aulas ao vivo 25\/10\/2021 LOCAL CURSO ONLINE    Exatamente o que voc\u00ea precisa para come\u00e7ar a ventilar seus pacientes com seguran\u00e7a e efic\u00e1cia seja na emerg\u00eancia ou na terapia intensiva. Para isso, al\u00e9m dos estudos recentes sobre o tema, dispon\u00edveis em uma biblioteca online exclusiva para os alunos do curso, traremos fotos, v\u00eddeos e um ebook exclusivo.  Voc\u00ea vai aprender com quem atuou coordenando e ministrando os treinamentos de ventila\u00e7\u00e3o e participando do Time de Resposta R\u00e1pida de um dos maiores hospitais de campanha do pa\u00eds e hoje atua em um dos servi\u00e7os de refer\u00eancia de terapia intensiva para COVID-19 do estado do Rio de Janeiro.  Imperd\u00edvel tanto para quem vai come\u00e7ar agora, quanto para quem precisa de atualiza\u00e7\u00e3o.  E o melhor, online, com a grava\u00e7\u00e3o dispon\u00edvel por 90 dias ap\u00f3s o curso.\" \/>\n<meta property=\"og:url\" content=\"https:\/\/fisiocti.com\/site\/cursos\/descomplicando-vm-enfermagem\/\" \/>\n<meta property=\"og:site_name\" content=\"FisioCTI\" \/>\n<meta property=\"article:publisher\" content=\"https:\/\/www.facebook.com\/fisiocti\/\" \/>\n<meta property=\"article:modified_time\" content=\"2022-02-26T00:22:00+00:00\" \/>\n<meta property=\"og:image\" content=\"https:\/\/fisiocti.com\/site\/wp-content\/uploads\/2021\/09\/covidao.png\" \/>\n\t<meta property=\"og:image:width\" content=\"1080\" \/>\n\t<meta property=\"og:image:height\" content=\"1080\" \/>\n\t<meta property=\"og:image:type\" content=\"image\/png\" \/>\n<meta name=\"twitter:card\" content=\"summary_large_image\" \/>\n<script type=\"application\/ld+json\" class=\"yoast-schema-graph\">{\"@context\":\"https:\/\/schema.org\",\"@graph\":[{\"@type\":\"WebPage\",\"@id\":\"https:\/\/fisiocti.com\/site\/cursos\/descomplicando-vm-enfermagem\/\",\"url\":\"https:\/\/fisiocti.com\/site\/cursos\/descomplicando-vm-enfermagem\/\",\"name\":\"Descomplicando VM - Enfermagem - FisioCTI\",\"isPartOf\":{\"@id\":\"https:\/\/fisiocti.com\/site\/#website\"},\"datePublished\":\"2021-09-11T09:17:01+00:00\",\"dateModified\":\"2022-02-26T00:22:00+00:00\",\"breadcrumb\":{\"@id\":\"https:\/\/fisiocti.com\/site\/cursos\/descomplicando-vm-enfermagem\/#breadcrumb\"},\"inLanguage\":\"pt-BR\",\"potentialAction\":[{\"@type\":\"ReadAction\",\"target\":[\"https:\/\/fisiocti.com\/site\/cursos\/descomplicando-vm-enfermagem\/\"]}]},{\"@type\":\"BreadcrumbList\",\"@id\":\"https:\/\/fisiocti.com\/site\/cursos\/descomplicando-vm-enfermagem\/#breadcrumb\",\"itemListElement\":[{\"@type\":\"ListItem\",\"position\":1,\"name\":\"In\u00edcio\",\"item\":\"https:\/\/fisiocti.com\/site\/\"},{\"@type\":\"ListItem\",\"position\":2,\"name\":\"Produtos\",\"item\":\"https:\/\/fisiocti.com\/site\/produtos\/\"},{\"@type\":\"ListItem\",\"position\":3,\"name\":\"Descomplicando VM &#8211; Enfermagem\"}]},{\"@type\":\"WebSite\",\"@id\":\"https:\/\/fisiocti.com\/site\/#website\",\"url\":\"https:\/\/fisiocti.com\/site\/\",\"name\":\"FisioCTI\",\"description\":\"Conectando teoria e pr\u00e1tica\",\"publisher\":{\"@id\":\"https:\/\/fisiocti.com\/site\/#\/schema\/person\/e41d8e5a7a403cfbceeeb0d19e22ee50\"},\"potentialAction\":[{\"@type\":\"SearchAction\",\"target\":{\"@type\":\"EntryPoint\",\"urlTemplate\":\"https:\/\/fisiocti.com\/site\/?s={search_term_string}\"},\"query-input\":\"required name=search_term_string\"}],\"inLanguage\":\"pt-BR\"},{\"@type\":[\"Person\",\"Organization\"],\"@id\":\"https:\/\/fisiocti.com\/site\/#\/schema\/person\/e41d8e5a7a403cfbceeeb0d19e22ee50\",\"name\":\"Elizabeth Cunha\",\"image\":{\"@type\":\"ImageObject\",\"inLanguage\":\"pt-BR\",\"@id\":\"https:\/\/fisiocti.com\/site\/#\/schema\/person\/image\/\",\"url\":\"https:\/\/fisiocti.com\/site\/wp-content\/uploads\/2022\/09\/LOGOMARCA-SEM-FUNDO.png\",\"contentUrl\":\"https:\/\/fisiocti.com\/site\/wp-content\/uploads\/2022\/09\/LOGOMARCA-SEM-FUNDO.png\",\"width\":504,\"height\":504,\"caption\":\"Elizabeth Cunha\"},\"logo\":{\"@id\":\"https:\/\/fisiocti.com\/site\/#\/schema\/person\/image\/\"},\"sameAs\":[\"https:\/\/www.facebook.com\/fisiocti\/\",\"https:\/\/www.instagram.com\/fisiocti\/\",\"https:\/\/twitter.com\/https:\/\/www.twitter.com\/fisiocti\/\",\"https:\/\/www.youtube.com\/@fisiocti\"]}]}<\/script>\n<!-- \/ Yoast SEO plugin. -->","yoast_head_json":{"title":"Descomplicando VM - Enfermagem - FisioCTI","robots":{"index":"index","follow":"follow","max-snippet":"max-snippet:-1","max-image-preview":"max-image-preview:large","max-video-preview":"max-video-preview:-1"},"canonical":"https:\/\/fisiocti.com\/site\/cursos\/descomplicando-vm-enfermagem\/","og_locale":"pt_BR","og_type":"article","og_title":"Descomplicando VM - Enfermagem - FisioCTI","og_description":"P\u00daBLICO ALVO Enfermeiros e acad\u00eamicos. CARGA HOR\u00c1RIA 8 horas   PR\u00d3XIMA TURMA Aulas ao vivo 25\/10\/2021 LOCAL CURSO ONLINE    Exatamente o que voc\u00ea precisa para come\u00e7ar a ventilar seus pacientes com seguran\u00e7a e efic\u00e1cia seja na emerg\u00eancia ou na terapia intensiva. Para isso, al\u00e9m dos estudos recentes sobre o tema, dispon\u00edveis em uma biblioteca online exclusiva para os alunos do curso, traremos fotos, v\u00eddeos e um ebook exclusivo.  Voc\u00ea vai aprender com quem atuou coordenando e ministrando os treinamentos de ventila\u00e7\u00e3o e participando do Time de Resposta R\u00e1pida de um dos maiores hospitais de campanha do pa\u00eds e hoje atua em um dos servi\u00e7os de refer\u00eancia de terapia intensiva para COVID-19 do estado do Rio de Janeiro.  Imperd\u00edvel tanto para quem vai come\u00e7ar agora, quanto para quem precisa de atualiza\u00e7\u00e3o.  E o melhor, online, com a grava\u00e7\u00e3o dispon\u00edvel por 90 dias ap\u00f3s o curso.","og_url":"https:\/\/fisiocti.com\/site\/cursos\/descomplicando-vm-enfermagem\/","og_site_name":"FisioCTI","article_publisher":"https:\/\/www.facebook.com\/fisiocti\/","article_modified_time":"2022-02-26T00:22:00+00:00","og_image":[{"width":1080,"height":1080,"url":"https:\/\/fisiocti.com\/site\/wp-content\/uploads\/2021\/09\/covidao.png","type":"image\/png"}],"twitter_card":"summary_large_image","schema":{"@context":"https:\/\/schema.org","@graph":[{"@type":"WebPage","@id":"https:\/\/fisiocti.com\/site\/cursos\/descomplicando-vm-enfermagem\/","url":"https:\/\/fisiocti.com\/site\/cursos\/descomplicando-vm-enfermagem\/","name":"Descomplicando VM - Enfermagem - FisioCTI","isPartOf":{"@id":"https:\/\/fisiocti.com\/site\/#website"},"datePublished":"2021-09-11T09:17:01+00:00","dateModified":"2022-02-26T00:22:00+00:00","breadcrumb":{"@id":"https:\/\/fisiocti.com\/site\/cursos\/descomplicando-vm-enfermagem\/#breadcrumb"},"inLanguage":"pt-BR","potentialAction":[{"@type":"ReadAction","target":["https:\/\/fisiocti.com\/site\/cursos\/descomplicando-vm-enfermagem\/"]}]},{"@type":"BreadcrumbList","@id":"https:\/\/fisiocti.com\/site\/cursos\/descomplicando-vm-enfermagem\/#breadcrumb","itemListElement":[{"@type":"ListItem","position":1,"name":"In\u00edcio","item":"https:\/\/fisiocti.com\/site\/"},{"@type":"ListItem","position":2,"name":"Produtos","item":"https:\/\/fisiocti.com\/site\/produtos\/"},{"@type":"ListItem","position":3,"name":"Descomplicando VM &#8211; Enfermagem"}]},{"@type":"WebSite","@id":"https:\/\/fisiocti.com\/site\/#website","url":"https:\/\/fisiocti.com\/site\/","name":"FisioCTI","description":"Conectando teoria e pr\u00e1tica","publisher":{"@id":"https:\/\/fisiocti.com\/site\/#\/schema\/person\/e41d8e5a7a403cfbceeeb0d19e22ee50"},"potentialAction":[{"@type":"SearchAction","target":{"@type":"EntryPoint","urlTemplate":"https:\/\/fisiocti.com\/site\/?s={search_term_string}"},"query-input":"required name=search_term_string"}],"inLanguage":"pt-BR"},{"@type":["Person","Organization"],"@id":"https:\/\/fisiocti.com\/site\/#\/schema\/person\/e41d8e5a7a403cfbceeeb0d19e22ee50","name":"Elizabeth Cunha","image":{"@type":"ImageObject","inLanguage":"pt-BR","@id":"https:\/\/fisiocti.com\/site\/#\/schema\/person\/image\/","url":"https:\/\/fisiocti.com\/site\/wp-content\/uploads\/2022\/09\/LOGOMARCA-SEM-FUNDO.png","contentUrl":"https:\/\/fisiocti.com\/site\/wp-content\/uploads\/2022\/09\/LOGOMARCA-SEM-FUNDO.png","width":504,"height":504,"caption":"Elizabeth Cunha"},"logo":{"@id":"https:\/\/fisiocti.com\/site\/#\/schema\/person\/image\/"},"sameAs":["https:\/\/www.facebook.com\/fisiocti\/","https:\/\/www.instagram.com\/fisiocti\/","https:\/\/twitter.com\/https:\/\/www.twitter.com\/fisiocti\/","https:\/\/www.youtube.com\/@fisiocti"]}]}},"_links":{"self":[{"href":"https:\/\/fisiocti.com\/site\/wp-json\/wp\/v2\/product\/3603"}],"collection":[{"href":"https:\/\/fisiocti.com\/site\/wp-json\/wp\/v2\/product"}],"about":[{"href":"https:\/\/fisiocti.com\/site\/wp-json\/wp\/v2\/types\/product"}],"replies":[{"embeddable":true,"href":"https:\/\/fisiocti.com\/site\/wp-json\/wp\/v2\/comments?post=3603"}],"wp:featuredmedia":[{"embeddable":true,"href":"https:\/\/fisiocti.com\/site\/wp-json\/wp\/v2\/media\/3605"}],"wp:attachment":[{"href":"https:\/\/fisiocti.com\/site\/wp-json\/wp\/v2\/media?parent=3603"}],"curies":[{"name":"wp","href":"https:\/\/api.w.org\/{rel}","templated":true}]}}