{"id":3851,"date":"2022-03-16T11:13:56","date_gmt":"2022-03-16T14:13:56","guid":{"rendered":"https:\/\/fisiocti.com\/site\/?post_type=product&#038;p=3851"},"modified":"2023-05-22T12:09:09","modified_gmt":"2023-05-22T15:09:09","slug":"vm-medicos","status":"publish","type":"product","link":"https:\/\/fisiocti.com\/site\/cursos\/vm-medicos\/","title":{"rendered":"Ventila\u00e7\u00e3o Mec\u00e2nica para M\u00e9dicos"},"content":{"rendered":"<p><span style=\"font-weight: 400;\">Quantos plant\u00f5es voc\u00ea deixou de assumir por n\u00e3o saber nada de ventila\u00e7\u00e3o mec\u00e2nica? Ou quantas vezes voc\u00ea ficou extremamente inseguro por n\u00e3o entender o que est\u00e1 sendo discutido por desconhecer as principais abordagens ventilat\u00f3rias?<\/span><\/p>\n<p>Se voc\u00ea, pelo menos uma, vez j\u00e1 passou por isso ent\u00e3o, est\u00e1 na hora de mudar isso.<\/p>\n<p>O manejo ventilat\u00f3rio \u00e9 fundamental para os profissionais que atuam em emerg\u00eancia e UTI. No caso de m\u00e9dicos, todos esperam que voc\u00ea saiba, mas ningu\u00e9m nunca te ensinou. Pelo menos at\u00e9 agora!<\/p>\n<p>Est\u00e3o abertas as inscri\u00e7\u00f5es para a nossa turma de VM para m\u00e9dicos de 2022. O curso que lan\u00e7ou a FisioCTI no mercado, ainda mais completo e com conte\u00fado de sobra. \u00c9 agora a hora de voc\u00ea parar de ter medo de um dos principais recursos ventilat\u00f3rios e torn\u00e1-lo seu aliado!<\/p>\n<p><strong>Inscreva-se agora!<\/strong><\/p>\n<p>&nbsp;<\/p>\n<p><strong>CONTE\u00daDO PROGRAM\u00c1TICO<\/strong><\/p>\n<ul>\n<li>Par\u00e2metros de admiss\u00e3o na Ventila\u00e7\u00e3o Mec\u00e2nica<\/li>\n<li>Ventila\u00e7\u00e3o em PCV, VCV, PSV<\/li>\n<li>Ventila\u00e7\u00e3o na Parada Cardiorrespirat\u00f3ria<\/li>\n<li>Titula\u00e7\u00e3o de PEEP<\/li>\n<li>Desmame<\/li>\n<\/ul>\n<p>&nbsp;<\/p>\n<p><strong>PROTOCOLO COVID<\/strong><\/p>\n<p>&#8211; Em caso de suspens\u00e3o do curso devido \u00e0 condi\u00e7\u00f5es relacionadas \u00e0 pandemia de COVID-19 ou outras condi\u00e7\u00f5es similares, o curso ser\u00e1 realizado de forma virtual;<\/p>\n<p>-Todos os alunos dever\u00e3o enviar no ato da matricula, a carteira de vacina\u00e7\u00e3o com as 3 doses da vacina contra COVID-19, caso contr\u00e1rio a matr\u00edcula n\u00e3o ser\u00e1 efetivada e o valor ser\u00e1 restitu\u00eddo;<\/p>\n<p>&#8211; Durante toda a dura\u00e7\u00e3o o curso, os alunos dever\u00e3o permanecer com m\u00e1scara que cubra o nariz e boca na sala de aula e no consult\u00f3rio;<\/p>\n<p>&#8211; No dia do curso, ser\u00e1 aferida temperatura e caso o aluno apresentem temperatura superior a 37,5\u00b0C e\/ou apresente sintomas gripais n\u00e3o poder\u00e1 participar do curso e poder\u00e1 optar pela restitui\u00e7\u00e3o do valor pago ou acesso ao curso online.<\/p>\n<p>&#8211; Caso o aluno apresente sintomas gripais ou tenha teste positivo para COVID-19, deve comunicar imediatamente a organiza\u00e7\u00e3o do curso, com apresenta\u00e7\u00e3o do atestado m\u00e9dico, para que sejam disponibilizadas as op\u00e7\u00f5es de cancelamento e\/ou realoca\u00e7\u00e3o na turma online.<\/p>\n<p>&nbsp;<\/p>\n","protected":false},"excerpt":{"rendered":"<table width=\"100%\">\n<tbody>\n<tr>\n<td width=\"50%\"><strong>P\u00daBLICO ALVO<\/strong><br \/>\nM\u00e9dicos e acad\u00eamicos a partir do 5\u00ba per\u00edodo<\/td>\n<td width=\"50%\"><strong>CARGA HOR\u00c1RIA<\/strong><br \/>\n8 horas<\/td>\n<\/tr>\n<tr>\n<td width=\"50%\"><strong>PR\u00d3XIMA TURMA<\/strong><br \/>\n09\/04\/2022 &#8211; 09:00 \u00c0S 17:00<\/td>\n<td width=\"50%\"><strong>LOCAL<\/strong><br \/>\nCENTRO DO RIO DE JANEIRO\/RJ<\/td>\n<\/tr>\n<\/tbody>\n<\/table>\n<p>&nbsp;<\/p>\n","protected":false},"featured_media":3852,"comment_status":"open","ping_status":"closed","template":"","meta":[],"yoast_head":"<!-- This site is optimized with the Yoast SEO plugin v20.1 - https:\/\/yoast.com\/wordpress\/plugins\/seo\/ -->\n<title>Ventila\u00e7\u00e3o Mec\u00e2nica para M\u00e9dicos - FisioCTI<\/title>\n<meta name=\"robots\" content=\"index, follow, max-snippet:-1, max-image-preview:large, max-video-preview:-1\" \/>\n<link rel=\"canonical\" href=\"https:\/\/fisiocti.com\/site\/cursos\/vm-medicos\/\" \/>\n<meta property=\"og:locale\" content=\"pt_BR\" \/>\n<meta property=\"og:type\" content=\"article\" \/>\n<meta property=\"og:title\" content=\"Ventila\u00e7\u00e3o Mec\u00e2nica para M\u00e9dicos - FisioCTI\" \/>\n<meta property=\"og:description\" content=\"P\u00daBLICO ALVO M\u00e9dicos e acad\u00eamicos a partir do 5\u00ba per\u00edodo CARGA HOR\u00c1RIA 8 horas   PR\u00d3XIMA TURMA 09\/04\/2022 - 09:00 \u00c0S 17:00 LOCAL CENTRO DO RIO DE JANEIRO\/RJ    &nbsp;\" \/>\n<meta property=\"og:url\" content=\"https:\/\/fisiocti.com\/site\/cursos\/vm-medicos\/\" \/>\n<meta property=\"og:site_name\" content=\"FisioCTI\" \/>\n<meta property=\"article:publisher\" content=\"https:\/\/www.facebook.com\/fisiocti\/\" \/>\n<meta property=\"article:modified_time\" content=\"2023-05-22T15:09:09+00:00\" \/>\n<meta property=\"og:image\" content=\"https:\/\/fisiocti.com\/site\/wp-content\/uploads\/2022\/03\/Texto-do-seu-paragrafo-6.png\" \/>\n\t<meta property=\"og:image:width\" content=\"1080\" \/>\n\t<meta property=\"og:image:height\" content=\"1080\" \/>\n\t<meta property=\"og:image:type\" content=\"image\/png\" \/>\n<meta name=\"twitter:card\" content=\"summary_large_image\" \/>\n<meta name=\"twitter:label1\" content=\"Est. tempo de leitura\" \/>\n\t<meta name=\"twitter:data1\" content=\"2 minutos\" \/>\n<script type=\"application\/ld+json\" class=\"yoast-schema-graph\">{\"@context\":\"https:\/\/schema.org\",\"@graph\":[{\"@type\":\"WebPage\",\"@id\":\"https:\/\/fisiocti.com\/site\/cursos\/vm-medicos\/\",\"url\":\"https:\/\/fisiocti.com\/site\/cursos\/vm-medicos\/\",\"name\":\"Ventila\u00e7\u00e3o Mec\u00e2nica para M\u00e9dicos - FisioCTI\",\"isPartOf\":{\"@id\":\"https:\/\/fisiocti.com\/site\/#website\"},\"datePublished\":\"2022-03-16T14:13:56+00:00\",\"dateModified\":\"2023-05-22T15:09:09+00:00\",\"breadcrumb\":{\"@id\":\"https:\/\/fisiocti.com\/site\/cursos\/vm-medicos\/#breadcrumb\"},\"inLanguage\":\"pt-BR\",\"potentialAction\":[{\"@type\":\"ReadAction\",\"target\":[\"https:\/\/fisiocti.com\/site\/cursos\/vm-medicos\/\"]}]},{\"@type\":\"BreadcrumbList\",\"@id\":\"https:\/\/fisiocti.com\/site\/cursos\/vm-medicos\/#breadcrumb\",\"itemListElement\":[{\"@type\":\"ListItem\",\"position\":1,\"name\":\"In\u00edcio\",\"item\":\"https:\/\/fisiocti.com\/site\/\"},{\"@type\":\"ListItem\",\"position\":2,\"name\":\"Produtos\",\"item\":\"https:\/\/fisiocti.com\/site\/produtos\/\"},{\"@type\":\"ListItem\",\"position\":3,\"name\":\"Ventila\u00e7\u00e3o Mec\u00e2nica para M\u00e9dicos\"}]},{\"@type\":\"WebSite\",\"@id\":\"https:\/\/fisiocti.com\/site\/#website\",\"url\":\"https:\/\/fisiocti.com\/site\/\",\"name\":\"FisioCTI\",\"description\":\"Conectando teoria e pr\u00e1tica\",\"publisher\":{\"@id\":\"https:\/\/fisiocti.com\/site\/#\/schema\/person\/e41d8e5a7a403cfbceeeb0d19e22ee50\"},\"potentialAction\":[{\"@type\":\"SearchAction\",\"target\":{\"@type\":\"EntryPoint\",\"urlTemplate\":\"https:\/\/fisiocti.com\/site\/?s={search_term_string}\"},\"query-input\":\"required name=search_term_string\"}],\"inLanguage\":\"pt-BR\"},{\"@type\":[\"Person\",\"Organization\"],\"@id\":\"https:\/\/fisiocti.com\/site\/#\/schema\/person\/e41d8e5a7a403cfbceeeb0d19e22ee50\",\"name\":\"Elizabeth Cunha\",\"image\":{\"@type\":\"ImageObject\",\"inLanguage\":\"pt-BR\",\"@id\":\"https:\/\/fisiocti.com\/site\/#\/schema\/person\/image\/\",\"url\":\"https:\/\/fisiocti.com\/site\/wp-content\/uploads\/2022\/09\/LOGOMARCA-SEM-FUNDO.png\",\"contentUrl\":\"https:\/\/fisiocti.com\/site\/wp-content\/uploads\/2022\/09\/LOGOMARCA-SEM-FUNDO.png\",\"width\":504,\"height\":504,\"caption\":\"Elizabeth Cunha\"},\"logo\":{\"@id\":\"https:\/\/fisiocti.com\/site\/#\/schema\/person\/image\/\"},\"sameAs\":[\"https:\/\/www.facebook.com\/fisiocti\/\",\"https:\/\/www.instagram.com\/fisiocti\/\",\"https:\/\/twitter.com\/https:\/\/www.twitter.com\/fisiocti\/\",\"https:\/\/www.youtube.com\/@fisiocti\"]}]}<\/script>\n<!-- \/ Yoast SEO plugin. -->","yoast_head_json":{"title":"Ventila\u00e7\u00e3o Mec\u00e2nica para M\u00e9dicos - FisioCTI","robots":{"index":"index","follow":"follow","max-snippet":"max-snippet:-1","max-image-preview":"max-image-preview:large","max-video-preview":"max-video-preview:-1"},"canonical":"https:\/\/fisiocti.com\/site\/cursos\/vm-medicos\/","og_locale":"pt_BR","og_type":"article","og_title":"Ventila\u00e7\u00e3o Mec\u00e2nica para M\u00e9dicos - FisioCTI","og_description":"P\u00daBLICO ALVO M\u00e9dicos e acad\u00eamicos a partir do 5\u00ba per\u00edodo CARGA HOR\u00c1RIA 8 horas   PR\u00d3XIMA TURMA 09\/04\/2022 - 09:00 \u00c0S 17:00 LOCAL CENTRO DO RIO DE JANEIRO\/RJ    &nbsp;","og_url":"https:\/\/fisiocti.com\/site\/cursos\/vm-medicos\/","og_site_name":"FisioCTI","article_publisher":"https:\/\/www.facebook.com\/fisiocti\/","article_modified_time":"2023-05-22T15:09:09+00:00","og_image":[{"width":1080,"height":1080,"url":"https:\/\/fisiocti.com\/site\/wp-content\/uploads\/2022\/03\/Texto-do-seu-paragrafo-6.png","type":"image\/png"}],"twitter_card":"summary_large_image","twitter_misc":{"Est. tempo de leitura":"2 minutos"},"schema":{"@context":"https:\/\/schema.org","@graph":[{"@type":"WebPage","@id":"https:\/\/fisiocti.com\/site\/cursos\/vm-medicos\/","url":"https:\/\/fisiocti.com\/site\/cursos\/vm-medicos\/","name":"Ventila\u00e7\u00e3o Mec\u00e2nica para M\u00e9dicos - FisioCTI","isPartOf":{"@id":"https:\/\/fisiocti.com\/site\/#website"},"datePublished":"2022-03-16T14:13:56+00:00","dateModified":"2023-05-22T15:09:09+00:00","breadcrumb":{"@id":"https:\/\/fisiocti.com\/site\/cursos\/vm-medicos\/#breadcrumb"},"inLanguage":"pt-BR","potentialAction":[{"@type":"ReadAction","target":["https:\/\/fisiocti.com\/site\/cursos\/vm-medicos\/"]}]},{"@type":"BreadcrumbList","@id":"https:\/\/fisiocti.com\/site\/cursos\/vm-medicos\/#breadcrumb","itemListElement":[{"@type":"ListItem","position":1,"name":"In\u00edcio","item":"https:\/\/fisiocti.com\/site\/"},{"@type":"ListItem","position":2,"name":"Produtos","item":"https:\/\/fisiocti.com\/site\/produtos\/"},{"@type":"ListItem","position":3,"name":"Ventila\u00e7\u00e3o Mec\u00e2nica para M\u00e9dicos"}]},{"@type":"WebSite","@id":"https:\/\/fisiocti.com\/site\/#website","url":"https:\/\/fisiocti.com\/site\/","name":"FisioCTI","description":"Conectando teoria e pr\u00e1tica","publisher":{"@id":"https:\/\/fisiocti.com\/site\/#\/schema\/person\/e41d8e5a7a403cfbceeeb0d19e22ee50"},"potentialAction":[{"@type":"SearchAction","target":{"@type":"EntryPoint","urlTemplate":"https:\/\/fisiocti.com\/site\/?s={search_term_string}"},"query-input":"required name=search_term_string"}],"inLanguage":"pt-BR"},{"@type":["Person","Organization"],"@id":"https:\/\/fisiocti.com\/site\/#\/schema\/person\/e41d8e5a7a403cfbceeeb0d19e22ee50","name":"Elizabeth Cunha","image":{"@type":"ImageObject","inLanguage":"pt-BR","@id":"https:\/\/fisiocti.com\/site\/#\/schema\/person\/image\/","url":"https:\/\/fisiocti.com\/site\/wp-content\/uploads\/2022\/09\/LOGOMARCA-SEM-FUNDO.png","contentUrl":"https:\/\/fisiocti.com\/site\/wp-content\/uploads\/2022\/09\/LOGOMARCA-SEM-FUNDO.png","width":504,"height":504,"caption":"Elizabeth Cunha"},"logo":{"@id":"https:\/\/fisiocti.com\/site\/#\/schema\/person\/image\/"},"sameAs":["https:\/\/www.facebook.com\/fisiocti\/","https:\/\/www.instagram.com\/fisiocti\/","https:\/\/twitter.com\/https:\/\/www.twitter.com\/fisiocti\/","https:\/\/www.youtube.com\/@fisiocti"]}]}},"_links":{"self":[{"href":"https:\/\/fisiocti.com\/site\/wp-json\/wp\/v2\/product\/3851"}],"collection":[{"href":"https:\/\/fisiocti.com\/site\/wp-json\/wp\/v2\/product"}],"about":[{"href":"https:\/\/fisiocti.com\/site\/wp-json\/wp\/v2\/types\/product"}],"replies":[{"embeddable":true,"href":"https:\/\/fisiocti.com\/site\/wp-json\/wp\/v2\/comments?post=3851"}],"wp:featuredmedia":[{"embeddable":true,"href":"https:\/\/fisiocti.com\/site\/wp-json\/wp\/v2\/media\/3852"}],"wp:attachment":[{"href":"https:\/\/fisiocti.com\/site\/wp-json\/wp\/v2\/media?parent=3851"}],"curies":[{"name":"wp","href":"https:\/\/api.w.org\/{rel}","templated":true}]}}