{"id":3991,"date":"2022-06-05T11:06:25","date_gmt":"2022-06-05T14:06:25","guid":{"rendered":"https:\/\/fisiocti.com\/site\/?post_type=product&#038;p=3991"},"modified":"2022-10-03T19:58:47","modified_gmt":"2022-10-03T22:58:47","slug":"mobilizacao_uti","status":"publish","type":"product","link":"https:\/\/fisiocti.com\/site\/cursos\/mobilizacao_uti\/","title":{"rendered":"Mobiliza\u00e7\u00e3o em UTI"},"content":{"rendered":"<p><span style=\"font-weight: 400;\">Se voc\u00ea ainda tem d\u00favidas sobre como mobilizar o paciente em UTI, seja por falta de conhecimento ou pela falta de recursos tecnol\u00f3gicos, temos uma excelente not\u00edcia para voc\u00ea.<\/span><\/p>\n<p><span style=\"font-weight: 400;\">Est\u00e3o abertas as inscri\u00e7\u00f5es para a primeira turma do curso Mobiliza\u00e7\u00e3o em UTI &#8211; Da FAUTI \u00e0 funcionalidade. <\/span><\/p>\n<p><span style=\"font-weight: 400;\">N\u00e3o espere desse curso uma aula te\u00f3rica com um monte de artigos e nada de treino. Isso voc\u00ea ter\u00e1 na sua pasta virtual.\u00a0<\/span><\/p>\n<p><span style=\"font-weight: 400;\">Durante as aulas teremos a teoria da mobiliza\u00e7\u00e3o em UTI, como realizar uma avalia\u00e7\u00e3o de qualidade e t\u00e9cnicas de mobiliza\u00e7\u00e3o orientada para a funcionalidade. <\/span><span style=\"font-weight: 400;\">No entanto, mais do que a teoria, voc\u00ea vai aprender fazendo a avaliar o paciente orientado para a funcionalidade, como mobiliz\u00e1-lo com seguran\u00e7a buscando o m\u00e1ximo de fun\u00e7\u00e3o e como criar dispositivos com recursos dispon\u00edveis em qualquer lugar.<\/span><\/p>\n<p><span style=\"font-weight: 400;\">Ou seja, \u00e9 um curso fundamental para o fisioterapeuta da \u00e1rea hospitalar.<\/span><\/p>\n<p>Matricule-se agora!<\/p>\n<p>&nbsp;<\/p>\n<p><strong>CONTE\u00daDO PROGRAM\u00c1TICO<\/strong><\/p>\n<ul>\n<li>Fraqueza muscular adquirida na UTI<\/li>\n<li>Polineuropatia do doente cr\u00edtico<\/li>\n<li>Barreias \u00e0 mobiliza\u00e7\u00e3o<\/li>\n<li>Escalas de avalia\u00e7\u00e3o<\/li>\n<li>Mobiliza\u00e7\u00e3o aplicada \u00e0 funcionalidade<\/li>\n<li>Como criar e aplicar um protocolo de mobiliza\u00e7\u00e3o<\/li>\n<li>Principais dispositivos auxiliares<\/li>\n<\/ul>\n<p><strong>HANDS ON (Pr\u00e1tica)<\/strong><\/p>\n<ul>\n<li>T\u00e9cnicas de mobiliza\u00e7\u00e3o<\/li>\n<li>Avalia\u00e7\u00e3o<\/li>\n<li>Atividades e objetivos funcionais<\/li>\n<li>Oficina de dispositivos auxiliares de baixo custo<\/li>\n<\/ul>\n<p>&nbsp;<\/p>\n<p><strong>PROTOCOLO COVID<\/strong><\/p>\n<p>&#8211; Em caso de suspens\u00e3o do curso devido \u00e0 condi\u00e7\u00f5es relacionadas \u00e0 pandemia de COVID-19 ou outras condi\u00e7\u00f5es similares, o curso ser\u00e1 realizado de forma virtual;<\/p>\n<p>-Todos os alunos dever\u00e3o enviar at\u00e9 uma semana antes do curso, a carteira de vacina\u00e7\u00e3o com as 3 doses da vacina contra COVID-19 , caso contr\u00e1rio a matr\u00edcula n\u00e3o ser\u00e1 efetivada e o valor ser\u00e1 restitu\u00eddo;<\/p>\n<p>&#8211; Durante toda a dura\u00e7\u00e3o o curso, o uso de m\u00e1scaras seguir\u00e1 a recomenda\u00e7\u00e3o atual da Secretaria de Sa\u00fade Municipal;<\/p>\n<p>&#8211; Caso o aluno apresente sintomas gripais ou tenha teste positivo para COVID-19, deve comunicar imediatamente a organiza\u00e7\u00e3o do curso, com apresenta\u00e7\u00e3o do atestado m\u00e9dico, para que sejam disponibilizadas as op\u00e7\u00f5es de cancelamento e\/ou realoca\u00e7\u00e3o em outra turma.<\/p>\n","protected":false},"excerpt":{"rendered":"<table width=\"100%\">\n<tbody>\n<tr>\n<td width=\"50%\"><strong>P\u00daBLICO ALVO<\/strong><br \/>\nFisioterapeutas e acad\u00eamicos de fisioterapia a partir do 5\u00ba per\u00edodo<\/td>\n<td width=\"50%\"><strong>CARGA HOR\u00c1RIA<\/strong><br \/>\n16 horas<\/td>\n<\/tr>\n<tr>\n<td width=\"50%\"><strong>PR\u00d3XIMA TURMA<\/strong><br \/>\nSem previs\u00e3o<\/td>\n<td width=\"50%\"><strong>LOCAL<\/strong><br \/>\nRua Visconde de Inha\u00fama, 134 &#8211; Centro \/ RIO DE JANEIRO\/RJ<\/td>\n<\/tr>\n<\/tbody>\n<\/table>\n<p><a href=\"https:\/\/api.whatsapp.com\/send?phone=5521982427985&amp;text=Ol%C3%A1!%20Gostaria%20de%20mais%20informa%C3%A7%C3%B5es%20sobre%20o%20parcelamento%20em%20boleto%20do%20curso%20de%20Mobiliza%C3%A7%C3%A3o%20em%20UTI\" target=\"_blank\" rel=\"noopener noreferrer\"><img loading=\"lazy\" class=\"aligncenter wp-image-3987 size-full\" src=\"https:\/\/fisiocti.com\/site\/wp-content\/uploads\/2022\/02\/INFORMACOES-SOBRE-PARCELAMENTO-SEM-JUROS-EM-BOLETO-BANCARIO.png\" alt=\"\" width=\"600\" height=\"200\" srcset=\"https:\/\/fisiocti.com\/site\/wp-content\/uploads\/2022\/02\/INFORMACOES-SOBRE-PARCELAMENTO-SEM-JUROS-EM-BOLETO-BANCARIO.png 600w, https:\/\/fisiocti.com\/site\/wp-content\/uploads\/2022\/02\/INFORMACOES-SOBRE-PARCELAMENTO-SEM-JUROS-EM-BOLETO-BANCARIO-300x100.png 300w, https:\/\/fisiocti.com\/site\/wp-content\/uploads\/2022\/02\/INFORMACOES-SOBRE-PARCELAMENTO-SEM-JUROS-EM-BOLETO-BANCARIO-450x150.png 450w\" sizes=\"(max-width: 600px) 100vw, 600px\" \/><\/a><\/p>\n","protected":false},"featured_media":3992,"comment_status":"closed","ping_status":"closed","template":"","meta":[],"yoast_head":"<!-- This site is optimized with the Yoast SEO plugin v20.1 - https:\/\/yoast.com\/wordpress\/plugins\/seo\/ -->\n<title>Mobiliza\u00e7\u00e3o em UTI - FisioCTI<\/title>\n<meta name=\"robots\" content=\"index, follow, max-snippet:-1, max-image-preview:large, max-video-preview:-1\" \/>\n<link rel=\"canonical\" href=\"https:\/\/fisiocti.com\/site\/cursos\/mobilizacao_uti\/\" \/>\n<meta property=\"og:locale\" content=\"pt_BR\" \/>\n<meta property=\"og:type\" content=\"article\" \/>\n<meta property=\"og:title\" content=\"Mobiliza\u00e7\u00e3o em UTI - FisioCTI\" \/>\n<meta property=\"og:description\" content=\"P\u00daBLICO ALVO Fisioterapeutas e acad\u00eamicos de fisioterapia a partir do 5\u00ba per\u00edodo CARGA HOR\u00c1RIA 16 horas   PR\u00d3XIMA TURMA Sem previs\u00e3o LOCAL Rua Visconde de Inha\u00fama, 134 - Centro \/ RIO DE JANEIRO\/RJ\" \/>\n<meta property=\"og:url\" content=\"https:\/\/fisiocti.com\/site\/cursos\/mobilizacao_uti\/\" \/>\n<meta property=\"og:site_name\" content=\"FisioCTI\" \/>\n<meta property=\"article:publisher\" content=\"https:\/\/www.facebook.com\/fisiocti\/\" \/>\n<meta property=\"article:modified_time\" content=\"2022-10-03T22:58:47+00:00\" \/>\n<meta property=\"og:image\" content=\"https:\/\/fisiocti.com\/site\/wp-content\/uploads\/2022\/06\/CURSO-PRESENCIAL-RIO-DE-JANEIRO-1.png\" \/>\n\t<meta property=\"og:image:width\" content=\"1080\" \/>\n\t<meta property=\"og:image:height\" content=\"1080\" \/>\n\t<meta property=\"og:image:type\" content=\"image\/png\" \/>\n<meta name=\"twitter:card\" content=\"summary_large_image\" \/>\n<meta name=\"twitter:label1\" content=\"Est. tempo de leitura\" \/>\n\t<meta name=\"twitter:data1\" content=\"2 minutos\" \/>\n<script type=\"application\/ld+json\" class=\"yoast-schema-graph\">{\"@context\":\"https:\/\/schema.org\",\"@graph\":[{\"@type\":\"WebPage\",\"@id\":\"https:\/\/fisiocti.com\/site\/cursos\/mobilizacao_uti\/\",\"url\":\"https:\/\/fisiocti.com\/site\/cursos\/mobilizacao_uti\/\",\"name\":\"Mobiliza\u00e7\u00e3o em UTI - FisioCTI\",\"isPartOf\":{\"@id\":\"https:\/\/fisiocti.com\/site\/#website\"},\"datePublished\":\"2022-06-05T14:06:25+00:00\",\"dateModified\":\"2022-10-03T22:58:47+00:00\",\"breadcrumb\":{\"@id\":\"https:\/\/fisiocti.com\/site\/cursos\/mobilizacao_uti\/#breadcrumb\"},\"inLanguage\":\"pt-BR\",\"potentialAction\":[{\"@type\":\"ReadAction\",\"target\":[\"https:\/\/fisiocti.com\/site\/cursos\/mobilizacao_uti\/\"]}]},{\"@type\":\"BreadcrumbList\",\"@id\":\"https:\/\/fisiocti.com\/site\/cursos\/mobilizacao_uti\/#breadcrumb\",\"itemListElement\":[{\"@type\":\"ListItem\",\"position\":1,\"name\":\"In\u00edcio\",\"item\":\"https:\/\/fisiocti.com\/site\/\"},{\"@type\":\"ListItem\",\"position\":2,\"name\":\"Produtos\",\"item\":\"https:\/\/fisiocti.com\/site\/produtos\/\"},{\"@type\":\"ListItem\",\"position\":3,\"name\":\"Mobiliza\u00e7\u00e3o em UTI\"}]},{\"@type\":\"WebSite\",\"@id\":\"https:\/\/fisiocti.com\/site\/#website\",\"url\":\"https:\/\/fisiocti.com\/site\/\",\"name\":\"FisioCTI\",\"description\":\"Conectando teoria e pr\u00e1tica\",\"publisher\":{\"@id\":\"https:\/\/fisiocti.com\/site\/#\/schema\/person\/e41d8e5a7a403cfbceeeb0d19e22ee50\"},\"potentialAction\":[{\"@type\":\"SearchAction\",\"target\":{\"@type\":\"EntryPoint\",\"urlTemplate\":\"https:\/\/fisiocti.com\/site\/?s={search_term_string}\"},\"query-input\":\"required name=search_term_string\"}],\"inLanguage\":\"pt-BR\"},{\"@type\":[\"Person\",\"Organization\"],\"@id\":\"https:\/\/fisiocti.com\/site\/#\/schema\/person\/e41d8e5a7a403cfbceeeb0d19e22ee50\",\"name\":\"Elizabeth Cunha\",\"image\":{\"@type\":\"ImageObject\",\"inLanguage\":\"pt-BR\",\"@id\":\"https:\/\/fisiocti.com\/site\/#\/schema\/person\/image\/\",\"url\":\"https:\/\/fisiocti.com\/site\/wp-content\/uploads\/2022\/09\/LOGOMARCA-SEM-FUNDO.png\",\"contentUrl\":\"https:\/\/fisiocti.com\/site\/wp-content\/uploads\/2022\/09\/LOGOMARCA-SEM-FUNDO.png\",\"width\":504,\"height\":504,\"caption\":\"Elizabeth Cunha\"},\"logo\":{\"@id\":\"https:\/\/fisiocti.com\/site\/#\/schema\/person\/image\/\"},\"sameAs\":[\"https:\/\/www.facebook.com\/fisiocti\/\",\"https:\/\/www.instagram.com\/fisiocti\/\",\"https:\/\/twitter.com\/https:\/\/www.twitter.com\/fisiocti\/\",\"https:\/\/www.youtube.com\/@fisiocti\"]}]}<\/script>\n<!-- \/ Yoast SEO plugin. -->","yoast_head_json":{"title":"Mobiliza\u00e7\u00e3o em UTI - FisioCTI","robots":{"index":"index","follow":"follow","max-snippet":"max-snippet:-1","max-image-preview":"max-image-preview:large","max-video-preview":"max-video-preview:-1"},"canonical":"https:\/\/fisiocti.com\/site\/cursos\/mobilizacao_uti\/","og_locale":"pt_BR","og_type":"article","og_title":"Mobiliza\u00e7\u00e3o em UTI - FisioCTI","og_description":"P\u00daBLICO ALVO Fisioterapeutas e acad\u00eamicos de fisioterapia a partir do 5\u00ba per\u00edodo CARGA HOR\u00c1RIA 16 horas   PR\u00d3XIMA TURMA Sem previs\u00e3o LOCAL Rua Visconde de Inha\u00fama, 134 - Centro \/ RIO DE JANEIRO\/RJ","og_url":"https:\/\/fisiocti.com\/site\/cursos\/mobilizacao_uti\/","og_site_name":"FisioCTI","article_publisher":"https:\/\/www.facebook.com\/fisiocti\/","article_modified_time":"2022-10-03T22:58:47+00:00","og_image":[{"width":1080,"height":1080,"url":"https:\/\/fisiocti.com\/site\/wp-content\/uploads\/2022\/06\/CURSO-PRESENCIAL-RIO-DE-JANEIRO-1.png","type":"image\/png"}],"twitter_card":"summary_large_image","twitter_misc":{"Est. tempo de leitura":"2 minutos"},"schema":{"@context":"https:\/\/schema.org","@graph":[{"@type":"WebPage","@id":"https:\/\/fisiocti.com\/site\/cursos\/mobilizacao_uti\/","url":"https:\/\/fisiocti.com\/site\/cursos\/mobilizacao_uti\/","name":"Mobiliza\u00e7\u00e3o em UTI - FisioCTI","isPartOf":{"@id":"https:\/\/fisiocti.com\/site\/#website"},"datePublished":"2022-06-05T14:06:25+00:00","dateModified":"2022-10-03T22:58:47+00:00","breadcrumb":{"@id":"https:\/\/fisiocti.com\/site\/cursos\/mobilizacao_uti\/#breadcrumb"},"inLanguage":"pt-BR","potentialAction":[{"@type":"ReadAction","target":["https:\/\/fisiocti.com\/site\/cursos\/mobilizacao_uti\/"]}]},{"@type":"BreadcrumbList","@id":"https:\/\/fisiocti.com\/site\/cursos\/mobilizacao_uti\/#breadcrumb","itemListElement":[{"@type":"ListItem","position":1,"name":"In\u00edcio","item":"https:\/\/fisiocti.com\/site\/"},{"@type":"ListItem","position":2,"name":"Produtos","item":"https:\/\/fisiocti.com\/site\/produtos\/"},{"@type":"ListItem","position":3,"name":"Mobiliza\u00e7\u00e3o em UTI"}]},{"@type":"WebSite","@id":"https:\/\/fisiocti.com\/site\/#website","url":"https:\/\/fisiocti.com\/site\/","name":"FisioCTI","description":"Conectando teoria e pr\u00e1tica","publisher":{"@id":"https:\/\/fisiocti.com\/site\/#\/schema\/person\/e41d8e5a7a403cfbceeeb0d19e22ee50"},"potentialAction":[{"@type":"SearchAction","target":{"@type":"EntryPoint","urlTemplate":"https:\/\/fisiocti.com\/site\/?s={search_term_string}"},"query-input":"required name=search_term_string"}],"inLanguage":"pt-BR"},{"@type":["Person","Organization"],"@id":"https:\/\/fisiocti.com\/site\/#\/schema\/person\/e41d8e5a7a403cfbceeeb0d19e22ee50","name":"Elizabeth Cunha","image":{"@type":"ImageObject","inLanguage":"pt-BR","@id":"https:\/\/fisiocti.com\/site\/#\/schema\/person\/image\/","url":"https:\/\/fisiocti.com\/site\/wp-content\/uploads\/2022\/09\/LOGOMARCA-SEM-FUNDO.png","contentUrl":"https:\/\/fisiocti.com\/site\/wp-content\/uploads\/2022\/09\/LOGOMARCA-SEM-FUNDO.png","width":504,"height":504,"caption":"Elizabeth Cunha"},"logo":{"@id":"https:\/\/fisiocti.com\/site\/#\/schema\/person\/image\/"},"sameAs":["https:\/\/www.facebook.com\/fisiocti\/","https:\/\/www.instagram.com\/fisiocti\/","https:\/\/twitter.com\/https:\/\/www.twitter.com\/fisiocti\/","https:\/\/www.youtube.com\/@fisiocti"]}]}},"_links":{"self":[{"href":"https:\/\/fisiocti.com\/site\/wp-json\/wp\/v2\/product\/3991"}],"collection":[{"href":"https:\/\/fisiocti.com\/site\/wp-json\/wp\/v2\/product"}],"about":[{"href":"https:\/\/fisiocti.com\/site\/wp-json\/wp\/v2\/types\/product"}],"replies":[{"embeddable":true,"href":"https:\/\/fisiocti.com\/site\/wp-json\/wp\/v2\/comments?post=3991"}],"wp:featuredmedia":[{"embeddable":true,"href":"https:\/\/fisiocti.com\/site\/wp-json\/wp\/v2\/media\/3992"}],"wp:attachment":[{"href":"https:\/\/fisiocti.com\/site\/wp-json\/wp\/v2\/media?parent=3991"}],"curies":[{"name":"wp","href":"https:\/\/api.w.org\/{rel}","templated":true}]}}