{"id":4038,"date":"2022-08-11T17:13:00","date_gmt":"2022-08-11T20:13:00","guid":{"rendered":"https:\/\/fisiocti.com\/site\/?post_type=product&#038;p=4038"},"modified":"2022-12-13T20:19:06","modified_gmt":"2022-12-13T23:19:06","slug":"oxigenoterapia-vni-pediatria","status":"publish","type":"product","link":"https:\/\/fisiocti.com\/site\/cursos\/oxigenoterapia-vni-pediatria\/","title":{"rendered":"OXIGENOTERAPIA E VNI EM PEDIATRIA"},"content":{"rendered":"<p>Se voc\u00ea pensa que uma crian\u00e7a \u00e9 um adulto em miniatura, est\u00e1 na hora de rever os seus conceitos! O manejo do paciente pedi\u00e1trico tem uma s\u00e9rie de nuances que precisam ser observadas de perto.<\/p>\n<p>Pensando nisso, a FisioCTI trouxe a Prof\u00aa Karina Martins para falar sobre a utiliza\u00e7\u00e3o do oxig\u00eanio e da ventila\u00e7\u00e3o n\u00e3o invasiva, em beb\u00eas e crian\u00e7as. Al\u00e9m das indica\u00e7\u00f5es e contraindica\u00e7\u00f5es, traremos sugest\u00f5es de protocolos e pr\u00e1tica da montagem dos sistemas, para voc\u00ea entender como funciona na pr\u00e1tica o que a literatura mais atual sobre o assunto recomenda.<\/p>\n<p>Com toda a viv\u00eancia de quem atua na linha de frente da \u00e1rea hospitalar, aliada \u00e0 experi\u00eancia de sala de aula, ela vai descomplica a utiliza\u00e7\u00e3o desses recursos t\u00e3o importantes na pediatria.<\/p>\n<p>Um oportunidade \u00fanica!<\/p>\n<p>Matricule-se agora!<\/p>\n<p>&nbsp;<\/p>\n<p><strong>CONTE\u00daDO PROGRAM\u00c1TICO<\/strong><\/p>\n<ul>\n<li>Introdu\u00e7\u00e3o a VNI em UTI NeoPed<\/li>\n<li>Interfaces<\/li>\n<li>Modalidades Ventilat\u00f3rias<\/li>\n<li>Indica\u00e7\u00f5es e Contraindica\u00e7\u00f5es<\/li>\n<li>VNI nas principais patologias<\/li>\n<li>Heliox: Quais as evid\u00eancias?<\/li>\n<li>Desmame Ventilat\u00f3rio<\/li>\n<li>Introdu\u00e7\u00e3o a oxigenoterapia<\/li>\n<li>Terapias de alto fluxo e baixo fluxo<\/li>\n<li>Indica\u00e7\u00f5es da oxigenoterapia<\/li>\n<li>Protocolos sugeridos<\/li>\n<li>CNAF como montar<\/li>\n<li>Indica\u00e7\u00f5es CNAF x VNI<\/li>\n<li>Pr\u00e1tica<\/li>\n<\/ul>\n<p><strong>Prof. Karina Carvalho Martins<\/strong><br \/>\nFisioterapeuta (UFRJ)<br \/>\nP\u00f3s graduada em terapia intensiva neonatal e pedi\u00e1trica<br \/>\nFisioterapeuta Rotina do Hospital Real Dor<br \/>\nProfessora convidada na Interfisio e Instituto de Fisioterapia Intensiva<\/p>\n<p>&nbsp;<\/p>\n<p><strong>PROTOCOLO COVID<\/strong><\/p>\n<p>\u2013 Em caso de suspens\u00e3o do curso devido \u00e0 condi\u00e7\u00f5es relacionadas \u00e0 pandemia de COVID-19 ou outras condi\u00e7\u00f5es similares, o curso ser\u00e1 realizado de forma virtual;<\/p>\n<p>-Todos os alunos dever\u00e3o enviar at\u00e9 uma semana antes do curso, a carteira de vacina\u00e7\u00e3o com as 3 doses da vacina contra COVID-19 , caso contr\u00e1rio a matr\u00edcula n\u00e3o ser\u00e1 efetivada e o valor ser\u00e1 restitu\u00eddo;<\/p>\n<p>\u2013 Durante toda a dura\u00e7\u00e3o o curso, o uso de m\u00e1scaras seguir\u00e1 a recomenda\u00e7\u00e3o atual da Secretaria de Sa\u00fade Municipal;<\/p>\n<p>\u2013 Caso o aluno apresente sintomas gripais ou tenha teste positivo para COVID-19, deve comunicar imediatamente a organiza\u00e7\u00e3o do curso, com apresenta\u00e7\u00e3o do atestado m\u00e9dico, para que sejam disponibilizadas as op\u00e7\u00f5es de cancelamento e\/ou realoca\u00e7\u00e3o em outra turma.<\/p>\n","protected":false},"excerpt":{"rendered":"<table width=\"100%\">\n<tbody>\n<tr>\n<td width=\"50%\"><strong>P\u00daBLICO ALVO<\/strong><br \/>\nFisioterapeutas e acad\u00eamicos de fisioterapia a partir do 5\u00ba per\u00edodo<\/td>\n<td width=\"50%\"><strong>CARGA HOR\u00c1RIA<\/strong><br \/>\n8 horas<\/td>\n<\/tr>\n<tr>\n<td width=\"50%\"><strong>PR\u00d3XIMA TURMA<\/strong><br \/>\nJANEIRO\/2023<\/td>\n<td width=\"50%\"><strong>LOCAL<\/strong><br \/>\nRua Visconde de Inha\u00fama, 134 &#8211; Centro \/ RIO DE JANEIRO\/RJ<\/td>\n<\/tr>\n<\/tbody>\n<\/table>\n<p><a href=\"https:\/\/api.whatsapp.com\/send?phone=5521982427985&amp;text=Ol%C3%A1!%20Gostaria%20de%20mais%20informa%C3%A7%C3%B5es%20sobre%20o%20parcelamento%20em%20boleto%20do%20curso%20de%20Mobiliza%C3%A7%C3%A3o%20em%20UTI\" target=\"_blank\" rel=\"noopener noreferrer\"><img loading=\"lazy\" class=\"aligncenter wp-image-3987 size-full\" src=\"https:\/\/fisiocti.com\/site\/wp-content\/uploads\/2022\/02\/INFORMACOES-SOBRE-PARCELAMENTO-SEM-JUROS-EM-BOLETO-BANCARIO.png\" alt=\"\" width=\"600\" height=\"200\" srcset=\"https:\/\/fisiocti.com\/site\/wp-content\/uploads\/2022\/02\/INFORMACOES-SOBRE-PARCELAMENTO-SEM-JUROS-EM-BOLETO-BANCARIO.png 600w, https:\/\/fisiocti.com\/site\/wp-content\/uploads\/2022\/02\/INFORMACOES-SOBRE-PARCELAMENTO-SEM-JUROS-EM-BOLETO-BANCARIO-300x100.png 300w, https:\/\/fisiocti.com\/site\/wp-content\/uploads\/2022\/02\/INFORMACOES-SOBRE-PARCELAMENTO-SEM-JUROS-EM-BOLETO-BANCARIO-450x150.png 450w\" sizes=\"(max-width: 600px) 100vw, 600px\" \/><\/a><\/p>\n<p>&nbsp;<\/p>\n","protected":false},"featured_media":4041,"comment_status":"closed","ping_status":"closed","template":"","meta":[],"yoast_head":"<!-- This site is optimized with the Yoast SEO plugin v20.1 - https:\/\/yoast.com\/wordpress\/plugins\/seo\/ -->\n<title>OXIGENOTERAPIA E VNI EM PEDIATRIA - FisioCTI<\/title>\n<meta name=\"robots\" content=\"index, follow, max-snippet:-1, max-image-preview:large, max-video-preview:-1\" \/>\n<link rel=\"canonical\" href=\"https:\/\/fisiocti.com\/site\/cursos\/oxigenoterapia-vni-pediatria\/\" \/>\n<meta property=\"og:locale\" content=\"pt_BR\" \/>\n<meta property=\"og:type\" content=\"article\" \/>\n<meta property=\"og:title\" content=\"OXIGENOTERAPIA E VNI EM PEDIATRIA - FisioCTI\" \/>\n<meta property=\"og:description\" content=\"P\u00daBLICO ALVO Fisioterapeutas e acad\u00eamicos de fisioterapia a partir do 5\u00ba per\u00edodo CARGA HOR\u00c1RIA 8 horas   PR\u00d3XIMA TURMA JANEIRO\/2023 LOCAL Rua Visconde de Inha\u00fama, 134 - Centro \/ RIO DE JANEIRO\/RJ      &nbsp;\" \/>\n<meta property=\"og:url\" content=\"https:\/\/fisiocti.com\/site\/cursos\/oxigenoterapia-vni-pediatria\/\" \/>\n<meta property=\"og:site_name\" content=\"FisioCTI\" \/>\n<meta property=\"article:publisher\" content=\"https:\/\/www.facebook.com\/fisiocti\/\" \/>\n<meta property=\"article:modified_time\" content=\"2022-12-13T23:19:06+00:00\" \/>\n<meta property=\"og:image\" content=\"https:\/\/fisiocti.com\/site\/wp-content\/uploads\/2022\/08\/OXIGENOTERAPIA-E-VNI-NEOPED-1.png\" \/>\n\t<meta property=\"og:image:width\" content=\"1080\" \/>\n\t<meta property=\"og:image:height\" content=\"1080\" \/>\n\t<meta property=\"og:image:type\" content=\"image\/png\" \/>\n<meta name=\"twitter:card\" content=\"summary_large_image\" \/>\n<meta name=\"twitter:label1\" content=\"Est. tempo de leitura\" \/>\n\t<meta name=\"twitter:data1\" content=\"2 minutos\" \/>\n<script type=\"application\/ld+json\" class=\"yoast-schema-graph\">{\"@context\":\"https:\/\/schema.org\",\"@graph\":[{\"@type\":\"WebPage\",\"@id\":\"https:\/\/fisiocti.com\/site\/cursos\/oxigenoterapia-vni-pediatria\/\",\"url\":\"https:\/\/fisiocti.com\/site\/cursos\/oxigenoterapia-vni-pediatria\/\",\"name\":\"OXIGENOTERAPIA E VNI EM PEDIATRIA - FisioCTI\",\"isPartOf\":{\"@id\":\"https:\/\/fisiocti.com\/site\/#website\"},\"datePublished\":\"2022-08-11T20:13:00+00:00\",\"dateModified\":\"2022-12-13T23:19:06+00:00\",\"breadcrumb\":{\"@id\":\"https:\/\/fisiocti.com\/site\/cursos\/oxigenoterapia-vni-pediatria\/#breadcrumb\"},\"inLanguage\":\"pt-BR\",\"potentialAction\":[{\"@type\":\"ReadAction\",\"target\":[\"https:\/\/fisiocti.com\/site\/cursos\/oxigenoterapia-vni-pediatria\/\"]}]},{\"@type\":\"BreadcrumbList\",\"@id\":\"https:\/\/fisiocti.com\/site\/cursos\/oxigenoterapia-vni-pediatria\/#breadcrumb\",\"itemListElement\":[{\"@type\":\"ListItem\",\"position\":1,\"name\":\"In\u00edcio\",\"item\":\"https:\/\/fisiocti.com\/site\/\"},{\"@type\":\"ListItem\",\"position\":2,\"name\":\"Produtos\",\"item\":\"https:\/\/fisiocti.com\/site\/produtos\/\"},{\"@type\":\"ListItem\",\"position\":3,\"name\":\"OXIGENOTERAPIA E VNI EM PEDIATRIA\"}]},{\"@type\":\"WebSite\",\"@id\":\"https:\/\/fisiocti.com\/site\/#website\",\"url\":\"https:\/\/fisiocti.com\/site\/\",\"name\":\"FisioCTI\",\"description\":\"Conectando teoria e pr\u00e1tica\",\"publisher\":{\"@id\":\"https:\/\/fisiocti.com\/site\/#\/schema\/person\/e41d8e5a7a403cfbceeeb0d19e22ee50\"},\"potentialAction\":[{\"@type\":\"SearchAction\",\"target\":{\"@type\":\"EntryPoint\",\"urlTemplate\":\"https:\/\/fisiocti.com\/site\/?s={search_term_string}\"},\"query-input\":\"required name=search_term_string\"}],\"inLanguage\":\"pt-BR\"},{\"@type\":[\"Person\",\"Organization\"],\"@id\":\"https:\/\/fisiocti.com\/site\/#\/schema\/person\/e41d8e5a7a403cfbceeeb0d19e22ee50\",\"name\":\"Elizabeth Cunha\",\"image\":{\"@type\":\"ImageObject\",\"inLanguage\":\"pt-BR\",\"@id\":\"https:\/\/fisiocti.com\/site\/#\/schema\/person\/image\/\",\"url\":\"https:\/\/fisiocti.com\/site\/wp-content\/uploads\/2022\/09\/LOGOMARCA-SEM-FUNDO.png\",\"contentUrl\":\"https:\/\/fisiocti.com\/site\/wp-content\/uploads\/2022\/09\/LOGOMARCA-SEM-FUNDO.png\",\"width\":504,\"height\":504,\"caption\":\"Elizabeth Cunha\"},\"logo\":{\"@id\":\"https:\/\/fisiocti.com\/site\/#\/schema\/person\/image\/\"},\"sameAs\":[\"https:\/\/www.facebook.com\/fisiocti\/\",\"https:\/\/www.instagram.com\/fisiocti\/\",\"https:\/\/twitter.com\/https:\/\/www.twitter.com\/fisiocti\/\",\"https:\/\/www.youtube.com\/@fisiocti\"]}]}<\/script>\n<!-- \/ Yoast SEO plugin. -->","yoast_head_json":{"title":"OXIGENOTERAPIA E VNI EM PEDIATRIA - FisioCTI","robots":{"index":"index","follow":"follow","max-snippet":"max-snippet:-1","max-image-preview":"max-image-preview:large","max-video-preview":"max-video-preview:-1"},"canonical":"https:\/\/fisiocti.com\/site\/cursos\/oxigenoterapia-vni-pediatria\/","og_locale":"pt_BR","og_type":"article","og_title":"OXIGENOTERAPIA E VNI EM PEDIATRIA - FisioCTI","og_description":"P\u00daBLICO ALVO Fisioterapeutas e acad\u00eamicos de fisioterapia a partir do 5\u00ba per\u00edodo CARGA HOR\u00c1RIA 8 horas   PR\u00d3XIMA TURMA JANEIRO\/2023 LOCAL Rua Visconde de Inha\u00fama, 134 - Centro \/ RIO DE JANEIRO\/RJ      &nbsp;","og_url":"https:\/\/fisiocti.com\/site\/cursos\/oxigenoterapia-vni-pediatria\/","og_site_name":"FisioCTI","article_publisher":"https:\/\/www.facebook.com\/fisiocti\/","article_modified_time":"2022-12-13T23:19:06+00:00","og_image":[{"width":1080,"height":1080,"url":"https:\/\/fisiocti.com\/site\/wp-content\/uploads\/2022\/08\/OXIGENOTERAPIA-E-VNI-NEOPED-1.png","type":"image\/png"}],"twitter_card":"summary_large_image","twitter_misc":{"Est. tempo de leitura":"2 minutos"},"schema":{"@context":"https:\/\/schema.org","@graph":[{"@type":"WebPage","@id":"https:\/\/fisiocti.com\/site\/cursos\/oxigenoterapia-vni-pediatria\/","url":"https:\/\/fisiocti.com\/site\/cursos\/oxigenoterapia-vni-pediatria\/","name":"OXIGENOTERAPIA E VNI EM PEDIATRIA - FisioCTI","isPartOf":{"@id":"https:\/\/fisiocti.com\/site\/#website"},"datePublished":"2022-08-11T20:13:00+00:00","dateModified":"2022-12-13T23:19:06+00:00","breadcrumb":{"@id":"https:\/\/fisiocti.com\/site\/cursos\/oxigenoterapia-vni-pediatria\/#breadcrumb"},"inLanguage":"pt-BR","potentialAction":[{"@type":"ReadAction","target":["https:\/\/fisiocti.com\/site\/cursos\/oxigenoterapia-vni-pediatria\/"]}]},{"@type":"BreadcrumbList","@id":"https:\/\/fisiocti.com\/site\/cursos\/oxigenoterapia-vni-pediatria\/#breadcrumb","itemListElement":[{"@type":"ListItem","position":1,"name":"In\u00edcio","item":"https:\/\/fisiocti.com\/site\/"},{"@type":"ListItem","position":2,"name":"Produtos","item":"https:\/\/fisiocti.com\/site\/produtos\/"},{"@type":"ListItem","position":3,"name":"OXIGENOTERAPIA E VNI EM PEDIATRIA"}]},{"@type":"WebSite","@id":"https:\/\/fisiocti.com\/site\/#website","url":"https:\/\/fisiocti.com\/site\/","name":"FisioCTI","description":"Conectando teoria e pr\u00e1tica","publisher":{"@id":"https:\/\/fisiocti.com\/site\/#\/schema\/person\/e41d8e5a7a403cfbceeeb0d19e22ee50"},"potentialAction":[{"@type":"SearchAction","target":{"@type":"EntryPoint","urlTemplate":"https:\/\/fisiocti.com\/site\/?s={search_term_string}"},"query-input":"required name=search_term_string"}],"inLanguage":"pt-BR"},{"@type":["Person","Organization"],"@id":"https:\/\/fisiocti.com\/site\/#\/schema\/person\/e41d8e5a7a403cfbceeeb0d19e22ee50","name":"Elizabeth Cunha","image":{"@type":"ImageObject","inLanguage":"pt-BR","@id":"https:\/\/fisiocti.com\/site\/#\/schema\/person\/image\/","url":"https:\/\/fisiocti.com\/site\/wp-content\/uploads\/2022\/09\/LOGOMARCA-SEM-FUNDO.png","contentUrl":"https:\/\/fisiocti.com\/site\/wp-content\/uploads\/2022\/09\/LOGOMARCA-SEM-FUNDO.png","width":504,"height":504,"caption":"Elizabeth Cunha"},"logo":{"@id":"https:\/\/fisiocti.com\/site\/#\/schema\/person\/image\/"},"sameAs":["https:\/\/www.facebook.com\/fisiocti\/","https:\/\/www.instagram.com\/fisiocti\/","https:\/\/twitter.com\/https:\/\/www.twitter.com\/fisiocti\/","https:\/\/www.youtube.com\/@fisiocti"]}]}},"_links":{"self":[{"href":"https:\/\/fisiocti.com\/site\/wp-json\/wp\/v2\/product\/4038"}],"collection":[{"href":"https:\/\/fisiocti.com\/site\/wp-json\/wp\/v2\/product"}],"about":[{"href":"https:\/\/fisiocti.com\/site\/wp-json\/wp\/v2\/types\/product"}],"replies":[{"embeddable":true,"href":"https:\/\/fisiocti.com\/site\/wp-json\/wp\/v2\/comments?post=4038"}],"wp:featuredmedia":[{"embeddable":true,"href":"https:\/\/fisiocti.com\/site\/wp-json\/wp\/v2\/media\/4041"}],"wp:attachment":[{"href":"https:\/\/fisiocti.com\/site\/wp-json\/wp\/v2\/media?parent=4038"}],"curies":[{"name":"wp","href":"https:\/\/api.w.org\/{rel}","templated":true}]}}