{"id":4049,"date":"2022-09-09T17:12:23","date_gmt":"2022-09-09T20:12:23","guid":{"rendered":"http:\/\/fisiocti.com\/site\/?post_type=product&#038;p=4049"},"modified":"2022-11-17T13:01:41","modified_gmt":"2022-11-17T16:01:41","slug":"ventilacao-mecanica-alem-do-basico","status":"publish","type":"product","link":"https:\/\/fisiocti.com\/site\/cursos\/ventilacao-mecanica-alem-do-basico\/","title":{"rendered":"VENTILA\u00c7\u00c3O MEC\u00c2NICA AL\u00c9M DO B\u00c1SICO"},"content":{"rendered":"<p>Para voc\u00ea que j\u00e1 conhece os modos b\u00e1sicos da Ventila\u00e7\u00e3o Mec\u00e2nica, trouxemos um curso para que voc\u00ea possa utilizar esse recurso com maestria. O <strong>Ventila\u00e7\u00e3o Mec\u00e2nica Al\u00e9m do B\u00e1sico<\/strong> vai te mostrar como extrair o m\u00e1ximo do ventilador para promover uma assist\u00eancia de qualidade e com seguran\u00e7a!<\/p>\n<p>Matricule-se agora!<\/p>\n<p>&nbsp;<\/p>\n<p><strong>CONTE\u00daDO PROGRAM\u00c1TICO<\/strong><\/p>\n<ul>\n<li>An\u00e1lise Gr\u00e1fica\n<ul>\n<li>VCV<\/li>\n<li>PCV<\/li>\n<li>PSV<\/li>\n<\/ul>\n<\/li>\n<li>Assincronias<\/li>\n<li>Titula\u00e7\u00e3o de PEEP<\/li>\n<li>Recrutamento alveolar<\/li>\n<li>Posicionamento em prona<\/li>\n<\/ul>\n","protected":false},"excerpt":{"rendered":"<table width=\"100%\">\n<tbody>\n<tr>\n<td width=\"50%\"><strong>P\u00daBLICO ALVO<\/strong><br \/>\nFisioterapeutas e acad\u00eamicos de fisioterapia a partir do 5\u00ba per\u00edodo<\/td>\n<td width=\"50%\"><strong>CARGA HOR\u00c1RIA<\/strong><br \/>\n8 horas<\/td>\n<\/tr>\n<tr>\n<td width=\"50%\"><strong>PR\u00d3XIMA TURMA<\/strong><br \/>\n19\/11\/2022 &#8211; TURMA LOTADA<\/td>\n<td width=\"50%\"><strong>LOCAL<\/strong><br \/>\nRua Visconde de Inha\u00fama, 134 &#8211; Centro \/ RIO DE JANEIRO\/RJ<\/td>\n<\/tr>\n<\/tbody>\n<\/table>\n<p><a href=\"https:\/\/api.whatsapp.com\/send?phone=5521982427985&amp;text=FisioCTI%2C%20eu%20quero%20saber%20mais%20informa%C3%A7%C3%B5es%20sobre%20o%20parcelamento%20em%20boleto.%20\" target=\"_blank\" rel=\"noopener noreferrer\"><img loading=\"lazy\" class=\"aligncenter wp-image-3987 size-full\" src=\"http:\/\/fisiocti.com\/site\/wp-content\/uploads\/2022\/02\/INFORMACOES-SOBRE-PARCELAMENTO-SEM-JUROS-EM-BOLETO-BANCARIO.png\" alt=\"\" width=\"600\" height=\"200\" srcset=\"https:\/\/fisiocti.com\/site\/wp-content\/uploads\/2022\/02\/INFORMACOES-SOBRE-PARCELAMENTO-SEM-JUROS-EM-BOLETO-BANCARIO.png 600w, https:\/\/fisiocti.com\/site\/wp-content\/uploads\/2022\/02\/INFORMACOES-SOBRE-PARCELAMENTO-SEM-JUROS-EM-BOLETO-BANCARIO-300x100.png 300w, https:\/\/fisiocti.com\/site\/wp-content\/uploads\/2022\/02\/INFORMACOES-SOBRE-PARCELAMENTO-SEM-JUROS-EM-BOLETO-BANCARIO-450x150.png 450w\" sizes=\"(max-width: 600px) 100vw, 600px\" \/><\/a><\/p>\n<p>&nbsp;<\/p>\n","protected":false},"featured_media":4453,"comment_status":"open","ping_status":"closed","template":"","meta":[],"yoast_head":"<!-- This site is optimized with the Yoast SEO plugin v20.1 - https:\/\/yoast.com\/wordpress\/plugins\/seo\/ -->\n<title>VENTILA\u00c7\u00c3O MEC\u00c2NICA AL\u00c9M DO B\u00c1SICO - FisioCTI<\/title>\n<meta name=\"robots\" content=\"index, follow, max-snippet:-1, max-image-preview:large, max-video-preview:-1\" \/>\n<link rel=\"canonical\" href=\"https:\/\/fisiocti.com\/site\/cursos\/ventilacao-mecanica-alem-do-basico\/\" \/>\n<meta property=\"og:locale\" content=\"pt_BR\" \/>\n<meta property=\"og:type\" content=\"article\" \/>\n<meta property=\"og:title\" content=\"VENTILA\u00c7\u00c3O MEC\u00c2NICA AL\u00c9M DO B\u00c1SICO - FisioCTI\" \/>\n<meta property=\"og:description\" content=\"P\u00daBLICO ALVO Fisioterapeutas e acad\u00eamicos de fisioterapia a partir do 5\u00ba per\u00edodo CARGA HOR\u00c1RIA 8 horas   PR\u00d3XIMA TURMA 19\/11\/2022 - TURMA LOTADA LOCAL Rua Visconde de Inha\u00fama, 134 - Centro \/ RIO DE JANEIRO\/RJ      &nbsp;\" \/>\n<meta property=\"og:url\" content=\"https:\/\/fisiocti.com\/site\/cursos\/ventilacao-mecanica-alem-do-basico\/\" \/>\n<meta property=\"og:site_name\" content=\"FisioCTI\" \/>\n<meta property=\"article:publisher\" content=\"https:\/\/www.facebook.com\/fisiocti\/\" \/>\n<meta property=\"article:modified_time\" content=\"2022-11-17T16:01:41+00:00\" \/>\n<meta property=\"og:image\" content=\"https:\/\/fisiocti.com\/site\/wp-content\/uploads\/2022\/09\/VM-ALEM-DO-BASICO-ADS.png\" \/>\n\t<meta property=\"og:image:width\" content=\"320\" \/>\n\t<meta property=\"og:image:height\" content=\"320\" \/>\n\t<meta property=\"og:image:type\" content=\"image\/png\" \/>\n<meta name=\"twitter:card\" content=\"summary_large_image\" \/>\n<script type=\"application\/ld+json\" class=\"yoast-schema-graph\">{\"@context\":\"https:\/\/schema.org\",\"@graph\":[{\"@type\":\"WebPage\",\"@id\":\"https:\/\/fisiocti.com\/site\/cursos\/ventilacao-mecanica-alem-do-basico\/\",\"url\":\"https:\/\/fisiocti.com\/site\/cursos\/ventilacao-mecanica-alem-do-basico\/\",\"name\":\"VENTILA\u00c7\u00c3O MEC\u00c2NICA AL\u00c9M DO B\u00c1SICO - FisioCTI\",\"isPartOf\":{\"@id\":\"https:\/\/fisiocti.com\/site\/#website\"},\"datePublished\":\"2022-09-09T20:12:23+00:00\",\"dateModified\":\"2022-11-17T16:01:41+00:00\",\"breadcrumb\":{\"@id\":\"https:\/\/fisiocti.com\/site\/cursos\/ventilacao-mecanica-alem-do-basico\/#breadcrumb\"},\"inLanguage\":\"pt-BR\",\"potentialAction\":[{\"@type\":\"ReadAction\",\"target\":[\"https:\/\/fisiocti.com\/site\/cursos\/ventilacao-mecanica-alem-do-basico\/\"]}]},{\"@type\":\"BreadcrumbList\",\"@id\":\"https:\/\/fisiocti.com\/site\/cursos\/ventilacao-mecanica-alem-do-basico\/#breadcrumb\",\"itemListElement\":[{\"@type\":\"ListItem\",\"position\":1,\"name\":\"In\u00edcio\",\"item\":\"https:\/\/fisiocti.com\/site\/\"},{\"@type\":\"ListItem\",\"position\":2,\"name\":\"Produtos\",\"item\":\"https:\/\/fisiocti.com\/site\/produtos\/\"},{\"@type\":\"ListItem\",\"position\":3,\"name\":\"VENTILA\u00c7\u00c3O MEC\u00c2NICA AL\u00c9M DO B\u00c1SICO\"}]},{\"@type\":\"WebSite\",\"@id\":\"https:\/\/fisiocti.com\/site\/#website\",\"url\":\"https:\/\/fisiocti.com\/site\/\",\"name\":\"FisioCTI\",\"description\":\"Conectando teoria e pr\u00e1tica\",\"publisher\":{\"@id\":\"https:\/\/fisiocti.com\/site\/#\/schema\/person\/e41d8e5a7a403cfbceeeb0d19e22ee50\"},\"potentialAction\":[{\"@type\":\"SearchAction\",\"target\":{\"@type\":\"EntryPoint\",\"urlTemplate\":\"https:\/\/fisiocti.com\/site\/?s={search_term_string}\"},\"query-input\":\"required name=search_term_string\"}],\"inLanguage\":\"pt-BR\"},{\"@type\":[\"Person\",\"Organization\"],\"@id\":\"https:\/\/fisiocti.com\/site\/#\/schema\/person\/e41d8e5a7a403cfbceeeb0d19e22ee50\",\"name\":\"Elizabeth Cunha\",\"image\":{\"@type\":\"ImageObject\",\"inLanguage\":\"pt-BR\",\"@id\":\"https:\/\/fisiocti.com\/site\/#\/schema\/person\/image\/\",\"url\":\"https:\/\/fisiocti.com\/site\/wp-content\/uploads\/2022\/09\/LOGOMARCA-SEM-FUNDO.png\",\"contentUrl\":\"https:\/\/fisiocti.com\/site\/wp-content\/uploads\/2022\/09\/LOGOMARCA-SEM-FUNDO.png\",\"width\":504,\"height\":504,\"caption\":\"Elizabeth Cunha\"},\"logo\":{\"@id\":\"https:\/\/fisiocti.com\/site\/#\/schema\/person\/image\/\"},\"sameAs\":[\"https:\/\/www.facebook.com\/fisiocti\/\",\"https:\/\/www.instagram.com\/fisiocti\/\",\"https:\/\/twitter.com\/https:\/\/www.twitter.com\/fisiocti\/\",\"https:\/\/www.youtube.com\/@fisiocti\"]}]}<\/script>\n<!-- \/ Yoast SEO plugin. -->","yoast_head_json":{"title":"VENTILA\u00c7\u00c3O MEC\u00c2NICA AL\u00c9M DO B\u00c1SICO - FisioCTI","robots":{"index":"index","follow":"follow","max-snippet":"max-snippet:-1","max-image-preview":"max-image-preview:large","max-video-preview":"max-video-preview:-1"},"canonical":"https:\/\/fisiocti.com\/site\/cursos\/ventilacao-mecanica-alem-do-basico\/","og_locale":"pt_BR","og_type":"article","og_title":"VENTILA\u00c7\u00c3O MEC\u00c2NICA AL\u00c9M DO B\u00c1SICO - FisioCTI","og_description":"P\u00daBLICO ALVO Fisioterapeutas e acad\u00eamicos de fisioterapia a partir do 5\u00ba per\u00edodo CARGA HOR\u00c1RIA 8 horas   PR\u00d3XIMA TURMA 19\/11\/2022 - TURMA LOTADA LOCAL Rua Visconde de Inha\u00fama, 134 - Centro \/ RIO DE JANEIRO\/RJ      &nbsp;","og_url":"https:\/\/fisiocti.com\/site\/cursos\/ventilacao-mecanica-alem-do-basico\/","og_site_name":"FisioCTI","article_publisher":"https:\/\/www.facebook.com\/fisiocti\/","article_modified_time":"2022-11-17T16:01:41+00:00","og_image":[{"width":320,"height":320,"url":"https:\/\/fisiocti.com\/site\/wp-content\/uploads\/2022\/09\/VM-ALEM-DO-BASICO-ADS.png","type":"image\/png"}],"twitter_card":"summary_large_image","schema":{"@context":"https:\/\/schema.org","@graph":[{"@type":"WebPage","@id":"https:\/\/fisiocti.com\/site\/cursos\/ventilacao-mecanica-alem-do-basico\/","url":"https:\/\/fisiocti.com\/site\/cursos\/ventilacao-mecanica-alem-do-basico\/","name":"VENTILA\u00c7\u00c3O MEC\u00c2NICA AL\u00c9M DO B\u00c1SICO - FisioCTI","isPartOf":{"@id":"https:\/\/fisiocti.com\/site\/#website"},"datePublished":"2022-09-09T20:12:23+00:00","dateModified":"2022-11-17T16:01:41+00:00","breadcrumb":{"@id":"https:\/\/fisiocti.com\/site\/cursos\/ventilacao-mecanica-alem-do-basico\/#breadcrumb"},"inLanguage":"pt-BR","potentialAction":[{"@type":"ReadAction","target":["https:\/\/fisiocti.com\/site\/cursos\/ventilacao-mecanica-alem-do-basico\/"]}]},{"@type":"BreadcrumbList","@id":"https:\/\/fisiocti.com\/site\/cursos\/ventilacao-mecanica-alem-do-basico\/#breadcrumb","itemListElement":[{"@type":"ListItem","position":1,"name":"In\u00edcio","item":"https:\/\/fisiocti.com\/site\/"},{"@type":"ListItem","position":2,"name":"Produtos","item":"https:\/\/fisiocti.com\/site\/produtos\/"},{"@type":"ListItem","position":3,"name":"VENTILA\u00c7\u00c3O MEC\u00c2NICA AL\u00c9M DO B\u00c1SICO"}]},{"@type":"WebSite","@id":"https:\/\/fisiocti.com\/site\/#website","url":"https:\/\/fisiocti.com\/site\/","name":"FisioCTI","description":"Conectando teoria e pr\u00e1tica","publisher":{"@id":"https:\/\/fisiocti.com\/site\/#\/schema\/person\/e41d8e5a7a403cfbceeeb0d19e22ee50"},"potentialAction":[{"@type":"SearchAction","target":{"@type":"EntryPoint","urlTemplate":"https:\/\/fisiocti.com\/site\/?s={search_term_string}"},"query-input":"required name=search_term_string"}],"inLanguage":"pt-BR"},{"@type":["Person","Organization"],"@id":"https:\/\/fisiocti.com\/site\/#\/schema\/person\/e41d8e5a7a403cfbceeeb0d19e22ee50","name":"Elizabeth Cunha","image":{"@type":"ImageObject","inLanguage":"pt-BR","@id":"https:\/\/fisiocti.com\/site\/#\/schema\/person\/image\/","url":"https:\/\/fisiocti.com\/site\/wp-content\/uploads\/2022\/09\/LOGOMARCA-SEM-FUNDO.png","contentUrl":"https:\/\/fisiocti.com\/site\/wp-content\/uploads\/2022\/09\/LOGOMARCA-SEM-FUNDO.png","width":504,"height":504,"caption":"Elizabeth Cunha"},"logo":{"@id":"https:\/\/fisiocti.com\/site\/#\/schema\/person\/image\/"},"sameAs":["https:\/\/www.facebook.com\/fisiocti\/","https:\/\/www.instagram.com\/fisiocti\/","https:\/\/twitter.com\/https:\/\/www.twitter.com\/fisiocti\/","https:\/\/www.youtube.com\/@fisiocti"]}]}},"_links":{"self":[{"href":"https:\/\/fisiocti.com\/site\/wp-json\/wp\/v2\/product\/4049"}],"collection":[{"href":"https:\/\/fisiocti.com\/site\/wp-json\/wp\/v2\/product"}],"about":[{"href":"https:\/\/fisiocti.com\/site\/wp-json\/wp\/v2\/types\/product"}],"replies":[{"embeddable":true,"href":"https:\/\/fisiocti.com\/site\/wp-json\/wp\/v2\/comments?post=4049"}],"wp:featuredmedia":[{"embeddable":true,"href":"https:\/\/fisiocti.com\/site\/wp-json\/wp\/v2\/media\/4453"}],"wp:attachment":[{"href":"https:\/\/fisiocti.com\/site\/wp-json\/wp\/v2\/media?parent=4049"}],"curies":[{"name":"wp","href":"https:\/\/api.w.org\/{rel}","templated":true}]}}